{"id":9043,"date":"2016-04-01T01:07:23","date_gmt":"2016-03-31T23:07:23","guid":{"rendered":"https:\/\/reisen-travel.com\/reise-angebote\/?page_id=9043"},"modified":"2023-04-12T01:34:23","modified_gmt":"2023-04-11T23:34:23","slug":"zypern","status":"publish","type":"page","link":"https:\/\/reisen-travel.com\/reise-angebote\/pauschalreisen\/zypern\/","title":{"rendered":"Zypern"},"content":{"rendered":"<h3>Pauschalreise Zypern Urlaub g\u00fcnstig buchen<\/h3>\n<div class=\"tabber\">\n<div class=\"tabbertab\">\n<h3>Pauschalangebote mit Flug<\/h3>\n<p><tbe page=\"region\" param-pid=\"A-29203-0\" param-cntry=\"1021\" param-rgn=\" \" param-ddate=\"3\" param-rdate=\"150\" param-dur=\"7\" param-ngn=\"package\"><\/p>\n<div class=\"tbe-loading\"><\/div>\n<p><\/tbe>\n<\/div>\n<div class=\"tabbertab\">\n<h3>Eigene Anreise<\/h3>\n<p><iframe loading=\"lazy\" id=\"tbeIFrame\" src=\"https:\/\/tbe.travelsystem.de\/index.html#\/region?ngn=hotel&#038;pid=A-29203-0&#038;cntry=1021&#038;rgn=&#038;cty=&#038;giata=&#038;iff=&#038;ddate=3&#038;rdate=150\" width=\"100%\" height=\"6000\" name=\"Pauschalhotelcyp\"><\/p>\n<p>Ihr Browser kann leider keine eingebetteten Frames anzeigen:<br \/>\n  Sie k&ouml;nnen die eingebettete Seite &uuml;ber den folgenden Verweis<br \/>\n  aufrufen: <a href=\"https:\/\/tbe.travelsystem.de\/index.html#\/region?ngn=hotel&#038;pid=A-29203-0&#038;cntry=1021&#038;rgn=&#038;cty=&#038;giata=&#038;iff=&#038;ddate=3&#038;rdate=150\">Pauschalhotel<\/a><br \/>\n<\/iframe>\n<\/div>\n<div class=\"tabbertab\">\n<h3>Charterflug<\/h3>\n<p><iframe loading=\"lazy\" id=\"tbeIFrame\" src=\"https:\/\/tbe.travelsystem.de\/index.html#\/region?ngn=flight&#038;pid=A-29203-0&#038;cntry=1021&#038;rgn=&#038;cty=&#038;prtr=&#038;ddate=3&#038;rdate=180&#038;dur=7&#038;giata=&#038;iff=\" width=\"100%\" height=\"4500\"><\/iframe><br \/>\n<strong>Charterflug<\/strong>\n<\/div>\n<div class=\"tabbertab\">\n<h3>Hotelsuche<\/h3>\n<div\n  data-skyscanner-widget=\"HotelSearchWidget\"\n  data-locale=\"de-DE\"\n  data-market=\"DE\"\n  data-currency=\"EUR\"\n  data-media-partner-id=\"2891447\"\n  data-powered-by-logo-colour=\"light\"\n><\/div>\n<p><script src=\"https:\/\/widgets.skyscanner.net\/widget-server\/js\/loader.js\" async><\/script>\n<\/div>\n<div class=\"tabbertab\">\n<h3>Flugticket<\/h3>\nOnly admnistrator owned posts can execute the <code>[includeme]<\/code> shortcode. <strong>This message is shown only to administrators<\/strong>.<\/div>\n<\/div>\n<p><center><\/p>\n<h3>Billige Reiseangebote Larnaca Paphos Alaminos Ayia Napa Coral Bay Goudi Kalavassos Latsi Limassol Miliou Pissouri Polis Protaras Skarinou Sotira Tochni Nicosia 1 2 3 4 5 Sterne Hotels mit Fr\u00fchst\u00fcck Halbpension All-inclusive auf der Insel im Mittelmeer<\/h3>\n<p><br\/ ><br\/ ><br \/>\n<strong><em>last-minute Pauschalreise Zypern billig buchen 1 2 3 4 5 Sterne Hotel<\/em><\/strong><br \/>\n<\/center><\/p>\n<div class=\"tabber\">\n<div class=\"tabbertab\">\n<h3>Info Sehensw\u00fcrdigkeiten<\/h3>\n<div class=\"su-accordion su-u-trim\"><div class=\"su-spoiler su-spoiler-style-default su-spoiler-icon-plus su-spoiler-closed\" data-scroll-offset=\"0\" data-anchor-in-url=\"no\"><div class=\"su-spoiler-title\" tabindex=\"0\" role=\"button\"><span class=\"su-spoiler-icon\"><\/span>Burg von Kyrenia<\/div><div class=\"su-spoiler-content su-u-clearfix su-u-trim\">Die von den Byzantinern im 7. Jahrhundert erbaute Burg von Kyrenia steht seit \u00fcber tausend Jahren und ist eines der Wahrzeichen der Insel. Heute beherbergt die Burg ein Museum, in dem Artefakte aus der Geschichte der Burg ausgestellt sind, sowie eine Kunstgalerie.<\/div><\/div>\n<div class=\"su-spoiler su-spoiler-style-default su-spoiler-icon-plus su-spoiler-closed\" data-scroll-offset=\"0\" data-anchor-in-url=\"no\"><div class=\"su-spoiler-title\" tabindex=\"0\" role=\"button\"><span class=\"su-spoiler-icon\"><\/span> Gr\u00e4ber der K\u00f6nige<\/div><div class=\"su-spoiler-content su-u-clearfix su-u-trim\">Die Gr\u00e4ber der K\u00f6nige sind eine arch\u00e4ologische St\u00e4tte in Paphos, die auf das 4. Jahrhundert vor Christus zur\u00fcckgeht. Jh. v. Chr. Die St\u00e4tte beherbergt unterirdische Gr\u00e4ber, die von wohlhabenden Bewohnern der Gegend genutzt wurden. Die Gr\u00e4ber sind aus massivem Fels gehauen und mit komplizierten Schnitzereien und Fresken verziert.<\/div><\/div>\n<div class=\"su-spoiler su-spoiler-style-default su-spoiler-icon-plus su-spoiler-closed\" data-scroll-offset=\"0\" data-anchor-in-url=\"no\"><div class=\"su-spoiler-title\" tabindex=\"0\" role=\"button\"><span class=\"su-spoiler-icon\"><\/span>St. Hilarion Castle<\/div><div class=\"su-spoiler-content su-u-clearfix su-u-trim\">Die in den Bergen von Kyrenia gelegene Burg St. Hilarion ist eine mittelalterliche Festung, die von den Byzantinern erbaut wurde. Sp\u00e4ter wurde die Burg von den Kreuzrittern und dann von den Venezianern genutzt. Heute ist die Burg eine beliebte Touristenattraktion und bietet einen atemberaubenden Blick auf die umliegende Landschaft.<\/div><\/div>\n<div class=\"su-spoiler su-spoiler-style-default su-spoiler-icon-plus su-spoiler-closed\" data-scroll-offset=\"0\" data-anchor-in-url=\"no\"><div class=\"su-spoiler-title\" tabindex=\"0\" role=\"button\"><span class=\"su-spoiler-icon\"><\/span>Nissi Beach<\/div><div class=\"su-spoiler-content su-u-clearfix su-u-trim\">Nissi Beach ist ein beliebtes Ziel f\u00fcr Strandbesucher und Wassersportler. Der Strand zeichnet sich durch kristallklares Wasser und weichen, wei\u00dfen Sand aus. In der N\u00e4he gibt es auch mehrere Bars und Restaurants.<\/div><\/div>\n<div class=\"su-spoiler su-spoiler-style-default su-spoiler-icon-plus su-spoiler-closed\" data-scroll-offset=\"0\" data-anchor-in-url=\"no\"><div class=\"su-spoiler-title\" tabindex=\"0\" role=\"button\"><span class=\"su-spoiler-icon\"><\/span>Burg von Limassol<\/div><div class=\"su-spoiler-content su-u-clearfix su-u-trim\">Die Burg von Limassol ist eine mittelalterliche Festung, die im 12. Jahrhundert von den Byzantinern erbaut wurde. Die Burg wurde im Laufe ihrer Geschichte als Gef\u00e4ngnis und Gerichtsgeb\u00e4ude genutzt. Heute beherbergt die Burg ein Museum, in dem Artefakte aus der Geschichte der Burg ausgestellt sind, sowie eine Kunstgalerie.<\/div><\/div>\n<div class=\"su-spoiler su-spoiler-style-default su-spoiler-icon-plus su-spoiler-closed\" data-scroll-offset=\"0\" data-anchor-in-url=\"no\"><div class=\"su-spoiler-title\" tabindex=\"0\" role=\"button\"><span class=\"su-spoiler-icon\"><\/span>Petra tou Romiou<\/div><div class=\"su-spoiler-content su-u-clearfix su-u-trim\">\nPetra tou Romiou ist eine Felsformation, die der Legende nach der Geburtsort von Aphrodite, der griechischen G\u00f6ttin der Liebe, ist. Die St\u00e4tte befindet sich in der N\u00e4he von Paphos und ist ein beliebtes Ziel f\u00fcr Touristen.<\/div><\/div>\n<\/div><\/div>\n<div class=\"tabbertab\">\n<h3>Wetter<\/h3>\n<table border=\"0\">\n<tr>\n<th align=\"left\" valign=\"top\" width=\"200\" height=\"75\">\n<a href=\"https:\/\/www.weatheronline.co.uk\/cgi-bin\/homecif?WMO=17607&#038;L=en&#038;WIDTH=180&#038;HEIGHT=150&#038;CLOUD=1&#038;V=2\" target=\"wetterace1\" id=\"myfavorite\" rel=\"noopener noreferrer\"><\/p>\n<h4>Wetter<\/h4>\n<p><\/a><\/p>\n<hr>\n<p><br clear=all><\/p>\n<\/th>\n<th align=\"center\" valign=\"top\" width=\"200\"> <center><\/p>\n<h5>Wettervorhersage<\/h5>\n<p><\/center><br \/>\n <br \/><iframe loading=\"lazy\" frameborder=\"0\" width=\"187\" height=\"157\" src=\"https:\/\/www.weatheronline.co.uk\/cgi-bin\/homecif?WMO=17607&#038;L=en&#038;WIDTH=180&#038;HEIGHT=150&#038;CLOUD=1&#038;V=2\" name=\"wetterace1\" scrolling=\"auto\"><\/iframe>\n<\/th>\n<th align=\"right\"  valign=\"top\" width=\"0\"><\/th>\n<\/tr>\n<\/tr>\n<\/table>\n<p>\n<\/div>\n<div class=\"tabbertab\">\n<h3>Karte<\/h3>\n<div class=\"su-gmap su-u-responsive-media-yes\"><iframe loading=\"lazy\" width=\"500\" height=\"400\" src=\"\/\/maps.google.com\/maps?q=Nikosia&amp;output=embed\" title=\"\"><\/iframe><\/div>\n<p><font size=\"1\" color=\"#f4eeee\"><br \/>\n<marquee><b>Angebote: 1 Tag, 2 Tage, 3 Tage, 4 Tage, 5 Tage, 6 Tage, 7 Tage, 8 Tage, 9 Tage, 10 Tage, 11 Tage, 12 Tage, 13 Tage, 14 Tage, 15 Tage, 16 Tage, 17 Tage, 18 Tage, 19 Tage, 20 Tage, 21 Tage, 1 Woche, 2 Wochen, 3 Wochen, 4 Wochen, Reiseangebote unter 100 unter 200 unter 300 unter 400 unter 500 Euro 600 unter 700 unter 800, 900, 1000, 1100, bis 1200, bis 1300, bis 1400, bis 1500, bis 1600, bis 1700, bis 1800, bis 1900, bis 2000, bis 2100, bis 2200, bis 2300, bis 2400, bis 2500, bis 2600, bis 2700 Pro Person <\/b><\/marquee><\/font> <\/p>\n<\/p>\n<\/div>\n<\/div>\n","protected":false},"excerpt":{"rendered":"<p>Pauschalreise Zypern Urlaub g\u00fcnstig buchen Pauschalangebote mit Flug Eigene Anreise Ihr Browser kann leider keine eingebetteten Frames anzeigen: Sie k&ouml;nnen die eingebettete Seite &uuml;ber den folgenden Verweis aufrufen: Pauschalhotel Charterflug Charterflug Hotelsuche Flugticket Billige Reiseangebote Larnaca Paphos Alaminos Ayia Napa &hellip; <a href=\"https:\/\/reisen-travel.com\/reise-angebote\/pauschalreisen\/zypern\/\">Weiterlesen <span class=\"meta-nav\">&rarr;<\/span><\/a><\/p>\n","protected":false},"author":1,"featured_media":0,"parent":2,"menu_order":0,"comment_status":"closed","ping_status":"open","template":"","meta":{"footnotes":""},"class_list":["post-9043","page","type-page","status-publish","hentry"],"_links":{"self":[{"href":"https:\/\/reisen-travel.com\/reise-angebote\/wp-json\/wp\/v2\/pages\/9043","targetHints":{"allow":["GET"]}}],"collection":[{"href":"https:\/\/reisen-travel.com\/reise-angebote\/wp-json\/wp\/v2\/pages"}],"about":[{"href":"https:\/\/reisen-travel.com\/reise-angebote\/wp-json\/wp\/v2\/types\/page"}],"author":[{"embeddable":true,"href":"https:\/\/reisen-travel.com\/reise-angebote\/wp-json\/wp\/v2\/users\/1"}],"replies":[{"embeddable":true,"href":"https:\/\/reisen-travel.com\/reise-angebote\/wp-json\/wp\/v2\/comments?post=9043"}],"version-history":[{"count":7,"href":"https:\/\/reisen-travel.com\/reise-angebote\/wp-json\/wp\/v2\/pages\/9043\/revisions"}],"predecessor-version":[{"id":11204,"href":"https:\/\/reisen-travel.com\/reise-angebote\/wp-json\/wp\/v2\/pages\/9043\/revisions\/11204"}],"up":[{"embeddable":true,"href":"https:\/\/reisen-travel.com\/reise-angebote\/wp-json\/wp\/v2\/pages\/2"}],"wp:attachment":[{"href":"https:\/\/reisen-travel.com\/reise-angebote\/wp-json\/wp\/v2\/media?parent=9043"}],"curies":[{"name":"wp","href":"https:\/\/api.w.org\/{rel}","templated":true}]}}