{"id":87,"date":"2009-07-24T02:18:05","date_gmt":"2009-07-24T00:18:05","guid":{"rendered":"https:\/\/reisen-travel.com\/reise-angebote\/?page_id=87"},"modified":"2023-04-16T21:06:08","modified_gmt":"2023-04-16T19:06:08","slug":"insel-samos","status":"publish","type":"page","link":"https:\/\/reisen-travel.com\/reise-angebote\/pauschalreisen\/reisen-griechenland\/griechische-inseln\/insel-samos\/","title":{"rendered":"Insel Samos"},"content":{"rendered":"<h3>Pauschalreise Samos Urlaub g\u00fcnstig buchen<\/h3>\n<div class=\"tabber\">\n<div class=\"tabbertab\">\n<h3>Pauschalangebote mit Flug<\/h3>\n<p><tbe page=\"hotel\" param-pid=\"A-29203-0\" param-cntry=\"1006\" param-rgn=\"3808\" param-ddate=\"3\" param-rdate=\"150\" param-dur=\"7\" param-ngn=\"package\"><\/p>\n<div class=\"tbe-loading\"><\/div>\n<p><\/tbe>\n<\/div>\n<div class=\"tabbertab\">\n<h3>Eigene Anreise<\/h3>\n<p><iframe loading=\"lazy\" id=\"tbeIFrame\" src=\"https:\/\/tbe.travelsystem.de\/index.html#\/hotel?ngn=hotel&#038;pid=A-29203-0&#038;cntry=1006&#038;rgn=3808&#038;cty=&#038;giata=&#038;iff=&#038;dur=&#038;ddate=3&#038;rdate=150\" width=\"100%\" height=\"6000\" name=\"Pauschalhotelsmi\"><\/p>\n<p>Ihr Browser kann leider keine eingebetteten Frames anzeigen:<br \/>\n  Sie k&ouml;nnen die eingebettete Seite &uuml;ber den folgenden Verweis<br \/>\n  aufrufen: <a href=\"https:\/\/tbe.travelsystem.de\/index.html#\/region?ngn=hotel&#038;pid=A-29203-0&#038;cntry=1006&#038;rgn=3808&#038;cty=&#038;giata=&#038;iff=&#038;dur=&#038;ddate=3&#038;rdate=150\">Pauschalhotel<\/a><br \/>\n<\/iframe>\n<\/div>\n<div class=\"tabbertab\">\n<h3>Charterflug<\/h3>\n<p><iframe loading=\"lazy\" id=\"tbeIFrame\" src=\"https:\/\/tbe.travelsystem.de\/index.html#\/offer?ngn=flight&#038;pid=A-29203-0&#038;cntry=1006&#038;rgn=3808&#038;cty=&#038;prtr=&#038;ddate=3&#038;rdate=180&#038;dur=7&#038;giata=&#038;iff=\" width=\"100%\" height=\"4500\"><\/iframe><br \/>\n<strong>Charterflug<\/strong>\n<\/div>\n<div class=\"tabbertab\">\n<h3>Hotelsuche<\/h3>\n<div\n  data-skyscanner-widget=\"HotelSearchWidget\"\n  data-locale=\"de-DE\"\n  data-market=\"DE\"\n  data-currency=\"EUR\"\n  data-media-partner-id=\"2891447\"\n  data-powered-by-logo-colour=\"light\"\n><\/div>\n<p><script src=\"https:\/\/widgets.skyscanner.net\/widget-server\/js\/loader.js\" async><\/script>\n<\/div>\n<div class=\"tabbertab\">\n<h3>Flugticket<\/h3>\nOnly admnistrator owned posts can execute the <code>[includeme]<\/code> shortcode. <strong>This message is shown only to administrators<\/strong>.<\/div>\n<\/div>\n<div class=\"tabber\">\n<div class=\"tabbertab\">\n<h3>Wetter<\/h3>\n<table border=\"0\">\n<tr>\n<th align=\"left\" valign=\"top\" width=\"200\" height=\"75\"> <a href=\"https:\/\/www.weatheronline.co.uk\/cgi-bin\/homecif?WMO=16723&#038;L=en&#038;WIDTH=180&#038;HEIGHT=150&#038;CLOUD=1&#038;V=2\" target=\"weathersamos\" id=\"myfavorite\" rel=\"noopener noreferrer\"><\/p>\n<h4> <\/h4>\n<p><\/a> <\/p>\n<hr>\n<p> <br clear=all> <\/th>\n<th align=\"center\" valign=\"top\" width=\"200\"> <center>Wettervorhersage<\/center> <br \/><iframe loading=\"lazy\" width=\"300\" height=\"300\" src=\"https:\/\/www.weatheronline.co.uk\/cgi-bin\/homecif?WMO=16723&#038;L=en&#038;WIDTH=180&#038;HEIGHT=150&#038;CLOUD=1&#038;V=2\" name=\"weathersamos\" scrolling=\"auto\"><\/iframe> <\/th>\n<th align=\"right\" valign=\"top\" width=\"0\"><\/th>\n<\/tr>\n<\/tr>\n<\/table>\n<\/div>\n<div class=\"tabbertab\">\n<h3>Karte<\/h3>\n<div class=\"su-gmap su-u-responsive-media-yes\"><iframe loading=\"lazy\" width=\"600\" height=\"400\" src=\"\/\/maps.google.com\/maps?q=Samos&amp;output=embed\" title=\"\"><\/iframe><\/div><\/div>\n<div class=\"tabbertab\">\n<h3>Klima<\/h3>\n<tbody>\n<tr>\n<td width=\"600\">\n<div style=\"font-size:95%; text-align:center; margin-bottom:4px;\"><b>Monatliche Durchschnittstemperaturen und -niederschl\u00e4ge f\u00fcr Samos<\/b><\/div>\n<table style=\"border: 5px solid #E5E5E5; font-size:95%; background:#E5E5E5; margin-bottom:10px;\" cellpadding=\"1\" cellspacing=\"1\" border=\"0\">\n<tbody>\n<tr align=\"center\">\n<td style=\"height:15px\"><\/td>\n<td style=\"width:45px\">Jan<\/td>\n<td style=\"width:45px\">Feb<\/td>\n<td style=\"width:45px\">M\u00e4r<\/td>\n<td style=\"width:45px\">Apr<\/td>\n<td style=\"width:45px\">Mai<\/td>\n<td style=\"width:45px\">Jun<\/td>\n<td style=\"width:45px\">Jul<\/td>\n<td style=\"width:45px\">Aug<\/td>\n<td style=\"width:45px\">Sep<\/td>\n<td style=\"width:45px\">Okt<\/td>\n<td style=\"width:45px\">Nov<\/td>\n<td style=\"width:45px\">Dez<\/td>\n<td style=\"border-left: 6px solid #E5E5E5; border-right: 3px solid #E5E5E5;\"><\/td>\n<td style=\"width:45px\"><\/td>\n<\/tr>\n<tr align=\"center\">\n<td style=\"height:20px; text-align:left;\">Max. Temperatur<\/td>\n<td style=\"background: #FFCC66;\">13,4<\/td>\n<td style=\"background: #FFCC66;\">13,2<\/td>\n<td style=\"background: #FFA500;\">15,6<\/td>\n<td style=\"background: #FFA500;\">19,5<\/td>\n<td style=\"background: #FF8C00;\">24,6<\/td>\n<td style=\"background: #FF6347;\">29,7<\/td>\n<td style=\"background: #FF4040;\">32,5<\/td>\n<td style=\"background: #FF4040;\">32,2<\/td>\n<td style=\"background: #FF6347;\">28,6<\/td>\n<td style=\"background: #FF8C00;\">23,3<\/td>\n<td style=\"background: #FFA500;\">17,8<\/td>\n<td style=\"background: #FFCC66;\">14,9<\/td>\n<td style=\"border-left: 6px solid #E5E5E5; border-right: 3px solid #E5E5E5; font-size: 110%\"><b>\u00d8<\/b><\/td>\n<td style=\"background: #FF8C00;\"><b>22,1<\/b><\/td>\n<\/tr>\n<tr align=\"center\">\n<td style=\"height:20px; text-align:left;\">Min. Temperatur (\u00b0C)<\/td>\n<td style=\"background: #FFFF99;\">6,9<\/td>\n<td style=\"background: #FFFF99;\">6,5<\/td>\n<td style=\"background: #FFFF99;\">7,9<\/td>\n<td style=\"background: #FFCC66;\">10,5<\/td>\n<td style=\"background: #FFCC66;\">14,3<\/td>\n<td style=\"background: #FFA500;\">18,6<\/td>\n<td style=\"background: #FF8C00;\">22,2<\/td>\n<td style=\"background: #FF8C00;\">22,1<\/td>\n<td style=\"background: #FFA500;\">18,8<\/td>\n<td style=\"background: #FFA500;\">15,0<\/td>\n<td style=\"background: #FFCC66;\">10,7<\/td>\n<td style=\"background: #FFFF99;\">8,5<\/td>\n<td style=\"border-left: 6px solid #E5E5E5; border-right: 3px solid #E5E5E5; font-size: 110%\"><b>\u00d8<\/b><\/td>\n<td style=\"background: #FFCC66;\"><b>13,5<\/b><\/td>\n<\/tr>\n<tr align=\"center\">\n<td colspan=\"13\" height=\"5\"><\/td>\n<\/tr>\n<tr align=\"center\">\n<td style=\"height:20px; text-align:left;\">Niederschlag (<a href=\"\/wiki\/Meter#Millimeter\" title=\"Meter\">mm<\/a>)<\/td>\n<td style=\"background: #607CD2;\">133,1<\/td>\n<td style=\"background: #607CD2;\">104,7<\/td>\n<td style=\"background: #4169E1;\">87,9<\/td>\n<td style=\"background: #CFE8FF;\">43,2<\/td>\n<td style=\"background: #FFF8DC;\">19,5<\/td>\n<td style=\"background: #EED8AE;\">1,8<\/td>\n<td style=\"background: #EED8AE;\">0,5<\/td>\n<td style=\"background: #EED8AE;\">0,7<\/td>\n<td style=\"background: #FFF8DC;\">16,9<\/td>\n<td style=\"background: #F0F8FF;\">32,8<\/td>\n<td style=\"background: #607CD2;\">103,9<\/td>\n<td style=\"background: #607CD2;\">164,0<\/td>\n<td style=\"border-left: 6px solid #E5E5E5; border-right: 3px solid #E5E5E5; font-size: 110%\"><b>\u03a3<\/b><\/td>\n<td style=\"background: #8AB0FF;\"><b>709<\/b><\/td>\n<\/tr>\n<tr align=\"center\">\n<td colspan=\"13\" height=\"5\"><\/td>\n<\/tr>\n<tr align=\"center\">\n<td style=\"height:20px; text-align:left;\">Regentage (<a href=\"\/wiki\/Tag\" title=\"Tag\">d<\/a>)<\/td>\n<td style=\"background: #828BD9;\">12,4<\/td>\n<td style=\"background: #4169E1;\">10,4<\/td>\n<td style=\"background: #8AB0FF;\">8,6<\/td>\n<td style=\"background: #B9D3FF;\">7,4<\/td>\n<td style=\"background: #F0F8FF;\">4,0<\/td>\n<td style=\"background: #EED8AE;\">1,1<\/td>\n<td style=\"background: #EED8AE;\">0,2<\/td>\n<td style=\"background: #EED8AE;\">0,1<\/td>\n<td style=\"background: #FFF8DC;\">1,4<\/td>\n<td style=\"background: #F0F8FF;\">4,6<\/td>\n<td style=\"background: #6495ED;\">9,3<\/td>\n<td style=\"background: #607CD2;\">13,7<\/td>\n<td style=\"border-left: 6px solid #E5E5E5; border-right: 3px solid #E5E5E5; font-size: 110%\"><b>\u03a3<\/b><\/td>\n<td style=\"background: #CFE8FF;\"><b>73,2<\/b><\/td>\n<\/tr>\n<\/tbody>\n<\/table>\n<p><a href=\"https:\/\/reisen-travel.com\/reise-angebote\/unterkunft\/hotel-buchen\/\"><b>Hotel Samos<\/b><\/a> &#8211; <a href=\"https:\/\/reisen-travel.com\/reise-angebote\/pauschalreisen\/reisen-griechenland\/griechische-inseln\/insel-samos\/\"><b>Reisen Samos<\/b><\/a><\/p>\n<\/div>\n<div class=\"tabbertab\">\n<h3>Sehensw\u00fcrdigkeiten<\/h3>\n<p><strong>Sehenswertes auf der Insel<\/strong><\/p>\n<p>\n<a href=\"https:\/\/reisen-travel.com\/reise-angebote\/pauschalreisen\/reisen-griechenland\/griechische-inseln\/\"><img loading=\"lazy\" decoding=\"async\" class=\"alignleft\" style=\" margin: 10px 10px 10px 10px; float: left;\" src=\"https:\/\/reisen-travel.com\/reise-angebote\/wp-content\/uploads\/1-samos-griechische-insel-greece-phytagorion-aegaeis-hafen.jpg\" alt=\"Foto: Ausflug Reisebericht Hafen Phytagorion\" width=\"230\" height=\"150\" \/><\/a>Samos, ist f\u00fcr mich die gr\u00fcne Perle unter den <b>griechischen Inseln<\/b> in der <b>\u00c4g\u00e4is<\/b>, wenn nicht sogar die sch\u00f6nste unter den vielen griechischen Inseln. Die Insel hat Charkter und hat sich noch Ihren griechischen Uhrsprung bewahrt. Wenn man einen <b>Ausflug<\/b> quer \u00fcber die Insel mit dem <b>Moped oder Auto<\/b> unternimmt, ins <b>Kerketeus Gebirge<\/b> und durch die sch\u00f6ne fruchtbare Landschaft f\u00e4hrt, entlang den <b>Oliven Plantagen<\/b>, dann findet man noch D\u00f6rfer die noch nicht vom Tourismus gepr\u00e4gt sind. Wer dort in den kleinen Ortschaften in eine <b>Taverne<\/b> geht, bekommt wie bei Muttern eine leckere <b>Landestypische K\u00fcche<\/b> serviert, sowie einen s\u00fcffigen selbst gemachten <b>Haus-Wein<\/b> auf den Tisch gestellt, was um Klassen besser ist wie in den auf <b>Touristen<\/b> zugeschnittenen Restaurants. Schon <b>Costa Cordalis<\/b> hat den <b>Wein von Samos<\/b> 1979 besungen. Auf dieser wundersch\u00f6nen <b>Sonneninsel<\/b> wird jeder sein richtigen Platz finden und auf seine Kosten kommen ob <b>Individual-Tourist<\/b> mit Rucksack f\u00fcr <b>Wanderungen<\/b> durch die sch\u00f6ne Landschaft, der <b>Sonnenanbeter<\/b> wo sich am Strand, der sch\u00f6nste Sandstrand befindet sich in der Bucht von <b>Psili Ammos<\/b> oder am Pool von der Sonne grillen l\u00e4st, oder aber der <b>Pauschalurlauber<\/b> der sein <b>Allinklusive-Club oder Hotel<\/b> zu sch\u00e4tzen weiss. Es ist eben eine Insel zum <b>Baden, Wandern<\/b> aber auch <b>antike Ausgrabungen<\/b> findet man hier. Ich habe in <b>Pythagorion<\/b> \u00fcbernachtet wohl die sch\u00f6nste Ortschaft auf der Insel, ein netter kleiner Ort mit <b>Hafen<\/b>, einer reizenden <b>Hafenpromenade<\/b> idealer Ausgangspunkt f\u00fcr <b>Schiffs-Touren<\/b> nach <b>Kussadasi<\/b> in der <b>T\u00fcrkei<\/b> oder aber auf die <b>Nachbar-Insel Patmos<\/b>. In der Stadt gibt es gute Restaurants, nette Gesch\u00e4fte es gibt ein sanftes <b>Nachtleben<\/b> mit einer <b>Disco<\/b>, diversen Bars sowie vielen M\u00f6glichkeiten Tags\u00fcber im n\u00e4heren Umfeld etwas zu unternehmen. Ein Ausflug nach <b>Ireon<\/b> oder die <strong>Stadt-Samos<\/strong> sind empfehlenswert <a href=\"https:\/\/reisen-travel.com\/reise-news\/reiseberichte\/urlaub-samos-griechenland-griechische-insel\/\" target=\"_blank\" rel=\"noopener noreferrer\">Artikel weiter lesen Reisebericht und Ausfl\u00fcge<\/a><\/p>\n<\/div>\n<\/div>\n<div class=\"tabber\">\n<div class=\"tabbertab\">\n<h3>Info<\/h3>\n<\/div>\n<div class=\"tabbertab\">\n<table border=\"0\" bgcolor=\"#FFFFFF\">\n<tr>\n<td width=\"200\" height=\"100\">\n<h3>Empfehlung Hotels<\/h3>\n<p><a name=\"Buchungsmaske Pauschalreisen Griechenland Insel Samos\" href=\"?page_id=87\" id=\"1\"><b> Hotel SAMAINA INN , 4 Sterne, auch ohne Flug &#038; Transfer buchbar<\/b> Ort: Karlovasi, Lage: Nur durch eine Stra\u00dfe vom Kiesstrand getrennt. Zum Ortszentrum von Karlovassi sind es etwa 2 km. Typisch griechische Restaurants, kleine Bars und Einkaufsm\u00f6glichkeiten finden Sie am pittoresken Hafen in etwa 500 m Entfernung. Eine Linienbushaltestelle mit Verbindungen nach Kokkari befindet sich vor dem Hotel.<br \/>\n 14 Tage Dz\/Hp p.P.  679.- \u20ac<\/a><\/p>\n<hr>\n<p><a name=\"Buchungsmaske Pauschalreisen Griechenland Insel Samos\" href=\"?page_id=87\" id=\"1\"><b>Hotel VOTSALAKIA  , 3 Sterne, Am Strand, mit bildsch\u00f6nem Blick<\/b> Ort: Votsalakia, Lage:  Ruhig, aber dennoch zentral. Nur durch die Uferstra\u00dfe vom ca. 1,7 km langen Sand-\/Kieselstrand getrennt. Tavernen und Einkaufsm\u00f6glichkeiten in unmittelbarer N\u00e4he. Vor dem Hotel Linienbus-Haltestelle mit Verbindung zu allen wichtigen Orten der Insel.<br \/>\n 14 Tage Dz\/Hp p.P.  680.- \u20ac<\/a><\/p>\n<hr>\n<\/td>\n<td width=\"200\" height=\"100\">\n<h5>&#8211;<\/h5>\n<p><a name=\"Buchungsmaske Pauschalreisen Griechenland Insel Samos\" href=\"?page_id=87\" id=\"1\"><b>Hotel  KAMPOS\/ANTHEMIS VILLAGE  , 4 Sterne, Komfortables Feriendorf in idyllischer Lage<\/b> Ort: Votsalakia , Lage:  Nur durch die wenig befahrene Uferstra\u00dfe vom langen, ca. 100 m entfernten Sand-\/Kieselstrand des Ortes Votsalakia getrennt. In der N\u00e4he Einkaufsm\u00f6glichkeiten und Superm\u00e4rkte (ca. 60 m). Zu Tavernen und Caf\u00e9s rund 100 m.<br \/>\n 14 Tage Dz\/Hp p.P. 723,00 \u20ac <\/a><\/p>\n<hr>\n<p><a name=\"Buchungsmaske Pauschalreisen Griechenland Insel Samos\" href=\"?page_id=87\" id=\"1\"><b>Hotel   KERVELI VILLAGE  , 4 Sterne, Ruhe und Erholung in l\u00e4ndlicher Umgebung<\/b> Ort: Kerveli-Bucht  , Lage:  Ruhig, oberhalb der Bucht von Kerv\u00e9li, in wundersch\u00f6ner Landschaft gelegen. Zwei Str\u00e4nde liegen in ca. 50 bis 400 m Entfernung. In der n\u00e4heren Umgebung gibt es eine Taverne. Einkaufsm\u00f6glichkeiten, Bank (EC-Automat) und Bushaltestelle mit Linienbusverbindungen zu fast allen Orten der Insel. Wir empfehlen die Buchung eines g\u00fcnstigen Mietwagens aus unserem Programm. Transferdauer ab Flughafen ca. 1 Stunde. 14 Tage Dz\/Hp p.P. 773,00 \u20ac <\/a><\/p>\n<hr>\n<\/td>\n<td width=\"200\" height=\"100\">\n<h5>&#8211;<\/h5>\n<p><a name=\"Buchungsmaske Pauschalreisen Griechenland Insel Samos\" href=\"?page_id=87\" id=\"1\"><b>Hotel  OCEANIDA BAY   , 3 Sterne, Kleines Hotel mit besonderem Charme<\/b> Ort: Pythagorion  , Lage:  Ruhig, in der Region Messokampos, nur 100 m vom Kiesstrand Mykali Beach entfernt. Das Ortszentrum von Pythagorion erreichen Sie nach 4 km, das Zentrum von Samos-Stadt ist ca. 6 km entfernt. 3x t\u00e4glich kostenl. Shuttelbus nach Pythagorion.<br \/>\n 14 Tage Dz\/Hp p.P. 570,00 \u20ac <\/a><\/p>\n<hr>\n<p><a name=\"Buchungsmaske Pauschalreisen Griechenland Insel Samos\" href=\"?page_id=87\" id=\"1\"><b>Hotel  DORYSSA SEASIDE RESORT \/ VILLAGE    , 5 Sterne, Direkt am Strand von Potok\u00e1ki<\/b> Ort: Pythagorion  , Lage:  Nur ca. 15 Gehminuten von Pythag\u00f3rion mit Einkaufs- und Unterhaltungsm\u00f6glichkeiten entfernt. Flughafenn\u00e4he (Nachtflugverbot). Pythag\u00f3rion mit seinen engen Pflastergassen und der pittoresken Hafenpromenade z\u00e4hlt zu den sch\u00f6nsten Orten der Insel.<br \/>\n 14 Tage Dz\/Hp p.P. 952,00 \u20ac <\/a><\/p>\n<hr>\n<\/td>\n<\/tr>\n<\/table>\n<p><font size=\"1\" color=\"#f4eeee\"><br \/>\n<marquee><b>Reiseangebote: SMI Stadt Ikaria Ireon Pythagorio Marathokambos Votsalakia Kalami Kokkari Posidonio 1 Tag, 2 Tage, 3 Tage, 4 Tage, 5 Tage, 6 Tage, 7 Tage, 8 Tage, 9 Tage, 10 Tage, 11 Tage, 12 Tage, 13 Tage, 14 Tage, 15 Tage, 16 Tage, 17 Tage, 18 Tage, 19 Tage, 20 Tage, 21 Tage, 1 Woche, 2 Wochen, 3 Wochen, 4 Wochen, Sterne, Hotels, Reisen unter 100 unter 200 unter 300 unter 400 unter 500 Euro 600 unter 700 unter 800, 900, 1000, 1100, bis 1200, bis 1300, bis 1400, bis 1500, bis 1600, bis 1700, bis 1800, bis 1900, bis 2000, bis 2100, bis 2200, bis 2300, bis 2400, bis 2500, bis 2600, bis 2700 Pro Person <\/b><\/marquee><\/font> <\/p>\n<\/p>\n<\/div>\n<\/div>\n","protected":false},"excerpt":{"rendered":"<p>Pauschalreise Samos Urlaub g\u00fcnstig buchen Pauschalangebote mit Flug Eigene Anreise Ihr Browser kann leider keine eingebetteten Frames anzeigen: Sie k&ouml;nnen die eingebettete Seite &uuml;ber den folgenden Verweis aufrufen: Pauschalhotel Charterflug Charterflug Hotelsuche Flugticket Wetter Wettervorhersage Karte Klima Monatliche Durchschnittstemperaturen und &hellip; <a href=\"https:\/\/reisen-travel.com\/reise-angebote\/pauschalreisen\/reisen-griechenland\/griechische-inseln\/insel-samos\/\">Weiterlesen <span class=\"meta-nav\">&rarr;<\/span><\/a><\/p>\n","protected":false},"author":1,"featured_media":0,"parent":80,"menu_order":0,"comment_status":"closed","ping_status":"open","template":"","meta":{"footnotes":""},"class_list":["post-87","page","type-page","status-publish","hentry"],"_links":{"self":[{"href":"https:\/\/reisen-travel.com\/reise-angebote\/wp-json\/wp\/v2\/pages\/87","targetHints":{"allow":["GET"]}}],"collection":[{"href":"https:\/\/reisen-travel.com\/reise-angebote\/wp-json\/wp\/v2\/pages"}],"about":[{"href":"https:\/\/reisen-travel.com\/reise-angebote\/wp-json\/wp\/v2\/types\/page"}],"author":[{"embeddable":true,"href":"https:\/\/reisen-travel.com\/reise-angebote\/wp-json\/wp\/v2\/users\/1"}],"replies":[{"embeddable":true,"href":"https:\/\/reisen-travel.com\/reise-angebote\/wp-json\/wp\/v2\/comments?post=87"}],"version-history":[{"count":44,"href":"https:\/\/reisen-travel.com\/reise-angebote\/wp-json\/wp\/v2\/pages\/87\/revisions"}],"predecessor-version":[{"id":11995,"href":"https:\/\/reisen-travel.com\/reise-angebote\/wp-json\/wp\/v2\/pages\/87\/revisions\/11995"}],"up":[{"embeddable":true,"href":"https:\/\/reisen-travel.com\/reise-angebote\/wp-json\/wp\/v2\/pages\/80"}],"wp:attachment":[{"href":"https:\/\/reisen-travel.com\/reise-angebote\/wp-json\/wp\/v2\/media?parent=87"}],"curies":[{"name":"wp","href":"https:\/\/api.w.org\/{rel}","templated":true}]}}