{"id":7765,"date":"2014-09-23T19:17:17","date_gmt":"2014-09-23T17:17:17","guid":{"rendered":"https:\/\/reisen-travel.com\/reise-angebote\/?page_id=4247"},"modified":"2024-09-27T18:48:23","modified_gmt":"2024-09-27T16:48:23","slug":"angebote-fruehbucher-reisen-urlaub","status":"publish","type":"page","link":"https:\/\/reisen-travel.com\/reise-angebote\/angebote-fruehbucher-reisen-urlaub\/","title":{"rendered":"Angebote Fr\u00fchbucher"},"content":{"rendered":"<h3>Fr\u00fchbucherangebot f\u00fcr Ihren Urlaub 2025 Reisen billig buchen Reiseangebote mit Fr\u00fchbucherrabatten finden in Deutschland Europa Asien Amerika Arabien Australien im Preisvergleich mit Bestpreisgarantie<\/h3>\n<div class=\"tabber\">\n<div class=\"tabbertab\">\n<h3>Angebote Fr\u00fchbucher<\/h3>\n<p><tbe page=\"region\" param-pid=\"A-29203-0\" param-cntry=\" \" param-rgn=\" \" param-ddate=\"3\" param-rdate=\"150\" param-dur=\"7\" param-ngn=\"package\"><\/p>\n<div class=\"tbe-loading\"><\/div>\n<p><\/tbe>\n<\/div>\n<div class=\"tabbertab\">\n<h3>Karte<\/h3>\n<div class=\"su-gmap su-u-responsive-media-yes\"><iframe loading=\"lazy\" width=\"600\" height=\"400\" src=\"\/\/maps.google.com\/maps?q=Europa&amp;output=embed\" title=\"\"><\/iframe><\/div>\n<\/div>\n<div class=\"tabbertab\">\n<h3>Info<\/h3>\n<p><b>Information zur Online Reise Buchung<\/b><br \/>\n<br \/>\nDas geht ganz einfach, geben Sie Ihre gew\u00fcnschten Reisedaten in die Suchmaske ein, wie viele Personen, Abflug, R\u00fcckflug, wie viel Tage, Abflughafen, alle Regionen anklicken und unten in der Suchmaske Ihren Reisezielort klicken und es werden Ihnen die verschiedenen Reisepreise der verschiedenen Reiseveranstalter angezeigt, jetzt gew\u00fcnschtes Abflugdatum klicken und Ihre pers\u00f6nlichen Daten eintragen gew\u00fcnschte Zahlungsart evtl. noch eine Reiser\u00fccktrittsversicherung dazu nehmen \u2013 AGB Ihr H\u00e4kchen machen \u2013 jetzt Drucken anklicken \u2013 Reise anmelden buchen klicken und fertig.<br \/>\n<div class=\"su-spacer\" style=\"height:200px\"><\/div>\n<p><font size=\"1\" color=\"#f4eeee\"><br \/>\n<marquee><b>Reiseangebote Fr\u00fchbucherreisen: 1 Tag, 2 Tage, 3 Tage, 4 Tage, 5 Tage, 6 Tage, 7 Tage, 8 Tage, 9 Tage, 10 Tage, 11 Tage, 12 Tage, 13 Tage, 14 Tage, 15 Tage, 16 Tage, 17 Tage, 18 Tage, 19 Tage, 20 Tage, 21 Tage, 1 Woche, 2 Wochen, 3 Wochen, 4 Wochen, Sterne, Hotels, Reisen unter 100 unter 200 unter 300 unter 400 unter 500 Euro 600 unter 700 unter 800, 900, 1000, 1100, bis 1200, bis 1300, bis 1400, bis 1500, bis 1600, bis 1700, bis 1800, bis 1900, bis 2000, bis 2100, bis 2200, bis 2300, bis 2400, bis 2500, bis 2600, bis 2700 Pro Person <\/b><\/marquee><\/font> <\/p>\n<\/div>\n<\/div>\n","protected":false},"excerpt":{"rendered":"<p>Fr\u00fchbucherangebot f\u00fcr Ihren Urlaub 2025 Reisen billig buchen Reiseangebote mit Fr\u00fchbucherrabatten finden in Deutschland Europa Asien Amerika Arabien Australien im Preisvergleich mit Bestpreisgarantie Angebote Fr\u00fchbucher Karte Info Information zur Online Reise Buchung Das geht ganz einfach, geben Sie Ihre gew\u00fcnschten &hellip; <a href=\"https:\/\/reisen-travel.com\/reise-angebote\/angebote-fruehbucher-reisen-urlaub\/\">Weiterlesen <span class=\"meta-nav\">&rarr;<\/span><\/a><\/p>\n","protected":false},"author":1,"featured_media":0,"parent":0,"menu_order":0,"comment_status":"closed","ping_status":"open","template":"","meta":{"footnotes":""},"class_list":["post-7765","page","type-page","status-publish","hentry"],"_links":{"self":[{"href":"https:\/\/reisen-travel.com\/reise-angebote\/wp-json\/wp\/v2\/pages\/7765","targetHints":{"allow":["GET"]}}],"collection":[{"href":"https:\/\/reisen-travel.com\/reise-angebote\/wp-json\/wp\/v2\/pages"}],"about":[{"href":"https:\/\/reisen-travel.com\/reise-angebote\/wp-json\/wp\/v2\/types\/page"}],"author":[{"embeddable":true,"href":"https:\/\/reisen-travel.com\/reise-angebote\/wp-json\/wp\/v2\/users\/1"}],"replies":[{"embeddable":true,"href":"https:\/\/reisen-travel.com\/reise-angebote\/wp-json\/wp\/v2\/comments?post=7765"}],"version-history":[{"count":6,"href":"https:\/\/reisen-travel.com\/reise-angebote\/wp-json\/wp\/v2\/pages\/7765\/revisions"}],"predecessor-version":[{"id":12155,"href":"https:\/\/reisen-travel.com\/reise-angebote\/wp-json\/wp\/v2\/pages\/7765\/revisions\/12155"}],"wp:attachment":[{"href":"https:\/\/reisen-travel.com\/reise-angebote\/wp-json\/wp\/v2\/media?parent=7765"}],"curies":[{"name":"wp","href":"https:\/\/api.w.org\/{rel}","templated":true}]}}