{"id":7706,"date":"2014-08-20T03:42:51","date_gmt":"2014-08-20T01:42:51","guid":{"rendered":"https:\/\/reisen-travel.com\/reise-angebote\/?page_id=3890"},"modified":"2023-06-12T23:48:24","modified_gmt":"2023-06-12T21:48:24","slug":"jena","status":"publish","type":"page","link":"https:\/\/reisen-travel.com\/reise-angebote\/pauschalreisen\/deutschland\/thueringen\/jena\/","title":{"rendered":"Jena"},"content":{"rendered":"<h3>Hotel Jena Urlaub g\u00fcnstig buchen<\/h3>\n<div class=\"tabber\">\n<div class=\"tabbertab\">\n<h3>Eigene Anreise<\/h3>\n<p><tbe page=\"hotel\" param-pid=\"A-29203-0\" param-cntry=\"3002\" param-rgn=\"4656\" param-cty=\"72381\" param-ddate=\"1\" param-rdate=\"150\" param-dur=\" \" param-ngn=\"hotel\"><\/p>\n<div class=\"tbe-loading\"><\/div>\n<p><\/tbe>\n<\/div>\n<div class=\"tabbertab\">\n<h3>Pauschalangebote mit Flug<\/h3>\n<p><iframe loading=\"lazy\" id=\"tbeIFrame\" src=\"https:\/\/tbe.travelsystem.de\/index.html#\/region?ngn=package&#038;pid=A-29203-0&#038;cntry=&#038;rgn=&#038;cty=&#038;giata=&#038;iff=&#038;ddate=3&#038;rdate=150&#038;dur=7&#038;attr=&#038;trvlr=2&#038;room=&#038;meal=&#038;prtr=&#038;dep=ERF&#038;cat=0&#038;rtng=0&#038;rtnga=0&#038;rcmnd=0&#038;htl=&#038;htln=\" width=\"100%\" height=\"4500\"><\/iframe>\n<\/div>\n<div class=\"tabbertab\">\n<h3>Hotelsuche<\/h3>\n<div\n  data-skyscanner-widget=\"HotelSearchWidget\"\n  data-locale=\"de-DE\"\n  data-market=\"DE\"\n  data-currency=\"EUR\"\n  data-media-partner-id=\"2891447\"\n  data-powered-by-logo-colour=\"light\"\n  data-destination-name=\"Jena\"\n><\/div>\n<p><script src=\"https:\/\/widgets.skyscanner.net\/widget-server\/js\/loader.js\" async><\/script>\n<\/div>\n<div class=\"tabbertab\">\n<h3>Charterflug<\/h3>\n<p><iframe loading=\"lazy\" id=\"tbeIFrame\" src=\"https:\/\/tbe.travelsystem.de\/index.html#\/region?ngn=flight&#038;pid=A-29203-0&#038;cntry=&#038;rgn=&#038;cty=&#038;giata=&#038;iff=&#038;ddate=3&#038;rdate=150&#038;dur=7&#038;attr=&#038;trvlr=2&#038;room=&#038;meal=&#038;prtr=&#038;dep=ERF&#038;cat=0&#038;rtng=0&#038;rtnga=0&#038;rcmnd=0&#038;htl=&#038;htln=\" width=\"100%\" height=\"4500\"><\/iframe><br \/>\n<strong>Charterflug<\/strong>\n<\/div>\n<div class=\"tabbertab\">\n<h3>Flugticket<\/h3>\nOnly admnistrator owned posts can execute the <code>[includeme]<\/code> shortcode. <strong>This message is shown only to administrators<\/strong>.<\/div>\n<\/div>\n<p><center><\/p>\n<h3>Billige Reiseangebote Th\u00fcringen im 1 2 3 4 5 Sterne Hotels mit Fr\u00fchst\u00fcck Halbpension All-inclusive.<\/h3>\n<p><br\/ ><br\/ ><br \/>\n<strong><em>last-minute Pauschalreise Jena billig buchen 1 2 3 4 5 Sterne Hotel<\/em><\/strong><br \/>\n<\/center><br \/>\n<strong>Die Stadt in Th\u00fcringen, ist f\u00fcr ihre wissenschaftliche Tradition und ihre malerische Landschaft bekannt ist. Die Stadt hat viele Sehensw\u00fcrdigkeiten zu bieten, die Besucher auf jeden Fall besichtigen sollten. Hier sind einige der bekanntesten:<\/strong><\/p>\n<p>    <strong>JenTower:<\/strong> Der JenTower ist das h\u00f6chste Geb\u00e4ude in Jena und bietet eine spektakul\u00e4re Aussicht auf die Stadt und ihre Umgebung. Der 30-st\u00f6ckige Turm beherbergt B\u00fcros, Gesch\u00e4fte und ein Restaurant auf der obersten Etage.<\/p>\n<p>    <strong>Botanischer Garten:<\/strong> Der Botanische Garten in Jena ist einer der \u00e4ltesten und sch\u00f6nsten G\u00e4rten Deutschlands. Er beherbergt \u00fcber 12.000 Pflanzenarten und ist ein perfekter Ort f\u00fcr einen entspannten Spaziergang oder eine Picknickpause.<\/p>\n<p>    <strong>Schillers Gartenhaus:<\/strong> Friedrich Schiller, einer der ber\u00fchmtesten deutschen Dichter, lebte einige Jahre in Jena und besa\u00df ein Gartenhaus am Rande der Stadt. Das Haus ist heute ein Museum, das dem Leben und Werk des Dichters gewidmet ist.<\/p>\n<p>    <strong>Zeiss-Planetarium:<\/strong> Das Zeiss-Planetarium in Jena ist eines der modernsten Planetarien Deutschlands. Hier k\u00f6nnen Besucher eine atemberaubende Reise durch das Weltall unternehmen und sich \u00fcber Sterne, Planeten und Galaxien informieren.<\/p>\n<p>    <strong>Stadtmuseum Jena:<\/strong> Das Stadtmuseum Jena bietet Einblicke in die Geschichte und Kultur der Stadt. Es beherbergt zahlreiche Sammlungen, darunter arch\u00e4ologische Funde, Kunstwerke und historische Artefakte.<\/p>\n<p>    <strong>Optisches Museum:<\/strong> Jena ist ein wichtiger Standort der Optik- und Photonikindustrie, und das Optische Museum zeigt die Geschichte dieser Industrie sowie die neuesten Entwicklungen in der Optik.<\/p>\n<p>    <strong>Haus am Horn:<\/strong> Das Haus am Horn ist ein Beispiel f\u00fcr modernes Bauhaus-Design und ein UNESCO-Weltkulturerbe. Es wurde 1923 von Georg Muche entworfen und ist eines der wenigen original erhaltenen Bauhaus-Geb\u00e4ude.<\/p>\n<p>Die Stadt hat noch viele weitere Sehensw\u00fcrdigkeiten zu bieten, aber diese sind definitiv die bekanntesten und beeindruckendsten. Wenn Sie Jena besuchen, sollten Sie sich auf jeden Fall Zeit nehmen, um diese Orte zu besichtigen und die wundersch\u00f6ne Stadt zu erkunden.<\/p>\n<div class=\"tabber\">\n<div class=\"tabbertab\">\n<h3>Info<\/h3>\n<a href=\"https:\/\/reisen-travel.com\/reise-angebote\/pauschalreisen\/deutschland\/berlin\/\" class=\"su-button su-button-style-3d\" style=\"color:#FFFFFF;background-color:#f67b46;border-color:#c56338;border-radius:5px\" target=\"_self\"><span style=\"color:#FFFFFF;padding:0px 16px;font-size:13px;line-height:26px;border-color:#f9a37e;border-radius:5px;text-shadow:none\"> Berlin<\/span><\/a> <a href=\"https:\/\/reisen-travel.com\/reise-angebote\/pauschalreisen\/deutschland\/frankfurt\/\" class=\"su-button su-button-style-3d\" style=\"color:#FFFFFF;background-color:#2fb4c5;border-color:#26909e;border-radius:5px\" target=\"_self\"><span style=\"color:#FFFFFF;padding:0px 16px;font-size:13px;line-height:26px;border-color:#6ecbd7;border-radius:5px;text-shadow:none\"> Frankfurt<\/span><\/a> <a href=\"https:\/\/reisen-travel.com\/reise-angebote\/pauschalreisen\/deutschland\/hamburg\/\" class=\"su-button su-button-style-3d\" style=\"color:#FFFFFF;background-color:#f67b46;border-color:#c56338;border-radius:5px\" target=\"_self\"><span style=\"color:#FFFFFF;padding:0px 16px;font-size:13px;line-height:26px;border-color:#f9a37e;border-radius:5px;text-shadow:none\"> Hamburg<\/span><\/a> <a href=\"https:\/\/reisen-travel.com\/reise-angebote\/pauschalreisen\/schweiz\/basel\/\" class=\"su-button su-button-style-3d\" style=\"color:#FFFFFF;background-color:#2fb4c5;border-color:#26909e;border-radius:5px\" target=\"_self\"><span style=\"color:#FFFFFF;padding:0px 16px;font-size:13px;line-height:26px;border-color:#6ecbd7;border-radius:5px;text-shadow:none\"> Basel<\/span><\/a> <a href=\"https:\/\/reisen-travel.com\/reise-angebote\/pauschalreisen\/deutschland\/muenchen\/\" class=\"su-button su-button-style-3d\" style=\"color:#FFFFFF;background-color:#f67b46;border-color:#c56338;border-radius:5px\" target=\"_self\"><span style=\"color:#FFFFFF;padding:0px 16px;font-size:13px;line-height:26px;border-color:#f9a37e;border-radius:5px;text-shadow:none\"> M\u00fcnchen<\/span><\/a> <a href=\"https:\/\/reisen-travel.com\/reise-angebote\/pauschalreisen\/deutschland\/koeln\/\" class=\"su-button su-button-style-3d\" style=\"color:#FFFFFF;background-color:#2fb4c5;border-color:#26909e;border-radius:5px\" target=\"_self\"><span style=\"color:#FFFFFF;padding:0px 16px;font-size:13px;line-height:26px;border-color:#6ecbd7;border-radius:5px;text-shadow:none\"> K\u00f6ln<\/span><\/a> <a href=\"https:\/\/reisen-travel.com\/reise-angebote\/pauschalreisen\/deutschland\/leipzig\/\" class=\"su-button su-button-style-3d\" style=\"color:#FFFFFF;background-color:#f67b46;border-color:#c56338;border-radius:5px\" target=\"_self\"><span style=\"color:#FFFFFF;padding:0px 16px;font-size:13px;line-height:26px;border-color:#f9a37e;border-radius:5px;text-shadow:none\"> Leipzig<\/span><\/a> <a href=\"https:\/\/reisen-travel.com\/reise-angebote\/pauschalreisen\/deutschland\/dresden\/\" class=\"su-button su-button-style-3d\" style=\"color:#FFFFFF;background-color:#2fb4c5;border-color:#26909e;border-radius:5px\" target=\"_self\"><span style=\"color:#FFFFFF;padding:0px 16px;font-size:13px;line-height:26px;border-color:#6ecbd7;border-radius:5px;text-shadow:none\"> Dresden<\/span><\/a> <a href=\"https:\/\/reisen-travel.com\/reise-angebote\/pauschalreisen\/deutschland\/bremen\/\" class=\"su-button su-button-style-3d\" style=\"color:#FFFFFF;background-color:#f67b46;border-color:#c56338;border-radius:5px\" target=\"_self\"><span style=\"color:#FFFFFF;padding:0px 16px;font-size:13px;line-height:26px;border-color:#f9a37e;border-radius:5px;text-shadow:none\"> Bremen<\/span><\/a> <a href=\"https:\/\/reisen-travel.com\/reise-angebote\/pauschalreisen\/deutschland\/nuernberg\/\" class=\"su-button su-button-style-3d\" style=\"color:#FFFFFF;background-color:#2fb4c5;border-color:#26909e;border-radius:5px\" target=\"_self\"><span style=\"color:#FFFFFF;padding:0px 16px;font-size:13px;line-height:26px;border-color:#6ecbd7;border-radius:5px;text-shadow:none\"> N\u00fcrnberg<\/span><\/a> <a href=\"https:\/\/reisen-travel.com\/reise-angebote\/pauschalreisen\/deutschland\/rostock\/\" class=\"su-button su-button-style-3d\" style=\"color:#FFFFFF;background-color:#f67b46;border-color:#c56338;border-radius:5px\" target=\"_self\"><span style=\"color:#FFFFFF;padding:0px 16px;font-size:13px;line-height:26px;border-color:#f9a37e;border-radius:5px;text-shadow:none\"> Rostock<\/span><\/a> <a href=\"https:\/\/reisen-travel.com\/reise-angebote\/pauschalreisen\/deutschland\/stuttgart\/\" class=\"su-button su-button-style-3d\" style=\"color:#FFFFFF;background-color:#2fb4c5;border-color:#26909e;border-radius:5px\" target=\"_self\"><span style=\"color:#FFFFFF;padding:0px 16px;font-size:13px;line-height:26px;border-color:#6ecbd7;border-radius:5px;text-shadow:none\"> Stuttgart<\/span><\/a> <a href=\"https:\/\/reisen-travel.com\/reise-angebote\/pauschalreisen\/deutschland\/duesseldorf\/\" class=\"su-button su-button-style-3d\" style=\"color:#FFFFFF;background-color:#f67b46;border-color:#c56338;border-radius:5px\" target=\"_self\"><span style=\"color:#FFFFFF;padding:0px 16px;font-size:13px;line-height:26px;border-color:#f9a37e;border-radius:5px;text-shadow:none\"> D\u00fcsseldorf<\/span><\/a> <a href=\"https:\/\/reisen-travel.com\/reise-angebote\/pauschalreisen\/deutschland\/hannover\/\" class=\"su-button su-button-style-3d\" style=\"color:#FFFFFF;background-color:#2fb4c5;border-color:#26909e;border-radius:5px\" target=\"_self\"><span style=\"color:#FFFFFF;padding:0px 16px;font-size:13px;line-height:26px;border-color:#6ecbd7;border-radius:5px;text-shadow:none\"> Hannover<\/span><\/a> <a href=\"https:\/\/reisen-travel.com\/reise-angebote\/pauschalreisen\/deutschland\/frankfurt-hahn\/\" class=\"su-button su-button-style-3d\" style=\"color:#FFFFFF;background-color:#f67b46;border-color:#c56338;border-radius:5px\" target=\"_self\"><span style=\"color:#FFFFFF;padding:0px 16px;font-size:13px;line-height:26px;border-color:#f9a37e;border-radius:5px;text-shadow:none\"> Frankfurt-Hahn<\/span><\/a> <a href=\"https:\/\/reisen-travel.com\/reise-angebote\/pauschalreisen\/deutschland\/karlsruhe\/\" class=\"su-button su-button-style-3d\" style=\"color:#FFFFFF;background-color:#2fb4c5;border-color:#26909e;border-radius:5px\" target=\"_self\"><span style=\"color:#FFFFFF;padding:0px 16px;font-size:13px;line-height:26px;border-color:#6ecbd7;border-radius:5px;text-shadow:none\"> Karlsruhe<\/span><\/a> <a href=\"https:\/\/reisen-travel.com\/reise-angebote\/pauschalreisen\/deutschland\/saarbruecken\/\" class=\"su-button su-button-style-3d\" style=\"color:#FFFFFF;background-color:#f67b46;border-color:#c56338;border-radius:5px\" target=\"_self\"><span style=\"color:#FFFFFF;padding:0px 16px;font-size:13px;line-height:26px;border-color:#f9a37e;border-radius:5px;text-shadow:none\"> Saarbr\u00fccken<\/span><\/a> <a href=\"https:\/\/reisen-travel.com\/reise-angebote\/pauschalreisen\/deutschland\/zweibruecken\/\" class=\"su-button su-button-style-3d\" style=\"color:#FFFFFF;background-color:#2fb4c5;border-color:#26909e;border-radius:5px\" target=\"_self\"><span style=\"color:#FFFFFF;padding:0px 16px;font-size:13px;line-height:26px;border-color:#6ecbd7;border-radius:5px;text-shadow:none\"> Zweibr\u00fccken<\/span><\/a> <a href=\"https:\/\/reisen-travel.com\/reise-angebote\/pauschalreisen\/europa\/malta\/valletta\/\" class=\"su-button su-button-style-3d\" style=\"color:#FFFFFF;background-color:#f67b46;border-color:#c56338;border-radius:5px\" target=\"_self\"><span style=\"color:#FFFFFF;padding:0px 16px;font-size:13px;line-height:26px;border-color:#f9a37e;border-radius:5px;text-shadow:none\"> Valletta<\/span><\/a> <a href=\"https:\/\/reisen-travel.com\/reise-angebote\/pauschalreisen\/spanien\/barcelona\/\" class=\"su-button su-button-style-3d\" style=\"color:#FFFFFF;background-color:#2fb4c5;border-color:#26909e;border-radius:5px\" target=\"_self\"><span style=\"color:#FFFFFF;padding:0px 16px;font-size:13px;line-height:26px;border-color:#6ecbd7;border-radius:5px;text-shadow:none\"> Barcelona<\/span><\/a> <a href=\"https:\/\/reisen-travel.com\/reise-angebote\/pauschalreisen\/europa\/frankreich\/paris\/\" class=\"su-button su-button-style-3d\" style=\"color:#FFFFFF;background-color:#f67b46;border-color:#c56338;border-radius:5px\" target=\"_self\"><span style=\"color:#FFFFFF;padding:0px 16px;font-size:13px;line-height:26px;border-color:#f9a37e;border-radius:5px;text-shadow:none\"> Paris<\/span><\/a> <a href=\"https:\/\/reisen-travel.com\/reise-angebote\/pauschalreisen\/europa\/england\/london\/\" class=\"su-button su-button-style-3d\" style=\"color:#FFFFFF;background-color:#2fb4c5;border-color:#26909e;border-radius:5px\" target=\"_self\"><span style=\"color:#FFFFFF;padding:0px 16px;font-size:13px;line-height:26px;border-color:#6ecbd7;border-radius:5px;text-shadow:none\"> London<\/span><\/a> <a href=\"https:\/\/reisen-travel.com\/reise-angebote\/pauschalreisen\/italien\/rom\/\" class=\"su-button su-button-style-3d\" style=\"color:#FFFFFF;background-color:#f67b46;border-color:#c56338;border-radius:5px\" target=\"_self\"><span style=\"color:#FFFFFF;padding:0px 16px;font-size:13px;line-height:26px;border-color:#f9a37e;border-radius:5px;text-shadow:none\"> Rom<\/span><\/a> <a href=\"https:\/\/reisen-travel.com\/reise-angebote\/pauschalreisen\/karibik\/kuba\/havanna\/\" class=\"su-button su-button-style-3d\" style=\"color:#FFFFFF;background-color:#2fb4c5;border-color:#26909e;border-radius:5px\" target=\"_self\"><span style=\"color:#FFFFFF;padding:0px 16px;font-size:13px;line-height:26px;border-color:#6ecbd7;border-radius:5px;text-shadow:none\"> Havanna<\/span><\/a> <a href=\"https:\/\/reisen-travel.com\/reise-angebote\/pauschalreisen\/amerika-usa\/new-york\/\" class=\"su-button su-button-style-3d\" style=\"color:#FFFFFF;background-color:#f67b46;border-color:#c56338;border-radius:5px\" target=\"_self\"><span style=\"color:#FFFFFF;padding:0px 16px;font-size:13px;line-height:26px;border-color:#f9a37e;border-radius:5px;text-shadow:none\"> New York<\/span><\/a> <a href=\"https:\/\/reisen-travel.com\/reise-angebote\/pauschalreisen\/amerika-usa\/Miami\/\" class=\"su-button su-button-style-3d\" style=\"color:#FFFFFF;background-color:#2fb4c5;border-color:#26909e;border-radius:5px\" target=\"_self\"><span style=\"color:#FFFFFF;padding:0px 16px;font-size:13px;line-height:26px;border-color:#6ecbd7;border-radius:5px;text-shadow:none\"> Miami<\/span><\/a> <a href=\"https:\/\/reisen-travel.com\/reise-angebote\/pauschalreisen\/suedamerika\/brasilien\/rio-de-janeiro\/\" class=\"su-button su-button-style-3d\" style=\"color:#FFFFFF;background-color:#f67b46;border-color:#c56338;border-radius:5px\" target=\"_self\"><span style=\"color:#FFFFFF;padding:0px 16px;font-size:13px;line-height:26px;border-color:#f9a37e;border-radius:5px;text-shadow:none\"> Rio de Janeiro<\/span><\/a> <a href=\"https:\/\/reisen-travel.com\/reise-angebote\/pauschalreisen\/arabien\/dubai\/\" class=\"su-button su-button-style-3d\" style=\"color:#FFFFFF;background-color:#2fb4c5;border-color:#26909e;border-radius:5px\" target=\"_self\"><span style=\"color:#FFFFFF;padding:0px 16px;font-size:13px;line-height:26px;border-color:#6ecbd7;border-radius:5px;text-shadow:none\"> Dubai<\/span><\/a> <a href=\"https:\/\/reisen-travel.com\/reise-angebote\/pauschalreisen\/afrika\/south-africa\/kapstadt\/\" class=\"su-button su-button-style-3d\" style=\"color:#FFFFFF;background-color:#f67b46;border-color:#c56338;border-radius:5px\" target=\"_self\"><span style=\"color:#FFFFFF;padding:0px 16px;font-size:13px;line-height:26px;border-color:#f9a37e;border-radius:5px;text-shadow:none\"> Kapstadt<\/span><\/a> <a href=\"https:\/\/reisen-travel.com\/reise-angebote\/pauschalreisen\/karibik\/bahamas\/nassau\/\" class=\"su-button su-button-style-3d\" style=\"color:#FFFFFF;background-color:#2fb4c5;border-color:#26909e;border-radius:5px\" target=\"_self\"><span style=\"color:#FFFFFF;padding:0px 16px;font-size:13px;line-height:26px;border-color:#6ecbd7;border-radius:5px;text-shadow:none\"> Nassau<\/span><\/a> <a href=\"https:\/\/reisen-travel.com\/reise-angebote\/pauschalreisen\/mittelamerika\/mexico\/acapulco\/\" class=\"su-button su-button-style-3d\" style=\"color:#FFFFFF;background-color:#f67b46;border-color:#c56338;border-radius:5px\" target=\"_self\"><span style=\"color:#FFFFFF;padding:0px 16px;font-size:13px;line-height:26px;border-color:#f9a37e;border-radius:5px;text-shadow:none\"> Acapulco<\/span><\/a> <a href=\"https:\/\/reisen-travel.com\/reise-angebote\/pauschalreisen\/deutschland\/ostsee\/ruegen\/\" class=\"su-button su-button-style-3d\" style=\"color:#FFFFFF;background-color:#2fb4c5;border-color:#26909e;border-radius:5px\" target=\"_self\"><span style=\"color:#FFFFFF;padding:0px 16px;font-size:13px;line-height:26px;border-color:#6ecbd7;border-radius:5px;text-shadow:none\"> R\u00fcgen<\/span><\/a> <a href=\"https:\/\/reisen-travel.com\/reise-angebote\/pauschalreisen\/deutschland\/ostsee\/usedom\/\" class=\"su-button su-button-style-3d\" style=\"color:#FFFFFF;background-color:#f67b46;border-color:#c56338;border-radius:5px\" target=\"_self\"><span style=\"color:#FFFFFF;padding:0px 16px;font-size:13px;line-height:26px;border-color:#f9a37e;border-radius:5px;text-shadow:none\"> Usedom<\/span><\/a> <a href=\"https:\/\/reisen-travel.com\/reise-angebote\/pauschalreisen\/deutschland\/bayern\/\" class=\"su-button su-button-style-3d\" style=\"color:#FFFFFF;background-color:#2fb4c5;border-color:#26909e;border-radius:5px\" target=\"_self\"><span style=\"color:#FFFFFF;padding:0px 16px;font-size:13px;line-height:26px;border-color:#6ecbd7;border-radius:5px;text-shadow:none\"> Bayern<\/span><\/a>  <a href=\"https:\/\/reisen-travel.com\/reise-angebote\/pauschalreisen\/deutschland\/bodensee\/\" class=\"su-button su-button-style-3d\" style=\"color:#FFFFFF;background-color:#f67b46;border-color:#c56338;border-radius:5px\" target=\"_self\"><span style=\"color:#FFFFFF;padding:0px 16px;font-size:13px;line-height:26px;border-color:#f9a37e;border-radius:5px;text-shadow:none\"> Bodensee<\/span><\/a> <a href=\"https:\/\/reisen-travel.com\/reise-angebote\/pauschalreisen\/deutschland\/bayerischen-wald\/\" class=\"su-button su-button-style-3d\" style=\"color:#FFFFFF;background-color:#2fb4c5;border-color:#26909e;border-radius:5px\" target=\"_self\"><span style=\"color:#FFFFFF;padding:0px 16px;font-size:13px;line-height:26px;border-color:#6ecbd7;border-radius:5px;text-shadow:none\"> Bayerischen Wald<\/span><\/a> <a href=\"https:\/\/reisen-travel.com\/reise-angebote\/pauschalreisen\/deutschland\/thueringen\/erfurt\/\" class=\"su-button su-button-style-3d\" style=\"color:#FFFFFF;background-color:#f67b46;border-color:#c56338;border-radius:5px\" target=\"_self\"><span style=\"color:#FFFFFF;padding:0px 16px;font-size:13px;line-height:26px;border-color:#f9a37e;border-radius:5px;text-shadow:none\"> Erfurt<\/span><\/a> <a href=\"https:\/\/reisen-travel.com\/reise-angebote\/pauschalreisen\/deutschland\/thueringen\/weimar\/\" class=\"su-button su-button-style-3d\" style=\"color:#FFFFFF;background-color:#2fb4c5;border-color:#26909e;border-radius:5px\" target=\"_self\"><span style=\"color:#FFFFFF;padding:0px 16px;font-size:13px;line-height:26px;border-color:#6ecbd7;border-radius:5px;text-shadow:none\"> Weimar<\/span><\/a> <a href=\"https:\/\/reisen-travel.com\/reise-angebote\/pauschalreisen\/deutschland\/thueringen\/oberhof\/\" class=\"su-button su-button-style-3d\" style=\"color:#FFFFFF;background-color:#f67b46;border-color:#c56338;border-radius:5px\" target=\"_self\"><span style=\"color:#FFFFFF;padding:0px 16px;font-size:13px;line-height:26px;border-color:#f9a37e;border-radius:5px;text-shadow:none\"> Oberhof<\/span><\/a> <a href=\"https:\/\/reisen-travel.com\/reise-angebote\/pauschalreisen\/deutschland\/thueringen\/suhl\/\" class=\"su-button su-button-style-3d\" style=\"color:#FFFFFF;background-color:#2fb4c5;border-color:#26909e;border-radius:5px\" target=\"_self\"><span style=\"color:#FFFFFF;padding:0px 16px;font-size:13px;line-height:26px;border-color:#6ecbd7;border-radius:5px;text-shadow:none\"> Suhl<\/span><\/a> <a href=\"https:\/\/reisen-travel.com\/reise-angebote\/pauschalreisen\/deutschland\/thueringen\/eisenach\/\" class=\"su-button su-button-style-3d\" style=\"color:#FFFFFF;background-color:#f67b46;border-color:#c56338;border-radius:5px\" target=\"_self\"><span style=\"color:#FFFFFF;padding:0px 16px;font-size:13px;line-height:26px;border-color:#f9a37e;border-radius:5px;text-shadow:none\"> Eisenach<\/span><\/a> <a href=\"https:\/\/reisen-travel.com\/reise-angebote\/pauschalreisen\/deutschland\/thueringen\/masserberg\/\" class=\"su-button su-button-style-3d\" style=\"color:#FFFFFF;background-color:#2fb4c5;border-color:#26909e;border-radius:5px\" target=\"_self\"><span style=\"color:#FFFFFF;padding:0px 16px;font-size:13px;line-height:26px;border-color:#6ecbd7;border-radius:5px;text-shadow:none\"> Masserberg<\/span><\/a>\n<\/p><\/div>\n<div class=\"tabbertab\">\n<h3>Wetter<\/h3>\n<table border=\"0\">\n<tr>\n<th align=\"left\" valign=\"top\" width=\"200\" height=\"75\">\n<a href=\"https:\/\/www.weatheronline.co.uk\/cgi-bin\/homecif?WMO=10563&#038;L=en&#038;WIDTH=180&#038;HEIGHT=150&#038;CLOUD=1&#038;V=2\" target=\"wetterace1\" id=\"myfavorite\" rel=\"noopener noreferrer\"><\/p>\n<h4>Wetter<\/h4>\n<p><\/a><\/p>\n<hr>\n<p><br clear=all><\/p>\n<\/th>\n<th align=\"center\" valign=\"top\" width=\"200\"> <center><\/p>\n<h5>Wettervorhersage<\/h5>\n<p><\/center><br \/>\n <br \/><iframe loading=\"lazy\" frameborder=\"0\" width=\"187\" height=\"157\" src=\"https:\/\/www.weatheronline.co.uk\/cgi-bin\/homecif?WMO=10563&#038;L=en&#038;WIDTH=180&#038;HEIGHT=150&#038;CLOUD=1&#038;V=2\" name=\"wetterace1\" scrolling=\"auto\"><\/iframe>\n<\/th>\n<th align=\"right\"  valign=\"top\" width=\"0\"><\/th>\n<\/tr>\n<\/tr>\n<\/table>\n<p>\n<\/div>\n<div class=\"tabbertab\">\n<h3>Karte<\/h3>\n<div class=\"su-gmap su-u-responsive-media-yes\"><iframe loading=\"lazy\" width=\"500\" height=\"400\" src=\"\/\/maps.google.com\/maps?q=Stadt%20Jena&amp;output=embed\" title=\"\"><\/iframe><\/div>\n<p><font size=\"1\" color=\"#f4eeee\"><br \/>\n<marquee><b>Angebote: 1 Tag, 2 Tage, 3 Tage, 4 Tage, 5 Tage, 6 Tage, 7 Tage, 8 Tage, 9 Tage, 10 Tage, 11 Tage, 12 Tage, 13 Tage, 14 Tage, 15 Tage, 16 Tage, 17 Tage, 18 Tage, 19 Tage, 20 Tage, 21 Tage, 1 Woche, 2 Wochen, 3 Wochen, 4 Wochen, Reiseangebote unter 100 unter 200 unter 300 unter 400 unter 500 Euro 600 unter 700 unter 800, 900, 1000, 1100, bis 1200, bis 1300, bis 1400, bis 1500, bis 1600, bis 1700, bis 1800, bis 1900, bis 2000, bis 2100, bis 2200, bis 2300, bis 2400, bis 2500, bis 2600, bis 2700 Pro Person <\/b><\/marquee><\/font> <\/p>\n<\/p>\n<\/div>\n<\/div>\n","protected":false},"excerpt":{"rendered":"<p>Hotel Jena Urlaub g\u00fcnstig buchen Eigene Anreise Pauschalangebote mit Flug Hotelsuche Charterflug Charterflug Flugticket Billige Reiseangebote Th\u00fcringen im 1 2 3 4 5 Sterne Hotels mit Fr\u00fchst\u00fcck Halbpension All-inclusive. last-minute Pauschalreise Jena billig buchen 1 2 3 4 5 Sterne &hellip; <a href=\"https:\/\/reisen-travel.com\/reise-angebote\/pauschalreisen\/deutschland\/thueringen\/jena\/\">Weiterlesen <span class=\"meta-nav\">&rarr;<\/span><\/a><\/p>\n","protected":false},"author":1,"featured_media":0,"parent":7702,"menu_order":0,"comment_status":"closed","ping_status":"open","template":"","meta":{"footnotes":""},"class_list":["post-7706","page","type-page","status-publish","hentry"],"_links":{"self":[{"href":"https:\/\/reisen-travel.com\/reise-angebote\/wp-json\/wp\/v2\/pages\/7706","targetHints":{"allow":["GET"]}}],"collection":[{"href":"https:\/\/reisen-travel.com\/reise-angebote\/wp-json\/wp\/v2\/pages"}],"about":[{"href":"https:\/\/reisen-travel.com\/reise-angebote\/wp-json\/wp\/v2\/types\/page"}],"author":[{"embeddable":true,"href":"https:\/\/reisen-travel.com\/reise-angebote\/wp-json\/wp\/v2\/users\/1"}],"replies":[{"embeddable":true,"href":"https:\/\/reisen-travel.com\/reise-angebote\/wp-json\/wp\/v2\/comments?post=7706"}],"version-history":[{"count":5,"href":"https:\/\/reisen-travel.com\/reise-angebote\/wp-json\/wp\/v2\/pages\/7706\/revisions"}],"predecessor-version":[{"id":11910,"href":"https:\/\/reisen-travel.com\/reise-angebote\/wp-json\/wp\/v2\/pages\/7706\/revisions\/11910"}],"up":[{"embeddable":true,"href":"https:\/\/reisen-travel.com\/reise-angebote\/wp-json\/wp\/v2\/pages\/7702"}],"wp:attachment":[{"href":"https:\/\/reisen-travel.com\/reise-angebote\/wp-json\/wp\/v2\/media?parent=7706"}],"curies":[{"name":"wp","href":"https:\/\/api.w.org\/{rel}","templated":true}]}}