{"id":7682,"date":"2014-08-07T17:45:34","date_gmt":"2014-08-07T15:45:34","guid":{"rendered":"https:\/\/reisen-travel.com\/reise-angebote\/?page_id=3694"},"modified":"2020-05-28T19:14:51","modified_gmt":"2020-05-28T17:14:51","slug":"schwarzwald","status":"publish","type":"page","link":"https:\/\/reisen-travel.com\/reise-angebote\/pauschalreisen\/deutschland\/schwarzwald\/","title":{"rendered":"Schwarzwald"},"content":{"rendered":"<h3>Pauschalreisen in den Schwarzwald Urlaub g\u00fcnstig buchen<\/h3>\n<div class=\"tabber\">\n<div class=\"tabbertab\">\n<h3>Eigene Anreise<\/h3>\n<p><iframe loading=\"lazy\" frameborder=\"0\" src=\"https:\/\/xbe2.travelsystem.de\/xbe.php?XBE=1001&#038;SF=3&#038;AGENT=A-29203-0&#038;VON=2&#038;LMIN=7&#038;BIS=210&#038;LMAX=7&#038;RA=2&#038;DAUER=7|7&#038;REGION=DS&#038;ZIEL=SWD&#038;APS=10&#038;TPS=20&#038;OFI=&#038;CSS[search-background]=E0FFFF&#038;SEARCHS=l&#038;CSS[toolbar-background]=066393&#038;CSS[button-background]=22DDDD&#038;CSS[price]=695360&#038;frameVersion=1&#038;AUTOLOAD=0\" width=\"100%\" height=\"6000\" name=\"Pauschalhotelblackforest\"><\/p>\n<p>Ihr Browser kann leider keine eingebetteten Frames anzeigen:<br \/>\n  Sie k&ouml;nnen die eingebettete Seite &uuml;ber den folgenden Verweis<br \/>\n  aufrufen: <a href=\"https:\/\/xbe2.travelsystem.de\/xbe.php?XBE=1001&#038;SF=3&#038;AGENT=A-29203-0&#038;VON=2&#038;LMIN=7&#038;BIS=210&#038;LMAX=7&#038;RA=2&#038;DAUER=7|7&#038;REGION=DS&#038;ZIEL=SWD&#038;APS=10&#038;TPS=20&#038;OFI=&#038;CSS[search-background]=E0FFFF&#038;SEARCHS=l&#038;CSS[toolbar-background]=066393&#038;CSS[button-background]=22DDDD&#038;CSS[price]=695360&#038;frameVersion=1&#038;AUTOLOAD=0\">Pauschalhotel<\/a><br \/>\n<\/iframe>\n<\/div>\n<div class=\"tabbertab\">\n<h3>Pauschal mit Flug<\/h3>\n<p><iframe loading=\"lazy\" frameborder=\"0\" src=\"https:\/\/xbe2.travelsystem.de\/xbe.php?XBE=1001&#038;SF=2x3x1&#038;AGENT=A-29203-0&#038;VON=2&#038;LMIN=7&#038;BIS=210&#038;LMAX=7&#038;RA=2&#038;DAUER=7|7&#038;REGION=DS&#038;ZIEL=SWD&#038;APS=10&#038;TPS=20&#038;OFI=&#038;CSS[search-background]=E0FFFF&#038;SEARCHS=l&#038;CSS[toolbar-background]=066393&#038;CSS[button-background]=22DDDD&#038;CSS[price]=695360&#038;frameVersion=1&#038;AUTOLOAD=0\" width=\"100%\" height=\"6000\" name=\"Pauschalangeboteblackforest\"><\/p>\n<p>Ihr Browser kann leider keine eingebetteten Frames anzeigen:<br \/>\n  Sie k&ouml;nnen die eingebettete Seite &uuml;ber den folgenden Verweis<br \/>\n  aufrufen: <a href=\"https:\/\/xbe2.travelsystem.de\/xbe.php?XBE=1001&#038;SF=2x3x1&#038;AGENT=A-29203-0&#038;VON=2&#038;LMIN=7&#038;BIS=210&#038;LMAX=7&#038;RA=2&#038;DAUER=7|7&#038;REGION=DS&#038;ZIEL=SWD&#038;APS=10&#038;TPS=20&#038;OFI=&#038;CSS[search-background]=E0FFFF&#038;SEARCHS=l&#038;CSS[toolbar-background]=066393&#038;CSS[button-background]=22DDDD&#038;CSS[price]=695360&#038;frameVersion=1&#038;AUTOLOAD=0\">Pauschalangebote<\/a><br \/>\n<\/iframe>\n<\/div>\n<div class=\"tabbertab\">\n<h3>Hotelsuche<\/h3>\n<p><script type='text\/javascript' src='https:\/\/sbhc.portalhc.com\/20836\/SearchBox\/422711'><\/script>\n<\/div>\n<div class=\"tabbertab\">\n<h3>Charterflug<\/h3>\n<p><iframe loading=\"lazy\" frameborder=\"0\" src=\"https:\/\/xbe2.travelsystem.de\/xbe.php?XBE=1001&#038;DS=0&#038;SF=1&#038;STR=&#038;xbeStep=4&#038;AUTOLOAD=0&#038;RA=2&#038;MGRP=1&#038;KA1=&#038;KA2=&#038;KA3=&#038;ANZREISENDE=2&#038;VON=3&#038;BIS=180&#038;AGENT=A-29203-0&#038;LMIN=7&#038;LMAX=7&#038;DAUER=7|7&#038;ZIEL=&#038;REGION=DE&#038;VA=0&#038;ZA=100&#038;OFI=&#038;AV=2&#038;GID=&#038;CSS[search-background]=E0FFFF&#038;SEARCHS=l&#038;SEARCHS=l&#038;CSS[toolbar-background]=066393&#038;CSS[button-background]=22DDDD&#038;CSS[price]=695360\" width=\"100%\" height=\"5000\" name=\"Charterflugdeswd\"><\/p>\n<p>Ihr Browser kann leider keine eingebetteten Frames anzeigen:<br \/>\n  Sie k&ouml;nnen die eingebettete Seite &uuml;ber den folgenden Verweis<br \/>\n  aufrufen: <a href=\"https:\/\/xbe2.travelsystem.de\/xbe.php?XBE=1001&#038;DS=0&#038;SF=1&#038;STR=&#038;xbeStep=4&#038;AUTOLOAD=0&#038;RA=2&#038;MGRP=1&#038;KA1=&#038;KA2=&#038;KA3=&#038;ANZREISENDE=2&#038;VON=3&#038;BIS=180&#038;AGENT=A-29203-0&#038;LMIN=7&#038;LMAX=7&#038;DAUER=7|7&#038;ZIEL=&#038;REGION=DE&#038;VA=0&#038;ZA=100&#038;OFI=&#038;AV=2&#038;GID=&#038;CSS[search-background]=E0FFFF&#038;SEARCHS=l&#038;SEARCHS=l&#038;CSS[toolbar-background]=066393&#038;CSS[button-background]=22DDDD&#038;CSS[price]=695360\">Charterflug<\/a><br \/>\n<\/iframe>\n<\/div>\n<div class=\"tabbertab\">\n<h3>Flugticket<\/h3>\nOnly admnistrator owned posts can execute the <code>[includeme]<\/code> shortcode. <strong>This message is shown only to administrators<\/strong>.\n<\/div>\n<\/div>\n<div class=\"tabber\">\n<div class=\"tabbertab\">\n<h3>Info<\/h3>\n<a href=\"https:\/\/reisen-travel.com\/reise-angebote\/pauschalreisen\/deutschland\/\" class=\"su-button su-button-style-3d\" style=\"color:#FFFFFF;background-color:#2fb4c5;border-color:#26909e;border-radius:5px\" target=\"_self\"><span style=\"color:#FFFFFF;padding:0px 16px;font-size:13px;line-height:26px;border-color:#6ecbd7;border-radius:5px;text-shadow:none\"> Deutschland<\/span><\/a> <a href=\"https:\/\/reisen-travel.com\/reise-angebote\/pauschalreisen\/deutschland\/ostsee\/\" class=\"su-button su-button-style-3d\" style=\"color:#FFFFFF;background-color:#f67b46;border-color:#c56338;border-radius:5px\" target=\"_self\"><span style=\"color:#FFFFFF;padding:0px 16px;font-size:13px;line-height:26px;border-color:#f9a37e;border-radius:5px;text-shadow:none\"> Ostsee<\/span><\/a> <a href=\"https:\/\/reisen-travel.com\/reise-angebote\/pauschalreisen\/deutschland\/nordsee\/\" class=\"su-button su-button-style-3d\" style=\"color:#FFFFFF;background-color:#2fb4c5;border-color:#26909e;border-radius:5px\" target=\"_self\"><span style=\"color:#FFFFFF;padding:0px 16px;font-size:13px;line-height:26px;border-color:#6ecbd7;border-radius:5px;text-shadow:none\"> Nordsee<\/span><\/a> <a href=\"https:\/\/reisen-travel.com\/reise-angebote\/pauschalreisen\/deutschland\/berlin\/\" class=\"su-button su-button-style-3d\" style=\"color:#FFFFFF;background-color:#f67b46;border-color:#c56338;border-radius:5px\" target=\"_self\"><span style=\"color:#FFFFFF;padding:0px 16px;font-size:13px;line-height:26px;border-color:#f9a37e;border-radius:5px;text-shadow:none\"> Berlin<\/span><\/a> <a href=\"https:\/\/reisen-travel.com\/reise-angebote\/pauschalreisen\/deutschland\/bayerischen-wald\/bodenmais\/\" class=\"su-button su-button-style-3d\" style=\"color:#FFFFFF;background-color:#2fb4c5;border-color:#26909e;border-radius:5px\" target=\"_self\"><span style=\"color:#FFFFFF;padding:0px 16px;font-size:13px;line-height:26px;border-color:#6ecbd7;border-radius:5px;text-shadow:none\"> Bodenmais<\/span><\/a> <a href=\"https:\/\/reisen-travel.com\/reise-angebote\/pauschalreisen\/deutschland\/bayerischen-wald\/\" class=\"su-button su-button-style-3d\" style=\"color:#FFFFFF;background-color:#f67b46;border-color:#c56338;border-radius:5px\" target=\"_self\"><span style=\"color:#FFFFFF;padding:0px 16px;font-size:13px;line-height:26px;border-color:#f9a37e;border-radius:5px;text-shadow:none\"> Bayerischen Wald<\/span><\/a>\n<\/p><\/div>\n<div class=\"tabbertab\">\n<h3>Wetter<\/h3>\n<table border=\"0\">\n<tr>\n<th align=\"left\" valign=\"top\" width=\"200\" height=\"75\">\n<a href=\"https:\/\/www.weatheronline.co.uk\/cgi-bin\/homecif?WMO=10282&#038;L=en&#038;WIDTH=180&#038;HEIGHT=150&#038;CLOUD=1&#038;V=2\" target=\"Angebote\" id=\"myfavorite\" rel=\"noopener noreferrer\"><\/p>\n<h4>Feldberg<\/h4>\n<p><\/a><\/p>\n<hr>\n<p><br clear=all><\/p>\n<\/th>\n<th align=\"center\" valign=\"top\" width=\"200\"> <center>Wettervorhersage<\/center><br \/>\n <br \/><iframe loading=\"lazy\" frameborder=\"0\" width=\"300\" height=\"300\" src=\"https:\/\/www.weatheronline.co.uk\/cgi-bin\/homecif?WMO=10282&#038;L=en&#038;WIDTH=180&#038;HEIGHT=150&#038;CLOUD=1&#038;V=2\" name=\"Wetter Feldberg\" scrolling=\"auto\"><\/iframe>\n<\/th>\n<th align=\"right\"  valign=\"top\" width=\"0\"><\/th>\n<\/tr>\n<\/tr>\n<\/table>\n<\/div>\n<div class=\"tabbertab\">\n<h3>Karte<\/h3>\n<div class=\"su-gmap su-u-responsive-media-yes\"><iframe loading=\"lazy\" width=\"500\" height=\"400\" src=\"\/\/maps.google.com\/maps?q=Feldberg&amp;output=embed\" title=\"\"><\/iframe><\/div>\n<center><\/p>\n<h3>Billige Reiseangebote Alpirsbach Badenweiler Bad Wildbad Bad D\u00fcrrheim Bad Herrenalb Bad Peterstal-Griesbach Bad Teinach-Zavelstein Breitnau Donaueschingen Durbach Ettlingen Feldberg Freudenstadt Glottertal Herbolzheim Hinterzarten Lo\u00dfburg M\u00fcllheim Saig Schluchsee Sch\u00f6mberg Sch\u00f6nwald Seebach Staufen Titisee Todtmoos Todtnau Todtnauberg Triberg Waldachtal im 1 2 3 4 5 Sterne Hotels mit Fr\u00fchst\u00fcck Halbpension All-inclusive Pauschalurlaub Hotel Angebote Wandern Wellness.<\/h3>\n<p><br\/ ><br\/ ><br \/>\n<strong><em>last-minute Pauschalreise Schwarzwald billig buchen 1 2 3 4 5 Sterne Hotel<\/em><\/strong><\/p>\n<p><font size=\"1\" color=\"#f4eeee\"><br \/>\n<marquee><b>Angebote: 1 Tag, 2 Tage, 3 Tage, 4 Tage, 5 Tage, 6 Tage, 7 Tage, 8 Tage, 9 Tage, 10 Tage, 11 Tage, 12 Tage, 13 Tage, 14 Tage, 15 Tage, 16 Tage, 17 Tage, 18 Tage, 19 Tage, 20 Tage, 21 Tage, 1 Woche, 2 Wochen, 3 Wochen, 4 Wochen, Reise unter 100 unter 200 unter 300 unter 400 unter 500 Euro 600 unter 700 unter 800, 900, 1000, 1100, bis 1200, bis 1300, bis 1400, bis 1500, bis 1600, bis 1700, bis 1800, bis 1900, bis 2000, bis 2100, bis 2200, bis 2300, bis 2400, bis 2500, bis 2600, bis 2700 Pro Person <\/b><\/marquee><\/font> <\/p>\n<\/p>\n<p><\/center>\n<\/div>\n<\/div>\n","protected":false},"excerpt":{"rendered":"<p>Pauschalreisen in den Schwarzwald Urlaub g\u00fcnstig buchen Eigene Anreise Ihr Browser kann leider keine eingebetteten Frames anzeigen: Sie k&ouml;nnen die eingebettete Seite &uuml;ber den folgenden Verweis aufrufen: Pauschalhotel Pauschal mit Flug Ihr Browser kann leider keine eingebetteten Frames anzeigen: Sie &hellip; <a href=\"https:\/\/reisen-travel.com\/reise-angebote\/pauschalreisen\/deutschland\/schwarzwald\/\">Weiterlesen <span class=\"meta-nav\">&rarr;<\/span><\/a><\/p>\n","protected":false},"author":1,"featured_media":0,"parent":323,"menu_order":0,"comment_status":"closed","ping_status":"open","template":"","meta":{"footnotes":""},"class_list":["post-7682","page","type-page","status-publish","hentry"],"_links":{"self":[{"href":"https:\/\/reisen-travel.com\/reise-angebote\/wp-json\/wp\/v2\/pages\/7682","targetHints":{"allow":["GET"]}}],"collection":[{"href":"https:\/\/reisen-travel.com\/reise-angebote\/wp-json\/wp\/v2\/pages"}],"about":[{"href":"https:\/\/reisen-travel.com\/reise-angebote\/wp-json\/wp\/v2\/types\/page"}],"author":[{"embeddable":true,"href":"https:\/\/reisen-travel.com\/reise-angebote\/wp-json\/wp\/v2\/users\/1"}],"replies":[{"embeddable":true,"href":"https:\/\/reisen-travel.com\/reise-angebote\/wp-json\/wp\/v2\/comments?post=7682"}],"version-history":[{"count":7,"href":"https:\/\/reisen-travel.com\/reise-angebote\/wp-json\/wp\/v2\/pages\/7682\/revisions"}],"predecessor-version":[{"id":11497,"href":"https:\/\/reisen-travel.com\/reise-angebote\/wp-json\/wp\/v2\/pages\/7682\/revisions\/11497"}],"up":[{"embeddable":true,"href":"https:\/\/reisen-travel.com\/reise-angebote\/wp-json\/wp\/v2\/pages\/323"}],"wp:attachment":[{"href":"https:\/\/reisen-travel.com\/reise-angebote\/wp-json\/wp\/v2\/media?parent=7682"}],"curies":[{"name":"wp","href":"https:\/\/api.w.org\/{rel}","templated":true}]}}