{"id":7540,"date":"2014-01-25T19:43:40","date_gmt":"2014-01-25T17:43:40","guid":{"rendered":"https:\/\/reisen-travel.com\/reise-angebote\/?page_id=2465"},"modified":"2023-04-11T22:54:04","modified_gmt":"2023-04-11T20:54:04","slug":"eigene-anreise","status":"publish","type":"page","link":"https:\/\/reisen-travel.com\/reise-angebote\/eigene-anreise\/","title":{"rendered":"Eigene Anreise"},"content":{"rendered":"<div class=\"tabber\">\n<div class=\"tabbertab\">\n<h3>Pauschal Hotelangebote<\/h3>\n<p><tbe page=\"region\" param-pid=\"A-29203-0\" param-cntry=\" \" param-rgn=\" \" param-cty=\" \" param-ddate=\"3\" param-rdate=\"150\" param-dur=\"1\" param-ngn=\"hotel\"><\/p>\n<div class=\"tbe-loading\"><\/div>\n<p><\/tbe><\/p>\n<h4>G\u00fcnstige Hotels f\u00fcr Selbstanreiser in Deutschland, \u00d6sterreich, Schweiz, Frankreich, Italien, Kroatien, Spanien, Kroatien, Bulgarien, Deutschland, Adria, Costa Brava, Gardasee usw.. Fahren Sie mit dem Auto oder Bahn selbst an Ihr Urlaubsziel Pauschalangebote Hotel Pension.<\/h4>\n<h5>Pauschalhotel g\u00fcnstige Reiseangebote<\/h5>\n<\/div>\n<\/div>\n<div class=\"tabber\">\n<div class=\"tabbertab\">\n<h3>Info<\/h3>\n<\/div>\n<div class=\"tabbertab\">\n<h3>Buchungsinfo<\/h3>\n<p><b>Information zur Online Reise Buchung<\/b><br \/>\nDas geht ganz einfach, geben Sie Ihre gew\u00fcnschten Reisedaten in die Suchmaske ein, Ihr Reiseziel w\u00e4hlen, wie viele Personen, Zimmertyp, Anreisetag, Abreisetag, 2 &#8211; 3 &#8211; 4 &#8211; 5 Sterne Kategorie, Hotelname wenn bekannt ausw\u00e4hlen und es werden Ihnen die Preise der zur Verf\u00fcgung stehenden Hotels, Pensionen und Hotelzimmer angezeigt. Jetzt das gew\u00fcnschte Hotel ausw\u00e4hlen, Ihre pers\u00f6nlichen Daten eintragen und die gew\u00fcnschte Zahlungsart w\u00e4hlen. Nun noch mit einem Klick die AGB best\u00e4tigen. Hotelbuchung durch Klick auf buchen best\u00e4tigen. Nun bekommen Sie eine Best\u00e4tigung Ihrer Buchung per E-mail zu gesendet was zu gleich Ihr Hotelticket beinhaltet und Sie bei der Anreise vorlegen.<\/p>\n<p>Um f\u00fcr eine Urlaubsregion alle Angebote auf einen Blick zu erhalten immer \u00dcberbegriff Ausw\u00e4hlen.\n<\/p>\n<div class=\"tabbertab\">\n<h3>.<\/h3>\n<p><p><font size=\"1\" color=\"#f4eeee\"><br \/>\n<marquee><b>Reiseangebote: 1 Tag, 2 Tage, 3 Tage, 4 Tage, 5 Tage, 6 Tage, 7 Tage, 8 Tage, 9 Tage, 10 Tage, 11 Tage, 12 Tage, 13 Tage, 14 Tage, 15 Tage, 16 Tage, 17 Tage, 18 Tage, 19 Tage, 20 Tage, 21 Tage, 1 Woche, 2 Wochen, 3 Wochen, 4 Wochen, Sterne, Hotels, Reisen unter 100 unter 200 unter 300 unter 400 unter 500 Euro 600 unter 700 unter 800, 900, 1000, 1100, bis 1200, bis 1300, bis 1400, bis 1500, bis 1600, bis 1700, bis 1800, bis 1900, bis 2000, bis 2100, bis 2200, bis 2300, bis 2400, bis 2500, bis 2600, bis 2700 Pro Person <\/b><\/marquee><\/font> <\/p>\n<\/p>\n<p><b><i>Hamburg K\u00f6ln Dortmund Essen NRW Kaiserslautern Saarbr\u00fccken Karlsruhe N\u00fcrnberg M\u00fcnchen Dresden Sachsen Erfurt Weimar Oberhof B\u00f6hmen Toskana Norwegen<\/i><\/b><br \/>\n\n<\/p>\n<\/p><\/div>\n<\/p><\/div>\n","protected":false},"excerpt":{"rendered":"<p>Pauschal Hotelangebote G\u00fcnstige Hotels f\u00fcr Selbstanreiser in Deutschland, \u00d6sterreich, Schweiz, Frankreich, Italien, Kroatien, Spanien, Kroatien, Bulgarien, Deutschland, Adria, Costa Brava, Gardasee usw.. Fahren Sie mit dem Auto oder Bahn selbst an Ihr Urlaubsziel Pauschalangebote Hotel Pension. Pauschalhotel g\u00fcnstige Reiseangebote Info &hellip; <a href=\"https:\/\/reisen-travel.com\/reise-angebote\/eigene-anreise\/\">Weiterlesen <span class=\"meta-nav\">&rarr;<\/span><\/a><\/p>\n","protected":false},"author":1,"featured_media":0,"parent":0,"menu_order":1020,"comment_status":"closed","ping_status":"open","template":"","meta":{"footnotes":""},"class_list":["post-7540","page","type-page","status-publish","hentry"],"_links":{"self":[{"href":"https:\/\/reisen-travel.com\/reise-angebote\/wp-json\/wp\/v2\/pages\/7540","targetHints":{"allow":["GET"]}}],"collection":[{"href":"https:\/\/reisen-travel.com\/reise-angebote\/wp-json\/wp\/v2\/pages"}],"about":[{"href":"https:\/\/reisen-travel.com\/reise-angebote\/wp-json\/wp\/v2\/types\/page"}],"author":[{"embeddable":true,"href":"https:\/\/reisen-travel.com\/reise-angebote\/wp-json\/wp\/v2\/users\/1"}],"replies":[{"embeddable":true,"href":"https:\/\/reisen-travel.com\/reise-angebote\/wp-json\/wp\/v2\/comments?post=7540"}],"version-history":[{"count":12,"href":"https:\/\/reisen-travel.com\/reise-angebote\/wp-json\/wp\/v2\/pages\/7540\/revisions"}],"predecessor-version":[{"id":11943,"href":"https:\/\/reisen-travel.com\/reise-angebote\/wp-json\/wp\/v2\/pages\/7540\/revisions\/11943"}],"wp:attachment":[{"href":"https:\/\/reisen-travel.com\/reise-angebote\/wp-json\/wp\/v2\/media?parent=7540"}],"curies":[{"name":"wp","href":"https:\/\/api.w.org\/{rel}","templated":true}]}}