{"id":7536,"date":"2013-05-02T20:16:45","date_gmt":"2013-05-02T18:16:45","guid":{"rendered":"https:\/\/reisen-travel.com\/reise-angebote\/?page_id=2005"},"modified":"2023-05-10T20:29:30","modified_gmt":"2023-05-10T18:29:30","slug":"bayerischen-wald","status":"publish","type":"page","link":"https:\/\/reisen-travel.com\/reise-angebote\/pauschalreisen\/deutschland\/bayerischen-wald\/","title":{"rendered":"Bayerischen Wald"},"content":{"rendered":"<h3>Pauschalreise Bayerischer Wald Urlaub g\u00fcnstig buchen<\/h3>\n<div class=\"tabber\">\n<div class=\"tabbertab\">\n<h3>Eigene Anreise<\/h3>\n<p><tbe page=\"hotel\" param-pid=\"A-29203-0\" param-cntry=\"3003\" param-rgn=\"3837\" param-ddate=\"3\" param-rdate=\"90\" param-dur=\"7\" param-ngn=\"hotel\"><\/p>\n<div class=\"tbe-loading\"><\/div>\n<p><\/tbe>\n<\/div>\n<div class=\"tabbertab\">\n<h3>Pauschal mit Flug<\/h3>\n<p><iframe loading=\"lazy\" id=\"tbeIFrame\" src=\"https:\/\/tbe.travelsystem.de\/index.html#\/region?ngn=package&#038;pid=A-29203-0&#038;cntry=3003&#038;rgn=&#038;cty=&#038;giata=&#038;iff=\" width=\"100%\" height=\"4500\"><\/iframe>\n<\/div>\n<div class=\"tabbertab\">\n<h3>Hotelsuche<\/h3>\n<div\n  data-skyscanner-widget=\"HotelSearchWidget\"\n  data-locale=\"de-DE\"\n  data-market=\"DE\"\n  data-currency=\"EUR\"\n  data-media-partner-id=\"2891447\"\n  data-powered-by-logo-colour=\"light\"\n><\/div>\n<p><script src=\"https:\/\/widgets.skyscanner.net\/widget-server\/js\/loader.js\" async><\/script>\n<\/div>\n<div class=\"tabbertab\">\n<h3>Charterflug<\/h3>\n<p><iframe loading=\"lazy\" id=\"tbeIFrame\" src=\"https:\/\/tbe.travelsystem.de\/index.html#\/region?ngn=flight&#038;pid=A-29203-0&#038;cntry=&#038;rgn=&#038;cty=&#038;ddate=7&#038;rdate=150&#038;dur=7&#038;giata=&#038;iff=\" width=\"100%\" height=\"4500\"><\/iframe><br \/>\n<strong>Charterflug<\/strong>\n<\/div>\n<div class=\"tabbertab\">\n<h3>Flugticket<\/h3>\nOnly admnistrator owned posts can execute the <code>[includeme]<\/code> shortcode. <strong>This message is shown only to administrators<\/strong>.\n<div class=\"tabbertab\">\n<h3>Wetter<\/h3>\n<table border=\"0\">\n<tr>\n<th align=\"left\" valign=\"top\" width=\"200\" height=\"75\">\n<a href=\"https:\/\/www.weatheronline.co.uk\/cgi-bin\/homecif?WMO=x4327&#038;L=en&#038;WIDTH=180&#038;HEIGHT=150&#038;CLOUD=1&#038;V=2\" target=\"Angebote\" id=\"myfavorite\" rel=\"noopener noreferrer\"><\/p>\n<h4>Bodenmais Zellertal<\/h4>\n<p><\/a><\/p>\n<hr>\n<p><br clear=all><\/p>\n<\/th>\n<th align=\"center\" valign=\"top\" width=\"200\"> <center>Wettervorhersage<\/center><br \/>\n <br \/><iframe loading=\"lazy\" width=\"300\" height=\"300\" src=\"https:\/\/www.weatheronline.co.uk\/cgi-bin\/homecif?WMO=x4327&#038;L=en&#038;WIDTH=180&#038;HEIGHT=150&#038;CLOUD=1&#038;V=2\" name=\"Wetter Bodenmais\" scrolling=\"auto\"><\/iframe>\n<\/th>\n<th align=\"right\"  valign=\"top\" width=\"0\"><\/th>\n<\/tr>\n<\/tr>\n<\/table>\n<\/div>\n<div class=\"tabbertab\">\n<h3>Karte<\/h3>\n<div class=\"su-gmap su-u-responsive-media-yes\"><iframe loading=\"lazy\" width=\"500\" height=\"400\" src=\"\/\/maps.google.com\/maps?q=Bodenmais&amp;output=embed\" title=\"\"><\/iframe><\/div><\/div>\n<\/div>\n<div class=\"tabber\">\n<div class=\"tabbertab\">\n<h3>Info<\/h3>\n<a href=\"https:\/\/reisen-travel.com\/reise-angebote\/pauschalreisen\/deutschland\/\" class=\"su-button su-button-style-3d\" style=\"color:#FFFFFF;background-color:#2fb4c5;border-color:#26909e;border-radius:5px\" target=\"_self\"><span style=\"color:#FFFFFF;padding:0px 16px;font-size:13px;line-height:26px;border-color:#6ecbd7;border-radius:5px;text-shadow:none\"> Deutschland<\/span><\/a> <a href=\"https:\/\/reisen-travel.com\/reise-angebote\/pauschalreisen\/deutschland\/ostsee\/\" class=\"su-button su-button-style-3d\" style=\"color:#FFFFFF;background-color:#f67b46;border-color:#c56338;border-radius:5px\" target=\"_self\"><span style=\"color:#FFFFFF;padding:0px 16px;font-size:13px;line-height:26px;border-color:#f9a37e;border-radius:5px;text-shadow:none\"> Ostsee<\/span><\/a> <a href=\"https:\/\/reisen-travel.com\/reise-angebote\/pauschalreisen\/deutschland\/nordsee\/\" class=\"su-button su-button-style-3d\" style=\"color:#FFFFFF;background-color:#2fb4c5;border-color:#26909e;border-radius:5px\" target=\"_self\"><span style=\"color:#FFFFFF;padding:0px 16px;font-size:13px;line-height:26px;border-color:#6ecbd7;border-radius:5px;text-shadow:none\"> Nordsee<\/span><\/a> <a href=\"https:\/\/reisen-travel.com\/reise-angebote\/pauschalreisen\/deutschland\/berlin\/\" class=\"su-button su-button-style-3d\" style=\"color:#FFFFFF;background-color:#f67b46;border-color:#c56338;border-radius:5px\" target=\"_self\"><span style=\"color:#FFFFFF;padding:0px 16px;font-size:13px;line-height:26px;border-color:#f9a37e;border-radius:5px;text-shadow:none\"> Berlin<\/span><\/a> <a href=\"https:\/\/reisen-travel.com\/reise-angebote\/pauschalreisen\/deutschland\/bayerischen-wald\/bodenmais\/\" class=\"su-button su-button-style-3d\" style=\"color:#FFFFFF;background-color:#2fb4c5;border-color:#26909e;border-radius:5px\" target=\"_self\"><span style=\"color:#FFFFFF;padding:0px 16px;font-size:13px;line-height:26px;border-color:#6ecbd7;border-radius:5px;text-shadow:none\"> Bodenmais<\/span><\/a> <a href=\"https:\/\/reisen-travel.com\/reise-angebote\/pauschalreisen\/deutschland\/schwarzwald\/\" class=\"su-button su-button-style-3d\" style=\"color:#FFFFFF;background-color:#f67b46;border-color:#c56338;border-radius:5px\" target=\"_self\"><span style=\"color:#FFFFFF;padding:0px 16px;font-size:13px;line-height:26px;border-color:#f9a37e;border-radius:5px;text-shadow:none\"> Schwarzwald<\/span><\/a>\n<\/div>\n<div class=\"tabbertab\">\n<h3>.<\/h3>\n<p><center><\/p>\n<h3>Billige Reiseangebote Arber Arnbruck Achslach Aicha vorm Wald Arnschwang Arrach Bad F\u00fcssing Bad Griesbach B\u00e4rnau Bayerisch Eisenstein Beratzhausen Bernried Bischofsmais Bodenmais Bogen Breitenberg Bruck B\u00fcchlberg Cham Cerna v. Posumavi Nova Pec Nyrsko Volary Zdikov Dietersburg Drachselsried Eging am See Eppenschlag Eschlkam Etzelwang Falkenfels Falkenstein Frauenau Freudenberg Freyung F\u00fcrstenstein Furth im Wald Geiersthal Glei\u00dfenberg Gotteszell Grafenau Grafenwiesen Grafling Grainet Gro\u00dfgundertshausen Haibach Haidm\u00fchle-Bischofsreut Haselbach Hauzenberg Hebertsfelden Hengersberg Hinterschmiding Hohenau Hohenwarth Hutthurm Innernzell Kastl Kellberg Kirchberg i.W., Kirchdorf Kollnburg Konzell K\u00f6tzting Lalling Lam Langdorf Lindberg Lohberg M\u00e4hring Mauth Miltach Neukirchen b. Hl. Blut Neukirchen beim Heiligen Blut Neukirchen bei St. Englmar Neukirchen v.W. Neukirchen vorm Wald, Neunburg v. W. Neunburg vorm Wald Neureichenau Neusch\u00f6nau Neustadt\/WN Neustadt an der Waldnab Nittenau Obernzell Offenberg Passau Patersdorf Perlesreut Pfarrkirchen Philippsreut Pilgramsberg Ploessberg Pullenreuth Rattenberg Regen Rimbach Rinchnach Ringelai R\u00f6hrnbach R\u00f6tz Ruderting Ruhmannsfelden Saldenburg Salzweg Schmidgaden Sch\u00f6fweg Sch\u00f6llnach Sch\u00f6nberg Sch\u00f6nthal Schwarzach Sonnen Spiegelau St.Englmar Sankt Englmar St. Oswald Sankt Oswald Stamsried Tann Teisnach Thurmansbang Tiefenbach Tiefenbach\/Obpf. Tirschenreuth Tittling Treffelstein Untergriesbach Viechtach Vohenstrau\u00df Walderbach Waldershof Waldkirchen Waldm\u00fcnchen Wegscheid Weiding Wiesau Windischeschenbach Windorf Zachenberg Zandt Zenting Zwiesel im 1 2 3 4 5 Sterne Hotels mit Fr\u00fchst\u00fcck Halbpension All-inclusive Angebote Hotel Bayerischer Wald.<\/h3>\n<p><br\/ ><br\/ ><br \/>\n<strong><em>last-minute Pauschalreise Bayerischer Wald billig buchen 1 2 3 4 5 Sterne Hotel<\/em><\/strong><\/p>\n<p><font size=\"1\" color=\"#f4eeee\"><br \/>\n<marquee><b>Angebote: 1 Tag, 2 Tage, 3 Tage, 4 Tage, 5 Tage, 6 Tage, 7 Tage, 8 Tage, 9 Tage, 10 Tage, 11 Tage, 12 Tage, 13 Tage, 14 Tage, 15 Tage, 16 Tage, 17 Tage, 18 Tage, 19 Tage, 20 Tage, 21 Tage, 1 Woche, 2 Wochen, 3 Wochen, 4 Wochen, Reise unter 100 unter 200 unter 300 unter 400 unter 500 Euro 600 unter 700 unter 800, 900, 1000, 1100, bis 1200, bis 1300, bis 1400, bis 1500, bis 1600, bis 1700, bis 1800, bis 1900, bis 2000, bis 2100, bis 2200, bis 2300, bis 2400, bis 2500, bis 2600, bis 2700 Pro Person <\/b><\/marquee><\/font> <\/p>\n<\/p>\n<p><\/center>\n<\/div>\n<\/div>\n","protected":false},"excerpt":{"rendered":"<p>Pauschalreise Bayerischer Wald Urlaub g\u00fcnstig buchen Eigene Anreise Pauschal mit Flug Hotelsuche Charterflug Charterflug Flugticket Wetter Bodenmais Zellertal Wettervorhersage Karte Info . Billige Reiseangebote Arber Arnbruck Achslach Aicha vorm Wald Arnschwang Arrach Bad F\u00fcssing Bad Griesbach B\u00e4rnau Bayerisch Eisenstein Beratzhausen &hellip; <a href=\"https:\/\/reisen-travel.com\/reise-angebote\/pauschalreisen\/deutschland\/bayerischen-wald\/\">Weiterlesen <span class=\"meta-nav\">&rarr;<\/span><\/a><\/p>\n","protected":false},"author":1,"featured_media":0,"parent":323,"menu_order":800,"comment_status":"closed","ping_status":"open","template":"","meta":{"footnotes":""},"class_list":["post-7536","page","type-page","status-publish","hentry"],"_links":{"self":[{"href":"https:\/\/reisen-travel.com\/reise-angebote\/wp-json\/wp\/v2\/pages\/7536","targetHints":{"allow":["GET"]}}],"collection":[{"href":"https:\/\/reisen-travel.com\/reise-angebote\/wp-json\/wp\/v2\/pages"}],"about":[{"href":"https:\/\/reisen-travel.com\/reise-angebote\/wp-json\/wp\/v2\/types\/page"}],"author":[{"embeddable":true,"href":"https:\/\/reisen-travel.com\/reise-angebote\/wp-json\/wp\/v2\/users\/1"}],"replies":[{"embeddable":true,"href":"https:\/\/reisen-travel.com\/reise-angebote\/wp-json\/wp\/v2\/comments?post=7536"}],"version-history":[{"count":7,"href":"https:\/\/reisen-travel.com\/reise-angebote\/wp-json\/wp\/v2\/pages\/7536\/revisions"}],"predecessor-version":[{"id":11902,"href":"https:\/\/reisen-travel.com\/reise-angebote\/wp-json\/wp\/v2\/pages\/7536\/revisions\/11902"}],"up":[{"embeddable":true,"href":"https:\/\/reisen-travel.com\/reise-angebote\/wp-json\/wp\/v2\/pages\/323"}],"wp:attachment":[{"href":"https:\/\/reisen-travel.com\/reise-angebote\/wp-json\/wp\/v2\/media?parent=7536"}],"curies":[{"name":"wp","href":"https:\/\/api.w.org\/{rel}","templated":true}]}}