{"id":7535,"date":"2013-04-16T15:28:41","date_gmt":"2013-04-16T13:28:41","guid":{"rendered":"https:\/\/reisen-travel.com\/reise-angebote\/?page_id=1994"},"modified":"2023-04-04T18:28:22","modified_gmt":"2023-04-04T16:28:22","slug":"bigxtra","status":"publish","type":"page","link":"https:\/\/reisen-travel.com\/reise-angebote\/reise-veranstalter\/bigxtra\/","title":{"rendered":"BigXtra"},"content":{"rendered":"<h3>Pauschalreise BigXtra Urlaub g\u00fcnstig buchen von diesem Veranstalter<\/h3>\n<div class=\"tabber\">\n<div class=\"tabbertab\">\n<h3>Pauschalangebote<\/h3>\n<p><tbe page=\"region\" param-pid=\"A-29203-0\" param-cntry=\" \" param-rgn=\" \" param-ddate=\"3\" param-rdate=\"180\" param-dur=\"7\" param-prtr=\"BIG,XBIG\" param-ngn=\"package\"><\/p>\n<div class=\"tbe-loading\"><\/div>\n<p><\/tbe>\n<\/div>\n<div class=\"tabbertab\">\n<h3>Hotels Eigene Anreise<\/h3>\n<p><iframe loading=\"lazy\" id=\"tbeIFrame\" src=\"https:\/\/tbe.travelsystem.de\/index.html#\/region?ngn=hotel&#038;pid=A-29203-0&#038;cntry=&#038;rgn=&#038;cty=&#038;giata=&#038;iff=&#038;prtr=BIG,XBIG&#038;ddate=3&#038;rdate=180\" width=\"100%\" height=\"4500\"><\/iframe><br \/>\n<strong>Pauschalhotel<\/strong>\n<\/div>\n<div class=\"tabbertab\">\n<h3>Charterflug<\/h3>\n<p><iframe loading=\"lazy\" id=\"tbeIFrame\" src=\"https:\/\/tbe.travelsystem.de\/index.html#\/region?ngn=flight&#038;pid=A-29203-0&#038;cntry=&#038;rgn=&#038;cty=&#038;prtr=BIG,XBIG&#038;ddate=3&#038;rdate=180&#038;dur=7&#038;giata=&#038;iff=\" width=\"100%\" height=\"4500\"><\/iframe><br \/>\n<strong>Charterflug<\/strong>\n<\/div>\n<\/div>\n<p><center><\/p>\n<h3>Billige Reiseangebote Balearen Ibiza Mallorca Kanaren El Hierro Fuerteventura Gran Canaria La Gomera Lanzarote La Palma Teneriffa Spanien Festland Andalusien Costa de Almer\u00eda Costa de la Luz Costa del Sol Portugal Algarve T\u00fcrkei Bodrum Istanbul T\u00fcrkische Riviera Griechenland Griechische Inseln Ionische Inseln Korfu Kos Kreta Kykladen Mykonos Rhodos Zakynthos \u00c4gypten Hurghada Safaga Marsa Al\u00e2m Rotes Meer Sinai Nilkreuzfahrten Nilkombis Tunesien Hammamet Djerba Monastir Tunis Marokko Malta Gozo Comino Bulgarien Goldstrand Sonnenstrand Zypern USA Karibik Strand 1 2 3 4 5 Sterne Hotels mit Fr\u00fchst\u00fcck Halbpension All-inclusive &#8211; Mittelmeer Kreuzfahrt \u00c4g\u00e4is <\/h3>\n<p><br\/ ><br\/ ><br \/>\n<strong><em>last-minute Pauschalreise BigXtra billig buchen 1 2 3 4 5 Sterne Hotel Flug<\/em><\/strong><br \/>\n<\/center><\/p>\n<div class=\"tabber\">\n<div class=\"tabbertab\">\n<h3>Info<\/h3>\n<\/div>\n<div class=\"tabbertab\">\n<h3>Wetter<\/h3>\n<table border=\"1\">\n<tr>\n<th align=\"left\" valign=\"top\" width=\"200\" height=\"75\">\n<a href=\"https:\/\/www.weatheronline.co.uk\/cgi-bin\/homecif?WMO=10865&#038;L=en&#038;WIDTH=180&#038;HEIGHT=150&#038;CLOUD=1&#038;V=2\" target=\"Angebote\" id=\"myfavorite\" rel=\"noopener\"><\/p>\n<h4>Wetter<\/h4>\n<p><\/a><\/p>\n<hr \/>\n<p><br clear=all><\/p>\n<\/th>\n<th align=\"center\" valign=\"top\" width=\"200\"> <center><\/p>\n<h5>Wettervorhersage<\/h5>\n<p><\/center><\/p>\n<p><iframe loading=\"lazy\" frameborder=\"0\" width=\"300\" height=\"300\" src=\"https:\/\/www.weatheronline.co.uk\/cgi-bin\/homecif?WMO=10865&#038;L=en&#038;WIDTH=180&#038;HEIGHT=150&#038;CLOUD=1&#038;V=2\" name=\"Angebote\" scrolling=\"auto\"><\/iframe>\n<\/th>\n<th align=\"right\"  valign=\"top\" width=\"0\"><\/th>\n<\/tr>\n<\/tr>\n<\/table>\n<\/div>\n<div class=\"tabbertab\">\n<h3> <\/h3>\n<p><font size=\"1\" color=\"#f4eeee\"><br \/>\n<marquee><b>Angebote: 1 Tag, 2 Tage, 3 Tage, 4 Tage, 5 Tage, 6 Tage, 7 Tage, 8 Tage, 9 Tage, 10 Tage, 11 Tage, 12 Tage, 13 Tage, 14 Tage, 15 Tage, 16 Tage, 17 Tage, 18 Tage, 19 Tage, 20 Tage, 21 Tage, 1 Woche, 2 Wochen, 3 Wochen, 4 Wochen, Reise unter 100 unter 200 unter 300 unter 400 unter 500 Euro 600 unter 700 unter 800, 900, 1000, 1100, bis 1200, bis 1300, bis 1400, bis 1500, bis 1600, bis 1700, bis 1800, bis 1900, bis 2000, bis 2100, bis 2200, bis 2300, bis 2400, bis 2500, bis 2600, bis 2700 Pro Person <\/b><\/marquee><\/font> <\/p>\n<\/p>\n<\/div>\n<\/div>\n","protected":false},"excerpt":{"rendered":"<p>Pauschalreise BigXtra Urlaub g\u00fcnstig buchen von diesem Veranstalter Pauschalangebote Hotels Eigene Anreise Pauschalhotel Charterflug Charterflug Billige Reiseangebote Balearen Ibiza Mallorca Kanaren El Hierro Fuerteventura Gran Canaria La Gomera Lanzarote La Palma Teneriffa Spanien Festland Andalusien Costa de Almer\u00eda Costa de &hellip; <a href=\"https:\/\/reisen-travel.com\/reise-angebote\/reise-veranstalter\/bigxtra\/\">Weiterlesen <span class=\"meta-nav\">&rarr;<\/span><\/a><\/p>\n","protected":false},"author":1,"featured_media":0,"parent":7526,"menu_order":517,"comment_status":"closed","ping_status":"open","template":"sidebar-page.php","meta":{"footnotes":""},"class_list":["post-7535","page","type-page","status-publish","hentry"],"_links":{"self":[{"href":"https:\/\/reisen-travel.com\/reise-angebote\/wp-json\/wp\/v2\/pages\/7535","targetHints":{"allow":["GET"]}}],"collection":[{"href":"https:\/\/reisen-travel.com\/reise-angebote\/wp-json\/wp\/v2\/pages"}],"about":[{"href":"https:\/\/reisen-travel.com\/reise-angebote\/wp-json\/wp\/v2\/types\/page"}],"author":[{"embeddable":true,"href":"https:\/\/reisen-travel.com\/reise-angebote\/wp-json\/wp\/v2\/users\/1"}],"replies":[{"embeddable":true,"href":"https:\/\/reisen-travel.com\/reise-angebote\/wp-json\/wp\/v2\/comments?post=7535"}],"version-history":[{"count":5,"href":"https:\/\/reisen-travel.com\/reise-angebote\/wp-json\/wp\/v2\/pages\/7535\/revisions"}],"predecessor-version":[{"id":11875,"href":"https:\/\/reisen-travel.com\/reise-angebote\/wp-json\/wp\/v2\/pages\/7535\/revisions\/11875"}],"up":[{"embeddable":true,"href":"https:\/\/reisen-travel.com\/reise-angebote\/wp-json\/wp\/v2\/pages\/7526"}],"wp:attachment":[{"href":"https:\/\/reisen-travel.com\/reise-angebote\/wp-json\/wp\/v2\/media?parent=7535"}],"curies":[{"name":"wp","href":"https:\/\/api.w.org\/{rel}","templated":true}]}}