{"id":467,"date":"2009-08-24T20:46:27","date_gmt":"2009-08-24T18:46:27","guid":{"rendered":"https:\/\/reisen-travel.com\/reise-angebote\/?page_id=467"},"modified":"2019-07-31T00:10:42","modified_gmt":"2019-07-30T22:10:42","slug":"mietwagen","status":"publish","type":"page","link":"https:\/\/reisen-travel.com\/reise-angebote\/main\/mietwagen\/","title":{"rendered":"Mietwagen"},"content":{"rendered":"<h3>Preisvergleich Mietwagen billige Autovermietung f\u00fcr Ihr Reiseangebot in den Urlaub<\/h3>\n<p><iframe loading=\"lazy\" width=\"100%\" height=\"4000\" src=\"https:\/\/partner.sunnycars.de\/?ak=183207&#038;ar=A-29203-0&#038;prid=1399\" scrolling=\"auto\"><\/iframe><\/p>\n<h4>g\u00fcnstigen Wagen Mieten<\/h4>\n<\/div>\n<p>im Inland und Ausland das geht ganz einfach, geben Sie das Land und die Stadt sowie die dauer f\u00fcr wie lange Sie das Fahrzeug ben\u00f6tigen in die Suchmaske ein, jetzt nur noch Anfrage senden anklicken und es werden Ihnen die verf\u00fcgbaren Wagen sowie Preise der verschiedenen Autovermietungen f\u00fcr die gew\u00e4hlte Region weltweit angezeigt. Wenn Sie sich f\u00fcr ein Auto entschieden haben das Ihren Preisvorstellungen entspricht auf Anbieter anklicken und das sich im neuem Fenster \u00f6ffnente Formular ausf\u00fcllen &#8211; AGB Ihr H\u00e4ckchen machen &#8211; buchen anklicken und fertig.<a href=\"https:\/\/reisen-travel.com\/reise-angebote\/pauschalreisen\/\" title=\"g\u00fcnstige Pauschalreisen\">g\u00fcnstige Pauschalreisen<\/a><\/span><\/p>\n","protected":false},"excerpt":{"rendered":"<p>Preisvergleich Mietwagen billige Autovermietung f\u00fcr Ihr Reiseangebot in den Urlaub g\u00fcnstigen Wagen Mieten im Inland und Ausland das geht ganz einfach, geben Sie das Land und die Stadt sowie die dauer f\u00fcr wie lange Sie das Fahrzeug ben\u00f6tigen in die &hellip; <a href=\"https:\/\/reisen-travel.com\/reise-angebote\/main\/mietwagen\/\">Weiterlesen <span class=\"meta-nav\">&rarr;<\/span><\/a><\/p>\n","protected":false},"author":1,"featured_media":0,"parent":38,"menu_order":5,"comment_status":"closed","ping_status":"open","template":"sidebar-page.php","meta":{"footnotes":""},"class_list":["post-467","page","type-page","status-publish","hentry"],"_links":{"self":[{"href":"https:\/\/reisen-travel.com\/reise-angebote\/wp-json\/wp\/v2\/pages\/467","targetHints":{"allow":["GET"]}}],"collection":[{"href":"https:\/\/reisen-travel.com\/reise-angebote\/wp-json\/wp\/v2\/pages"}],"about":[{"href":"https:\/\/reisen-travel.com\/reise-angebote\/wp-json\/wp\/v2\/types\/page"}],"author":[{"embeddable":true,"href":"https:\/\/reisen-travel.com\/reise-angebote\/wp-json\/wp\/v2\/users\/1"}],"replies":[{"embeddable":true,"href":"https:\/\/reisen-travel.com\/reise-angebote\/wp-json\/wp\/v2\/comments?post=467"}],"version-history":[{"count":29,"href":"https:\/\/reisen-travel.com\/reise-angebote\/wp-json\/wp\/v2\/pages\/467\/revisions"}],"predecessor-version":[{"id":10628,"href":"https:\/\/reisen-travel.com\/reise-angebote\/wp-json\/wp\/v2\/pages\/467\/revisions\/10628"}],"up":[{"embeddable":true,"href":"https:\/\/reisen-travel.com\/reise-angebote\/wp-json\/wp\/v2\/pages\/38"}],"wp:attachment":[{"href":"https:\/\/reisen-travel.com\/reise-angebote\/wp-json\/wp\/v2\/media?parent=467"}],"curies":[{"name":"wp","href":"https:\/\/api.w.org\/{rel}","templated":true}]}}