{"id":46,"date":"2009-11-20T15:02:05","date_gmt":"2009-11-20T13:02:05","guid":{"rendered":"https:\/\/reisen-travel.com\/reise-angebote\/?page_id=46"},"modified":"2023-09-18T18:42:20","modified_gmt":"2023-09-18T16:42:20","slug":"last-minute-reisen","status":"publish","type":"page","link":"https:\/\/reisen-travel.com\/reise-angebote\/last-minute-reisen\/","title":{"rendered":"Last-Minute Reise"},"content":{"rendered":"<h3>Last-minute Reise-Angebote g\u00fcnstig buchen Abreise in den n\u00e4chsten 8 Wochen<\/h3>\n<div class=\"tabber\">\n<div class=\"tabbertab\">\n<h3>Pauschalangebote mit Flug<\/h3>\n<p><tbe page=\"region\" param-pid=\"A-29203-0\" param-cntry=\" \" param-rgn=\" \" param-ddate=\"3\" param-rdate=\"90\" param-dur=\"7\" param-ngn=\"package\"><\/p>\n<div class=\"tbe-loading\"><\/div>\n<p><\/tbe>\n<\/div>\n<div class=\"tabbertab\">\n<h3>Eigene Anreise<\/h3>\n<p><iframe loading=\"lazy\" id=\"tbeIFrame\" src=\"https:\/\/tbe.travelsystem.de\/index.html#\/region?ngn=hotel&#038;pid=A-29203-0&#038;cntry=&#038;rgn=&#038;cty=&#038;giata=&#038;iff=\" width=\"100%\" height=\"4500\"><\/iframe><br \/>\n<strong>Pauschalhotel<\/strong>\n<\/div>\n<div class=\"tabbertab\">\n<h3>Charterflug<\/h3>\n<p><iframe loading=\"lazy\" id=\"tbeIFrame\" src=\"https:\/\/tbe.travelsystem.de\/index.html#\/region?ngn=flight&#038;pid=A-29203-0&#038;cntry=&#038;rgn=&#038;cty=&#038;ddate=7&#038;rdate=150&#038;dur=7&#038;giata=&#038;iff=\" width=\"100%\" height=\"4500\"><\/iframe><br \/>\n<strong>Charterflug<\/strong>\n<\/div>\n<div class=\"tabbertab\">\n<h3>Hotelsuche<\/h3>\n<div\n  data-skyscanner-widget=\"HotelSearchWidget\"\n  data-locale=\"de-DE\"\n  data-market=\"DE\"\n  data-currency=\"EUR\"\n  data-media-partner-id=\"2891447\"\n  data-powered-by-logo-colour=\"light\"\n><\/div>\n<p><script src=\"https:\/\/widgets.skyscanner.net\/widget-server\/js\/loader.js\" async><\/script>\n<\/div>\n<div class=\"tabbertab\">\n<h3>Flugticket<\/h3>\nOnly admnistrator owned posts can execute the <code>[includeme]<\/code> shortcode. <strong>This message is shown only to administrators<\/strong>.<\/div>\n<\/div>\n<div class=\"tabber\">\n<div class=\"tabbertab\">\n<h3>Info<\/h3>\n<\/div>\n<div class=\"tabbertab\">\n<h3>Wetter<\/h3>\n<table border=\"0\">\n<tr>\n<th align=\"left\" valign=\"top\" width=\"200\" height=\"75\">\n<a href=\"https:\/\/www.weatheronline.co.uk\/cgi-bin\/homecif?WMO=08306&#038;L=en&#038;WIDTH=180&#038;HEIGHT=150&#038;CLOUD=1&#038;V=2\" target=\"Angebote\" id=\"myfavorite\" rel=\"noopener noreferrer\"><\/p>\n<h4>Wetter<\/h4>\n<p><\/a><\/p>\n<hr \/>\n<p><br clear=all><\/p>\n<\/th>\n<th align=\"center\" valign=\"top\" width=\"200\"> <center><\/p>\n<h5>Wettervorhersage<\/h5>\n<p><\/center><\/p>\n<p><iframe loading=\"lazy\" frameborder=\"0\" width=\"300\" height=\"300\" src=\"https:\/\/www.weatheronline.co.uk\/cgi-bin\/homecif?WMO=08306&#038;L=en&#038;WIDTH=180&#038;HEIGHT=150&#038;CLOUD=1&#038;V=2\" name=\"Angebote\" scrolling=\"auto\"><\/iframe>\n<\/th>\n<th align=\"right\"  valign=\"top\" width=\"0\"><\/th>\n<\/tr>\n<\/tr>\n<\/table>\n<\/div>\n<div class=\"tabbertab\">\n<h3>Karte<\/h3>\n<div class=\"su-gmap su-u-responsive-media-yes\"><iframe loading=\"lazy\" width=\"600\" height=\"400\" src=\"\/\/maps.google.com\/maps?q=Europa&amp;output=embed\" title=\"\"><\/iframe><\/div>\n<p><font size=\"1\" color=\"#f4eeee\"><br \/>\n<marquee><b>Angebote: 1 Tag, 2 Tage, 3 Tage, 4 Tage, 5 Tage, 6 Tage, 7 Tage, 8 Tage, 9 Tage, 10 Tage, 11 Tage, 12 Tage, 13 Tage, 14 Tage, 15 Tage, 16 Tage, 17 Tage, 18 Tage, 19 Tage, 20 Tage, 21 Tage, 1 Woche, 2 Wochen, 3 Wochen, 4 Wochen, Reise unter 100 unter 200 unter 300 unter 400 unter 500 Euro 600 unter 700 unter 800, 900, 1000, 1100, bis 1200, bis 1300, bis 1400, bis 1500, bis 1600, bis 1700, bis 1800, bis 1900, bis 2000, bis 2100, bis 2200, bis 2300, bis 2400, bis 2500, bis 2600, bis 2700 Pro Person <\/b><\/marquee><\/font> <\/p>\n<\/p>\n<p><center><\/p>\n<h2>Reisen lastminute Urlaub last-minute Hotels<\/h2>\n<p><\/center><\/p>\n<table border=\"3\" frame=\"void\">\n<tr>\n<td><b>last-minute<\/b><\/td>\n<td><b>last-minute<\/b><\/td>\n<td><b>last-minute<\/b><\/td>\n<td><b>last-minute<\/b><\/td>\n<\/tr>\n<tr>\n<td>\u00c4gypten<\/p>\n<hr>\n<p>\u00c4quatorialguinea<\/p>\n<hr>\n<p>\u00c4thiopien<\/p>\n<hr>\n<p>Afghanistan<\/p>\n<hr>\n<p>Albanien<\/p>\n<hr>\n<p>Algerien<\/p>\n<hr>\n<p>Andorra<\/p>\n<hr>\n<p>Angola<\/p>\n<hr>\n<p>Antigua und Barbuda<\/p>\n<hr>\n<p>Argentinien<\/p>\n<hr>\n<p>Armenien<\/p>\n<hr>\n<p>Aserbaidschan<\/p>\n<hr>\n<p>Australien<\/p>\n<hr>\n<\/td>\n<td>Bahamas<\/p>\n<hr>\n<p>Bahrain<\/p>\n<hr>\n<p>Bangladesch<\/p>\n<hr>\n<p>Barbados<\/p>\n<hr>\n<p>Belgien<\/p>\n<hr>\n<p>Belize<\/p>\n<hr>\n<p>Benin<\/p>\n<hr>\n<p>Bhutan<\/p>\n<hr>\n<p>Bolivien<\/p>\n<hr>\n<p>Bosnien und Herzegowina<\/p>\n<hr>\n<p>Botsuana<\/p>\n<hr>\n<p>Brasilien<\/p>\n<hr>\n<p>Brunei<\/p>\n<hr>\n<p>Bulgarien<\/p>\n<hr>\n<p>Burkina Faso<\/p>\n<hr>\n<p>Burundi<\/td>\n<td>Chile<\/p>\n<hr>\n<p>China<\/p>\n<hr>\n<p>Costa Rica<\/p>\n<hr>\n<\/td>\n<td>D\u00e4nemark<\/p>\n<hr>\n<p>Deutschland<\/p>\n<hr>\n<p>Dominica<\/p>\n<hr>\n<p>Dominikanische Republik<\/p>\n<hr>\n<p>Dschibuti<\/td>\n<\/tr>\n<tr>\n<td>Ecuador<\/p>\n<hr>\n<p>El Salvador<\/p>\n<hr>\n<p>Elfenbeink\u00fcste<\/p>\n<hr>\n<p>Eritrea<\/p>\n<hr>\n<p>Estland<\/td>\n<td>Fidschi<\/p>\n<hr>\n<p>Finnland<\/p>\n<hr>\n<p>Frankreich<\/td>\n<td>Gabun<\/p>\n<hr>\n<p>Gambia<\/p>\n<hr>\n<p>Georgien<\/p>\n<hr>\n<p>Ghana<\/p>\n<hr>\n<p>Grenada<\/p>\n<hr>\n<p>Griechenland<\/p>\n<hr>\n<p>Gro\u00dfbritannien<\/p>\n<hr>\n<p>Guatemala<\/p>\n<hr>\n<p>Guinea<\/p>\n<hr>\n<p>Guinea-Bissau<\/p>\n<hr>\n<p>Guyana<\/td>\n<td>Haiti<\/p>\n<hr>\n<p>Honduras<\/td>\n<\/tr>\n<tr>\n<td>Indien<\/p>\n<hr>\n<p>Indonesien<\/p>\n<hr>\n<p>Irak<\/p>\n<hr>\n<p>Iran<\/p>\n<hr>\n<p>Irland<\/p>\n<hr>\n<p>Island<\/p>\n<hr>\n<p>Israel<\/p>\n<hr>\n<p>Italien<\/td>\n<td>Jamaika<\/p>\n<hr>\n<p>Japan<\/p>\n<hr>\n<p>Jemen<\/p>\n<hr>\n<p>Jordanien\n<\/td>\n<td>Kambodscha<\/p>\n<hr>\n<p>Kamerun<\/p>\n<hr>\n<p>Kanada<\/p>\n<hr>\n<p>Kap Verde<\/p>\n<hr>\n<p>Kasachstan<\/p>\n<hr>\n<p>Katar<\/p>\n<hr>\n<p>Kenia<\/p>\n<hr>\n<p>Kirgistan<\/p>\n<hr>\n<p>Kiribati<\/p>\n<hr>\n<p>Kolumbien<\/p>\n<hr>\n<p>Komoren<\/p>\n<hr>\n<p>Kongo<\/p>\n<hr>\n<p>Kroatien<\/p>\n<hr>\n<p>Kuba<\/p>\n<hr>\n<p>Kuwait<\/td>\n<td>Laos<\/p>\n<hr>\n<p>Lesotho<\/p>\n<hr>\n<p>Lettland<\/p>\n<hr>\n<p>Libanon<\/p>\n<hr>\n<p>Liberia<\/p>\n<hr>\n<p>Libyen<\/p>\n<hr>\n<p>Liechtenstein<\/p>\n<hr>\n<p>Litauen<\/p>\n<hr>\n<p>Luxemburg<\/td>\n<\/tr>\n<tr>\n<td>Madagaskar<\/p>\n<hr>\n<p>Malawi<\/p>\n<hr>\n<p>Malaysia<\/p>\n<hr>\n<p>Malediven<\/p>\n<hr>\n<p>Mali<\/p>\n<hr>\n<p>Malta<\/p>\n<hr>\n<p>Marokko<\/p>\n<hr>\n<p>Marshallinseln<\/p>\n<hr>\n<p>Mauretanien<\/p>\n<hr>\n<p>Mauritius<\/p>\n<hr>\n<p>Mazedonien<\/p>\n<hr>\n<p>Mexiko<\/p>\n<hr>\n<p>Mikronesien<\/p>\n<hr>\n<p>Moldawien<\/p>\n<hr>\n<p>Monaco<\/p>\n<hr>\n<p>Mongolei<\/p>\n<hr>\n<p>Montenegro<\/p>\n<hr>\n<p>Mosambik<\/p>\n<hr>\n<p>Myanmar\n<\/td>\n<td>Namibia<\/p>\n<hr>\n<p>Nauru<\/p>\n<hr>\n<p>Nepal<\/p>\n<hr>\n<p>Neuseeland<\/p>\n<hr>\n<p>Nicaragua<\/p>\n<hr>\n<p>Niederlande<\/p>\n<hr>\n<p>Niger<\/p>\n<hr>\n<p>Nigeria<\/p>\n<hr>\n<p>Niue<\/p>\n<hr>\n<p>Nordkorea<\/p>\n<hr>\n<p>Norwegen\n<\/td>\n<td>\u00d6sterreich<\/p>\n<hr>\n<p>Oman<\/td>\n<td>Pakistan<\/p>\n<hr>\n<p>Palau<\/p>\n<hr>\n<p>Pal\u00e4stinensische Gebiete<\/p>\n<hr>\n<p>Panama<\/p>\n<hr>\n<p>Papua-Neuguinea<\/p>\n<hr>\n<p>Paraguay<\/p>\n<hr>\n<p>Peru<\/p>\n<hr>\n<p>Philippinen<\/p>\n<hr>\n<p>Polen<\/p>\n<hr>\n<p>Portugal\n<\/td>\n<\/tr>\n<tr>\n<td>Ruanda<\/p>\n<hr>\n<p>Rum\u00e4nien<\/p>\n<hr>\n<p>Russland<\/td>\n<td>Sahara<\/p>\n<hr>\n<p>Salomonen<\/p>\n<hr>\n<p>Sambia<\/p>\n<hr>\n<p>Samoa<\/p>\n<hr>\n<p>San Marino<\/p>\n<hr>\n<p>S\u00e3o Tom\u00e9 und Pr\u00edncipe<\/p>\n<hr>\n<p>Saudi-Arabien<\/p>\n<hr>\n<p>Schweden<\/p>\n<hr>\n<p>Schweiz<\/p>\n<hr>\n<p>Senegal<\/p>\n<hr>\n<p>Serbien<\/p>\n<hr>\n<p>Seychellen<\/p>\n<hr>\n<p>Sierra Leone<\/p>\n<hr>\n<p>Simbabwe<\/p>\n<hr>\n<p>Singapur<\/p>\n<hr>\n<p>Slowakei<\/p>\n<hr>\n<p>Slowenien<\/p>\n<hr>\n<p>Somalia<\/p>\n<hr>\n<p>Spanien<\/p>\n<hr>\n<p>Sri Lanka<\/p>\n<hr>\n<p>St. Kitts und Nevis<\/p>\n<hr>\n<p>St. Lucia<\/p>\n<hr>\n<p>St. Vincent \/ Grenadinen<\/p>\n<hr>\n<p>Sudan<\/p>\n<hr>\n<p>S\u00fcdafrika<\/p>\n<hr>\n<p>S\u00fcdkorea<\/p>\n<hr>\n<p>Suriname<\/p>\n<hr>\n<p>Swasiland<\/p>\n<hr>\n<p>Syrien<\/td>\n<td>Tadschikistan<\/p>\n<hr>\n<p>Taiwan<\/p>\n<hr>\n<p>Tansania<\/p>\n<hr>\n<p>Thailand<\/p>\n<hr>\n<p>Timor-Leste<\/p>\n<hr>\n<p>Togo<\/p>\n<hr>\n<p>Tonga<\/p>\n<hr>\n<p>Trinidad Tobago<\/p>\n<hr>\n<p>Tschad<\/p>\n<hr>\n<p>Tschechien<\/p>\n<hr>\n<p>Tunesien<\/p>\n<hr>\n<p>Turkmenistan<\/p>\n<hr>\n<p>Turks- und Caicosinseln<\/p>\n<hr>\n<p>Tuvalu<\/p>\n<hr>\n<p>T\u00fcrkei<\/td>\n<td>Uganda<\/p>\n<hr>\n<p>Ukraine<\/p>\n<hr>\n<p>Ungarn<\/p>\n<hr>\n<p>Uruguay<\/p>\n<hr>\n<p>USA<\/p>\n<hr>\n<p>Usbekistan\n<\/td>\n<\/tr>\n<tr>\n<td>Vanuatu<\/p>\n<hr>\n<p>Vatikanstadt<\/p>\n<hr>\n<p>Venezuela<\/p>\n<hr>\n<p>Vereinigte Arabische Emirate<\/p>\n<hr>\n<p>Vietnam<\/td>\n<td>Wei\u00dfrussland\n<\/td>\n<td>Zentralafrikanische Republik<\/p>\n<hr>\n<p>Zypern<\/td>\n<td>Reisel\u00e4nder<\/td>\n<\/tr>\n<\/table>\n<\/div>\n<\/div>\n","protected":false},"excerpt":{"rendered":"<p>Last-minute Reise-Angebote g\u00fcnstig buchen Abreise in den n\u00e4chsten 8 Wochen Pauschalangebote mit Flug Eigene Anreise Pauschalhotel Charterflug Charterflug Hotelsuche Flugticket Info Wetter Wetter Wettervorhersage Karte Angebote: 1 Tag, 2 Tage, 3 Tage, 4 Tage, 5 Tage, 6 Tage, 7 Tage, &hellip; <a href=\"https:\/\/reisen-travel.com\/reise-angebote\/last-minute-reisen\/\">Weiterlesen <span class=\"meta-nav\">&rarr;<\/span><\/a><\/p>\n","protected":false},"author":1,"featured_media":0,"parent":0,"menu_order":3,"comment_status":"closed","ping_status":"open","template":"","meta":{"footnotes":""},"class_list":["post-46","page","type-page","status-publish","hentry"],"_links":{"self":[{"href":"https:\/\/reisen-travel.com\/reise-angebote\/wp-json\/wp\/v2\/pages\/46","targetHints":{"allow":["GET"]}}],"collection":[{"href":"https:\/\/reisen-travel.com\/reise-angebote\/wp-json\/wp\/v2\/pages"}],"about":[{"href":"https:\/\/reisen-travel.com\/reise-angebote\/wp-json\/wp\/v2\/types\/page"}],"author":[{"embeddable":true,"href":"https:\/\/reisen-travel.com\/reise-angebote\/wp-json\/wp\/v2\/users\/1"}],"replies":[{"embeddable":true,"href":"https:\/\/reisen-travel.com\/reise-angebote\/wp-json\/wp\/v2\/comments?post=46"}],"version-history":[{"count":29,"href":"https:\/\/reisen-travel.com\/reise-angebote\/wp-json\/wp\/v2\/pages\/46\/revisions"}],"predecessor-version":[{"id":12062,"href":"https:\/\/reisen-travel.com\/reise-angebote\/wp-json\/wp\/v2\/pages\/46\/revisions\/12062"}],"wp:attachment":[{"href":"https:\/\/reisen-travel.com\/reise-angebote\/wp-json\/wp\/v2\/media?parent=46"}],"curies":[{"name":"wp","href":"https:\/\/api.w.org\/{rel}","templated":true}]}}