{"id":3600,"date":"2011-02-09T16:23:10","date_gmt":"2011-02-09T14:23:10","guid":{"rendered":"https:\/\/reisen-travel.com\/reise-angebote\/?page_id=3600"},"modified":"2019-07-30T19:01:04","modified_gmt":"2019-07-30T17:01:04","slug":"parken-am-flughafen","status":"publish","type":"page","link":"https:\/\/reisen-travel.com\/reise-angebote\/fluge\/parken-am-flughafen\/","title":{"rendered":"Parken Flughafen"},"content":{"rendered":"<h3>Billig Parken Flughafen, Parkplatz suchen finden in Frankfurt Stuttgart M\u00fcnchen Berlin Bremen Dresden D\u00fcsseldorf Weeze Erfurt Hamburg Hannover K\u00f6ln Leipzig M\u00fcnster Turin Wien Z\u00fcrich Palma de Mallorca Salzburg Rom Pisa Mailand Br\u00fcssel Basel Amsterdam Bratislava<\/h3>\n<div class=\"tabber\">\n<div class=\"tabbertab\">\n<h3>Angebote billige Parkpl\u00e4tze<\/h3>\n<p><iframe loading=\"lazy\" frameborder=\"0\" src=\"https:\/\/www.holidayextras.de\/?agent=91195&#038;customer_ref=A-29203-0\" scrolling=\"auto\" width=\"100%\" height=\"4000\" name=\"airportparking\"><\/p>\n<p>Ihr Browser kann leider keine eingebetteten Frames anzeigen:<br \/>\n  Sie k&ouml;nnen die eingebettete Seite &uuml;ber den folgenden Verweis<br \/>\n  aufrufen: <a href=\"https:\/\/www.holidayextras.de\/?agent=91195&#038;customer_ref=A-29203-0\" scrolling=\"auto\"><\/a><\/p>\n<p><\/iframe>\n  <\/div>\n<div class=\"tabbertab\">\n<h3>Karte<\/h3>\n<p><strong>Route zu Ihrem Parkhaus berechnen<\/strong><\/p>\n<div class=\"su-gmap su-u-responsive-media-yes\"><iframe loading=\"lazy\" width=\"600\" height=\"400\" src=\"\/\/maps.google.com\/maps?q=Deutschland&amp;output=embed\" title=\"\"><\/iframe><\/div>\n<\/div>\n<div class=\"tabbertab\">\n<h3>Mietwagen<\/h3>\n<table border=\"0\" width=\"\">\n<tr>\n<td >\n<p><iframe loading=\"lazy\" frameborder=\"0\" src=\"https:\/\/partner.sunnycars.de\/?ak=183207&#038;ar=A-29203-0\" scrolling=\"auto\" width=\"100%\" height=\"4000\" name=\"mietauto\"><\/p>\n<p>Ihr Browser kann leider keine eingebetteten Frames anzeigen:<br \/>\n  Sie k&ouml;nnen die eingebettete Seite &uuml;ber den folgenden Verweis<br \/>\n  aufrufen: <a href=\"https:\/\/partner.sunnycars.de\/?ak=183207&#038;ar=A-29203-0\" scrolling=\"auto\">Mietwagen buchen<\/a><\/iframe>\n<\/p>\n<\/td>\n<td><\/td>\n<td ><\/td>\n<\/tr>\n<\/table>\n<\/div>\n<p><font size=\"1\" color=\"#f4eeee\"><br \/>\n<marquee><b>Reiseangebote: 1 Tag, 2 Tage, 3 Tage, 4 Tage, 5 Tage, 6 Tage, 7 Tage, 8 Tage, 9 Tage, 10 Tage, 11 Tage, 12 Tage, 13 Tage, 14 Tage, 15 Tage, 16 Tage, 17 Tage, 18 Tage, 19 Tage, 20 Tage, 21 Tage, 1 Woche, 2 Wochen, 3 Wochen, 4 Wochen, Sterne, Hotels, Reisen unter 100 unter 200 unter 300 unter 400 unter 500 Euro 600 unter 700 unter 800, 900, 1000, 1100, bis 1200, bis 1300, bis 1400, bis 1500, bis 1600, bis 1700, bis 1800, bis 1900, bis 2000, bis 2100, bis 2200, bis 2300, bis 2400, bis 2500, bis 2600, bis 2700 Pro Person <\/b><\/marquee><\/font> <\/p>\n<p><\/p>\n<p><\/center>\n<\/div>\n<\/div>\n","protected":false},"excerpt":{"rendered":"<p>Billig Parken Flughafen, Parkplatz suchen finden in Frankfurt Stuttgart M\u00fcnchen Berlin Bremen Dresden D\u00fcsseldorf Weeze Erfurt Hamburg Hannover K\u00f6ln Leipzig M\u00fcnster Turin Wien Z\u00fcrich Palma de Mallorca Salzburg Rom Pisa Mailand Br\u00fcssel Basel Amsterdam Bratislava Angebote billige Parkpl\u00e4tze Ihr Browser &hellip; <a href=\"https:\/\/reisen-travel.com\/reise-angebote\/fluge\/parken-am-flughafen\/\">Weiterlesen <span class=\"meta-nav\">&rarr;<\/span><\/a><\/p>\n","protected":false},"author":1,"featured_media":0,"parent":112,"menu_order":0,"comment_status":"closed","ping_status":"open","template":"","meta":{"footnotes":""},"class_list":["post-3600","page","type-page","status-publish","hentry"],"_links":{"self":[{"href":"https:\/\/reisen-travel.com\/reise-angebote\/wp-json\/wp\/v2\/pages\/3600","targetHints":{"allow":["GET"]}}],"collection":[{"href":"https:\/\/reisen-travel.com\/reise-angebote\/wp-json\/wp\/v2\/pages"}],"about":[{"href":"https:\/\/reisen-travel.com\/reise-angebote\/wp-json\/wp\/v2\/types\/page"}],"author":[{"embeddable":true,"href":"https:\/\/reisen-travel.com\/reise-angebote\/wp-json\/wp\/v2\/users\/1"}],"replies":[{"embeddable":true,"href":"https:\/\/reisen-travel.com\/reise-angebote\/wp-json\/wp\/v2\/comments?post=3600"}],"version-history":[{"count":73,"href":"https:\/\/reisen-travel.com\/reise-angebote\/wp-json\/wp\/v2\/pages\/3600\/revisions"}],"predecessor-version":[{"id":10627,"href":"https:\/\/reisen-travel.com\/reise-angebote\/wp-json\/wp\/v2\/pages\/3600\/revisions\/10627"}],"up":[{"embeddable":true,"href":"https:\/\/reisen-travel.com\/reise-angebote\/wp-json\/wp\/v2\/pages\/112"}],"wp:attachment":[{"href":"https:\/\/reisen-travel.com\/reise-angebote\/wp-json\/wp\/v2\/media?parent=3600"}],"curies":[{"name":"wp","href":"https:\/\/api.w.org\/{rel}","templated":true}]}}