{"id":3267,"date":"2011-01-13T22:58:47","date_gmt":"2011-01-13T20:58:47","guid":{"rendered":"https:\/\/reisen-travel.com\/reise-angebote\/?page_id=3267"},"modified":"2023-04-12T22:41:18","modified_gmt":"2023-04-12T20:41:18","slug":"urlaub-seychellen-hotels-guenstig-buchen","status":"publish","type":"page","link":"https:\/\/reisen-travel.com\/reise-angebote\/pauschalreisen\/afrika\/urlaub-seychellen-hotels-guenstig-buchen\/","title":{"rendered":"Seychellen"},"content":{"rendered":"<h3>Urlaub auf den Seychellen Hotels mit Fr\u00fchst\u00fcck Halbpension All-inclusive Pauschalurlaub auf der Trauminsel im Indischen Ozean.<\/h3>\n<div class=\"tabber\">\n<div class=\"tabbertab\">\n<h3>Pauschalangebote mit Flug <\/h3>\n<p><b>Buchungsmaske g\u00fcnstige Pauschalreisen Seychellen Hotel<\/b><br \/>\n<tbe page=\"region\" param-pid=\"A-29203-0\" param-cntry=\"1034\" param-rgn=\"4354\" param-ddate=\"3\" param-rdate=\"150\" param-dur=\"7\" param-ngn=\"package\"><\/p>\n<div class=\"tbe-loading\"><\/div>\n<p><\/tbe>\n<\/div>\n<div class=\"tabbertab\">\n<h3>Eigene Anreise<\/h3>\n<p><iframe loading=\"lazy\" id=\"tbeIFrame\" src=\"https:\/\/tbe.travelsystem.de\/index.html#\/region?ngn=hotel&#038;pid=A-29203-0&#038;cntry=1034&#038;rgn=&#038;cty=&#038;giata=&#038;iff=&#038;ddate=3&#038;rdate=150\" width=\"100%\" height=\"6000\" name=\"Pauschalhotelbgr\"><\/p>\n<p>Ihr Browser kann leider keine eingebetteten Frames anzeigen:<br \/>\n  Sie k&ouml;nnen die eingebettete Seite &uuml;ber den folgenden Verweis<br \/>\n  aufrufen: <a href=\"https:\/\/tbe.travelsystem.de\/index.html#\/region?ngn=hotel&#038;pid=A-29203-0&#038;cntry=1034&#038;rgn=&#038;cty=&#038;giata=&#038;iff=&#038;ddate=3&#038;rdate=150\">Pauschalhotel<\/a><br \/>\n<\/iframe>\n<\/div>\n<div class=\"tabbertab\">\n<h3>Hotelsuche<\/h3>\n<div\n  data-skyscanner-widget=\"HotelSearchWidget\"\n  data-locale=\"de-DE\"\n  data-market=\"DE\"\n  data-currency=\"EUR\"\n  data-media-partner-id=\"2891447\"\n  data-powered-by-logo-colour=\"light\"\n><\/div>\n<p><script src=\"https:\/\/widgets.skyscanner.net\/widget-server\/js\/loader.js\" async><\/script>\n<\/div>\n<div class=\"tabbertab\">\n<h3>Charterflug<\/h3>\n<p><iframe loading=\"lazy\" id=\"tbeIFrame\" src=\"https:\/\/tbe.travelsystem.de\/index.html#\/region?ngn=flight&#038;pid=A-29203-0&#038;cntry=1034&#038;rgn=&#038;cty=&#038;prtr=&#038;ddate=3&#038;rdate=180&#038;dur=7&#038;giata=&#038;iff=\" width=\"100%\" height=\"4500\"><\/iframe><br \/>\n<strong>Charterflug<\/strong>\n<\/div>\n<div class=\"tabbertab\">\n<h3>Flugticket<\/h3>\nOnly admnistrator owned posts can execute the <code>[includeme]<\/code> shortcode. <strong>This message is shown only to administrators<\/strong>.\n<\/div>\n<\/div>\n<h2>Seychellen Hotel Flug Reise g\u00fcnstig buchen.<\/h2>\n<div class=\"tabber\">\n<div class=\"tabbertab\">\n<h3>Info<\/h3>\n<\/div>\n<div class=\"tabbertab\">\n<h3>Wetter<\/h3>\n<table border=\"0\">\n<tr>\n<th align=\"left\" valign=\"top\" width=\"200\" height=\"75\">\n<a href=\"https:\/\/www.weatheronline.co.uk\/cgi-bin\/homecif?WMO=63980&#038;L=en&#038;WIDTH=180&#038;HEIGHT=150&#038;CLOUD=1&#038;V=2\" target=\"Angebote\" id=\"myfavorite\" rel=\"noopener\"><\/p>\n<h4>Mahe<\/h4>\n<p><\/a><\/p>\n<hr>\n<p><br clear=all><\/p>\n<\/th>\n<th align=\"center\" valign=\"top\" width=\"200\"> <center>Wettervorhersage<\/center><br \/>\n <br \/><iframe loading=\"lazy\" frameborder\"0\" width=\"300\" height=\"300\" src=\"https:\/\/www.weatheronline.co.uk\/cgi-bin\/homecif?WMO=63980&#038;L=en&#038;WIDTH=180&#038;HEIGHT=150&#038;CLOUD=1&#038;V=2\" name=\"Angebote\" scrolling=\"auto\"><\/iframe>\n<\/th>\n<th align=\"right\"  valign=\"top\" width=\"0\"><\/th>\n<\/tr>\n<\/tr>\n<\/table><\/div>\n<div class=\"tabbertab\">\n<h3>Karte<\/h3>\n<div class=\"su-gmap su-u-responsive-media-yes\"><iframe loading=\"lazy\" width=\"600\" height=\"400\" src=\"\/\/maps.google.com\/maps?q=Seychelles&amp;output=embed\" title=\"\"><\/iframe><\/div>\n<p><font size=\"1\" color=\"#f4eeee\"><br \/>\n<marquee><b>Reiseangebote: 1 Tag, 2 Tage, 3 Tage, 4 Tage, 5 Tage, 6 Tage, 7 Tage, 8 Tage, 9 Tage, 10 Tage, 11 Tage, 12 Tage, 13 Tage, 14 Tage, 15 Tage, 16 Tage, 17 Tage, 18 Tage, 19 Tage, 20 Tage, 21 Tage, 1 Woche, 2 Wochen, 3 Wochen, 4 Wochen, Sterne, Hotels, Reisen unter 100 unter 200 unter 300 unter 400 unter 500 Euro 600 unter 700 unter 800, 900, 1000, 1100, bis 1200, bis 1300, bis 1400, bis 1500, bis 1600, bis 1700, bis 1800, bis 1900, bis 2000, bis 2100, bis 2200, bis 2300, bis 2400, bis 2500, bis 2600, bis 2700 Pro Person <\/b><\/marquee><\/font> <\/p>\n<\/p>\n<\/div>\n<div class=\"tabbertab\">\n<h3>Klima<\/h3>\n<p><\/p>\n<p><a href=\"https:\/\/reisen-travel.com\/reise-angebote\/wp-content\/uploads\/klima-tabelle-kenia.png\" title=\"Klimatabelle Seychellen\" rel=\"lightbox\"><img loading=\"lazy\" decoding=\"async\" src=\"https:\/\/reisen-travel.com\/reise-angebote\/wp-content\/uploads\/klima-tabelle-seychellen.png\" alt=\"Klimatabelle Seychellen\" width=\"600\" height=\"94\" class=\"alignleft size-thumbnail wp-image-3256\" \/><\/a><\/p>\n<p><iframe loading=\"lazy\" width=\"600\" height=\"600\" src=\"\" name=\"Angebote\" scrolling=\"auto\"><\/iframe>\n<\/div>\n<div class=\"tabbertab\">\n<h3>Sehensw\u00fcrdigkeiten<\/h3>\n<p><center><br \/>\n<b>Mah\u00e9<\/b> die Mehrheit der Bev\u00f6lkerung lebt auf dieser gr\u00f6\u00dften Insel der Seychellen, die von Korallenriffen umgeben ist. Hier liegen die <strong>Hauptstadt Victoria<\/strong>, der internationale Flughafen, der Hafen und die meisten Hotels. Auf Mah\u00e9 erwarten den Besucher an die 70 Str\u00e4nde mit feinem, wei\u00dfem Pulversand und \u00fcppigem Pflanzenwuchs. Ausfl\u00fcge kann man im <b>Glasbodenboot<\/b> von Victoria aus zum nahe gelegenen <b>Ste. Anne Marine National Park<\/b> unternehmen, der die Inseln Ste. Anne, Cerf, Long, Round und Moyenne einschlie\u00dft. Interessant ist auch eine Tour mit dem Bus zum Markt, zum Botanischen Garten und zu den im Kolonialstil erbauten Herrenh\u00e4usern, die sogar noch im Stadium des Verfalls w\u00fcrdevoll aussehen. Weiter geht es durch die alten <strong>Vanille- und Zimtplantagen<\/strong> und immer wieder durch den allgegenw\u00e4rtigen Dschungel. Am h\u00f6chsten Punkt der Insel liegt der <b>Morne Seychellois National Park<\/b>. Das National Museum in Victoria informiert \u00fcber Geschichte, Musik und Folklore der Insel.<\/p>\n<p><b>Praslin<\/b> ist die zweitgr\u00f6\u00dfte Insel und etwa zwei bis drei Stunden mit dem Schiff oder 15 Min. mit dem Flugzeug von Mah\u00e9 entfernt (es gibt 20 Linienfl\u00fcge pro Tag). Die Insel ist ber\u00fchmt f\u00fcr das <b>Tal Vall\u00e9e de Mai<\/b>, aus dem die Coco-de-Mer-Palme mit der riesigen, eindrucksvoll geformten Seychellennuss stammt. Regelm\u00e4\u00dfige Touren zu den kleineren Inseln wie <b>Cousin, Aride, Curieuse und La Digue<\/b> werden angeboten.<\/p>\n<p><strong>La Digue<\/strong> liegt eine drei- bis dreieinhalbst\u00fcndige Schiffsreise von Mah\u00e9 oder eine halbe Stunde mit dem Flugzeug entfernt. Hier gibt es kaum Autos, und der Ochsenkarren ist weiterhin das Hauptverkehrsmittel. Man kann aber auch Fahrr\u00e4der mieten, um majest\u00e4tischen alten <strong>Plantagenh\u00e4usern<\/strong> wie dem <strong>Ch\u00e2teau St. Cloud<\/strong>, den <strong>Vanilleplantagen<\/strong>, Kopra-Betrieben und herrlichen Str\u00e4nden einen Besuch abzustatten.<br \/>\n<b>Fr\u00e9gate<\/b> liegt 15 Flugminuten von Mah\u00e9 entfernt. Der <strong>Fregattvogel<\/strong> u.a. seltene Vogelarten sind hier zuhause.<br \/>\nDie Insel <b>Th\u00e9r\u00e8se<\/b> ist f\u00fcr ihre <b>Thermalquellen<\/b> und Schildkr\u00f6ten-Kolonie ber\u00fchmt.<\/p>\n<p><b>Cousin<\/b> liegt zwei Stunden mit dem Schiff von Mah\u00e9 entfernt und wurde 1968 vom internationalen Verband f\u00fcr Vogelschutz gekauft und zum <b>Vogelschutzgebiet<\/b> erkl\u00e4rt. Hier sind u. a. die seltene und gesch\u00fctzte Feen-Seeschwalbe, der <b>Toc-Toc-Vogel<\/b> und der <b>B\u00fcrstenrohrs\u00e4nger<\/b> beheimatet. Die beste Besuchszeit ist Mai oder April, wenn rund eine Viertelmillion V\u00f6gel hier nisten. Die Besichtigung der Insel ist nur f\u00fcr Gruppen m\u00f6glich. Sie dauert ein bis zwei Stunden und wird von Reiseb\u00fcros vor Ort organisiert, meist in Verbindung mit einem Ausflug zu mehreren Inseln.<\/p>\n<p><b>Aride<\/b> liegt zwei Stunden von Mah\u00e9 entfernt, ist die n\u00f6rdlichste der <b>Granitinseln<\/b> und Heimat einer riesigen Seevogelkolonie. Besuchern ist die Insel von Oktober bis Ende April zug\u00e4nglich.<\/p>\n<p><b>Curieuse<\/b> ist mit dichtem Geb\u00fcsch und gro\u00dfen Takamaka-B\u00e4umen \u00fcberwachsen und etwa 3 km lang. Die Insel ist ein <b>Schutzgebiet f\u00fcr Riesenschildkr\u00f6ten<\/b>, die von Aldabra eingef\u00fchrt wurden. Besuche k\u00f6nnen von Praslin aus organisiert werden.<\/p>\n<p><b>Silhouette<\/b> hat ca. 200 Einwohner und ist vom Beau-Vallon-Strand auf Mah\u00e9 aus zu sehen. Ein traditionelles Plantagenhaus aus Holz kann hier besichtigt werden.<\/p>\n<p><b>Koralleninseln<\/b><br \/>\n<b>Denis<\/b> eine f\u00fcnf- bis siebenst\u00fcndige Schiffsreise oder 30 Flugminuten von Mah\u00e9 entfernt liegt die Insel Denis am Rande des kontinentalen Sockels. Zahlreiche <strong>Tiefseeangler<\/strong> zieht es hierher, von Oktober bis Dezember wird hier F\u00e4cherfisch gefangen. Seev\u00f6gel haben \u00fcber die Jahre eine dicke Schicht Guano hinterlassen, die den \u00fcppigen Pflanzenwuchs f\u00f6rdert. Mindestaufenthalt zwei Tage.<\/p>\n<p><b>Bird<\/b> liegt sechs bis acht Schiffsstunden oder 30 Flugminuten von Mah\u00e9 entfernt und ist f\u00fcr die Millionen von Seev\u00f6geln bekannt, u.a. die schwarzen Ru\u00dfseeschwalben, die zwischen Mai und September hier br\u00fcten. Die Insel liegt am Rand des kontinentalen Sockels (der Meeresboden f\u00e4llt hier auf 2000 m Tiefe ab), was sie zu einem bevorzugten Ziel f\u00fcr Fischer macht.<\/p>\n<p><b>Desroches<\/b> ist die gr\u00f6\u00dfte Insel des <b>Amirantes-Archipels<\/b> und 193 km (eine Flugstunde) s\u00fcdwestlich von Mah\u00e9 gelegen. Das <b>Korallenriff<\/b> um die Insel h\u00e4lt die K\u00fcstengew\u00e4sser ruhig und macht sie ideal f\u00fcr alle Wassersportarten. Obwohl die Insel erst vor kurzem als Urlaubsgebiet erschlossen wurde, kann man bereits Schnellboote und Ausr\u00fcstungen zum <b>Wasserskifahren, Windsurfen, Segeln, Fischen und Tauchen<\/b> mieten. Tauchen ist hier ein besonderes Vergn\u00fcgen, die Unterwasserlandschaft mit ihren H\u00f6hlen und unz\u00e4hligen Fischarten ist faszinierend. Es werden auch Tauchkurse angeboten. Von September bis Mai ist das Wasser am klarsten. Zur Unterkunft stehen 20 H\u00e4uschen zwischen Kokospalmen und Kasuarina-B\u00e4umen zur Verf\u00fcgung.<\/p>\n<p>Dank der au\u00dferordentlichen Geschichte dieser abgelegenen Inseln gibt es auf den Inseln Pflanzen, die nirgendwo anders auf diesem Planeten gedeihen. 81 seltene Pflanzenarten sind die Nachkommen des \u00fcppigen tropischen Waldes, der die Inseln vor dem relativ sp\u00e4ten Eintreffen der Menschen (vor 200 Jahren) bedeckte. Einzigartig und besonders hervorzuheben ist die auf <b>Praslin<\/b> im Vall\u00e9e de Mai wachsende Coco-de-Mer-Palme. Besonders auff\u00e4llig ist die eigenartige Form ihrer Samenschoten &#8211; sie sind die gr\u00f6\u00dften, die in der Natur vorkommen. Unter den zahlreichen <b>Orchideenarten<\/b> findet man Vanille, die zur Gewinnung von Vanilleessenz vor allem fr\u00fcher viel angebaut wurde. Die meisten seltenen Pflanzenarten kann man auch im Botanischen Garten von Victoria bewundern die Inseln \u00fcben au\u00dferdem eine gro\u00dfe Anziehungskraft auf Vogelkundler aus. Millionen von Seeschwalben nisten auf einigen Inseln &#8211; unter ihnen die anmutigsten Seev\u00f6gel \u00fcberhaupt, die Feen-Seeschwalben. Auf Aride k\u00f6nnen die gr\u00f6\u00dften Kolonien der Welt von rosaroten Seeschwalben und anderen tropischen V\u00f6geln beobachtet werden. Auf der Insel La Digue gibt es nur noch 30 P\u00e4rchen des <b>Paradiesfliegenschn\u00e4ppers<\/b>. Den <strong>Wasapapagei<\/strong> gibt es nur auf Praslin. <\/p>\n<p><\/center>\n<\/div>\n<\/div>\n","protected":false},"excerpt":{"rendered":"<p>Urlaub auf den Seychellen Hotels mit Fr\u00fchst\u00fcck Halbpension All-inclusive Pauschalurlaub auf der Trauminsel im Indischen Ozean. Pauschalangebote mit Flug Buchungsmaske g\u00fcnstige Pauschalreisen Seychellen Hotel Eigene Anreise Ihr Browser kann leider keine eingebetteten Frames anzeigen: Sie k&ouml;nnen die eingebettete Seite &uuml;ber &hellip; <a href=\"https:\/\/reisen-travel.com\/reise-angebote\/pauschalreisen\/afrika\/urlaub-seychellen-hotels-guenstig-buchen\/\">Weiterlesen <span class=\"meta-nav\">&rarr;<\/span><\/a><\/p>\n","protected":false},"author":1,"featured_media":0,"parent":287,"menu_order":2,"comment_status":"closed","ping_status":"open","template":"","meta":{"footnotes":""},"class_list":["post-3267","page","type-page","status-publish","hentry"],"_links":{"self":[{"href":"https:\/\/reisen-travel.com\/reise-angebote\/wp-json\/wp\/v2\/pages\/3267","targetHints":{"allow":["GET"]}}],"collection":[{"href":"https:\/\/reisen-travel.com\/reise-angebote\/wp-json\/wp\/v2\/pages"}],"about":[{"href":"https:\/\/reisen-travel.com\/reise-angebote\/wp-json\/wp\/v2\/types\/page"}],"author":[{"embeddable":true,"href":"https:\/\/reisen-travel.com\/reise-angebote\/wp-json\/wp\/v2\/users\/1"}],"replies":[{"embeddable":true,"href":"https:\/\/reisen-travel.com\/reise-angebote\/wp-json\/wp\/v2\/comments?post=3267"}],"version-history":[{"count":19,"href":"https:\/\/reisen-travel.com\/reise-angebote\/wp-json\/wp\/v2\/pages\/3267\/revisions"}],"predecessor-version":[{"id":11955,"href":"https:\/\/reisen-travel.com\/reise-angebote\/wp-json\/wp\/v2\/pages\/3267\/revisions\/11955"}],"up":[{"embeddable":true,"href":"https:\/\/reisen-travel.com\/reise-angebote\/wp-json\/wp\/v2\/pages\/287"}],"wp:attachment":[{"href":"https:\/\/reisen-travel.com\/reise-angebote\/wp-json\/wp\/v2\/media?parent=3267"}],"curies":[{"name":"wp","href":"https:\/\/api.w.org\/{rel}","templated":true}]}}