{"id":323,"date":"2009-08-18T14:54:51","date_gmt":"2009-08-18T12:54:51","guid":{"rendered":"https:\/\/reisen-travel.com\/reise-angebote\/?page_id=323"},"modified":"2023-04-05T18:49:59","modified_gmt":"2023-04-05T16:49:59","slug":"deutschland","status":"publish","type":"page","link":"https:\/\/reisen-travel.com\/reise-angebote\/pauschalreisen\/deutschland\/","title":{"rendered":"Deutschland"},"content":{"rendered":"<h3>Pauschalreise Deutschland Urlaub g\u00fcnstig buchen<\/h3>\n<div class=\"tabber\">\n<div class=\"tabbertab\">\n<h3>Eigene Anreise<\/h3>\n<p><tbe page=\"region\" param-pid=\"A-29203-0\" param-cntry=\"3001\" param-rgn=\" \" param-ddate=\"3\" param-rdate=\"150\" param-dur=\"1\" param-ngn=\"hotel\"><\/p>\n<div class=\"tbe-loading\"><\/div>\n<p><\/tbe>\n<\/div>\n<div class=\"tabbertab\">\n<h3>Pauschalangebote mit Flug<\/h3>\n<p><iframe loading=\"lazy\" id=\"tbeIFrame\" src=\"https:\/\/tbe.travelsystem.de\/index.html#\/region?ngn=package&#038;pid=A-29203-0&#038;cntry=3001&#038;rgn=&#038;cty=&#038;giata=&#038;iff=\" width=\"100%\" height=\"4500\"><\/iframe>\n<\/div>\n<div class=\"tabbertab\">\n<h3>Hotelsuche<\/h3>\n<div\n  data-skyscanner-widget=\"HotelSearchWidget\"\n  data-locale=\"de-DE\"\n  data-market=\"DE\"\n  data-currency=\"EUR\"\n  data-media-partner-id=\"2891447\"\n  data-powered-by-logo-colour=\"light\"\n><\/div>\n<p><script src=\"https:\/\/widgets.skyscanner.net\/widget-server\/js\/loader.js\" async><\/script>\n<\/div>\n<div class=\"tabbertab\">\n<h3>Charterflug<\/h3>\n<p><iframe loading=\"lazy\" id=\"tbeIFrame\" src=\"https:\/\/tbe.travelsystem.de\/index.html#\/region?ngn=flight&#038;pid=A-29203-0&#038;cntry=&#038;rgn=&#038;cty=&#038;ddate=7&#038;rdate=150&#038;dur=7&#038;giata=&#038;iff=\" width=\"100%\" height=\"4500\"><\/iframe><br \/>\n<strong>Charterflug<\/strong>\n<\/div>\n<div class=\"tabbertab\">\n<h3>Flugticket<\/h3>\nOnly admnistrator owned posts can execute the <code>[includeme]<\/code> shortcode. <strong>This message is shown only to administrators<\/strong>.\n<center><\/p>\n<h3>Billige Reiseangebote Ostsee Nordsee Berlin Bayern Bayerischer Wald Schwarzwald Alpen Brandenburg Th\u00fcringen Sachsen Mecklenburg Schleswig-Holstein Bremen Hamburg Niedersachsen Nordrhein-Westfalen Hessen Rheinland-Pfalz Saarland Baden-W\u00fcrttemberg 1 2 3 4 5 Sterne Hotel mit Fr\u00fchst\u00fcck Halbpension All-inclusive Hotels Pensionen<\/h3>\n<p><br\/ ><br\/ ><br \/>\n<strong><em>last-minute Pauschalreise Deutschland billig buchen<\/em><\/strong><br \/>\n<\/center>\n<\/div>\n<\/div>\n<p><\/center><\/p>\n<div class=\"tabber\">\n<div class=\"tabbertab\">\n<h3>Info<\/h3>\n<\/div>\n<div class=\"tabbertab\">\n<h3>Wetter<\/h3>\n<table border=\"0\">\n<tr>\n<th align=\"left\" valign=\"top\" width=\"200\" height=\"75\">\n<a href=\"https:\/\/www.weatheronline.co.uk\/cgi-bin\/homecif?WMO=10384&#038;L=en&#038;WIDTH=180&#038;HEIGHT=150&#038;CLOUD=1&#038;V=2\" target=\"Angebote\" id=\"myfavorite\" rel=\"noopener\"><\/p>\n<h4>Wetter<\/h4>\n<p><\/a><\/p>\n<hr \/>\n<p><br clear=all><\/p>\n<\/th>\n<th align=\"center\" valign=\"top\" width=\"200\"> <center><\/p>\n<h5>Wettervorhersage<\/h5>\n<p><\/center><\/p>\n<p><iframe loading=\"lazy\" frameborder=\"0\" width=\"300\" height=\"300\" src=\"https:\/\/www.weatheronline.co.uk\/cgi-bin\/homecif?WMO=10384&#038;L=en&#038;WIDTH=180&#038;HEIGHT=150&#038;CLOUD=1&#038;V=2\" name=\"Angebote\" scrolling=\"auto\"><\/iframe>\n<\/th>\n<th align=\"right\"  valign=\"top\" width=\"0\"><\/th>\n<\/tr>\n<\/tr>\n<\/table>\n<\/div>\n<div class=\"tabbertab\">\n<h3>Karte<\/h3>\n<div class=\"su-gmap su-u-responsive-media-yes\"><iframe loading=\"lazy\" width=\"500\" height=\"400\" src=\"\/\/maps.google.com\/maps?q=Germany&amp;output=embed\" title=\"\"><\/iframe><\/div>\n<p><font size=\"1\" color=\"#f4eeee\"><br \/>\n<marquee><b>Angebote: 1 Tag, 2 Tage, 3 Tage, 4 Tage, 5 Tage, 6 Tage, 7 Tage, 8 Tage, 9 Tage, 10 Tage, 11 Tage, 12 Tage, 13 Tage, 14 Tage, 15 Tage, 16 Tage, 17 Tage, 18 Tage, 19 Tage, 20 Tage, 21 Tage, 1 Woche, 2 Wochen, 3 Wochen, 4 Wochen, Reise unter 100 unter 200 unter 300 unter 400 unter 500 Euro 600 unter 700 unter 800, 900, 1000, 1100, bis 1200, bis 1300, bis 1400, bis 1500, bis 1600, bis 1700, bis 1800, bis 1900, bis 2000, bis 2100, bis 2200, bis 2300, bis 2400, bis 2500, bis 2600, bis 2700 Pro Person <\/b><\/marquee><\/font> <\/p>\n<\/p>\n<\/div>\n<\/div>\n","protected":false},"excerpt":{"rendered":"<p>Pauschalreise Deutschland Urlaub g\u00fcnstig buchen Eigene Anreise Pauschalangebote mit Flug Hotelsuche Charterflug Charterflug Flugticket Billige Reiseangebote Ostsee Nordsee Berlin Bayern Bayerischer Wald Schwarzwald Alpen Brandenburg Th\u00fcringen Sachsen Mecklenburg Schleswig-Holstein Bremen Hamburg Niedersachsen Nordrhein-Westfalen Hessen Rheinland-Pfalz Saarland Baden-W\u00fcrttemberg 1 2 3 &hellip; <a href=\"https:\/\/reisen-travel.com\/reise-angebote\/pauschalreisen\/deutschland\/\">Weiterlesen <span class=\"meta-nav\">&rarr;<\/span><\/a><\/p>\n","protected":false},"author":1,"featured_media":0,"parent":2,"menu_order":14,"comment_status":"closed","ping_status":"open","template":"","meta":{"footnotes":""},"class_list":["post-323","page","type-page","status-publish","hentry"],"_links":{"self":[{"href":"https:\/\/reisen-travel.com\/reise-angebote\/wp-json\/wp\/v2\/pages\/323","targetHints":{"allow":["GET"]}}],"collection":[{"href":"https:\/\/reisen-travel.com\/reise-angebote\/wp-json\/wp\/v2\/pages"}],"about":[{"href":"https:\/\/reisen-travel.com\/reise-angebote\/wp-json\/wp\/v2\/types\/page"}],"author":[{"embeddable":true,"href":"https:\/\/reisen-travel.com\/reise-angebote\/wp-json\/wp\/v2\/users\/1"}],"replies":[{"embeddable":true,"href":"https:\/\/reisen-travel.com\/reise-angebote\/wp-json\/wp\/v2\/comments?post=323"}],"version-history":[{"count":15,"href":"https:\/\/reisen-travel.com\/reise-angebote\/wp-json\/wp\/v2\/pages\/323\/revisions"}],"predecessor-version":[{"id":11903,"href":"https:\/\/reisen-travel.com\/reise-angebote\/wp-json\/wp\/v2\/pages\/323\/revisions\/11903"}],"up":[{"embeddable":true,"href":"https:\/\/reisen-travel.com\/reise-angebote\/wp-json\/wp\/v2\/pages\/2"}],"wp:attachment":[{"href":"https:\/\/reisen-travel.com\/reise-angebote\/wp-json\/wp\/v2\/media?parent=323"}],"curies":[{"name":"wp","href":"https:\/\/api.w.org\/{rel}","templated":true}]}}