{"id":3220,"date":"2011-01-12T15:01:20","date_gmt":"2011-01-12T13:01:20","guid":{"rendered":"https:\/\/reisen-travel.com\/reise-angebote\/?page_id=3220"},"modified":"2023-04-14T18:50:44","modified_gmt":"2023-04-14T16:50:44","slug":"urlaub-insel-mauritius-hotels","status":"publish","type":"page","link":"https:\/\/reisen-travel.com\/reise-angebote\/pauschalreisen\/afrika\/urlaub-insel-mauritius-hotels\/","title":{"rendered":"Mauritius"},"content":{"rendered":"<h3>Pauschalreise Mauritius Hotels mit Fr\u00fchst\u00fcck Halbpension All-inclusive an der Nordk\u00fcste, S\u00fcdk\u00fcste, Westk\u00fcste oder Ostk\u00fcste dieser sch\u00f6nen Insel im Indischen Ozean.<\/h3>\n<div class=\"tabber\">\n<div class=\"tabbertab\">\n<h3>Pauschalangebote mit Flug<\/h3>\n<p><b>Buchungsmaschine g\u00fcnstige Reiseangebote Mauritius<\/b><br \/>\n<tbe page=\"hotel\" param-pid=\"A-29203-0\" param-cntry=\"1034\" param-rgn=\"4718\" param-ddate=\"3\" param-rdate=\"150\" param-dur=\"14\" param-ngn=\"package\"><\/p>\n<div class=\"tbe-loading\"><\/div>\n<p><\/tbe>\n<\/div>\n<div class=\"tabbertab\">\n<h3>Eigene Anreise<\/h3>\n<p><iframe loading=\"lazy\" id=\"tbeIFrame\" src=\"https:\/\/tbe.travelsystem.de\/index.html#\/hotel?ngn=hotel&#038;pid=A-29203-0&#038;cntry=1034&#038;rgn=4718&#038;cty=&#038;giata=&#038;iff=&#038;dur=&#038;ddate=3&#038;rdate=150\" width=\"100%\" height=\"6000\" name=\"Pauschalhotelbgr\"><\/p>\n<p>Ihr Browser kann leider keine eingebetteten Frames anzeigen:<br \/>\n  Sie k&ouml;nnen die eingebettete Seite &uuml;ber den folgenden Verweis<br \/>\n  aufrufen: <a href=\"https:\/\/tbe.travelsystem.de\/index.html#\/hotel?ngn=hotel&#038;pid=A-29203-0&#038;cntry=1034&#038;rgn=4718&#038;cty=&#038;giata=&#038;iff=&#038;dur=&#038;ddate=3&#038;rdate=150\">Pauschalhotel<\/a><br \/>\n<\/iframe>\n<\/div>\n<div class=\"tabbertab\">\n<h3>Hotelsuche<\/h3>\n<div\n  data-skyscanner-widget=\"HotelSearchWidget\"\n  data-locale=\"de-DE\"\n  data-market=\"DE\"\n  data-currency=\"EUR\"\n  data-media-partner-id=\"2891447\"\n  data-powered-by-logo-colour=\"light\"\n><\/div>\n<p><script src=\"https:\/\/widgets.skyscanner.net\/widget-server\/js\/loader.js\" async><\/script>\n<\/div>\n<div class=\"tabbertab\">\n<h3>Charterflug<\/h3>\n<p><iframe loading=\"lazy\" id=\"tbeIFrame\" src=\"https:\/\/tbe.travelsystem.de\/index.html#\/region?ngn=flight&#038;pid=A-29203-0&#038;cntry=1034&#038;rgn=4718&#038;cty=&#038;prtr=&#038;ddate=3&#038;rdate=180&#038;dur=7&#038;giata=&#038;iff=\" width=\"100%\" height=\"4500\"><\/iframe><br \/>\n<strong>Charterflug<\/strong>\n<\/div>\n<div class=\"tabbertab\">\n<h3>Flugticket<\/h3>\nOnly admnistrator owned posts can execute the <code>[includeme]<\/code> shortcode. <strong>This message is shown only to administrators<\/strong>.<\/div>\n<\/div>\n<p><strong><em>last-minute Pauschalreise Mauritius billig buchen 1 2 3 4 5 Sterne Hotel<\/em><\/strong><\/p>\n<h4><strong>Urlaub Mauritius Hotel 8 Tage ab 960.- \u20ac <\/strong><\/h4>\n<div class=\"tabber\">\n<div class=\"tabbertab\">\n<h3>Info<\/h3>\n<\/div>\n<div class=\"tabbertab\">\n<h3>Wetter<\/h3>\n<table border=\"0\">\n<tr>\n<th align=\"left\" valign=\"top\" width=\"200\" height=\"75\">\n<a href=\"https:\/\/www.weatheronline.co.uk\/cgi-bin\/homecif?WMO=x4403&#038;L=en&#038;WIDTH=180&#038;HEIGHT=150&#038;CLOUD=1&#038;V=2\" target=\"Angebote\" id=\"myfavorite\" rel=\"noopener\"><\/p>\n<h4>Port Luise<\/h4>\n<p><\/a><\/p>\n<hr>\n<p> <a name=\"Flughafen Plaisance\" href=\"https:\/\/www.weatheronline.co.uk\/cgi-bin\/homecif?WMO=61990&#038;L=en&#038;WIDTH=180&#038;HEIGHT=150&#038;CLOUD=1&#038;V=2\" target=\"Angebote\" title=\"Flughafenr\" rel=\"noopener\"><\/p>\n<h4>Flughafen <\/h4>\n<p><\/a><\/p>\n<hr>\n<p><a name=\"Vacoas\" href=\"https:\/\/www.weatheronline.co.uk\/cgi-bin\/homecif?WMO=61995&#038;L=en&#038;WIDTH=180&#038;HEIGHT=150&#038;CLOUD=1&#038;V=2\" target=\"Angebote\" title=\"Vacoas Wetter\" rel=\"noopener\"><\/p>\n<h4>Vacoas<\/h4>\n<p><\/a><\/p>\n<hr>\n<p><a name=\"insel Agalega\" href=\"https:\/\/www.weatheronline.co.uk\/cgi-bin\/homecif?WMO=61974&#038;L=en&#038;WIDTH=180&#038;HEIGHT=150&#038;CLOUD=1&#038;V=2\" target=\"Angebote\" title=\"Insel Agalega Wetter\" rel=\"noopener\"><\/p>\n<h4>Insel Agalega<\/h4>\n<p><\/a><\/p>\n<hr>\n<p><a name=\"Insel Rodrigues\" href=\"https:\/\/www.weatheronline.co.uk\/cgi-bin\/homecif?WMO=61988&#038;L=en&#038;WIDTH=180&#038;HEIGHT=150&#038;CLOUD=1&#038;V=2\" target=\"Angebote\" title=\"Insel Rodrigues Wetter\" rel=\"noopener\"><\/p>\n<h4>Insel Rodrigues<\/h4>\n<p><\/a><\/p>\n<hr>\n<p><a name=\"Insel Saint Brandon\" href=\"https:\/\/www.weatheronline.co.uk\/cgi-bin\/homecif?WMO=61986&#038;L=en&#038;WIDTH=180&#038;HEIGHT=150&#038;CLOUD=1&#038;V=2\" target=\"Angebote\" title=\"Saint Brandon Wetter\" rel=\"noopener\"><\/p>\n<h4>Insel St Brandon<\/h4>\n<p><\/a><\/p>\n<hr>\n<p><br clear=all><\/p>\n<\/th>\n<th align=\"center\" valign=\"top\" width=\"200\"> <center>Wettervoraussage der Inseln<\/center><br \/>\n <br \/><iframe loading=\"lazy\" width=\"300\" height=\"300\" src=\"https:\/\/www.weatheronline.co.uk\/cgi-bin\/homecif?WMO=x4403&#038;L=en&#038;WIDTH=180&#038;HEIGHT=150&#038;CLOUD=1&#038;V=2\" name=\"Angebote\" scrolling=\"auto\"><\/iframe>\n<\/th>\n<th align=\"right\"  valign=\"top\" width=\"0\"><\/th>\n<\/tr>\n<\/tr>\n<\/table>\n<p><em><a href=\"https:\/\/reisen-travel.com\/reise-angebote\/pauschalreisen\/afrika\/urlaub-insel-mauritius-hotels\/#\/offer?ngn=package&#038;pid=A-29203-0&#038;cntry=1034&#038;rgn=4718&#038;cty=&#038;giata=110490&#038;iff=&#038;ddate=5&#038;rdate=150&#038;dur=7&#038;attr=&#038;trvlr=2&#038;room=&#038;meal=&#038;prtr=&#038;dep=&#038;cat=0&#038;rtng=0&#038;rtnga=0&#038;rcmnd=0&#038;htl=&#038;htln=\">Urlaub Mauritius Hotel 8 Tage ab 960.- \u20ac <\/a><\/em><\/p>\n<p><a href=\"https:\/\/reisen-travel.com\/reise-angebote\/pauschalreisen\/afrika\/urlaub-insel-mauritius-hotels\/#\/hotel?ngn=package&#038;pid=A-29203-0&#038;cntry=1034&#038;rgn=4718&#038;cty=&#038;giata=&#038;iff=&#038;ddate=5&#038;rdate=150&#038;dur=14&#038;attr=&#038;trvlr=2&#038;room=&#038;meal=&#038;prtr=&#038;dep=&#038;cat=0&#038;rtng=0&#038;rtnga=0&#038;rcmnd=0&#038;htl=&#038;htln=\"><strong>15 Tage Urlaub auf der Insel Mauritius ab 1158.- \u20ac<\/strong><\/a>\n <\/div>\n<div class=\"tabbertab\">\n<h3>Karte<\/h3>\n<div class=\"su-gmap su-u-responsive-media-yes\"><iframe loading=\"lazy\" width=\"600\" height=\"400\" src=\"\/\/maps.google.com\/maps?q=Mauritius&amp;output=embed\" title=\"\"><\/iframe><\/div>\n<p><font size=\"1\" color=\"#f4eeee\"><br \/>\n<marquee><b>Reiseangebote: 1 Tag, 2 Tage, 3 Tage, 4 Tage, 5 Tage, 6 Tage, 7 Tage, 8 Tage, 9 Tage, 10 Tage, 11 Tage, 12 Tage, 13 Tage, 14 Tage, 15 Tage, 16 Tage, 17 Tage, 18 Tage, 19 Tage, 20 Tage, 21 Tage, 1 Woche, 2 Wochen, 3 Wochen, 4 Wochen, Sterne, Hotels, Reisen unter 100 unter 200 unter 300 unter 400 unter 500 Euro 600 unter 700 unter 800, 900, 1000, 1100, bis 1200, bis 1300, bis 1400, bis 1500, bis 1600, bis 1700, bis 1800, bis 1900, bis 2000, bis 2100, bis 2200, bis 2300, bis 2400, bis 2500, bis 2600, bis 2700 Pro Person <\/b><\/marquee><\/font> <\/p>\n<\/p>\n<\/div>\n<div class=\"tabbertab\">\n<h3>Klima<\/h3>\n<p><\/p>\n<p><a href=\"https:\/\/reisen-travel.com\/reise-angebote\/wp-content\/uploads\/klima-tabelle-kenia.png\" title=\"Klimatabelle Seychellen\" rel=\"lightbox\"><img loading=\"lazy\" decoding=\"async\" src=\"https:\/\/reisen-travel.com\/reise-angebote\/wp-content\/uploads\/klima-tabelle-mauritius.png\" alt=\"Klimatabelle Mauritius\" width=\"600\" height=\"94\" class=\"alignleft size-thumbnail wp-image-3256\" \/><\/a><\/p>\n<\/div>\n<div class=\"tabbertab\">\n<h3>Sehensw\u00fcrdigkeiten<\/h3>\n<p><center><br \/>\n<strong>Curepipe<\/strong><br \/>\nCurepipe ist die gr\u00f6\u00dfte Stadt im Inneren der Insel mit guten Gesch\u00e4ften und Restaurants. Oberhalb der Stadt, zwischen Curepipe und Vacoas, erhebt sich der Trou aux Cerfs, ein erloschener Krater, der 85 m tief und \u00fcber 180 m breit ist, und von dessen Rand aus man einen herrlichen Rundblick \u00fcber die Insel hat.<br \/>\nPamplemousses, ein botanischer Garten im Norden der Insel, ist bekannt f\u00fcr seine weitl\u00e4ufigen Anlagen und die Vielfalt exotischer Pflanzen. \u00dcber 100 Jahre alte Schildkr\u00f6ten sind hier ebenfalls zu Hause.<\/p>\n<p><strong>Rochester Falls<\/strong><br \/>\nBei diesem erfrischenden Wasserfall in der N\u00e4he von Souillac tost das Wasser \u00fcber eindrucksvolle Felsformationen, die durch rasch abgek\u00fchlte Lava gebildet wurden. Die Stra\u00dfe zum Wasserfall f\u00fchrt durch eine Zuckerrohrplantage, die man ebenfalls besichtigen kann.<\/p>\n<p><strong>Grand Bassin<\/strong><br \/>\nIn einem erloschenen Krater, nicht weit von <strong>Mare aux Vacoas<\/strong>, liegt einer der beiden nat\u00fcrlichen Seen der Insel, ein Wallfahrtsort f\u00fcr die hinduistische Bev\u00f6lkerung.<\/p>\n<p><strong>Plaine Champagne<\/strong><br \/>\nDer h\u00f6chste Punkt des Zentralplateaus (740 m) er\u00f6ffnet eine ausgezeichnete Aussicht auf die <strong>Rivi\u00e8re-Noire-Berge<\/strong> und das Meer. Vogelfreunde k\u00f6nnen hier einheimische Vogelarten beobachten.<br \/>\nEine gewundene Stra\u00dfe f\u00fchrt vom Dorf Case Noyale aus nach Chamarel (\u00bbBunte Erde\u00ab), einem H\u00fcgel mit unterschiedlich gef\u00e4rbten Erdschichten. Aus den S\u00fcmpfen des Urwalds entsteht ein Fluss, der sich in einen atemberaubenden Wasserfall verwandelt.<br \/>\nDer ca. 50 ha gro\u00dfe <strong>Casela-Vogelpark<\/strong> liegt im Gebiet des Rivi\u00e8re Noire. Hier leben mindestens 140 verschiedene Vogelarten aus allen f\u00fcnf Erdteilen.<br \/>\nIn der Lagune zwischen Pointe aux Piments und <strong>Trou aux Biches<\/strong> befindet sich das <strong>Meeresaquarium<\/strong> mit 200 Arten von Fischen und anderen Meereslebewesen, die alle aus dem Meer der Umgebung kommen.<\/p>\n<p><strong>La-Vanille-Krokodilpark<\/strong><br \/>\nIn der N\u00e4he von Rivi\u00e8re des <strong>Anguilles<\/strong> liegt die <strong>Krokodilfarm<\/strong>, auf der aus Madagaskar eingef\u00fchrte Nilkrokodile gez\u00fcchtet werden. Der gro\u00dfe Naturpark bietet sch\u00f6ne Spazierg\u00e4nge durch einen Wald mit S\u00fc\u00dfwasserquellen. Es gibt einen kleinen Zoo mit einheimischen Wildtieren.<\/p>\n<p><strong>Domaine des Grands Bois<\/strong><\/p>\n<p>Dieser 800 ha gro\u00dfe Park liegt in dem h\u00fcgeligen Gebiet bei <strong>Anse Jonch\u00e9e<\/strong>, unweit von Mah\u00e9bourg im S\u00fcdosten der Insel. In dem Waldgel\u00e4nde leben Hirsche, Affen und Wildschweine.<\/p>\n<p><strong>Str\u00e4nde<\/strong><\/p>\n<p><strong>Tamarin<\/strong> ist ein beliebter Badestrand am Fu\u00df der Rivi\u00e8reberge an der Westk\u00fcste mit einer sch\u00f6nen Lagune, in die der Rivi\u00e8re Noire m\u00fcndet. Auf den hohen Ozeanwellen kann man surfen; Ausr\u00fcstungen k\u00f6nnen gemietet werden.<\/p>\n<p><strong>Grand Baie<\/strong> an der Nordk\u00fcste oberhalb der Baie du Tombeau gibt es zahlreicheTraumstr\u00e4nde wie <strong>Pointe aux Piments<\/strong>, Trou aux Biches mit <strong>Filoas<\/strong> (Kasuarina-B\u00e4umen). Weiter n\u00f6rdlich liegt <strong>Mont Choisy<\/strong> mit einem der beliebtesten Str\u00e4nde der Insel. In Strandn\u00e4he gibt es auch Sportanlagen. N\u00f6rdlich der Landzunge mit dem <strong>Leuchtturm<\/strong> liegt Grand Baie. Hier gibt es einen Jachthafen und ausgezeichnete Wasserski- und Surfm\u00f6glichkeiten.<\/p>\n<p>P\u00e9reyb\u00e8re ist eine wundersch\u00f6ne Badebucht, die an der K\u00fcstenstra\u00dfe zwischen Grand Baie und <strong>Cap Malheureux<\/strong> liegt.<br \/>\nCap Malheureux: Dieses Fischerdorf liegt im \u00e4u\u00dfersten Norden der Insel. Von hier aus kann man die vulkanischen Inseln Flat Island, Round Island und Gunner&#8217;s Quoin sehen.<\/p>\n<p><strong>Grand Gaube<\/strong> ist ein reizvolles Dorf an der Nordostk\u00fcste. Die \u00f6rtlichen Fischer gelten als hervorragende Segelschiffsbauer und Hochseefischer.<br \/>\nRoches Noire und <strong>Poste Lafayette<\/strong> sind beliebte K\u00fcstenurlaubsorte.<br \/>\n<strong>Belle Mare<\/strong> hat einen wei\u00dfen Sandstrand, der sich \u00fcber mehrere Kilometer bis zum malerischen Fischerdorf <strong>Trou d&#8217;Eau Douce<\/strong> hinzieht. Hier wird der Strand schmaler, und die Stra\u00dfe f\u00fchrt an der K\u00fcste entlang nach Mah\u00e9bourg. Der sich anschlie\u00dfende Sandstrand erstreckt sich von den Strandbungalows in Pointe d&#8217;Esny bis hin zur Blue Bay.<\/p>\n<p><strong>Blue Bay<\/strong> hier befindet sich einer der sch\u00f6nsten Str\u00e4nde mit einer Hintergrund-Kulisse von Kasuarina-B\u00e4umen.<\/p>\n<p><\/center>\n<\/div>\n<\/div>\n","protected":false},"excerpt":{"rendered":"<p>Pauschalreise Mauritius Hotels mit Fr\u00fchst\u00fcck Halbpension All-inclusive an der Nordk\u00fcste, S\u00fcdk\u00fcste, Westk\u00fcste oder Ostk\u00fcste dieser sch\u00f6nen Insel im Indischen Ozean. Pauschalangebote mit Flug Buchungsmaschine g\u00fcnstige Reiseangebote Mauritius Eigene Anreise Ihr Browser kann leider keine eingebetteten Frames anzeigen: Sie k&ouml;nnen die &hellip; <a href=\"https:\/\/reisen-travel.com\/reise-angebote\/pauschalreisen\/afrika\/urlaub-insel-mauritius-hotels\/\">Weiterlesen <span class=\"meta-nav\">&rarr;<\/span><\/a><\/p>\n","protected":false},"author":1,"featured_media":0,"parent":287,"menu_order":1,"comment_status":"closed","ping_status":"open","template":"","meta":{"footnotes":""},"class_list":["post-3220","page","type-page","status-publish","hentry"],"_links":{"self":[{"href":"https:\/\/reisen-travel.com\/reise-angebote\/wp-json\/wp\/v2\/pages\/3220","targetHints":{"allow":["GET"]}}],"collection":[{"href":"https:\/\/reisen-travel.com\/reise-angebote\/wp-json\/wp\/v2\/pages"}],"about":[{"href":"https:\/\/reisen-travel.com\/reise-angebote\/wp-json\/wp\/v2\/types\/page"}],"author":[{"embeddable":true,"href":"https:\/\/reisen-travel.com\/reise-angebote\/wp-json\/wp\/v2\/users\/1"}],"replies":[{"embeddable":true,"href":"https:\/\/reisen-travel.com\/reise-angebote\/wp-json\/wp\/v2\/comments?post=3220"}],"version-history":[{"count":43,"href":"https:\/\/reisen-travel.com\/reise-angebote\/wp-json\/wp\/v2\/pages\/3220\/revisions"}],"predecessor-version":[{"id":11972,"href":"https:\/\/reisen-travel.com\/reise-angebote\/wp-json\/wp\/v2\/pages\/3220\/revisions\/11972"}],"up":[{"embeddable":true,"href":"https:\/\/reisen-travel.com\/reise-angebote\/wp-json\/wp\/v2\/pages\/287"}],"wp:attachment":[{"href":"https:\/\/reisen-travel.com\/reise-angebote\/wp-json\/wp\/v2\/media?parent=3220"}],"curies":[{"name":"wp","href":"https:\/\/api.w.org\/{rel}","templated":true}]}}