{"id":2955,"date":"2016-03-24T23:20:16","date_gmt":"2016-03-24T21:20:16","guid":{"rendered":"https:\/\/reisen-travel.com\/reise-angebote\/?page_id=2955"},"modified":"2018-06-15T16:35:18","modified_gmt":"2018-06-15T14:35:18","slug":"staedtereisen","status":"publish","type":"page","link":"https:\/\/reisen-travel.com\/reise-angebote\/main\/staedtereisen\/","title":{"rendered":"St\u00e4dtereisen"},"content":{"rendered":"<h3>Preiswert Kurzurlaub St\u00e4dtereise in Deutschland Europa Angebote f\u00fcr Einzel Personen so wie Familien Hotel mit Fr\u00fchst\u00fcck Halbpension All-inclusive.<\/h3>\n<div class=\"tabber\">\n<div class=\"tabbertab\">\n<h3>Kurz mal Weg<\/h3>\n<p><iframe loading=\"lazy\" style=\"margin-left:-25px;\" frameborder=\"0\" src=\"https:\/\/www.fitreisen.de\/guenstig\/?c=269_272_278_302&#038;t=25_3_9_15&#038;dmin=2&#038;dmax=3&#038;wl=1&#038;agenturnr=10206670&#038;country=de\u00a4cy=EUR&#038;sub=A-29203-0\" width=\"100%\" height=\"5000\" name=\"Stadtreise\"><\/p>\n<p>Ihr Browser kann leider keine eingebetteten Frames anzeigen:<br \/>\n  Sie k&ouml;nnen die eingebettete Seite &uuml;ber den folgenden Verweis<br \/>\n  aufrufen: <a href=\"https:\/\/www.fitreisen.de\/guenstig\/?c=269_272_278_302&#038;t=25_3_9_15&#038;dmin=2&#038;dmax=3&#038;wl=1&#038;agenturnr=10206670&#038;country=de\u00a4cy=EUR&#038;sub=A-29203-0\">Stadtreise buchen<\/a>\n<\/p>\n<p><\/iframe>\n<\/div>\n<div class=\"tabbertab\">\n<h3>Beauty<\/h3>\n<p><iframe loading=\"lazy\" style=\"margin-left:-15px;\" frameborder=\"0\" src=\"https:\/\/www.travialinks.de\/link\/A-27654-0\/A\/beauty24_allgemein\" width=\"100%\" height=\"5000\" name=\"Beauty Stadtreise\"><\/p>\n<p>Ihr Browser kann leider keine eingebetteten Frames anzeigen:<br \/>\n  Sie k&ouml;nnen die eingebettete Seite &uuml;ber den folgenden Verweis<br \/>\n  aufrufen: <a href=\"https:\/\/www.travialinks.de\/link\/A-27654-0\/A\/beauty24_allgemein\">Stadtreise 2<\/a><\/p>\n<p><\/iframe><\/p>\n<\/div>\n<\/div>\n<div class=\"tabber\">\n<div class=\"tabbertab\">\n<h3>Info<\/h3>\n<\/div>\n<div class=\"tabbertab\">\n<h3>Wetter<\/h3>\n<table border=\"0\">\n<tr>\n<th align=\"left\" valign=\"top\" width=\"200\" height=\"75\">\n<a href=\"https:\/\/www.weatheronline.co.uk\/cgi-bin\/homecif?WMO=10384&#038;L=en&#038;WIDTH=180&#038;HEIGHT=150&#038;CLOUD=1&#038;V=2\" target=\"wetterace1\" id=\"myfavorite\"><\/p>\n<h4>Wetter<\/h4>\n<p><\/a><\/p>\n<hr \/>\n<p><br clear=all\/><\/p>\n<\/th>\n<th align=\"center\" valign=\"top\" width=\"200\"> <center><\/p>\n<h5>Wettervorhersage<\/h5>\n<p><\/center><br \/>\n <br \/><iframe loading=\"lazy\" frameborder=\"0\" width=\"187\" height=\"157\" src=\"https:\/\/www.weatheronline.co.uk\/cgi-bin\/homecif?WMO=10384&#038;L=en&#038;WIDTH=180&#038;HEIGHT=150&#038;CLOUD=1&#038;V=2\" name=\"wetterace1\" scrolling=\"auto\"><\/iframe>\n<\/th>\n<th align=\"right\"  valign=\"top\" width=\"0\"><\/th>\n<\/tr>\n<\/table>\n<p>\n<\/div>\n<div class=\"tabbertab\">\n<h3>Karte<\/h3>\n<div class=\"su-gmap su-u-responsive-media-yes\"><iframe loading=\"lazy\" width=\"500\" height=\"400\" src=\"\/\/maps.google.com\/maps?q=Europa&amp;output=embed\" title=\"\"><\/iframe><\/div>\n<p><font size=\"1\" color=\"#f4eeee\"><br \/>\n<marquee><b>Angebote: 1 Tag, 2 Tage, 3 Tage, 4 Tage, 5 Tage, 6 Tage, 7 Tage, 8 Tage, 9 Tage, 10 Tage, 11 Tage, 12 Tage, 13 Tage, 14 Tage, 15 Tage, 16 Tage, 17 Tage, 18 Tage, 19 Tage, 20 Tage, 21 Tage, 1 Woche, 2 Wochen, 3 Wochen, 4 Wochen, Reiseangebote unter 100 unter 200 unter 300 unter 400 unter 500 Euro 600 unter 700 unter 800, 900, 1000, 1100, bis 1200, bis 1300, bis 1400, bis 1500, bis 1600, bis 1700, bis 1800, bis 1900, bis 2000, bis 2100, bis 2200, bis 2300, bis 2400, bis 2500, bis 2600, bis 2700 Pro Person <\/b><\/marquee><\/font> <\/p>\n<\/div>\n<\/div>\n","protected":false},"excerpt":{"rendered":"<p>Preiswert Kurzurlaub St\u00e4dtereise in Deutschland Europa Angebote f\u00fcr Einzel Personen so wie Familien Hotel mit Fr\u00fchst\u00fcck Halbpension All-inclusive. Kurz mal Weg Ihr Browser kann leider keine eingebetteten Frames anzeigen: Sie k&ouml;nnen die eingebettete Seite &uuml;ber den folgenden Verweis aufrufen: Stadtreise &hellip; <a href=\"https:\/\/reisen-travel.com\/reise-angebote\/main\/staedtereisen\/\">Weiterlesen <span class=\"meta-nav\">&rarr;<\/span><\/a><\/p>\n","protected":false},"author":1,"featured_media":0,"parent":38,"menu_order":0,"comment_status":"closed","ping_status":"open","template":"","meta":{"footnotes":""},"class_list":["post-2955","page","type-page","status-publish","hentry"],"_links":{"self":[{"href":"https:\/\/reisen-travel.com\/reise-angebote\/wp-json\/wp\/v2\/pages\/2955","targetHints":{"allow":["GET"]}}],"collection":[{"href":"https:\/\/reisen-travel.com\/reise-angebote\/wp-json\/wp\/v2\/pages"}],"about":[{"href":"https:\/\/reisen-travel.com\/reise-angebote\/wp-json\/wp\/v2\/types\/page"}],"author":[{"embeddable":true,"href":"https:\/\/reisen-travel.com\/reise-angebote\/wp-json\/wp\/v2\/users\/1"}],"replies":[{"embeddable":true,"href":"https:\/\/reisen-travel.com\/reise-angebote\/wp-json\/wp\/v2\/comments?post=2955"}],"version-history":[{"count":46,"href":"https:\/\/reisen-travel.com\/reise-angebote\/wp-json\/wp\/v2\/pages\/2955\/revisions"}],"predecessor-version":[{"id":9911,"href":"https:\/\/reisen-travel.com\/reise-angebote\/wp-json\/wp\/v2\/pages\/2955\/revisions\/9911"}],"up":[{"embeddable":true,"href":"https:\/\/reisen-travel.com\/reise-angebote\/wp-json\/wp\/v2\/pages\/38"}],"wp:attachment":[{"href":"https:\/\/reisen-travel.com\/reise-angebote\/wp-json\/wp\/v2\/media?parent=2955"}],"curies":[{"name":"wp","href":"https:\/\/api.w.org\/{rel}","templated":true}]}}