{"id":207,"date":"2009-07-28T17:56:04","date_gmt":"2009-07-28T15:56:04","guid":{"rendered":"https:\/\/reisen-travel.com\/reise-angebote\/?page_id=207"},"modified":"2023-03-29T00:51:44","modified_gmt":"2023-03-28T22:51:44","slug":"sport","status":"publish","type":"page","link":"https:\/\/reisen-travel.com\/reise-angebote\/main\/sport\/","title":{"rendered":"Sport"},"content":{"rendered":"<p style=\"text-align: center;\"><strong><span style=\"color: #ff6600;\">W\u00e4hlen Sie unter dem Men\u00fcpunkt <\/span><\/strong> <span style=\"color: #00ccff;\">SPORT<\/span> <strong><span style=\"color: #ff6600;\">links unten aus den verschiedenen Angeboten Abenteuer und Spass Fitness Tennis Fahrradfahren Surfen Golf Wassersport Segeln Squash Wandern Tauchen Schwimmunterricht Reiten Sportangebot f\u00fcr Kinder Fussballtraining Ihre bevorzugte Reiseart aus.<\/span><\/strong><\/p>\n<p><tbe page=\"region\" param-pid=\"A-29203-0\" param-cntry=\" \" param-rgn=\" \" param-ddate=\"3\" param-rdate=\"150\" param-dur=\"7\" param-attr=\"FITNESS,TENNIS,CYCLING,SURFING,GOLF,SAILING,HIKING,DIVING,HORSERIDING\" param-ngn=\"package\"><\/p>\n<div class=\"tbe-loading\"><\/div>\n<p><\/tbe><\/p>\n<div class=\"tbe-loading\"><\/div>\n<p><b>Information zur Online Reise Buchung<\/b><br \/>\ndas geht ganz einfach, geben Sie Ihre gew\u00fcnschten Reisedaten in die Suchmaske ein, wie viele Personen, Abflug, R\u00fcckflug, wie viel Tage, Abflughafen, alle Regionen anklicken und unten in der Suchmaske Ihren Reisezielort klicken und es werden Ihnen die verschiedenen Reisepreise der verschiedenen Reiseveranstalter angezeigt jetzt gew\u00fcnschtes Abflugdatum klicken und Ihre pers\u00f6nlichen Daten eintragen gew\u00fcnschte Zahlungsart evtl. noch eine Reiser\u00fccktrittsversicherung dazu nehmen &#8211; AGB Ihr H\u00e4ckchen machen &#8211; jetzt Drucken anklicken &#8211; Reise anmelden buchen klicken und fertig.<\/p>\n","protected":false},"excerpt":{"rendered":"<p>W\u00e4hlen Sie unter dem Men\u00fcpunkt SPORT links unten aus den verschiedenen Angeboten Abenteuer und Spass Fitness Tennis Fahrradfahren Surfen Golf Wassersport Segeln Squash Wandern Tauchen Schwimmunterricht Reiten Sportangebot f\u00fcr Kinder Fussballtraining Ihre bevorzugte Reiseart aus. Information zur Online Reise Buchung &hellip; <a href=\"https:\/\/reisen-travel.com\/reise-angebote\/main\/sport\/\">Weiterlesen <span class=\"meta-nav\">&rarr;<\/span><\/a><\/p>\n","protected":false},"author":1,"featured_media":0,"parent":38,"menu_order":4,"comment_status":"closed","ping_status":"open","template":"","meta":{"footnotes":""},"class_list":["post-207","page","type-page","status-publish","hentry"],"_links":{"self":[{"href":"https:\/\/reisen-travel.com\/reise-angebote\/wp-json\/wp\/v2\/pages\/207","targetHints":{"allow":["GET"]}}],"collection":[{"href":"https:\/\/reisen-travel.com\/reise-angebote\/wp-json\/wp\/v2\/pages"}],"about":[{"href":"https:\/\/reisen-travel.com\/reise-angebote\/wp-json\/wp\/v2\/types\/page"}],"author":[{"embeddable":true,"href":"https:\/\/reisen-travel.com\/reise-angebote\/wp-json\/wp\/v2\/users\/1"}],"replies":[{"embeddable":true,"href":"https:\/\/reisen-travel.com\/reise-angebote\/wp-json\/wp\/v2\/comments?post=207"}],"version-history":[{"count":11,"href":"https:\/\/reisen-travel.com\/reise-angebote\/wp-json\/wp\/v2\/pages\/207\/revisions"}],"predecessor-version":[{"id":11854,"href":"https:\/\/reisen-travel.com\/reise-angebote\/wp-json\/wp\/v2\/pages\/207\/revisions\/11854"}],"up":[{"embeddable":true,"href":"https:\/\/reisen-travel.com\/reise-angebote\/wp-json\/wp\/v2\/pages\/38"}],"wp:attachment":[{"href":"https:\/\/reisen-travel.com\/reise-angebote\/wp-json\/wp\/v2\/media?parent=207"}],"curies":[{"name":"wp","href":"https:\/\/api.w.org\/{rel}","templated":true}]}}