{"id":12176,"date":"2025-01-07T02:25:14","date_gmt":"2025-01-07T00:25:14","guid":{"rendered":"https:\/\/reisen-travel.com\/reise-angebote\/?page_id=12176"},"modified":"2025-01-07T02:25:14","modified_gmt":"2025-01-07T00:25:14","slug":"airtours-touristik","status":"publish","type":"page","link":"https:\/\/reisen-travel.com\/reise-angebote\/reise-veranstalter\/airtours-touristik\/","title":{"rendered":"Airtours Touristik"},"content":{"rendered":"<h3>Pauschalreise Airtours Urlaub g\u00fcnstig buchen von diesem Veranstalter<\/h3>\n<div class=\"tabber\">\n<div class=\"tabbertab\">\n<h3>Pauschalangebote<\/h3>\n<p><tbe page=\"region\" param-pid=\"A-29203-0\" param-cntry=\" \" param-prtr=\"ATID\" param-ddate=\"3\" param-rdate=\"150\" param-dur=\"7\" param-ngn=\"package\"><\/p>\n<div class=\"tbe-loading\"><\/div>\n<p><\/tbe><br \/>\n<strong>Pauschalreise Pauschalhotel Eigene Anreise Abreise Charterflug<\/strong>\n<\/div>\n<div class=\"tabbertab\">\n<h3>Hotels Eigene Anreise<\/h3>\n<p><iframe loading=\"lazy\" id=\"tbeIFrame\" src=\"https:\/\/tbe.travelsystem.de\/index.html#\/region?ngn=hotel&#038;pid=A-29203-0&#038;cntry=&#038;rgn=&#038;cty=&#038;giata=&#038;iff=&#038;prtr=ATID&#038;ddate=3&#038;rdate=180\" width=\"100%\" height=\"4500\"><\/iframe><br \/>\n<strong>Pauschalhotel<\/strong>\n<\/div>\n<div class=\"tabbertab\">\n<h3>Charterflug<\/h3>\n<p><iframe loading=\"lazy\" id=\"tbeIFrame\" src=\"https:\/\/tbe.travelsystem.de\/index.html#\/region?ngn=flight&#038;pid=A-29203-0&#038;cntry=&#038;rgn=&#038;cty=&#038;prtr=ATIDddate=3&#038;rdate=180&#038;dur=7&#038;giata=&#038;iff=\" width=\"100%\" height=\"4500\"><\/iframe><br \/>\n<strong>Charterflug<\/strong>\n<\/div>\n<\/div>\n<p><center><\/p>\n<h3>Billige Reiseangebote Balearen Mallorca Ibiza Menorca Kanaren Fuerteventura Gran Canaria La Gomera Lanzarote La Palma Teneriffa Spanien Festland Portugal T\u00fcrkei Griechenland Festland Griechische Inseln \u00c4gypten Tunesien Marokko Zypern Deutschland Frankreich Gro\u00dfbritannien Irland Italien Malta Gozo &#038; Comino Kroatien Ungarn \u00d6sterreich Skandinavien D\u00e4nemark Afrika Vereinigte Arabische Emirate Asien Thailand Indien Sri Lanka Indischer Ozean La R\u00e9union Mauritius Seychellen Malediven Karibik Dominikanische Republik Kuba Mexiko Mittelamerika S\u00fcdamerika Kanada USA Kalifornien Strand 1 2 3 4 5 Sterne Hotel Angebote All-inclusive &#8211; Mittelmeer Kreuzfahrt \u00c4g\u00e4is &#8211; <\/h3>\n<p><br\/ ><br\/ ><br \/>\n<strong><em>last-minute Pauschalreise Airtours billig buchen 1 2 3 4 5 Sterne Hotels Reise<\/em><\/strong><br \/>\n<\/center><\/p>\n<div class=\"tabber\">\n<div class=\"tabbertab\">\n<h3>Info<\/h3>\n<\/div>\n<div class=\"tabbertab\">\n<h3>Wetter<\/h3>\n<table border=\"0\">\n<tr>\n<th align=\"left\" valign=\"top\" width=\"200\" height=\"75\">\n<a href=\"https:\/\/www.weatheronline.co.uk\/cgi-bin\/homecif?WMO=10865&#038;L=en&#038;WIDTH=180&#038;HEIGHT=150&#038;CLOUD=1&#038;V=2\" target=\"Angebote\" id=\"myfavorite\" rel=\"noopener\"><\/p>\n<h4>Wetter<\/h4>\n<p><\/a><\/p>\n<hr \/>\n<p><br clear=all><\/p>\n<\/th>\n<th align=\"center\" valign=\"top\" width=\"200\"> <center><\/p>\n<h5>Wettervorhersage<\/h5>\n<p><\/center><\/p>\n<p><iframe loading=\"lazy\" width=\"300\" height=\"300\" src=\"https:\/\/www.weatheronline.co.uk\/cgi-bin\/homecif?WMO=10865&#038;L=en&#038;WIDTH=180&#038;HEIGHT=150&#038;CLOUD=1&#038;V=2\" name=\"Angebote\" scrolling=\"auto\"><\/iframe>\n<\/th>\n<th align=\"right\" valign=\"top\" width=\"0\"><\/th>\n<\/tr>\n<\/tr>\n<\/table>\n<\/div>\n<div class=\"tabbertab\">\n<h3>Kart<\/h3>\n<div class=\"su-gmap su-u-responsive-media-yes\"><iframe loading=\"lazy\" width=\"600\" height=\"400\" src=\"\/\/maps.google.com\/maps?q=Europe&amp;output=embed\" title=\"\"><\/iframe><\/div>\n<p><font size=\"1\" color=\"#f4eeee\"><br \/>\n<marquee><b>Angebote: 1 Tag, 2 Tage, 3 Tage, 4 Tage, 5 Tage, 6 Tage, 7 Tage, 8 Tage, 9 Tage, 10 Tage, 11 Tage, 12 Tage, 13 Tage, 14 Tage, 15 Tage, 16 Tage, 17 Tage, 18 Tage, 19 Tage, 20 Tage, 21 Tage, 1 Woche, 2 Wochen, 3 Wochen, 4 Wochen, Reise unter 100 unter 200 unter 300 unter 400 unter 500 Euro 600 unter 700 unter 800, 900, 1000, 1100, bis 1200, bis 1300, bis 1400, bis 1500, bis 1600, bis 1700, bis 1800, bis 1900, bis 2000, bis 2100, bis 2200, bis 2300, bis 2400, bis 2500, bis 2600, bis 2700 Pro Person <\/b><\/marquee><\/font> <\/p>\n<\/p>\n<\/div>\n<\/div>\n","protected":false},"excerpt":{"rendered":"<p>Pauschalreise Airtours Urlaub g\u00fcnstig buchen von diesem Veranstalter Pauschalangebote Pauschalreise Pauschalhotel Eigene Anreise Abreise Charterflug Hotels Eigene Anreise Pauschalhotel Charterflug Charterflug Billige Reiseangebote Balearen Mallorca Ibiza Menorca Kanaren Fuerteventura Gran Canaria La Gomera Lanzarote La Palma Teneriffa Spanien Festland Portugal &hellip; <a href=\"https:\/\/reisen-travel.com\/reise-angebote\/reise-veranstalter\/airtours-touristik\/\">Weiterlesen <span class=\"meta-nav\">&rarr;<\/span><\/a><\/p>\n","protected":false},"author":4,"featured_media":0,"parent":7526,"menu_order":0,"comment_status":"closed","ping_status":"closed","template":"","meta":{"footnotes":""},"class_list":["post-12176","page","type-page","status-publish","hentry"],"_links":{"self":[{"href":"https:\/\/reisen-travel.com\/reise-angebote\/wp-json\/wp\/v2\/pages\/12176","targetHints":{"allow":["GET"]}}],"collection":[{"href":"https:\/\/reisen-travel.com\/reise-angebote\/wp-json\/wp\/v2\/pages"}],"about":[{"href":"https:\/\/reisen-travel.com\/reise-angebote\/wp-json\/wp\/v2\/types\/page"}],"author":[{"embeddable":true,"href":"https:\/\/reisen-travel.com\/reise-angebote\/wp-json\/wp\/v2\/users\/4"}],"replies":[{"embeddable":true,"href":"https:\/\/reisen-travel.com\/reise-angebote\/wp-json\/wp\/v2\/comments?post=12176"}],"version-history":[{"count":2,"href":"https:\/\/reisen-travel.com\/reise-angebote\/wp-json\/wp\/v2\/pages\/12176\/revisions"}],"predecessor-version":[{"id":12178,"href":"https:\/\/reisen-travel.com\/reise-angebote\/wp-json\/wp\/v2\/pages\/12176\/revisions\/12178"}],"up":[{"embeddable":true,"href":"https:\/\/reisen-travel.com\/reise-angebote\/wp-json\/wp\/v2\/pages\/7526"}],"wp:attachment":[{"href":"https:\/\/reisen-travel.com\/reise-angebote\/wp-json\/wp\/v2\/media?parent=12176"}],"curies":[{"name":"wp","href":"https:\/\/api.w.org\/{rel}","templated":true}]}}