{"id":10277,"date":"2018-10-01T16:25:08","date_gmt":"2018-10-01T14:25:08","guid":{"rendered":"https:\/\/reisen-travel.com\/reise-angebote\/?page_id=10277"},"modified":"2023-06-28T21:19:14","modified_gmt":"2023-06-28T19:19:14","slug":"buchungsanfrage","status":"publish","type":"page","link":"https:\/\/reisen-travel.com\/reise-angebote\/buchungsanfrage\/","title":{"rendered":"Buchungsanfrage"},"content":{"rendered":"<h3>Senden Sie uns eine unverbindliche Buchungsanfrage f\u00fcr Ihren Urlaub Hotel Flug, wir finden das passende Reiseangebot Hotels mit Fr\u00fchst\u00fcck Halbpension All-inclusive Pauschalurlaub Ihre Pauschalreise f\u00fcr Single Paare und Familien.<\/p>\n<h3>\n<iframe loading=\"lazy\" src=\"https:\/\/www.travelsystem.de\/formulare\/allgemein\/offer.php?pid=A-29203-0\" frameborder=\"0\" width=\"100%\" height=\"2000\"><\/iframe><\/p>\n","protected":false},"excerpt":{"rendered":"<p>Senden Sie uns eine unverbindliche Buchungsanfrage f\u00fcr Ihren Urlaub Hotel Flug, wir finden das passende Reiseangebot Hotels mit Fr\u00fchst\u00fcck Halbpension All-inclusive Pauschalurlaub Ihre Pauschalreise f\u00fcr Single Paare und Familien.<\/p>\n","protected":false},"author":4,"featured_media":0,"parent":0,"menu_order":0,"comment_status":"closed","ping_status":"closed","template":"","meta":{"footnotes":""},"class_list":["post-10277","page","type-page","status-publish","hentry"],"_links":{"self":[{"href":"https:\/\/reisen-travel.com\/reise-angebote\/wp-json\/wp\/v2\/pages\/10277","targetHints":{"allow":["GET"]}}],"collection":[{"href":"https:\/\/reisen-travel.com\/reise-angebote\/wp-json\/wp\/v2\/pages"}],"about":[{"href":"https:\/\/reisen-travel.com\/reise-angebote\/wp-json\/wp\/v2\/types\/page"}],"author":[{"embeddable":true,"href":"https:\/\/reisen-travel.com\/reise-angebote\/wp-json\/wp\/v2\/users\/4"}],"replies":[{"embeddable":true,"href":"https:\/\/reisen-travel.com\/reise-angebote\/wp-json\/wp\/v2\/comments?post=10277"}],"version-history":[{"count":3,"href":"https:\/\/reisen-travel.com\/reise-angebote\/wp-json\/wp\/v2\/pages\/10277\/revisions"}],"predecessor-version":[{"id":10280,"href":"https:\/\/reisen-travel.com\/reise-angebote\/wp-json\/wp\/v2\/pages\/10277\/revisions\/10280"}],"wp:attachment":[{"href":"https:\/\/reisen-travel.com\/reise-angebote\/wp-json\/wp\/v2\/media?parent=10277"}],"curies":[{"name":"wp","href":"https:\/\/api.w.org\/{rel}","templated":true}]}}