{"id":100,"date":"2009-07-24T03:16:58","date_gmt":"2009-07-24T01:16:58","guid":{"rendered":"https:\/\/reisen-travel.com\/reise-angebote\/?page_id=100"},"modified":"2011-01-10T13:07:14","modified_gmt":"2011-01-10T11:07:14","slug":"balearen-reisen-lastminute","status":"publish","type":"page","link":"https:\/\/reisen-travel.com\/reise-angebote\/last-minute-reisen\/balearen-reisen-lastminute\/","title":{"rendered":"Balearen Reisen Lastminute"},"content":{"rendered":"<p><img loading=\"lazy\" decoding=\"async\" class=\"alignleft\" style=\" margin: 10px 10px 30px 10px; float: left;\" src=\"https:\/\/reisen-travel.com\/reise-angebote\/wp-content\/uploads\/reise-angebote.gif\" alt=\"Lastminute Balearen\" width=\"20\" height=\"160\" \/><b>Information zur Online Buchung von Lastminute Balearen<br \/>\n<\/b><br \/>\ndas geht ganz einfach, geben Sie Ihre gew\u00fcnschten Reisedaten in die Suchmaske ein, wie viele Personen, Abflug, R\u00fcckflug, wie viel Tage, Abflughafen, alle Regionen anklicken und unten in der Suchmaske Ihren Reisezielort klicken und es werden Ihnen die verschiedenen Reisepreise der verschiedenen Reiseveranstalter angezeigt jetzt gew\u00fcnschtes Abflugdatum klicken und Ihre pers\u00f6nlichen Daten eintragen gew\u00fcnschte Zahlungsart evtl. noch eine Reiser\u00fccktrittsversicherung dazu nehmen &#8211; AGB Ihr H\u00e4ckchen machen &#8211; jetzt Drucken anklicken &#8211; Reise anmelden buchen klicken und fertig.<br \/>\nUm f\u00fcr eine Urlaubsregion alle Angebote auf einen Blick zu erhalten immer \u00dcberbegriff Ausw\u00e4hlen.<\/br><br \/>\n<b>Buchungsmaske Abreise in den n\u00e4chsten 6 Wochen <\/b><\/p>\n<p><iframe loading=\"lazy\" frameborder=\"0\" src=\"https:\/\/comfort.traffics-ibe.com\/tibet.php?cfg=0080010080000000&#038;rmask=1&#038;hmask=1&#038;stp=2&#038;vnd=2&#038;bsd=60&#038;ref=22571&#038;ixp=pauschal&#038;typ=P&#038;epc=2&#038;dsi=PMI,MAH,IBZ&#038;col=weiss-orange\" width=\"620\" height=\"3000\" name=\"SELFHTML_in_a_box\"><\/p>\n<p>Ihr Browser kann leider keine eingebetteten Frames anzeigen:<br \/>\n  Sie k&ouml;nnen die eingebettete Seite &uuml;ber den folgenden Verweis<br \/>\n  aufrufen: <a href=\"https:\/\/comfort.traffics-ibe.com\/tibet.php?cfg=0080010080000000&#038;rmask=1&#038;hmask=1&#038;stp=2&#038;vnd=2&#038;bsd=60&#038;ref=22571&#038;ixp=pauschal&#038;typ=P&#038;epc=2&#038;dsi=PMI,MAH,IBZ&#038;col=weiss-orange\">Hier geht es zur Last-minute Buchug<\/a><\/p>\n<p><\/iframe><\/p>\n","protected":false},"excerpt":{"rendered":"<p>Information zur Online Buchung von Lastminute Balearen das geht ganz einfach, geben Sie Ihre gew\u00fcnschten Reisedaten in die Suchmaske ein, wie viele Personen, Abflug, R\u00fcckflug, wie viel Tage, Abflughafen, alle Regionen anklicken und unten in der Suchmaske Ihren Reisezielort klicken &hellip; <a href=\"https:\/\/reisen-travel.com\/reise-angebote\/last-minute-reisen\/balearen-reisen-lastminute\/\">Weiterlesen <span class=\"meta-nav\">&rarr;<\/span><\/a><\/p>\n","protected":false},"author":1,"featured_media":0,"parent":46,"menu_order":0,"comment_status":"open","ping_status":"open","template":"","meta":{"footnotes":""},"class_list":["post-100","page","type-page","status-publish","hentry"],"_links":{"self":[{"href":"https:\/\/reisen-travel.com\/reise-angebote\/wp-json\/wp\/v2\/pages\/100","targetHints":{"allow":["GET"]}}],"collection":[{"href":"https:\/\/reisen-travel.com\/reise-angebote\/wp-json\/wp\/v2\/pages"}],"about":[{"href":"https:\/\/reisen-travel.com\/reise-angebote\/wp-json\/wp\/v2\/types\/page"}],"author":[{"embeddable":true,"href":"https:\/\/reisen-travel.com\/reise-angebote\/wp-json\/wp\/v2\/users\/1"}],"replies":[{"embeddable":true,"href":"https:\/\/reisen-travel.com\/reise-angebote\/wp-json\/wp\/v2\/comments?post=100"}],"version-history":[{"count":7,"href":"https:\/\/reisen-travel.com\/reise-angebote\/wp-json\/wp\/v2\/pages\/100\/revisions"}],"predecessor-version":[{"id":3116,"href":"https:\/\/reisen-travel.com\/reise-angebote\/wp-json\/wp\/v2\/pages\/100\/revisions\/3116"}],"up":[{"embeddable":true,"href":"https:\/\/reisen-travel.com\/reise-angebote\/wp-json\/wp\/v2\/pages\/46"}],"wp:attachment":[{"href":"https:\/\/reisen-travel.com\/reise-angebote\/wp-json\/wp\/v2\/media?parent=100"}],"curies":[{"name":"wp","href":"https:\/\/api.w.org\/{rel}","templated":true}]}}