{"id":909,"date":"2012-03-01T20:22:35","date_gmt":"2012-03-01T18:22:35","guid":{"rendered":"https:\/\/reisen-travel.com\/fluege\/"},"modified":"2012-03-12T16:44:16","modified_gmt":"2012-03-12T14:44:16","slug":"nigeria-flights","status":"publish","type":"page","link":"https:\/\/reisen-travel.com\/fluege\/flug-de\/afrika-flug-billige-angebote\/nigeria-flights\/","title":{"rendered":"Nigeria"},"content":{"rendered":"<p><img loading=\"lazy\" decoding=\"async\" class=\"alignleft\" style=\" margin: 10px 10px 10px 10px; float: left;\" src=\"https:\/\/reisen-travel.com\/reise-angebote\/wp-content\/uploads\/flug-info-preisvergleich.png\" alt=\"Nigeria Fl\u00fcge billig buchen LOS\" width=\"25\" height=\"25\" \/><center><\/p>\n<h5>Flug von und nach Nigeria Fl\u00fcge finden Sie die g\u00fcnstigsten im Flugpreisvergleich Billigfl\u00fcge, Flugangebote, Billigflieger, Flights im Vergleich von und nach Flughafen Lagos.<\/h5>\n<p><\/center><\/p>\n<div class=\"tabber\">\n<div class=\"tabbertab\">\n<h2>Billigfl\u00fcge<\/h2>\n<table style=\"table-layout:fixed; border:0px solid green; background-color:#ffffff; padding:6px; font-family:Arial,sans-serif; color:maroon; font-size:0.1em\">\n<tr>\n<td style=\"width:25%\"><\/td>\n<td style=\"width:100%\"><a href=\"###\/clients-noh-de\/mev\/results.jsp?clientId=17&#038;type=1&#038;departAllerIata=FRA&#038;arriveeAllerIata=LOS\" target=\"Angebote\" id=\"myfavorite\"><\/p>\n<h3><\/h3>\n<p><\/a><\/td>\n<\/tr>\n<\/table>\n<table border=\"0\">\n<tr>\n<td>\n<iframe loading=\"lazy\" style=\"margin-left:-25px;\" frameborder=\"0\" width=\"1005\" height=\"2990\" scrolling=\"auto\" src=\"###\/clients-noh-de\/mev\/results.jsp?clientId=17&#038;type=1&#038;departAllerIata=FRA&#038;arriveeAllerIata=LOS\" name=\"Angebote\" scrolling=\"auto\"><\/iframe>\n<\/td>\n<\/tr>\n<\/table>\n<p><center><\/p>\n<h5><b><em>Flughafen IATA Code: Abuja, Federal Capital Territory ABV, Benin-Stadt, Edo BNI, Calabar, Cross River \tCBQ, Enugu ENU, Ibadan Oyo IBA, lorin Kwara ILR, Jos Plateau JOS, Kaduna KAD, Kano KAN, Maiduguri Borno MIU, Owerri Imo QOW, Port Harcourt Rivers PHC, Sokoto SKO, Warri Delta QOW, Yola Adamawa YOL<\/em><\/b><\/h5>\n<p><\/center>\n<\/div>\n<div class=\"tabbertab\">\n<h2>Schn\u00e4ppchen<\/h2>\n<p><b>Flugzeugrestpl\u00e4tze von Reiseveranstaltern<\/b><\/p>\n<table style=\"table-layout:fixed; border:0px solid green; background-color:#ffffff; padding:6px; font-family:Arial,sans-serif; color:maroon; font-size:0.1em\">\n<tr>\n<td style=\"width:25%\"><\/td>\n<td style=\"width:100%\"><a href=\"https:\/\/xbe2.travelsystem.de\/xbe.php?XBE=1001&#038;SF=1&#038;AGENT=A-29203-0\" target=\"Angebote\" id=\"myfavorite\"><\/p>\n<h3><\/h3>\n<p><\/a><\/td>\n<\/tr>\n<\/table>\n<table border=\"0\">\n<tr>\n<td>\n<iframe loading=\"lazy\" style=\"margin-left:-25px;\" frameborder=\"0\" width=\"1005\" height=\"2990\" scrolling=\"auto\" src=\"https:\/\/xbe2.travelsystem.de\/xbe.php?XBE=1001&#038;SF=1&#038;AGENT=A-29203-0\" name=\"Angebote\" scrolling=\"auto\"><\/iframe>\n<\/td>\n<\/tr>\n<\/table>\n<\/div>\n<div class=\"tabbertab\">\n<h2>Hotels<\/h2>\n<table style=\"table-layout:fixed; border:0px solid green; background-color:#ffffff; padding:6px; font-family:Arial,sans-serif; color:maroon; font-size:0.1em\">\n<tr>\n<td style=\"width:25%\"><\/td>\n<td style=\"width:100%\"><a href=\"http:\/\/www.hotelscombined.com\/City\/Lagos_Nigeria.htm?a_aid=20836&#038;brandid=34598\" target=\"Angebote\" id=\"myfavorite\"><\/p>\n<h3><\/h3>\n<p><\/a><\/td>\n<\/tr>\n<\/table>\n<table border=\"0\">\n<tr>\n<td>\n<iframe loading=\"lazy\" style=\"margin-left:-25px;\" frameborder=\"0\" width=\"1005\" height=\"2990\" scrolling=\"auto\" src=\"http:\/\/www.hotelscombined.com\/City\/Lagos_Nigeria.htm?a_aid=20836&#038;brandid=34598\" name=\"Angebote\" scrolling=\"auto\"><\/iframe>\n<\/td>\n<\/tr>\n<\/table>\n<\/div>\n<div class=\"tabbertab\">\n<h2>Hotelsuche<\/h2>\n<table border=\"1\" bgcolor=\"#FFFFFF\">\n<table border=\"1\">\n<th align=\"left\"   valign=\"top\" width=\"910\" height=\"3500\"><iframe loading=\"lazy\" frameborder=\"0\" src=\"https:\/\/xbe2.travelsystem.de\/xbe.php?XBE=1001&#038;SF=3&#038;AGENT=A-29203-0\" scrolling=\"auto\" width=\"900\" height=\"3500\" name=\"SELFHTML_in_a_box last-\"><\/p>\n<p>Ihr Browser kann leider keine eingebetteten Frames anzeigen:<br \/>\n  Sie k&ouml;nnen die eingebettete Seite &uuml;ber den folgenden Verweis<br \/>\n  aufrufen: <a href=\"https:\/\/xbe2.travelsystem.de\/xbe.php?XBE=1001&#038;SF=3&#038;AGENT=A-29203-0\">Hier geht es zur Hotel Buchung<\/a><\/iframe><\/th>\n<\/tr>\n<\/table>\n<table border=\"1\">\n<tr>\n<td align=\"right\" valign=\"top\" width=\"150\" height=\"100\">\n<h2 class=\"widgettitle\"><?php\necho \"\n\n<h2>Reiseziele<\/h2>\n<p>&#8222;;<br \/>\necho &#8222;<select id='tagselect' name='tag-dropdown' onchange='document.location.href=this.options[this.selectedIndex].value;'><option selected=\\\"selected\\\" value=''>&#8222;;<br \/>\necho attribute_escape(__(&#8218;Tag w\u00e4hlen:&#8216;));<br \/>\necho &#8222;<\/option>&#8222;;<br \/>\n$posttags = get_terms(&#8218;post_tag&#8216;);<br \/>\nif ($posttags) {<br \/>\n        foreach($posttags as $tag) {<br \/>\n                echo &#8222;<option value='\";\n                echo get_tag_link($tag->term_id);<br \/>\n                echo &#8222;&#8218;>&#8220;;<br \/>\n                echo $tag->name;<br \/>\n                echo &#8222;<\/option>&#8222;;<br \/>\n        }<br \/>\n}<br \/>\necho &#8222;<\/select>&#8222;;<br \/>\n?>\n<\/td>\n<td align=\"left\" valign=\"middle\" width=\"300\" height=\"200\">\n<\/td>\n<\/tr>\n<\/table>\n<\/div>\n<div class=\"tabbertab\">\n<h2>Pauschalangebote<\/h2>\n<table style=\"table-layout:fixed; border:0px solid green; background-color:#ffffff; padding:6px; font-family:Arial,sans-serif; color:maroon; font-size:0.1em\">\n<tr>\n<td style=\"width:25%\"><\/td>\n<td style=\"width:100%\"><a href=\"https:\/\/comfort.traffics-ibe.com\/tibet.php?cfg=0080010080000000&#038;rmask=1&#038;hmask=1&#038;stp=2&#038;vnd=2&#038;bsd=60&#038;ref=22571&#038;ixp=pauschal&#038;typ=P&#038;epc=2&#038;col=weiss-orange\" target=\"Angebote\" id=\"myfavorite\"><\/p>\n<h3><\/h3>\n<p><\/a><\/td>\n<\/tr>\n<\/table>\n<table border=\"0\">\n<tr>\n<td>\n<iframe loading=\"lazy\" style=\"margin-left:-25px;\" frameborder=\"0\" width=\"1005\" height=\"2990\" scrolling=\"auto\" src=\"https:\/\/comfort.traffics-ibe.com\/tibet.php?cfg=0080010080000000&#038;rmask=1&#038;hmask=1&#038;stp=2&#038;vnd=2&#038;bsd=60&#038;ref=22571&#038;ixp=pauschal&#038;typ=P&#038;epc=2&#038;col=weiss-orange\" name=\"Angebote\" scrolling=\"auto\"><\/iframe>\n<\/td>\n<\/tr>\n<\/table>\n<\/div>\n<div class=\"tabbertab\">\n<h3>Wetter<\/h3>\n<table border=\"1\">\n<tr>\n<th align=\"left\"   valign=\"top\" width=\"200\" height=\"75\">\n<a href=\"https:\/\/www.weatheronline.co.uk\/cgi-bin\/homecif?WMO=65201&#038;L=en&#038;WIDTH=180&#038;HEIGHT=150&#038;CLOUD=1&#038;V=2\" target=\"Angebote\" id=\"myfavorite\"><\/p>\n<h4>Wetter<\/h4>\n<p><\/a><\/p>\n<hr>\n<p><br clear=all><\/p>\n<\/th>\n<th align=\"center\" valign=\"top\" width=\"200\"> <center><\/p>\n<h5>Wettervorhersage<\/h5>\n<p><\/center><br \/>\n <br \/><iframe loading=\"lazy\" width=\"300\" height=\"300\" src=\"https:\/\/www.weatheronline.co.uk\/cgi-bin\/homecif?WMO=65201&#038;L=en&#038;WIDTH=180&#038;HEIGHT=150&#038;CLOUD=1&#038;V=2\" name=\"Angebote\" scrolling=\"auto\"><\/iframe>\n<\/th>\n<th align=\"right\"  valign=\"top\" width=\"0\"><\/th>\n<\/tr>\n<\/tr>\n<\/table>\n<\/div>\n<div class=\"tabbertab\">\n<h2>Karte<\/h2>\n<p><center>[mappress]\n<\/center>\n<\/div>\n<div class=\"tabbertab\">\n<h2>Info<\/h2>\n<p><center><br \/>\n<? include (\"https:\/\/reisen-travel.com\/reise-angebote\/reisesuche\/reisepreisvergleich-suchmaschine.php\"); ?><br \/>\n<\/center><\/p>\n<p><font size=\"1\" color=\"#f4eeee\"><br \/>\n<marquee><b>Hotel Reiseangebote: 1 Tag, 2 Tage, 3 Tage, 4 Tage, 5 Tage, 6 Tage, 7 Tage, 8 Tage, 9 Tage, 10 Tage, 11 Tage, 12 Tage, 13 Tage, 14 Tage, 15 Tage, 16 Tage, 17 Tage, 18 Tage, 19 Tage, 20 Tage, 21 Tage, 1 Woche, 2 Wochen, 3 Wochen, 4 Wochen, Sterne, Hotels, Reisen unter 100 unter 200 unter 300 unter 400 unter 500 Euro 600 unter 700 unter 800, 900, 1000, 1100, bis 1200, bis 1300, bis 1400, bis 1500, bis 1600, bis 1700, bis 1800, bis 1900, bis 2000, bis 2100, bis 2200, bis 2300, bis 2400, bis 2500, bis 2600, bis 2700 Pro Person <\/b><\/marquee><\/font> <\/p>\n<\/p>\n<p><font size=\"1\" color=\"#f4eeee\"><br \/>\n<marquee><b>Flughafen Br\u00fcssel Hamburg Moskau Berlin Istanbul Frankfurt London Madrid Kiew Rom Paris Bukarest Minsk Budapest Wien Warsaw Barcelona Charkow Sofia M\u00fcnchen Mailand Prag Belgrad Samara Kasan Birmingham K\u00f6ln Bonn Odessa Ufa Perm Donezk Neapel Turin Stockholm Kopenhagen Marseille Valencia Krakau \u0141\u00f3d\u017a Zagreb Togliatti Krasnodar Sevilla Saragossa Palermo Athen Breslau Tirana Ischewsk Netherlands Rotterdam Genua Stuttgart Oslo Uljanowsk Rjasan Glasgow D\u00fcsseldorf Helsinki Dortmund Essen M\u00e1laga Posen Vilnius Bremen Kopenhagen Dublin Orenburg Dresden Leipzig Hannover G\u00f6teborg Nabereschnyje Tschelny Pensa Mykolajiw N\u00fcrnberg Lipezk Astrachan Karlsruhe Hannover Heidelberg N\u00fcrnberg Jena Gera D\u00fcsseldorf Speyer Venedig Larnaka Riga Sofia Vilnius Tallinn Luxemburg Valletta Bukarest Bratislava Ljubljana Flights \u00d6sterreich Belgien Bulgarien Zypern Tschechische Republik D\u00e4nemark Estland Finnland Frankreich Deutschland Griechenland Ungarn Irland Italien Lettland Litauen Luxemburg Malta Niederlande Portugal Rum\u00e4nien Slowakei Slowenien Spanien Schweden Vereinigtes K\u00f6nigreich England Ibiza Menorca Las Palmas<\/b><\/marquee><\/font> <\/p>\n<\/div>\n<\/div>\n","protected":false},"excerpt":{"rendered":"<p>Flug von und nach Nigeria Fl\u00fcge finden Sie die g\u00fcnstigsten im Flugpreisvergleich Billigfl\u00fcge, Flugangebote, Billigflieger, Flights im Vergleich von und nach Flughafen Lagos. Billigfl\u00fcge Flughafen IATA Code: Abuja, Federal Capital Territory ABV, Benin-Stadt, Edo BNI, Calabar, Cross River CBQ, Enugu &hellip; <a href=\"https:\/\/reisen-travel.com\/fluege\/flug-de\/afrika-flug-billige-angebote\/nigeria-flights\/\">Weiterlesen <span class=\"meta-nav\">&rarr;<\/span><\/a><\/p>\n","protected":false},"author":1,"featured_media":0,"parent":188,"menu_order":6,"comment_status":"closed","ping_status":"open","template":"page-wide.php","meta":{"footnotes":""},"class_list":["post-909","page","type-page","status-publish","hentry"],"_links":{"self":[{"href":"https:\/\/reisen-travel.com\/fluege\/wp-json\/wp\/v2\/pages\/909","targetHints":{"allow":["GET"]}}],"collection":[{"href":"https:\/\/reisen-travel.com\/fluege\/wp-json\/wp\/v2\/pages"}],"about":[{"href":"https:\/\/reisen-travel.com\/fluege\/wp-json\/wp\/v2\/types\/page"}],"author":[{"embeddable":true,"href":"https:\/\/reisen-travel.com\/fluege\/wp-json\/wp\/v2\/users\/1"}],"replies":[{"embeddable":true,"href":"https:\/\/reisen-travel.com\/fluege\/wp-json\/wp\/v2\/comments?post=909"}],"version-history":[{"count":5,"href":"https:\/\/reisen-travel.com\/fluege\/wp-json\/wp\/v2\/pages\/909\/revisions"}],"predecessor-version":[{"id":973,"href":"https:\/\/reisen-travel.com\/fluege\/wp-json\/wp\/v2\/pages\/909\/revisions\/973"}],"up":[{"embeddable":true,"href":"https:\/\/reisen-travel.com\/fluege\/wp-json\/wp\/v2\/pages\/188"}],"wp:attachment":[{"href":"https:\/\/reisen-travel.com\/fluege\/wp-json\/wp\/v2\/media?parent=909"}],"curies":[{"name":"wp","href":"https:\/\/api.w.org\/{rel}","templated":true}]}}