{"id":894,"date":"2012-03-01T16:01:07","date_gmt":"2012-03-01T14:01:07","guid":{"rendered":"https:\/\/reisen-travel.com\/fluege\/"},"modified":"2014-05-19T23:16:34","modified_gmt":"2014-05-19T21:16:34","slug":"marokko-flights","status":"publish","type":"page","link":"https:\/\/reisen-travel.com\/fluege\/flug-de\/afrika-flug-billige-angebote\/marokko-flights\/","title":{"rendered":"Marokko"},"content":{"rendered":"<p><img loading=\"lazy\" decoding=\"async\" class=\"alignleft\" style=\" margin: 10px 10px 10px 10px; float: left;\" src=\"https:\/\/reisen-travel.com\/reise-angebote\/wp-content\/uploads\/flug-info-preisvergleich.png\" alt=\"Marokko Fl\u00fcge billig buchen CMN\" width=\"15\" height=\"15\" \/><center><\/p>\n<h5>Flug von und nach Marokko Fl\u00fcge finden Sie die g\u00fcnstigsten im Flugpreisvergleich Billigfl\u00fcge, Flugangebote, Billigflieger, Flights im Vergleich von und nach Flughafen Casablanca.<\/h5>\n<p><\/center><\/p>\n<div class=\"tabber\">\n<div class=\"tabbertab\">\n<h3>Billigfl\u00fcge<\/h3>\n<p><iframe loading=\"lazy\" style=\"margin-left:-25px;\" frameborder=\"0\" width=\"1005\" height=\"2990\" scrolling=\"auto\" src=\"###\/clients-noh-de\/mev\/results.jsp?clientId=17&#038;type=1&#038;departAllerIata=FRA&#038;arriveeAllerIata=CMN\" name=\"Angebote\" scrolling=\"auto\"><\/p>\n<p>Ihr Browser kann leider keine eingebetteten Frames anzeigen:<br \/>\n  Sie k&ouml;nnen die eingebettete Seite &uuml;ber den folgenden Verweis<br \/>\n  aufrufen: <a href=\"###\/clients-noh-de\/mev\/results.jsp?clientId=17&#038;type=1&#038;departAllerIata=FRA&#038;arriveeAllerIata=CMN\">Pauschal Reisen<\/a><br \/>\n<\/iframe><\/p>\n<p><center><\/p>\n<h5><b><em>Flughafen IATA Code: Agadir AGA Al-Hoceima AHU Marrakesch RAK F\u00e8s FEZ Tanger TNG Rabat RBA Dakhla VIL El Aai\u00fan EUN Nador NDR Ouarzazate OZZ Oujda OUD Tetouan TTU<\/em><\/b><\/h5>\n<p><\/center>\n<\/div>\n<div class=\"tabbertab\">\n<h2>Schn\u00e4ppchen<\/h2>\n<p><b>Flugzeugrestpl\u00e4tze von Reiseveranstaltern<\/b><\/p>\n<p>\n<iframe loading=\"lazy\" style=\"margin-left:-25px;\" frameborder=\"0\" width=\"1005\" height=\"2990\" scrolling=\"auto\" src=\"https:\/\/comfort.traffics-ibe.com\/tibet.php?cfg=0080010080000000&#038;rmask=1&#038;hmask=1&#038;stp=2&#038;vnd=2&#038;bsd=60&#038;ref=22571&#038;ixp=charter&#038;typ=N&#038;epc=2&#038;dsi=AGA,FEZ,RAK&#038;col=weiss-orange\" name=\"Angebote\" scrolling=\"auto\"><\/iframe><\/p>\n<\/div>\n<div class=\"tabbertab\">\n<h2>Hotels<\/h2>\n<p>\n<iframe loading=\"lazy\" style=\"margin-left:-25px;\" frameborder=\"0\" width=\"1005\" height=\"2990\" scrolling=\"auto\" src=\"http:\/\/hotels.1reisen.com\/Place\/Morocco.htm?a_aid=20836&#038;brandid=270470&#038;label=fl\" name=\"Angebote\" scrolling=\"auto\"><\/iframe><\/p>\n<\/div>\n<div class=\"tabbertab\">\n<h2>Hotelsuche<\/h2>\n<table border=\"0\" bgcolor=\"#FFFFFF\">\n<table border=\"0\">\n<th align=\"left\"   valign=\"top\" width=\"910\" height=\"3500\"><iframe loading=\"lazy\" frameborder=\"0\" src=\"https:\/\/xbe2.travelsystem.de\/xbe.php?XBE=1001&#038;SF=3&#038;AGENT=A-29203-0\" scrolling=\"auto\" width=\"900\" height=\"3500\" name=\"SELFHTML_in_a_box last-\"><\/p>\n<p>Ihr Browser kann leider keine eingebetteten Frames anzeigen:<br \/>\n  Sie k&ouml;nnen die eingebettete Seite &uuml;ber den folgenden Verweis<br \/>\n  aufrufen: <a href=\"https:\/\/xbe2.travelsystem.de\/xbe.php?XBE=1001&#038;SF=3&#038;AGENT=A-29203-0\">Hier geht es zur Hotel Buchung<\/a><\/iframe><\/th>\n<\/tr>\n<\/table>\n<\/div>\n<div class=\"tabbertab\">\n<h2>Pauschalangebote<\/h2>\n<p>\n<iframe loading=\"lazy\" style=\"margin-left:-25px;\" frameborder=\"0\" width=\"1005\" height=\"2990\" scrolling=\"auto\" src=\"https:\/\/comfort.traffics-ibe.com\/tibet.php?cfg=0080010080000000&#038;rmask=1&#038;hmask=1&#038;stp=2&#038;vnd=2&#038;bsd=180&#038;ref=22571&#038;ixp=pauschal&#038;typ=P&#038;epc=2&#038;dsi=AGA,FEZ,RAK&#038;col=weiss-orange\" name=\"Angebote\" scrolling=\"auto\"><\/iframe>\n<\/p>\n<\/div>\n<div class=\"tabbertab\">\n<h3>Wetter<\/h3>\n<table border=\"0\">\n<tr>\n<th align=\"left\"   valign=\"top\" width=\"200\" height=\"75\">\n<a href=\"https:\/\/www.weatheronline.co.uk\/cgi-bin\/homecif?WMO=60155&#038;L=en&#038;WIDTH=180&#038;HEIGHT=150&#038;CLOUD=1&#038;V=2\" target=\"Angebote\" id=\"myfavorite\"><\/p>\n<h4>Wetter<\/h4>\n<p><\/a><\/p>\n<hr>\n<p><br clear=all><\/p>\n<\/th>\n<th align=\"center\" valign=\"top\" width=\"200\"> <center><\/p>\n<h5>Wettervorhersage<\/h5>\n<p><\/center><br \/>\n <br \/><iframe loading=\"lazy\" width=\"187\" height=\"157\" src=\"https:\/\/www.weatheronline.co.uk\/cgi-bin\/homecif?WMO=60155&#038;L=en&#038;WIDTH=180&#038;HEIGHT=150&#038;CLOUD=1&#038;V=2\" name=\"Angebote\" scrolling=\"auto\"><\/iframe>\n<\/th>\n<th align=\"right\"  valign=\"top\" width=\"0\"><\/th>\n<\/tr>\n<\/tr>\n<\/table>\n<\/div>\n<div class=\"tabbertab\">\n<h2>Karte<\/h2>\n<p><center><div class=\"su-gmap su-u-responsive-media-yes\"><iframe loading=\"lazy\" width=\"600\" height=\"400\" src=\"\/\/maps.google.com\/maps?q=Airport%20CMN&amp;output=embed\" title=\"\"><\/iframe><\/div>\n<\/center>\n<\/div>\n<div class=\"tabbertab\">\n<h2>Info<\/h2>\n<p><font size=\"1\" color=\"#f4eeee\"><br \/>\n<marquee><b>Hotel Reiseangebote: 1 Tag, 2 Tage, 3 Tage, 4 Tage, 5 Tage, 6 Tage, 7 Tage, 8 Tage, 9 Tage, 10 Tage, 11 Tage, 12 Tage, 13 Tage, 14 Tage, 15 Tage, 16 Tage, 17 Tage, 18 Tage, 19 Tage, 20 Tage, 21 Tage, 1 Woche, 2 Wochen, 3 Wochen, 4 Wochen, Sterne, Hotels, Reisen unter 100 unter 200 unter 300 unter 400 unter 500 Euro 600 unter 700 unter 800, 900, 1000, 1100, bis 1200, bis 1300, bis 1400, bis 1500, bis 1600, bis 1700, bis 1800, bis 1900, bis 2000, bis 2100, bis 2200, bis 2300, bis 2400, bis 2500, bis 2600, bis 2700 Pro Person <\/b><\/marquee><\/font> <\/p>\n<\/p>\n<p><font size=\"1\" color=\"#f4eeee\"><br \/>\n<marquee><b>Flughafen Br\u00fcssel Hamburg Moskau Berlin Istanbul Frankfurt London Madrid Kiew Rom Paris Bukarest Minsk Budapest Wien Warsaw Barcelona Charkow Sofia M\u00fcnchen Mailand Prag Belgrad Samara Kasan Birmingham K\u00f6ln Bonn Odessa Ufa Perm Donezk Neapel Turin Stockholm Kopenhagen Marseille Valencia Krakau \u0141\u00f3d\u017a Zagreb Togliatti Krasnodar Sevilla Saragossa Palermo Athen Breslau Tirana Ischewsk Netherlands Rotterdam Genua Stuttgart Oslo Uljanowsk Rjasan Glasgow D\u00fcsseldorf Helsinki Dortmund Essen M\u00e1laga Posen Vilnius Bremen Kopenhagen Dublin Orenburg Dresden Leipzig Hannover G\u00f6teborg Nabereschnyje Tschelny Pensa Mykolajiw N\u00fcrnberg Lipezk Astrachan Karlsruhe Hannover Heidelberg N\u00fcrnberg Jena Gera D\u00fcsseldorf Speyer Venedig Larnaka Riga Sofia Vilnius Tallinn Luxemburg Valletta Bukarest Bratislava Ljubljana Flights \u00d6sterreich Belgien Bulgarien Zypern Tschechische Republik D\u00e4nemark Estland Finnland Frankreich Deutschland Griechenland Ungarn Irland Italien Lettland Litauen Luxemburg Malta Niederlande Portugal Rum\u00e4nien Slowakei Slowenien Spanien Schweden Vereinigtes K\u00f6nigreich England Ibiza Menorca Las Palmas<\/b><\/marquee><\/font> <\/p>\n<\/div>\n<\/div>\n","protected":false},"excerpt":{"rendered":"<p>Flug von und nach Marokko Fl\u00fcge finden Sie die g\u00fcnstigsten im Flugpreisvergleich Billigfl\u00fcge, Flugangebote, Billigflieger, Flights im Vergleich von und nach Flughafen Casablanca. Billigfl\u00fcge Ihr Browser kann leider keine eingebetteten Frames anzeigen: Sie k&ouml;nnen die eingebettete Seite &uuml;ber den folgenden &hellip; <a href=\"https:\/\/reisen-travel.com\/fluege\/flug-de\/afrika-flug-billige-angebote\/marokko-flights\/\">Weiterlesen <span class=\"meta-nav\">&rarr;<\/span><\/a><\/p>\n","protected":false},"author":1,"featured_media":0,"parent":188,"menu_order":3,"comment_status":"closed","ping_status":"open","template":"","meta":{"footnotes":""},"class_list":["post-894","page","type-page","status-publish","hentry"],"_links":{"self":[{"href":"https:\/\/reisen-travel.com\/fluege\/wp-json\/wp\/v2\/pages\/894","targetHints":{"allow":["GET"]}}],"collection":[{"href":"https:\/\/reisen-travel.com\/fluege\/wp-json\/wp\/v2\/pages"}],"about":[{"href":"https:\/\/reisen-travel.com\/fluege\/wp-json\/wp\/v2\/types\/page"}],"author":[{"embeddable":true,"href":"https:\/\/reisen-travel.com\/fluege\/wp-json\/wp\/v2\/users\/1"}],"replies":[{"embeddable":true,"href":"https:\/\/reisen-travel.com\/fluege\/wp-json\/wp\/v2\/comments?post=894"}],"version-history":[{"count":28,"href":"https:\/\/reisen-travel.com\/fluege\/wp-json\/wp\/v2\/pages\/894\/revisions"}],"predecessor-version":[{"id":1911,"href":"https:\/\/reisen-travel.com\/fluege\/wp-json\/wp\/v2\/pages\/894\/revisions\/1911"}],"up":[{"embeddable":true,"href":"https:\/\/reisen-travel.com\/fluege\/wp-json\/wp\/v2\/pages\/188"}],"wp:attachment":[{"href":"https:\/\/reisen-travel.com\/fluege\/wp-json\/wp\/v2\/media?parent=894"}],"curies":[{"name":"wp","href":"https:\/\/api.w.org\/{rel}","templated":true}]}}