{"id":792,"date":"2012-02-22T22:06:06","date_gmt":"2012-02-22T20:06:06","guid":{"rendered":"https:\/\/reisen-travel.com\/fluege\/"},"modified":"2019-07-10T21:14:32","modified_gmt":"2019-07-10T19:14:32","slug":"flug-preisvergleich-air-tickets","status":"publish","type":"page","link":"https:\/\/reisen-travel.com\/fluege\/flug-de\/flug-preisvergleich-air-tickets\/","title":{"rendered":"Preisvergleich Flugtickets"},"content":{"rendered":"<div class=\"su-row\">\n  <div class=\"su-column su-column-size-1-10\"><div class=\"su-column-inner su-u-clearfix su-u-trim\">&#9992;<\/div><\/div>\n  <div class=\"su-column su-column-size-9-10\"><div class=\"su-column-inner su-u-clearfix su-u-trim\">\n<h3>Fl\u00fcge von und nach Deutschland, findet die g\u00fcnstigsten Fl\u00fcge im Flug-Preisvergleich Billigfl\u00fcge, Flugangebote, Billigflieger im Vergleich.<\/h3>\n<\/div><\/div>\n<\/div>\n<div class=\"tabbertab\">\n<h2>Flugsuchmaschine<\/h2>\n<div\n  data-skyscanner-widget=\"FlightSearchWidget\"\n  data-associate-id=\"AFF_TRA_19354_00001\"  \n  data-locale=\"de-DE\"\n  data-market=\"DE\"\n  data-currency=\"EUR\"\n  data-media-partner-id=\"2891447\"\n  data-ad-id=\"1103262\"\n  data-origin-geo-lookup=\"true\"\n  data-direct-flights=\"true\"\n  data-flight-type=\"return\"\n  data-hide-powered-by=\"true\"\n><\/div>\n<script src=\"https:\/\/widgets.skyscanner.net\/widget-server\/js\/loader.js\" async><\/script>\n\n\n<\/div>\n<\/div>\n","protected":false},"excerpt":{"rendered":"<p>Flugsuchmaschine<\/p>\n","protected":false},"author":1,"featured_media":0,"parent":2,"menu_order":100,"comment_status":"closed","ping_status":"open","template":"","meta":{"footnotes":""},"class_list":["post-792","page","type-page","status-publish","hentry"],"_links":{"self":[{"href":"https:\/\/reisen-travel.com\/fluege\/wp-json\/wp\/v2\/pages\/792","targetHints":{"allow":["GET"]}}],"collection":[{"href":"https:\/\/reisen-travel.com\/fluege\/wp-json\/wp\/v2\/pages"}],"about":[{"href":"https:\/\/reisen-travel.com\/fluege\/wp-json\/wp\/v2\/types\/page"}],"author":[{"embeddable":true,"href":"https:\/\/reisen-travel.com\/fluege\/wp-json\/wp\/v2\/users\/1"}],"replies":[{"embeddable":true,"href":"https:\/\/reisen-travel.com\/fluege\/wp-json\/wp\/v2\/comments?post=792"}],"version-history":[{"count":33,"href":"https:\/\/reisen-travel.com\/fluege\/wp-json\/wp\/v2\/pages\/792\/revisions"}],"predecessor-version":[{"id":2376,"href":"https:\/\/reisen-travel.com\/fluege\/wp-json\/wp\/v2\/pages\/792\/revisions\/2376"}],"up":[{"embeddable":true,"href":"https:\/\/reisen-travel.com\/fluege\/wp-json\/wp\/v2\/pages\/2"}],"wp:attachment":[{"href":"https:\/\/reisen-travel.com\/fluege\/wp-json\/wp\/v2\/media?parent=792"}],"curies":[{"name":"wp","href":"https:\/\/api.w.org\/{rel}","templated":true}]}}