{"id":727,"date":"2013-10-03T20:34:30","date_gmt":"2013-10-03T18:34:30","guid":{"rendered":"https:\/\/reisen-travel.com\/fluege\/"},"modified":"2013-10-09T01:15:04","modified_gmt":"2013-10-08T23:15:04","slug":"singapur-flights","status":"publish","type":"page","link":"https:\/\/reisen-travel.com\/fluege\/flug-de\/asien-flug-billige-angebote\/singapur-flights\/","title":{"rendered":"Singapur"},"content":{"rendered":"<p><img loading=\"lazy\" decoding=\"async\" class=\"alignleft\" style=\" margin: 10px 10px 10px 10px; float: left;\" src=\"https:\/\/reisen-travel.com\/reise-angebote\/wp-content\/uploads\/flug-info-preisvergleich.png\" alt=\"Singapur Fl\u00fcge billig buchen SIN \" width=\"25\" height=\"25\" \/><center><\/p>\n<h5>Flug von und nach Singapur Fl\u00fcge finden Sie die g\u00fcnstigsten im Flugpreisvergleich Billigfl\u00fcge, Flugangebote, Billigflieger, Flights im Vergleich von und nach Flughafen SIN Changi International Airport.<\/h5>\n<p><\/center><\/p>\n<div class=\"tabber\">\n<div class=\"tabbertab\">\n<h2>Billigfl\u00fcge<\/h2>\n<table style=\"table-layout:fixed; border:0px solid green; background-color:#ffffff; padding:6px; font-family:Arial,sans-serif; color:maroon; font-size:0.1em\">\n<tr>\n<td style=\"width:25%\"><\/td>\n<td style=\"width:100%\"><a href=\"###\/clients-noh-de\/mev\/results.jsp?clientId=17&#038;type=1&#038;departAllerIata=FRA&#038;arriveeAllerIata=SIN\" target=\"Angebote\" id=\"myfavorite\"><\/p>\n<h3><\/h3>\n<p><\/a><\/td>\n<\/tr>\n<\/table>\n<table border=\"0\">\n<tr>\n<td>\n<iframe loading=\"lazy\" style=\"margin-left:-25px;\" frameborder=\"0\" width=\"1005\" height=\"2990\" scrolling=\"auto\" src=\"###\/clients-noh-de\/mev\/results.jsp?clientId=17&#038;type=1&#038;departAllerIata=FRA&#038;arriveeAllerIata=SIN\" name=\"Angebote\" scrolling=\"auto\"><\/iframe>\n<\/td>\n<\/tr>\n<\/table>\n<\/div>\n<div class=\"tabbertab\">\n<h2>Schn\u00e4ppchen<\/h2>\n<p><b>Flugzeugrestpl\u00e4tze von Reiseveranstaltern<\/b><\/p>\n<table style=\"table-layout:fixed; border:0px solid green; background-color:#ffffff; padding:6px; font-family:Arial,sans-serif; color:maroon; font-size:0.1em\">\n<tr>\n<td style=\"width:25%\"><\/td>\n<td style=\"width:100%\"><a href=\"https:\/\/xbe2.travelsystem.de\/xbe.php?XBE=1001&#038;SF=1&#038;AGENT=A-29203-0\" target=\"Angebote\" id=\"myfavorite\"><\/p>\n<h3><\/h3>\n<p><\/a><\/td>\n<\/tr>\n<\/table>\n<table border=\"0\">\n<tr>\n<td>\n<iframe loading=\"lazy\" style=\"margin-left:-25px;\" frameborder=\"0\" width=\"1005\" height=\"2990\" scrolling=\"auto\" src=\"https:\/\/xbe2.travelsystem.de\/xbe.php?XBE=1001&#038;SF=1&#038;AGENT=A-29203-0\" name=\"Angebote\" scrolling=\"auto\"><\/iframe>\n<\/td>\n<\/tr>\n<\/table>\n<\/div>\n<div class=\"tabbertab\">\n<h2>Hotels<\/h2>\n<table style=\"table-layout:fixed; border:0px solid green; background-color:#ffffff; padding:6px; font-family:Arial,sans-serif; color:maroon; font-size:0.1em\">\n<tr>\n<td style=\"width:25%\"><\/td>\n<td style=\"width:100%\"><a href=\"http:\/\/www.hotelscombined.com\/City\/Singapore.htm?a_aid=20836&#038;brandid=34598\" target=\"Angebote\" id=\"myfavorite\"><\/p>\n<h3><\/h3>\n<p><\/a><\/td>\n<\/tr>\n<\/table>\n<table border=\"0\">\n<tr>\n<td>\n<iframe loading=\"lazy\" style=\"margin-left:-25px;\" frameborder=\"0\" width=\"1005\" height=\"2990\" scrolling=\"auto\" src=\"http:\/\/www.hotelscombined.com\/City\/Singapore.htm?a_aid=20836&#038;brandid=34598\" name=\"Angebote\" scrolling=\"auto\"><\/iframe>\n<\/td>\n<\/tr>\n<\/table>\n<\/div>\n<div class=\"tabbertab\">\n<h2>Hotelsuche<\/h2>\n<table border=\"1\" bgcolor=\"#FFFFFF\">\n<table border=\"1\">\n<th align=\"left\"   valign=\"top\" width=\"910\" height=\"3500\"><iframe loading=\"lazy\" frameborder=\"0\" src=\"https:\/\/xbe2.travelsystem.de\/xbe.php?XBE=1001&#038;SF=3&#038;AGENT=A-29203-0\" scrolling=\"auto\" width=\"900\" height=\"3500\" name=\"SELFHTML_in_a_box last-\"><\/p>\n<p>Ihr Browser kann leider keine eingebetteten Frames anzeigen:<br \/>\n  Sie k&ouml;nnen die eingebettete Seite &uuml;ber den folgenden Verweis<br \/>\n  aufrufen: <a href=\"https:\/\/xbe2.travelsystem.de\/xbe.php?XBE=1001&#038;SF=3&#038;AGENT=A-29203-0\">Hier geht es zur Hotel Buchung<\/a><\/iframe><\/th>\n<\/tr>\n<\/table>\n<\/div>\n<div class=\"tabbertab\">\n<h2>Pauschalangebote<\/h2>\n<table style=\"table-layout:fixed; border:0px solid green; background-color:#ffffff; padding:6px; font-family:Arial,sans-serif; color:maroon; font-size:0.1em\">\n<tr>\n<td style=\"width:25%\"><\/td>\n<td style=\"width:100%\"><a href=\"https:\/\/comfort.traffics-ibe.com\/tibet.php?cfg=0080010080000000&#038;rmask=1&#038;hmask=1&#038;stp=2&#038;vnd=2&#038;bsd=60&#038;ref=22571&#038;ixp=pauschal&#038;typ=P&#038;epc=2&#038;col=weiss-orange\" target=\"Angebote\" id=\"myfavorite\"><\/p>\n<h3><\/h3>\n<p><\/a><\/td>\n<\/tr>\n<\/table>\n<table border=\"0\">\n<tr>\n<td>\n<iframe loading=\"lazy\" style=\"margin-left:-25px;\" frameborder=\"0\" width=\"1005\" height=\"2990\" scrolling=\"auto\" src=\"https:\/\/comfort.traffics-ibe.com\/tibet.php?cfg=0080010080000000&#038;rmask=1&#038;hmask=1&#038;stp=2&#038;vnd=2&#038;bsd=60&#038;ref=22571&#038;ixp=pauschal&#038;typ=P&#038;epc=2&#038;col=weiss-orange\" name=\"Angebote\" scrolling=\"auto\"><\/iframe>\n<\/td>\n<\/tr>\n<\/table>\n<\/div>\n<div class=\"tabbertab\">\n<h2>Mietwagen<\/h2>\n<h5>Mietwagen g\u00fcnstig buchen im Preisvergleich<\/h5>\n<p><center><\/p>\n<p><iframe loading=\"lazy\" frameborder=\"0\" src=\"https:\/\/www.sunnycars.de\/booking\/entry?ak=183207&#038;ar=A-29203-0\" scrolling=\"auto\" width=\"100%\" height=\"3000\" name=\"Parken_am_Airport\"><\/p>\n<p>Ihr Browser kann leider keine eingebetteten Frames anzeigen:<br \/>\n  Sie k\u00f6nnen die eingebettete Seite \u00f6ber den folgenden Verweis<br \/>\n  aufrufen: <a href=\"https:\/\/www.sunnycars.de\/booking\/entry?ak=183207&#038;ar=A-29203-0\" scrolling=\"auto\"><\/a><\/p>\n<p><\/iframe><br \/>\n<\/center>\n<\/div>\n<div class=\"tabbertab\">\n<h3>Wetter<\/h3>\n<table border=\"1\">\n<tr>\n<th align=\"left\"   valign=\"top\" width=\"200\" height=\"75\">\n<a href=\"https:\/\/www.weatheronline.co.uk\/cgi-bin\/homecif?WMO=48698&#038;L=en&#038;WIDTH=180&#038;HEIGHT=150&#038;CLOUD=1&#038;V=2\" target=\"Angebote\" id=\"myfavorite\"><\/p>\n<h4>Wetter<\/h4>\n<p><\/a><\/p>\n<hr>\n<p><br clear=all><\/p>\n<\/th>\n<th align=\"center\" valign=\"top\" width=\"200\"> <center><\/p>\n<h5>Wettervorhersage<\/h5>\n<p><\/center><br \/>\n <br \/><iframe loading=\"lazy\" width=\"300\" height=\"300\" src=\"https:\/\/www.weatheronline.co.uk\/cgi-bin\/homecif?WMO=48698&#038;L=en&#038;WIDTH=180&#038;HEIGHT=150&#038;CLOUD=1&#038;V=2\" name=\"Angebote\" scrolling=\"auto\"><\/iframe>\n<\/th>\n<th align=\"right\"  valign=\"top\" width=\"0\"><\/th>\n<\/tr>\n<\/tr>\n<\/table>\n<\/div>\n<div class=\"tabbertab\">\n<h2>Karte<\/h2>\n<p><center><div class=\"su-gmap su-u-responsive-media-yes\"><iframe loading=\"lazy\" width=\"600\" height=\"400\" src=\"\/\/maps.google.com\/maps?q=Singapur&amp;output=embed\" title=\"\"><\/iframe><\/div>\n<\/center><\/p>\n<p><font size=\"1\" color=\"#f4eeee\"><br \/>\n<marquee><b>Hotel Reiseangebote: 1 Tag, 2 Tage, 3 Tage, 4 Tage, 5 Tage, 6 Tage, 7 Tage, 8 Tage, 9 Tage, 10 Tage, 11 Tage, 12 Tage, 13 Tage, 14 Tage, 15 Tage, 16 Tage, 17 Tage, 18 Tage, 19 Tage, 20 Tage, 21 Tage, 1 Woche, 2 Wochen, 3 Wochen, 4 Wochen, Sterne, Hotels, Reisen unter 100 unter 200 unter 300 unter 400 unter 500 Euro 600 unter 700 unter 800, 900, 1000, 1100, bis 1200, bis 1300, bis 1400, bis 1500, bis 1600, bis 1700, bis 1800, bis 1900, bis 2000, bis 2100, bis 2200, bis 2300, bis 2400, bis 2500, bis 2600, bis 2700 Pro Person <\/b><\/marquee><\/font> <\/p>\n<\/p>\n<p><font size=\"1\" color=\"#f4eeee\"><br \/>\n<marquee><b>Flughafen Br\u00fcssel Hamburg Moskau Berlin Istanbul Frankfurt London Madrid Kiew Rom Paris Bukarest Minsk Budapest Wien Warsaw Barcelona Charkow Sofia M\u00fcnchen Mailand Prag Belgrad Samara Kasan Birmingham K\u00f6ln Bonn Odessa Ufa Perm Donezk Neapel Turin Stockholm Kopenhagen Marseille Valencia Krakau \u0141\u00f3d\u017a Zagreb Togliatti Krasnodar Sevilla Saragossa Palermo Athen Breslau Tirana Ischewsk Netherlands Rotterdam Genua Stuttgart Oslo Uljanowsk Rjasan Glasgow D\u00fcsseldorf Helsinki Dortmund Essen M\u00e1laga Posen Vilnius Bremen Kopenhagen Dublin Orenburg Dresden Leipzig Hannover G\u00f6teborg Nabereschnyje Tschelny Pensa Mykolajiw N\u00fcrnberg Lipezk Astrachan Karlsruhe Hannover Heidelberg N\u00fcrnberg Jena Gera D\u00fcsseldorf Speyer Venedig Larnaka Riga Sofia Vilnius Tallinn Luxemburg Valletta Bukarest Bratislava Ljubljana Flights \u00d6sterreich Belgien Bulgarien Zypern Tschechische Republik D\u00e4nemark Estland Finnland Frankreich Deutschland Griechenland Ungarn Irland Italien Lettland Litauen Luxemburg Malta Niederlande Portugal Rum\u00e4nien Slowakei Slowenien Spanien Schweden Vereinigtes K\u00f6nigreich England Ibiza Menorca Las Palmas Cheap Flights<\/b><\/marquee><\/font> <\/p>\n<p><b><i> Flugpreise  KLM 611,69 \u20ac, Malaysia Airlines 644,59 \u20ac, China Southern Airlines 651,05 \u20ac, Emirates 653,59 \u20ac, Spezialflug 688,00 \u20ac. Air China 688,80 \u20ac, Egyptair 735,86 \u20ac, Qatar Airways 748,31 \u20ac, China Airlines 766,59 \u20ac, Oman Air 770,59 \u20ac, SriLankan Airlines 781,87 \u20ac, Air France 782,97 \u20ac, Etihad Airways 789,60 \u20ac, Air Berlin 789,60 \u20ac, Singapore Airlines 796,16 \u20ac\n<\/p>\n<p>\n <span onmouseover=\"_tipon(this)\" onmouseout=\"_tipoff()\"><span class=\"fly-src-text\" style=\"direction: ltr; text-align: left\"> <marquee behavior=scroll direction=left><a href = \"https:\/\/reisen-travel.com\/fluege\/ \"> Spanien ES Afghanistan\tAF \u00c4gypten\tEG Albanien\tAL Algerien\tDZ Andorra\tAD Angola\tAO Anguilla\tAI Antarktis\tAQ Antigua  und Barbuda AG \u00c4quatorial GuineaGQ Argentinien AR Armenien AM Aruba AW Aserbaidschan AZ \u00c4thiopien ET Australien AU Bahamas BS Bahrain BH Bangladesh BD Barbados BB Belgien BE Belize BZ Benin BJ Bermudas BM Bhutan BT Birma MM Bolivien BO Bosnien- Herzegowina BA Botswana BW Bouvet Inseln BV Brasilien BR Britisch-Indischer Ozean IO Brunei BN Bulgarien BG Burkina Faso BF Burundi BI Chile CL China CN Christmas Island CX Cook Inseln CK Costa Rica CR D\u00e4nemark DK Deutschland DE Djibuti DJ Dominika DM Dominikanische Republik DO Ecuador EC El Salvador SV Elfenbeink\u00fcste CI Eritrea ER Estland EE Falkland Inseln FK F\u00e4r\u00f6er Inseln\tFO Fidschi\tFJ Finnland\tFI Frankreich FR ranz\u00f6sisch Guyana GF Franz\u00f6sisch Polynesien PF Franz\u00f6sisches S\u00fcd-Territorium TF Gabun GA Gambia GM Georgien GE Ghana GH Gibraltar GI Grenada GD Griechenland GR Gr\u00f6nland GL Gro\u00dfbritannien (UK) GB Guadeloupe GP Guam GU Guatemala GT Guinea GN Guinea Bissau GW Guyana GY Haiti HT Heard und McDonald Islands HM Honduras HN Hong Kong HK Indien IN Indonesien ID Irak IQ Iran IR Irland IE Island IS Israel IL Italien IT Jamaika JM Japan JP Jemen YE Jordanien JO Jugoslawien YU Kaiman Inseln KY Kambodscha KH Kamerun CM Kanada CA Kap Verde CV Kasachstan KZ Kenia KE Kirgisistan KG Kiribati KI Kokosinseln CC Kolumbien CO Komoren KM Kongo CG Kongo Demokratische Republik\tCD Kroatien\tHR Kuba CU Kuwait KW Laos LA Lesotho LS Lettland LV Libanon LB Liberia LR Libyen LY Liechtenstein LI Litauen LT Luxemburg LU Macao MO Madagaskar MG Malawi MW MY Malediven MV Mali ML  Valletta MT Marianen MP Marokko MA Marshall Inseln MH Martinique MQ Mauretanien MR Mauritius MU Mayotte YT Mazedonien MK Mexiko MX Mikronesien FM Mocambique MZ Moldavien MD Monaco MC Mongolei MN Montserrat MS Namibia NA Nauru NR Nepal NP Neukaledonien NC NeuseelandNZ Nicaragua NI Niederlande NL Niederl\u00e4ndische Antillen AN Niger NE Nigeria NG Niue NU Nord Korea KP Norfolk Inseln\tNF Norwegen NO Oman\tOM \u00d6sterreich AT Pakistan PK Pal\u00e4stina PS Palau PW Panama PA Papua Neuguinea PG Paraguay PY Peru PE Philippinen PH Pitcairn PN Polen PL Portugal PT Puerto Rico PR Qatar QA Reunion RE Ruanda RW Rum\u00e4nien RO Ru\u00dfland RU Saint Lucia LC Sambia ZM Samoa AS Samoa WS San Marino SM Sao Tome ST Saudi Arabien SA Schweden SE Schweiz CH Senegal SN Seychellen SC Sierra Leone SL Singapur SG Slowakei -slowakische Republik SK Slowenien SI Solomon Inseln SB Somalia\tSO South Georgia, South Sandwich Isl. GS Spanien ES Sri Lanka LK St. Helena SH St. Pierre und Miquelon PM St. Vincent VC S\u00fcd Korea KR S\u00fcdafrika A Sudan SD Surinam SR Svalbard und Jan Mayen Islands SJ Swasiland SZ Syrien SY Tadschikistan TJ Taiwan TW Tansania TZ Thailand TH Timor TP Togo TG Tokelau TK Tonga TO Trinidad TobagoTT Tschad TD Tschechische Republik CZ Tunesien TN T\u00fcrkei TR Turkmenistan TM Turks und Kaikos Inseln TC Tuvalu TV Uganda UG Ukraine UA Ungarn HU Uruguay UY Usbekistan UZ Vanuatu VU Vatikan VA Venezuela VE Vereinigte Arabische Emirate AE Vereinigte Staaten von Amerika US Vietnam VN Virgin Island (Brit.) VG Virgin Island (USA) VI Wallis et Futuna WF Wei\u00dfru\u00dfland BY Westsahara EH Zentralafrikanische Republik CF Zimbabwe ZW Zypern CY<\/ a><\/marquee> <\/p>\n<p style=\"font-size:8px;\"><\/span><br \/>\n<center>\n<\/div>\n<div class=\"tabbertab\">\n<h2>Info<\/h2>\n<p><br\/ ><br\/ ><br\/ ><\/p>\n<\/div>\n<\/div>\n","protected":false},"excerpt":{"rendered":"<p>Flug von und nach Singapur Fl\u00fcge finden Sie die g\u00fcnstigsten im Flugpreisvergleich Billigfl\u00fcge, Flugangebote, Billigflieger, Flights im Vergleich von und nach Flughafen SIN Changi International Airport. Billigfl\u00fcge Schn\u00e4ppchen Flugzeugrestpl\u00e4tze von Reiseveranstaltern Hotels Hotelsuche Ihr Browser kann leider keine eingebetteten Frames &hellip; <a href=\"https:\/\/reisen-travel.com\/fluege\/flug-de\/asien-flug-billige-angebote\/singapur-flights\/\">Weiterlesen <span class=\"meta-nav\">&rarr;<\/span><\/a><\/p>\n","protected":false},"author":1,"featured_media":0,"parent":175,"menu_order":6,"comment_status":"closed","ping_status":"open","template":"","meta":{"footnotes":""},"class_list":["post-727","page","type-page","status-publish","hentry"],"_links":{"self":[{"href":"https:\/\/reisen-travel.com\/fluege\/wp-json\/wp\/v2\/pages\/727","targetHints":{"allow":["GET"]}}],"collection":[{"href":"https:\/\/reisen-travel.com\/fluege\/wp-json\/wp\/v2\/pages"}],"about":[{"href":"https:\/\/reisen-travel.com\/fluege\/wp-json\/wp\/v2\/types\/page"}],"author":[{"embeddable":true,"href":"https:\/\/reisen-travel.com\/fluege\/wp-json\/wp\/v2\/users\/1"}],"replies":[{"embeddable":true,"href":"https:\/\/reisen-travel.com\/fluege\/wp-json\/wp\/v2\/comments?post=727"}],"version-history":[{"count":13,"href":"https:\/\/reisen-travel.com\/fluege\/wp-json\/wp\/v2\/pages\/727\/revisions"}],"predecessor-version":[{"id":1771,"href":"https:\/\/reisen-travel.com\/fluege\/wp-json\/wp\/v2\/pages\/727\/revisions\/1771"}],"up":[{"embeddable":true,"href":"https:\/\/reisen-travel.com\/fluege\/wp-json\/wp\/v2\/pages\/175"}],"wp:attachment":[{"href":"https:\/\/reisen-travel.com\/fluege\/wp-json\/wp\/v2\/media?parent=727"}],"curies":[{"name":"wp","href":"https:\/\/api.w.org\/{rel}","templated":true}]}}