{"id":624,"date":"2012-01-12T15:49:00","date_gmt":"2012-01-12T13:49:00","guid":{"rendered":"https:\/\/reisen-travel.com\/fluege\/"},"modified":"2019-06-25T15:18:35","modified_gmt":"2019-06-25T13:18:35","slug":"malta-mla-flights","status":"publish","type":"page","link":"https:\/\/reisen-travel.com\/fluege\/flug-de\/europa-flights\/malta-mla-flights\/","title":{"rendered":"Malta"},"content":{"rendered":"<div class=\"su-row\">\n  <div class=\"su-column su-column-size-1-10\"><div class=\"su-column-inner su-u-clearfix su-u-trim\">&#9992;<\/div><\/div>\n  <div class=\"su-column su-column-size-9-10\"><div class=\"su-column-inner su-u-clearfix su-u-trim\">\n<h3>Flug von und nach Malta Fl\u00fcge finden Sie die g\u00fcnstigsten im Flugpreisvergleich Billigfl\u00fcge, Flugangebote, Billigflieger, Flights Flughafen Valletta MLA im Vergleich.<\/h3>\n<\/div><\/div>\n<\/div>\n<div class=\"tabber\">\n<div class=\"tabbertab\">\n<h2>Billigfl\u00fcge<\/h2>\n<div\n  data-skyscanner-widget=\"FlightSearchWidget\"\n  data-associate-id=\"AFF_TRA_19354_00001\"  \n  data-locale=\"de-DE\"\n  data-market=\"DE\"\n  data-currency=\"EUR\"\n  data-media-partner-id=\"2891447\"\n  data-ad-id=\"1103262\"\n  data-origin-geo-lookup=\"true\"\n  data-direct-flights=\"true\"\n  data-flight-type=\"return\"\n  data-hide-powered-by=\"true\"\n><\/div>\n<script src=\"https:\/\/widgets.skyscanner.net\/widget-server\/js\/loader.js\" async><\/script>\n\n\n<\/div>\n<div class=\"tabbertab\">\n<h2>Charterflug<\/h2>\n<p><b>Flugzeugrestpl\u00e4tze Schn\u00e4ppchen von Reiseveranstaltern<\/b><br \/>\n<iframe loading=\"lazy\" frameborder=\"0\" src=\"https:\/\/xbe2.travelsystem.de\/xbe.php?XBE=1001&#038;SF=1&#038;AGENT=A-29203-0&#038;VON=4&#038;LMIN=7&#038;BIS=42&#038;LMAX=7&#038;RA=2&#038;DAUER=7|7&#038;KA1=&#038;KA2=&#038;KA3=&#038;REGION=ML&#038;ZIEL=MLA&#038;PMAX=0&#038;VC=&#038;ST=0&#038;ZA=100&#038;VA=0&#038;CSS[search-background]=E0FFFF&#038;SEARCHS=l\" scrolling=\"auto\" width=\"100%\" height=\"5000\" name=\"charterflugml\"><\/p>\n<p>Ihr Browser kann leider keine eingebetteten Frames anzeigen:<br \/>\n  Sie k&ouml;nnen die eingebettete Seite &uuml;ber den folgenden Verweis<br \/>\n  aufrufen: <a href=\"https:\/\/xbe2.travelsystem.de\/xbe.php?XBE=1001&#038;SF=1&#038;AGENT=A-29203-0&#038;VON=4&#038;LMIN=7&#038;BIS=42&#038;LMAX=7&#038;RA=2&#038;DAUER=7|7&#038;KA1=&#038;KA2=&#038;KA3=&#038;REGION=ML&#038;ZIEL=MLA&#038;PMAX=0&#038;VC=&#038;ST=0&#038;ZA=100&#038;VA=0&#038;CSS[search-background]=E0FFFF&#038;SEARCHS=l\">Charterflug<\/a><\/iframe><\/p>\n<\/div>\n<div class=\"tabbertab\">\n<h2>Hotels<\/h2>\n<p><iframe loading=\"lazy\" style=\"margin-left:-0px;\" frameborder=\"0\" width=\"100%\" height=\"5000\" scrolling=\"auto\" src=\"https:\/\/brands.datahc.com\/City\/Valletta.htm?a_aid=20836&#038;brandid=546147&#038;label=rtcflight\" name=\"Angebote4\" scrolling=\"auto\"><\/iframe><\/p>\n<\/div>\n<div class=\"tabbertab\">\n<h2>Hotelsuche<\/h2>\n<p><iframe loading=\"lazy\" style=\"margin-left:-0px;\" frameborder=\"0\" width=\"100%\" height=\"5000\" scrolling=\"auto\" src=\"https:\/\/xbe2.travelsystem.de\/xbe.php?XBE=1001&#038;SF=3&#038;AGENT=A-29203-0&#038;REGION=ML&#038;ZIEL=MLA&#038;RW=\" name=\"pauschalhotel\" scrolling=\"auto\"><\/iframe>\n<\/div>\n<div class=\"tabbertab\">\n<h2>Pauschalangebote<\/h2>\n<p><iframe loading=\"lazy\" style=\"margin-left:-0px;\" frameborder=\"0\" width=\"100%\" height=\"5000\" scrolling=\"auto\" src=\"https:\/\/xbe2.travelsystem.de\/xbe.php?XBE=1001&#038;SF=2x3x1&#038;AGENT=A-29203-0&#038;REGION=ML&#038;ZIEL=MLA&#038;RW=&#038;CSS[search-background]=E0FFFF&#038;SEARCHS=l\" name=\"pauschalangebotepmi\" scrolling=\"auto\"><\/iframe><\/iframe><\/p>\n<\/div>\n<div class=\"tabbertab\">\n<h3>Wetter<\/h3>\n<table border=\"0\">\n<tr>\n<th align=\"left\" valign=\"top\" width=\"200\" height=\"75\">\n<a href=\"https:\/\/www.weatheronline.co.uk\/cgi-bin\/homecif?WMO=16597&#038;L=en&#038;WIDTH=180&#038;HEIGHT=150&#038;CLOUD=1&#038;V=2\" target=\"Angebote\" id=\"myfavorite\" rel=\"noopener noreferrer\"><\/p>\n<h4>Wetter<\/h4>\n<p><\/a><\/p>\n<hr>\n<p><br clear=all><\/p>\n<\/th>\n<th align=\"center\" valign=\"top\" width=\"200\"> <center><\/p>\n<h5>Wettervorhersage<\/h5>\n<p><\/center><br \/>\n <br \/><iframe loading=\"lazy\" width=\"300\" height=\"300\" src=\"https:\/\/www.weatheronline.co.uk\/cgi-bin\/homecif?WMO=16597&#038;L=en&#038;WIDTH=180&#038;HEIGHT=150&#038;CLOUD=1&#038;V=2\" name=\"Angebote\" scrolling=\"auto\"><\/iframe>\n<\/th>\n<th align=\"right\" valign=\"top\" width=\"0\"><\/th>\n<\/tr>\n<\/tr>\n<\/table>\n<\/div>\n<div class=\"tabbertab\">\n<h2>Karte<\/h2>\n<p><center><div class=\"su-gmap su-u-responsive-media-yes\"><iframe loading=\"lazy\" width=\"600\" height=\"400\" src=\"\/\/maps.google.com\/maps?q=Valletta&amp;output=embed\" title=\"\"><\/iframe><\/div>\n<\/center><\/p>\n<\/div>\n<div class=\"tabbertab\">\n<h2>Info<\/h2>\n<p><font size=\"1\" color=\"#f4eeee\"><br \/>\n<marquee><b>Hotel Reiseangebote: 1 Tag, 2 Tage, 3 Tage, 4 Tage, 5 Tage, 6 Tage, 7 Tage, 8 Tage, 9 Tage, 10 Tage, 11 Tage, 12 Tage, 13 Tage, 14 Tage, 15 Tage, 16 Tage, 17 Tage, 18 Tage, 19 Tage, 20 Tage, 21 Tage, 1 Woche, 2 Wochen, 3 Wochen, 4 Wochen, Sterne, Hotels, Reisen unter 100 unter 200 unter 300 unter 400 unter 500 Euro 600 unter 700 unter 800, 900, 1000, 1100, bis 1200, bis 1300, bis 1400, bis 1500, bis 1600, bis 1700, bis 1800, bis 1900, bis 2000, bis 2100, bis 2200, bis 2300, bis 2400, bis 2500, bis 2600, bis 2700 Pro Person <\/b><\/marquee><\/font> <\/p>\n<\/p>\n<p><\/p>\n<p>Die Insel wird direkt ab Flugh\u00e4fen in deutschsprachigen L\u00e4ndern bedient. Air-Malta fliegt in Codesharing mit Lufthansa zweimal t\u00e4glich ab Frankfurt, ebenfalls zweimal t\u00e4glich ab M\u00fcnchen sowie einmal t\u00e4glich ab D\u00fcsseldorf, Stuttgart, Wien und Z\u00fcrich. Air Berlin fliegt saisonal ab N\u00fcrnberg.<br \/>\nDie Fluggesellschaft bedient weitere Ziele in Europa, Asien und Afrika. Dar\u00fcber hinaus gibt es weitere Linien- und Charterflugverbindungen vor allem nach Europa und Nordafrika.<\/p>\n<p><font size=\"1\" color=\"#f4eeee\"><br \/>\n<marquee><b>Flughafen Br\u00fcssel Hamburg Moskau Berlin Istanbul Frankfurt London Madrid Kiew Rom Paris Bukarest Minsk Budapest Wien Warsaw Barcelona Charkow Sofia M\u00fcnchen Mailand Prag Belgrad Samara Kasan Birmingham K\u00f6ln Bonn Odessa Ufa Perm Donezk Neapel Turin Stockholm Kopenhagen Marseille Valencia Krakau \u0141\u00f3d\u017a Zagreb Togliatti Krasnodar Sevilla Saragossa Palermo Athen Breslau Tirana Ischewsk Netherlands Rotterdam Genua Stuttgart Oslo Uljanowsk Rjasan Glasgow D\u00fcsseldorf Helsinki Dortmund Essen M\u00e1laga Posen Vilnius Bremen Kopenhagen Dublin Orenburg Dresden Leipzig Hannover G\u00f6teborg Nabereschnyje Tschelny Pensa Mykolajiw N\u00fcrnberg Lipezk Astrachan Karlsruhe Hannover Heidelberg N\u00fcrnberg Jena Gera D\u00fcsseldorf Speyer Venedig Larnaka Riga Sofia Vilnius Tallinn Luxemburg Valletta Bukarest Bratislava Ljubljana Flights \u00d6sterreich Belgien Bulgarien Zypern Tschechische Republik D\u00e4nemark Estland Finnland Frankreich Deutschland Griechenland Ungarn Irland Italien Lettland Litauen Luxemburg Malta Niederlande Portugal Rum\u00e4nien Slowakei Slowenien Spanien Schweden Vereinigtes K\u00f6nigreich England Ibiza Menorca Las Palmas<\/b><\/marquee><\/font> <\/p>\n<\/div>\n<\/div>\n","protected":false},"excerpt":{"rendered":"<p>Billigfl\u00fcge Charterflug Flugzeugrestpl\u00e4tze Schn\u00e4ppchen von Reiseveranstaltern Ihr Browser kann leider keine eingebetteten Frames anzeigen: Sie k&ouml;nnen die eingebettete Seite &uuml;ber den folgenden Verweis aufrufen: Charterflug Hotels Hotelsuche Pauschalangebote Wetter Wetter Wettervorhersage Karte Info Hotel Reiseangebote: 1 Tag, 2 Tage, 3 &hellip; <a href=\"https:\/\/reisen-travel.com\/fluege\/flug-de\/europa-flights\/malta-mla-flights\/\">Weiterlesen <span class=\"meta-nav\">&rarr;<\/span><\/a><\/p>\n","protected":false},"author":1,"featured_media":0,"parent":449,"menu_order":6,"comment_status":"closed","ping_status":"open","template":"","meta":{"footnotes":""},"class_list":["post-624","page","type-page","status-publish","hentry"],"_links":{"self":[{"href":"https:\/\/reisen-travel.com\/fluege\/wp-json\/wp\/v2\/pages\/624","targetHints":{"allow":["GET"]}}],"collection":[{"href":"https:\/\/reisen-travel.com\/fluege\/wp-json\/wp\/v2\/pages"}],"about":[{"href":"https:\/\/reisen-travel.com\/fluege\/wp-json\/wp\/v2\/types\/page"}],"author":[{"embeddable":true,"href":"https:\/\/reisen-travel.com\/fluege\/wp-json\/wp\/v2\/users\/1"}],"replies":[{"embeddable":true,"href":"https:\/\/reisen-travel.com\/fluege\/wp-json\/wp\/v2\/comments?post=624"}],"version-history":[{"count":10,"href":"https:\/\/reisen-travel.com\/fluege\/wp-json\/wp\/v2\/pages\/624\/revisions"}],"predecessor-version":[{"id":2326,"href":"https:\/\/reisen-travel.com\/fluege\/wp-json\/wp\/v2\/pages\/624\/revisions\/2326"}],"up":[{"embeddable":true,"href":"https:\/\/reisen-travel.com\/fluege\/wp-json\/wp\/v2\/pages\/449"}],"wp:attachment":[{"href":"https:\/\/reisen-travel.com\/fluege\/wp-json\/wp\/v2\/media?parent=624"}],"curies":[{"name":"wp","href":"https:\/\/api.w.org\/{rel}","templated":true}]}}