{"id":591,"date":"2013-10-07T17:28:37","date_gmt":"2013-10-07T15:28:37","guid":{"rendered":"https:\/\/reisen-travel.com\/fluege\/"},"modified":"2019-06-06T22:13:31","modified_gmt":"2019-06-06T20:13:31","slug":"dubai-dxb-flights","status":"publish","type":"page","link":"https:\/\/reisen-travel.com\/fluege\/flug-de\/vae-flights\/dubai-dxb-flights\/","title":{"rendered":"Dubai"},"content":{"rendered":"<p><img loading=\"lazy\" decoding=\"async\" class=\"alignleft\" style=\" margin: 10px 10px 10px 10px; float: left;\" src=\"https:\/\/reisen-travel.com\/reise-angebote\/wp-content\/uploads\/flug-info-preisvergleich.png\" alt=\"Dubai Fl\u00fcge billig buchen DXB\" width=\"25\" height=\"25\" \/><center><\/p>\n<h5>Flug von und nach Dubai Fl\u00fcge finden Sie die g\u00fcnstigsten im Flugpreisvergleich Billigfl\u00fcge, Flugangebote, Billigflieger, Flights im Vergleich von und nach International Flughafen DXB.<\/h5>\n<p><\/center><\/p>\n<div class=\"tabber\">\n<div class=\"tabbertab\">\n<h2>Billigfl\u00fcge<\/h2>\n<div\n  data-skyscanner-widget=\"FlightSearchWidget\"\n  data-associate-id=\"AFF_TRA_19354_00001\"  \n  data-locale=\"de-DE\"\n  data-market=\"DE\"\n  data-currency=\"EUR\"\n  data-media-partner-id=\"2891447\"\n  data-ad-id=\"1103262\"\n  data-origin-geo-lookup=\"true\"\n  data-direct-flights=\"true\"\n  data-flight-type=\"return\"\n  data-hide-powered-by=\"true\"\n><\/div>\n<script src=\"https:\/\/widgets.skyscanner.net\/widget-server\/js\/loader.js\" async><\/script>\n\n\n<\/div>\n<div class=\"tabbertab\">\n<h2>Schn\u00e4ppchen<\/h2>\n<p><b>Flugzeugrestpl\u00e4tze von Reiseveranstaltern<\/b><\/p>\n<table style=\"table-layout:fixed; border:0px solid green; background-color:#ffffff; padding:6px; font-family:Arial,sans-serif; color:maroon; font-size:0.1em\">\n<tr>\n<td style=\"width:25%\"><\/td>\n<td style=\"width:100%\"><a href=\"http:\/\/www.terracus.net\/lmweb\/iframe.php?maske=flug&#038;CFG=888&#038;VON=1&#038;BIS=60&#038;ZIEL=DXB&#038;AGENT=22571&#038;KA1=&#038;KA2=&#038;KA3=&#038;RA=6&#038;HEIGHT=3500\" target=\"Angebote\" id=\"myfavorite\" rel=\"noopener noreferrer\"><\/p>\n<h3><\/h3>\n<p><\/a><\/td>\n<\/tr>\n<\/table>\n<table border=\"0\">\n<tr>\n<td>\n<iframe loading=\"lazy\" style=\"margin-left:-25px;\" frameborder=\"0\" width=\"1005\" height=\"2990\" scrolling=\"auto\" src=\"http:\/\/www.terracus.net\/lmweb\/iframe.php?maske=flug&#038;CFG=888&#038;VON=1&#038;BIS=60&#038;ZIEL=DXB&#038;AGENT=22571&#038;KA1=&#038;KA2=&#038;KA3=&#038;RA=6&#038;HEIGHT=3500\" name=\"Angebote\" scrolling=\"auto\"><\/iframe>\n<\/td>\n<\/tr>\n<\/table>\n<\/div>\n<div class=\"tabbertab\">\n<h2>Hotels<\/h2>\n<table style=\"table-layout:fixed; border:0px solid green; background-color:#ffffff; padding:6px; font-family:Arial,sans-serif; color:maroon; font-size:0.1em\">\n<tr>\n<td style=\"width:25%\"><\/td>\n<td style=\"width:100%\"><a href=\"http:\/\/www.hotelscombined.com\/City\/Dubai.htm?a_aid=20836&#038;brandid=34598\" target=\"Angebote\" id=\"myfavorite\" rel=\"noopener noreferrer\"><\/p>\n<h3><\/h3>\n<p><\/a><\/td>\n<\/tr>\n<\/table>\n<table border=\"0\">\n<tr>\n<td>\n<iframe loading=\"lazy\" style=\"margin-left:-25px;\" frameborder=\"0\" width=\"1005\" height=\"2990\" scrolling=\"auto\" src=\"http:\/\/www.hotelscombined.com\/City\/Dubai.htm?a_aid=20836&#038;brandid=34598\" name=\"Angebote\" scrolling=\"auto\"><\/iframe>\n<\/td>\n<\/tr>\n<\/table>\n<\/div>\n<div class=\"tabbertab\">\n<h2>Hotelsuche<\/h2>\n<table border=\"1\" bgcolor=\"#FFFFFF\">\n<table border=\"1\">\n<th align=\"left\"   valign=\"top\" width=\"910\" height=\"3500\"><iframe loading=\"lazy\" frameborder=\"0\" src=\"https:\/\/xbe2.travelsystem.de\/xbe.php?XBE=1001&#038;SF=3&#038;AGENT=A-29203-0\" scrolling=\"auto\" width=\"900\" height=\"3500\" name=\"SELFHTML_in_a_box last-\"><\/p>\n<p>Ihr Browser kann leider keine eingebetteten Frames anzeigen:<br \/>\n  Sie k&ouml;nnen die eingebettete Seite &uuml;ber den folgenden Verweis<br \/>\n  aufrufen: <a href=\"https:\/\/xbe2.travelsystem.de\/xbe.php?XBE=1001&#038;SF=3&#038;AGENT=A-29203-0\">Hier geht es zur Hotel Buchung<\/a><\/iframe><\/th>\n<\/tr>\n<\/table>\n<\/div>\n<div class=\"tabbertab\">\n<h2>Pauschalangebote<\/h2>\n<table style=\"table-layout:fixed; border:0px solid green; background-color:#ffffff; padding:6px; font-family:Arial,sans-serif; color:maroon; font-size:0.1em\">\n<tr>\n<td style=\"width:25%\"><\/td>\n<td style=\"width:100%\"><a href=\"https:\/\/comfort.traffics-ibe.com\/tibet.php?cfg=0080010080000000&#038;rmask=1&#038;hmask=1&#038;stp=2&#038;vnd=2&#038;bsd=60&#038;ref=22571&#038;ixp=pauschal&#038;typ=P&#038;epc=2&#038;dsi=DXB&#038;col=weiss-orange\" target=\"Angebote\" id=\"myfavorite\" rel=\"noopener noreferrer\"><\/p>\n<h3><\/h3>\n<p><\/a><\/td>\n<\/tr>\n<\/table>\n<table border=\"0\">\n<tr>\n<td>\n<iframe loading=\"lazy\" style=\"margin-left:-25px;\" frameborder=\"0\" width=\"1005\" height=\"2990\" scrolling=\"auto\" src=\"https:\/\/comfort.traffics-ibe.com\/tibet.php?cfg=0080010080000000&#038;rmask=1&#038;hmask=1&#038;stp=2&#038;vnd=2&#038;bsd=60&#038;ref=22571&#038;ixp=pauschal&#038;typ=P&#038;epc=2&#038;dsi=DXB&#038;col=weiss-orange\" name=\"Angebote\" scrolling=\"auto\"><\/iframe>\n<\/td>\n<\/tr>\n<\/table>\n<\/div>\n<div class=\"tabbertab\">\n<h2>Mietwagen<\/h2>\n<h5>Mietwagen g\u00fcnstig buchen im Preisvergleich<\/h5>\n<p><center><\/p>\n<p><iframe loading=\"lazy\" frameborder=\"0\" src=\"https:\/\/www.sunnycars.de\/booking\/entry?ak=183207&#038;ar=A-29203-0\" scrolling=\"auto\" width=\"100%\" height=\"3000\" name=\"Parken_am_Airport\"><\/p>\n<p>Ihr Browser kann leider keine eingebetteten Frames anzeigen:<br \/>\n  Sie k\u00f6nnen die eingebettete Seite \u00f6ber den folgenden Verweis<br \/>\n  aufrufen: <a href=\"https:\/\/www.sunnycars.de\/booking\/entry?ak=183207&#038;ar=A-29203-0\" scrolling=\"auto\"><\/a><\/p>\n<p><\/iframe><br \/>\n<\/center>\n<\/div>\n<div class=\"tabbertab\">\n<h3>Wetter<\/h3>\n<table border=\"1\">\n<tr>\n<th align=\"left\"   valign=\"top\" width=\"200\" height=\"75\">\n<a href=\"https:\/\/www.weatheronline.co.uk\/cgi-bin\/homecif?WMO=41194&#038;L=en&#038;WIDTH=180&#038;HEIGHT=150&#038;CLOUD=1&#038;V=2\" target=\"Angebote\" id=\"myfavorite\" rel=\"noopener noreferrer\"><\/p>\n<h4>Wetter<\/h4>\n<p><\/a><\/p>\n<hr>\n<p><br clear=all><\/p>\n<\/th>\n<th align=\"center\" valign=\"top\" width=\"200\"> <center><\/p>\n<h5>Wettervorhersage<\/h5>\n<p><\/center><br \/>\n <br \/><iframe loading=\"lazy\" width=\"300\" height=\"300\" src=\"https:\/\/www.weatheronline.co.uk\/cgi-bin\/homecif?WMO=41194&#038;L=en&#038;WIDTH=180&#038;HEIGHT=150&#038;CLOUD=1&#038;V=2\" name=\"Angebote\" scrolling=\"auto\"><\/iframe>\n<\/th>\n<th align=\"right\"  valign=\"top\" width=\"0\"><\/th>\n<\/tr>\n<\/tr>\n<\/table>\n<\/div>\n<div class=\"tabbertab\">\n<h2>Karte<\/h2>\n<p><center><div class=\"su-gmap su-u-responsive-media-yes\"><iframe loading=\"lazy\" width=\"600\" height=\"400\" src=\"\/\/maps.google.com\/maps?q=Dubai&amp;output=embed\" title=\"\"><\/iframe><\/div>\n<\/center><\/p>\n<p><font size=\"1\" color=\"#f4eeee\"><br \/>\n<marquee><b>Hotel Reiseangebote: 1 Tag, 2 Tage, 3 Tage, 4 Tage, 5 Tage, 6 Tage, 7 Tage, 8 Tage, 9 Tage, 10 Tage, 11 Tage, 12 Tage, 13 Tage, 14 Tage, 15 Tage, 16 Tage, 17 Tage, 18 Tage, 19 Tage, 20 Tage, 21 Tage, 1 Woche, 2 Wochen, 3 Wochen, 4 Wochen, Sterne, Hotels, Reisen unter 100 unter 200 unter 300 unter 400 unter 500 Euro 600 unter 700 unter 800, 900, 1000, 1100, bis 1200, bis 1300, bis 1400, bis 1500, bis 1600, bis 1700, bis 1800, bis 1900, bis 2000, bis 2100, bis 2200, bis 2300, bis 2400, bis 2500, bis 2600, bis 2700 Pro Person <\/b><\/marquee><\/font> <\/p>\n<\/p>\n<p>\nDer Flughafen ist Sitz von Emirates, der internationalen Fluggesellschaft des Emirates, und dient dieser als Hub in ihrem Streckennetz.<br \/>\nIm Jahr 2007 er\u00f6ffnete die kuwaitische Fluggesellschaft Jazeera Airways ein Drehkreuz und war so die erste stationierte Billigfluggesellschaft.<br \/>\nBis Ende der 1980er Jahre war es nicht m\u00f6glich, Non-Stopp Fl\u00fcge zwischen Europa und Fernost durchzuf\u00fchren, da westliche Fluggesellschaften weder das Territorium der damaligen UdSSR \u00fcberfliegen durften, noch Flugzeuge mit ausreichender Reichweite zur Verf\u00fcgung standen.  Heute verbinden alle gr\u00f6\u00dferen westeurop\u00e4ischen Fluggesellschaften ihre Drehkreuze mit dem Emirat, fliegen allerdings von dort kaum noch weitere Ziele an. Analog gilt dies auch f\u00fcr Fluggesellschaften aus dem Fernen Osten.<\/p>\n<p>Beispiele f\u00fcr \u00fcberwiegend seit Jahrzehnten in Dubai aktive, westeurop\u00e4ische Fluggesellschaften und deren angebundene Hubs sind Air France (Paris), Austrian Airlines (Wien), British Airways (London), KLM (Amsterdam), Lufthansa (Frankfurt, M\u00fcnchen) und Swiss bzw. Swissair (Z\u00fcrich). Mittlerweile sind auch Fluggesellschaften vom Gebiet des ehemaligen Ostblocks aus aktiv, beispielsweise bietet die rum\u00e4nische Tarom Linienfl\u00fcge auf der Strecke Bukarest-Dubai an und seit 2010 bedient Air Berlin die Strecke Berlin-Dubai<\/p>\n<p><font size=\"1\" color=\"#f4eeee\"><br \/>\n<marquee><b>Flughafen Br\u00fcssel Hamburg Moskau Berlin Istanbul Frankfurt London Madrid Kiew Rom Paris Bukarest Minsk Budapest Wien Warsaw Barcelona Charkow Sofia M\u00fcnchen Mailand Prag Belgrad Samara Kasan Birmingham K\u00f6ln Bonn Odessa Ufa Perm Donezk Neapel Turin Stockholm Kopenhagen Marseille Valencia Krakau \u0141\u00f3d\u017a Zagreb Togliatti Krasnodar Sevilla Saragossa Palermo Athen Breslau Tirana Ischewsk Netherlands Rotterdam Genua Stuttgart Oslo Uljanowsk Rjasan Glasgow D\u00fcsseldorf Helsinki Dortmund Essen M\u00e1laga Posen Vilnius Bremen Kopenhagen Dublin Orenburg Dresden Leipzig Hannover G\u00f6teborg Nabereschnyje Tschelny Pensa Mykolajiw N\u00fcrnberg Lipezk Astrachan Karlsruhe Hannover Heidelberg N\u00fcrnberg Jena Gera D\u00fcsseldorf Speyer Venedig Larnaka Riga Sofia Vilnius Tallinn Luxemburg Valletta Bukarest Bratislava Ljubljana Flights \u00d6sterreich Belgien Bulgarien Zypern Tschechische Republik D\u00e4nemark Estland Finnland Frankreich Deutschland Griechenland Ungarn Irland Italien Lettland Litauen Luxemburg Malta Niederlande Portugal Rum\u00e4nien Slowakei Slowenien Spanien Schweden Vereinigtes K\u00f6nigreich England Ibiza Menorca Las Palmas<\/b><\/marquee><\/font> <\/p>\n<\/div>\n<div class=\"tabbertab\">\n<h2>Info<\/h2>\n<p><br\/ ><br\/ ><br\/ ><\/p>\n<\/div>\n<\/div>\n","protected":false},"excerpt":{"rendered":"<p>Flug von und nach Dubai Fl\u00fcge finden Sie die g\u00fcnstigsten im Flugpreisvergleich Billigfl\u00fcge, Flugangebote, Billigflieger, Flights im Vergleich von und nach International Flughafen DXB. Billigfl\u00fcge Schn\u00e4ppchen Flugzeugrestpl\u00e4tze von Reiseveranstaltern Hotels Hotelsuche Ihr Browser kann leider keine eingebetteten Frames anzeigen: Sie &hellip; <a href=\"https:\/\/reisen-travel.com\/fluege\/flug-de\/vae-flights\/dubai-dxb-flights\/\">Weiterlesen <span class=\"meta-nav\">&rarr;<\/span><\/a><\/p>\n","protected":false},"author":1,"featured_media":0,"parent":398,"menu_order":1,"comment_status":"closed","ping_status":"open","template":"","meta":{"footnotes":""},"class_list":["post-591","page","type-page","status-publish","hentry"],"_links":{"self":[{"href":"https:\/\/reisen-travel.com\/fluege\/wp-json\/wp\/v2\/pages\/591","targetHints":{"allow":["GET"]}}],"collection":[{"href":"https:\/\/reisen-travel.com\/fluege\/wp-json\/wp\/v2\/pages"}],"about":[{"href":"https:\/\/reisen-travel.com\/fluege\/wp-json\/wp\/v2\/types\/page"}],"author":[{"embeddable":true,"href":"https:\/\/reisen-travel.com\/fluege\/wp-json\/wp\/v2\/users\/1"}],"replies":[{"embeddable":true,"href":"https:\/\/reisen-travel.com\/fluege\/wp-json\/wp\/v2\/comments?post=591"}],"version-history":[{"count":11,"href":"https:\/\/reisen-travel.com\/fluege\/wp-json\/wp\/v2\/pages\/591\/revisions"}],"predecessor-version":[{"id":2228,"href":"https:\/\/reisen-travel.com\/fluege\/wp-json\/wp\/v2\/pages\/591\/revisions\/2228"}],"up":[{"embeddable":true,"href":"https:\/\/reisen-travel.com\/fluege\/wp-json\/wp\/v2\/pages\/398"}],"wp:attachment":[{"href":"https:\/\/reisen-travel.com\/fluege\/wp-json\/wp\/v2\/media?parent=591"}],"curies":[{"name":"wp","href":"https:\/\/api.w.org\/{rel}","templated":true}]}}