{"id":405,"date":"2011-11-30T16:57:42","date_gmt":"2011-11-30T14:57:42","guid":{"rendered":"https:\/\/reisen-travel.com\/fluege\/"},"modified":"2018-07-25T18:35:26","modified_gmt":"2018-07-25T16:35:26","slug":"namibia-flights","status":"publish","type":"page","link":"https:\/\/reisen-travel.com\/fluege\/flug-de\/afrika-flug-billige-angebote\/namibia-flights\/","title":{"rendered":"Namibia"},"content":{"rendered":"<div class=\"su-row\">\n  <div class=\"su-column su-column-size-1-10\"><div class=\"su-column-inner su-u-clearfix su-u-trim\">&#9992;<\/div><\/div>\n  <div class=\"su-column su-column-size-9-10\"><div class=\"su-column-inner su-u-clearfix su-u-trim\">\n<h3>Flug von und nach Namibia Fl\u00fcge finden Sie die g\u00fcnstigsten im Flugpreisvergleich Billigfl\u00fcge, Flug-Angebote, Billigflieger im Vergleich nach Windhoek WDH.<\/h3>\n<\/div><\/div>\n<\/div>\n<div class=\"tabber\">\n<div class=\"tabbertab\">\n<h2>Linienfl\u00fcge<\/h2>\n<p><meta name=\"originLocation\" content=\"Windhoek (WDH)\"\/><\/p>\n<div data-skyscanner-widget=\"SearchWidget\" data-destination-name=\"'Frankfurt'\" data-origin-name=\"document.querySelector('meta[name=originLocation]').content\" data-locale=\"de-DE\" data-currency=\"EUR\" data-affiliate=\"network:TDBL;publisher:3038541;market:DE\"><\/div>\n<p><script src=\"https:\/\/widgets.skyscanner.net\/widget-server\/js\/loader.js\" async><\/script>\n<\/div>\n<div class=\"tabbertab\">\n<h2>Charterfl\u00fcge<\/h2>\n<p><b>Flugzeugrestpl\u00e4tze von Reiseveranstaltern<\/b><br \/>\n<iframe loading=\"lazy\" style=\"margin-left:-0px;\" frameborder=\"0\" width=\"100%\" height=\"4000\" scrolling=\"auto\" src=\"https:\/\/xbe2.travelsystem.de\/xbe.php?XBE=1001&#038;SF=1&#038;AGENT=A-29203-0&#038;REGION=AF&#038;ZIEL=WDH&#038;CSS[search-background]=E0FFFF&#038;SEARCHS=l&#038;SEARCHS=l&#038;CSS[toolbar-background]=066393&#038;CSS[button-background]=22DDDD&#038;CSS[price]=695360\" name=\"charterflug0af\" scrolling=\"auto\"><\/iframe><\/p>\n<\/div>\n<div class=\"tabbertab\">\n<h2>Hotels<\/h2>\n<p><iframe loading=\"lazy\" style=\"margin-left:-0px;\" frameborder=\"0\" width=\"100%\" height=\"4000\" scrolling=\"auto\" src=\"https:\/\/brands.datahc.com\/?a_aid=20836&#038;brandid=546147&#038;label=rtcflight\" name=\"hotelsuche0af\" scrolling=\"auto\"><\/iframe>\n<\/div>\n<div class=\"tabbertab\">\n<h3>Parkpl\u00e4tze<\/h3>\n<p><iframe loading=\"lazy\" src=\"https:\/\/secure.holidayextras.de\/travianet?custref=A-29203-0\" name=\"parkpl\u00e4tze0rlg\" frameborder=\"0\" width=\"100%\" height=\"4000\"><\/iframe>\n<\/div>\n<div class=\"tabbertab\">\n<h2>Mietwagen<\/h2>\n<h5>Billiger Mietwagen g\u00fcnstig buchen im Preisvergleich<\/h5>\n<p><center><\/p>\n<p><iframe loading=\"lazy\" frameborder=\"0\" src=\"https:\/\/www.sunnycars.de\/booking\/entry?ak=384996&#038;ar=A-29203-0\" scrolling=\"auto\" width=\"100%\" height=\"5000\" name=\"Mietwagen_am_Airport0af\"><\/p>\n<p>Ihr Browser kann leider keine eingebetteten Frames anzeigen:<br \/>\n  Sie k\u00f6nnen die eingebettete Seite \u00f6ber den folgenden Verweis<br \/>\n  aufrufen: <a href=\"https:\/\/www.sunnycars.de\/booking\/entry?ak=384996&#038;ar=A-29203-0\" scrolling=\"auto\"><\/a><\/p>\n<p><\/iframe><br \/>\n<\/center>\n<\/div>\n<\/div>\n<div class=\"tabber\">\n<div class=\"tabbertab\">\n<h3>Wetter<\/h3>\n<table border=\"0\">\n<tr>\n<th align=\"left\" valign=\"top\" width=\"200\" height=\"75\">\n<a href=\"https:\/\/www.weatheronline.co.uk\/cgi-bin\/homecif?WMO=68110&#038;L=en&#038;WIDTH=180&#038;HEIGHT=150&#038;CLOUD=1&#038;V=2\" target=\"Angebote\" id=\"myfavorite\"><\/p>\n<h4>Wetter<\/h4>\n<p><\/a><\/p>\n<hr>\n<p><br clear=all><\/p>\n<\/th>\n<th align=\"center\" valign=\"top\" width=\"200\"> <center><\/p>\n<h5>Wettervorhersage<\/h5>\n<p><\/center><br \/>\n <br \/><iframe loading=\"lazy\" width=\"300\" height=\"300\" src=\"https:\/\/www.weatheronline.co.uk\/cgi-bin\/homecif?WMO=68110&#038;L=en&#038;WIDTH=180&#038;HEIGHT=150&#038;CLOUD=1&#038;V=2\" name=\"Angebote\" scrolling=\"auto\"><\/iframe>\n<\/th>\n<th align=\"right\"  valign=\"top\" width=\"0\"><\/th>\n<\/tr>\n<\/tr>\n<\/table>\n<\/div>\n<div class=\"tabbertab\">\n<h2>Karte<\/h2>\n<p><center><div class=\"su-gmap su-u-responsive-media-yes\"><iframe loading=\"lazy\" width=\"600\" height=\"400\" src=\"\/\/maps.google.com\/maps?q=Namibia&amp;output=embed\" title=\"\"><\/iframe><\/div>\n<\/center><\/p>\n<p><font size=\"1\" color=\"#f4eeee\"><br \/>\n<marquee><b>Hotel Reiseangebote: 1 Tag, 2 Tage, 3 Tage, 4 Tage, 5 Tage, 6 Tage, 7 Tage, 8 Tage, 9 Tage, 10 Tage, 11 Tage, 12 Tage, 13 Tage, 14 Tage, 15 Tage, 16 Tage, 17 Tage, 18 Tage, 19 Tage, 20 Tage, 21 Tage, 1 Woche, 2 Wochen, 3 Wochen, 4 Wochen, Sterne, Hotels, Reisen unter 100 unter 200 unter 300 unter 400 unter 500 Euro 600 unter 700 unter 800, 900, 1000, 1100, bis 1200, bis 1300, bis 1400, bis 1500, bis 1600, bis 1700, bis 1800, bis 1900, bis 2000, bis 2100, bis 2200, bis 2300, bis 2400, bis 2500, bis 2600, bis 2700 Pro Person <\/b><\/marquee><\/font> <\/p>\n<\/p>\n<p><font size=\"1\" color=\"#f4eeee\"><br \/>\n<marquee><b>Flughafen Adelaide ADL, Ballina BNK, Brisbane BNE, Broome BME, Cairns CNS, Canberra CBR, Darwin  DIA, Gold Coast OOL, Hobart HBA, Launceston LST, Mackay MKY, Melbourne MEL, Newcastle NTL, Perth PER, Rockhampton ROK, SYD, Sunshine Coast MCY,Townsville TSV, Airport Whitsunday PPP, Hamburg Moskau Berlin Istanbul Frankfurt London Madrid Kiew Rom Paris Bukarest Minsk Budapest Wien Warschau Barcelona Charkow Sofia M\u00fcnchen Mailand Prag Belgrad Samara Kasan Birmingham K\u00f6ln Odessa Ufa Perm Donezk Neapel Turin Stockholm Marseille Valencia Amsterdam Krakau \u0141\u00f3d\u017a Zagreb Togliatti Krasnodar Sevilla Riga Saragossa Palermo Athen Breslau Tirana Ischewsk Rotterdam Genua Stuttgart Oslo Uljanowsk Rjasan Glasgow D\u00fcsseldorf Helsinki Dortmund Essen M\u00e1laga Posen Vilnius Bremen Kopenhagen Dublin Orenburg Dresden Leipzig Hannover G\u00f6teborg Nabereschnyje Tschelny Pensa Mykolajiw N\u00fcrnberg Lipezk Astrachan Heidelberg N\u00fcrnberg Jena Gera Bremen D\u00fcsseldorf Speyer Venedig Flights<\/b><\/marquee><\/font> <\/p>\n<\/div>\n<\/div>\n","protected":false},"excerpt":{"rendered":"<p>Linienfl\u00fcge Charterfl\u00fcge Flugzeugrestpl\u00e4tze von Reiseveranstaltern Hotels Parkpl\u00e4tze Mietwagen Billiger Mietwagen g\u00fcnstig buchen im Preisvergleich Ihr Browser kann leider keine eingebetteten Frames anzeigen: Sie k\u00f6nnen die eingebettete Seite \u00f6ber den folgenden Verweis aufrufen: Wetter Wetter Wettervorhersage Karte Hotel Reiseangebote: 1 Tag, &hellip; <a href=\"https:\/\/reisen-travel.com\/fluege\/flug-de\/afrika-flug-billige-angebote\/namibia-flights\/\">Weiterlesen <span class=\"meta-nav\">&rarr;<\/span><\/a><\/p>\n","protected":false},"author":1,"featured_media":0,"parent":188,"menu_order":2,"comment_status":"closed","ping_status":"open","template":"","meta":{"footnotes":""},"class_list":["post-405","page","type-page","status-publish","hentry"],"_links":{"self":[{"href":"https:\/\/reisen-travel.com\/fluege\/wp-json\/wp\/v2\/pages\/405","targetHints":{"allow":["GET"]}}],"collection":[{"href":"https:\/\/reisen-travel.com\/fluege\/wp-json\/wp\/v2\/pages"}],"about":[{"href":"https:\/\/reisen-travel.com\/fluege\/wp-json\/wp\/v2\/types\/page"}],"author":[{"embeddable":true,"href":"https:\/\/reisen-travel.com\/fluege\/wp-json\/wp\/v2\/users\/1"}],"replies":[{"embeddable":true,"href":"https:\/\/reisen-travel.com\/fluege\/wp-json\/wp\/v2\/comments?post=405"}],"version-history":[{"count":8,"href":"https:\/\/reisen-travel.com\/fluege\/wp-json\/wp\/v2\/pages\/405\/revisions"}],"predecessor-version":[{"id":2136,"href":"https:\/\/reisen-travel.com\/fluege\/wp-json\/wp\/v2\/pages\/405\/revisions\/2136"}],"up":[{"embeddable":true,"href":"https:\/\/reisen-travel.com\/fluege\/wp-json\/wp\/v2\/pages\/188"}],"wp:attachment":[{"href":"https:\/\/reisen-travel.com\/fluege\/wp-json\/wp\/v2\/media?parent=405"}],"curies":[{"name":"wp","href":"https:\/\/api.w.org\/{rel}","templated":true}]}}