{"id":335,"date":"2013-10-07T14:36:24","date_gmt":"2013-10-07T12:36:24","guid":{"rendered":"https:\/\/reisen-travel.com\/fluege\/"},"modified":"2013-10-09T00:36:21","modified_gmt":"2013-10-08T22:36:21","slug":"china-flights","status":"publish","type":"page","link":"https:\/\/reisen-travel.com\/fluege\/flug-de\/asien-flug-billige-angebote\/china-flights\/","title":{"rendered":"China"},"content":{"rendered":"<p><img loading=\"lazy\" decoding=\"async\" class=\"alignleft\" style=\" margin: 10px 10px 10px 10px; float: left;\" src=\"https:\/\/reisen-travel.com\/reise-angebote\/wp-content\/uploads\/flug-info-preisvergleich.png\" alt=\"Beijing China Fl\u00fcge billig buchen\" width=\"25\" height=\"25\" \/><center><\/p>\n<h5>Flight von und nach China Peking Flughafen PEK, finden Sie die g\u00fcnstigsten Fl\u00fcge. Flug-Preisvergleich Billigfl\u00fcge, Flug-Angebote, Billigflieger im Vergleich.<\/h5>\n<p><\/center><\/p>\n<div class=\"tabber\">\n<div class=\"tabbertab\">\n<h2>Billigfl\u00fcge<\/h2>\n<table style=\"table-layout:fixed; border:0px solid green; background-color:#ffffff; padding:6px; font-family:Arial,sans-serif; color:maroon; font-size:0.1em\">\n<tr>\n<td style=\"width:25%\"><\/td>\n<td style=\"width:100%\"><a href=\"###\/clients-noh-de\/mev\/results.jsp?clientId=17&#038;type=1&#038;departAller=Frankfurt&#038;arriveeAller=Beijing\" target=\"Angebote\" id=\"myfavorite\"><\/p>\n<h3><\/h3>\n<p><\/a><\/td>\n<\/tr>\n<\/table>\n<table border=\"0\">\n<tr>\n<td>\n<iframe loading=\"lazy\" style=\"margin-left:-25px;\" frameborder=\"0\" width=\"1005\" height=\"2990\" scrolling=\"auto\" src=\"###\/clients-noh-de\/mev\/results.jsp?clientId=17&#038;type=1&#038;departAller=Frankfurt&#038;arriveeAller=Beijing\" name=\"Angebote\" scrolling=\"auto\"><\/iframe>\n<\/td>\n<\/tr>\n<\/table>\n<\/div>\n<div class=\"tabbertab\">\n<h2>Hotels<\/h2>\n<table style=\"table-layout:fixed; border:0px solid green; background-color:#ffffff; padding:6px; font-family:Arial,sans-serif; color:maroon; font-size:0.1em\">\n<tr>\n<td style=\"width:25%\"><\/td>\n<td style=\"width:100%\"><a href=\"https:\/\/www.hotelscombined.de\/City\/Beijing.htm?a_aid=20836&#038;brandid=34598\" target=\"Angebote\" id=\"myfavorite\"><\/p>\n<h3><\/h3>\n<p><\/a><\/td>\n<\/tr>\n<\/table>\n<table border=\"0\">\n<tr>\n<td>\n<iframe loading=\"lazy\" style=\"margin-left:-25px;\" frameborder=\"0\" width=\"1005\" height=\"2990\" scrolling=\"auto\" src=\"https:\/\/www.hotelscombined.de\/City\/Beijing.htm?a_aid=20836&#038;brandid=34598\" name=\"Angebote\" scrolling=\"auto\"><\/iframe>\n<\/td>\n<\/tr>\n<\/table>\n<\/div>\n<div class=\"tabbertab\">\n<h2>Hotelsuche<\/h2>\n<table border=\"1\" bgcolor=\"#FFFFFF\">\n<table border=\"1\">\n<th align=\"left\"   valign=\"top\" width=\"910\" height=\"3500\"><iframe loading=\"lazy\" frameborder=\"0\" src=\"https:\/\/xbe2.travelsystem.de\/xbe.php?XBE=1001&#038;SF=3&#038;AGENT=A-29203-0\" scrolling=\"auto\" width=\"900\" height=\"3500\" name=\"SELFHTML_in_a_box last-\"><\/p>\n<p>Ihr Browser kann leider keine eingebetteten Frames anzeigen:<br \/>\n  Sie k&ouml;nnen die eingebettete Seite &uuml;ber den folgenden Verweis<br \/>\n  aufrufen: <a href=\"https:\/\/xbe2.travelsystem.de\/xbe.php?XBE=1001&#038;SF=3&#038;AGENT=A-29203-0\">Hier geht es zur Hotel Buchung<\/a><\/iframe><\/th>\n<\/tr>\n<\/table>\n<\/div>\n<div class=\"tabbertab\">\n<h2>Mietwagen<\/h2>\n<h5>Mietwagen g\u00fcnstig buchen im Preisvergleich<\/h5>\n<p><center><\/p>\n<p><iframe loading=\"lazy\" frameborder=\"0\" src=\"https:\/\/www.sunnycars.de\/booking\/entry?ak=183207&#038;ar=A-29203-0\" scrolling=\"auto\" width=\"100%\" height=\"3000\" name=\"Parken_am_Airport\"><\/p>\n<p>Ihr Browser kann leider keine eingebetteten Frames anzeigen:<br \/>\n  Sie k\u00f6nnen die eingebettete Seite \u00f6ber den folgenden Verweis<br \/>\n  aufrufen: <a href=\"https:\/\/www.sunnycars.de\/booking\/entry?ak=183207&#038;ar=A-29203-0\" scrolling=\"auto\"><\/a><\/p>\n<p><\/iframe><br \/>\n<\/center>\n<\/div>\n<div class=\"tabbertab\">\n<h3>Wetter<\/h3>\n<table border=\"1\">\n<tr>\n<th align=\"left\"   valign=\"top\" width=\"200\" height=\"75\">\n<a href=\"https:\/\/www.weatheronline.co.uk\/cgi-bin\/homecif?WMO=54511&#038;L=en&#038;WIDTH=180&#038;HEIGHT=150&#038;CLOUD=1&#038;V=2\" target=\"Angebote\" id=\"myfavorite\"><\/p>\n<h4>Wetter<\/h4>\n<p><\/a><\/p>\n<hr>\n<p><br clear=all><\/p>\n<\/th>\n<th align=\"center\" valign=\"top\" width=\"200\"> <center><\/p>\n<h5>Wettervorhersage<\/h5>\n<p><\/center><br \/>\n <br \/><iframe loading=\"lazy\" width=\"300\" height=\"300\" src=\"https:\/\/www.weatheronline.co.uk\/cgi-bin\/homecif?WMO=54511&#038;L=en&#038;WIDTH=180&#038;HEIGHT=150&#038;CLOUD=1&#038;V=2\" name=\"Angebote\" scrolling=\"auto\"><\/iframe>\n<\/th>\n<th align=\"right\"  valign=\"top\" width=\"0\"><\/th>\n<\/tr>\n<\/tr>\n<\/table>\n<\/div>\n<div class=\"tabbertab\">\n<h2>Karte<\/h2>\n<p><center>Airport Beijing<br \/>\n<div class=\"su-gmap su-u-responsive-media-yes\"><iframe loading=\"lazy\" width=\"600\" height=\"400\" src=\"\/\/maps.google.com\/maps?q=Flughafen%20Peking&amp;output=embed\" title=\"\"><\/iframe><\/div>\n<\/center><\/p>\n<p><font size=\"1\" color=\"#f4eeee\"><br \/>\n<marquee><b>Hotel Reiseangebote: 1 Tag, 2 Tage, 3 Tage, 4 Tage, 5 Tage, 6 Tage, 7 Tage, 8 Tage, 9 Tage, 10 Tage, 11 Tage, 12 Tage, 13 Tage, 14 Tage, 15 Tage, 16 Tage, 17 Tage, 18 Tage, 19 Tage, 20 Tage, 21 Tage, 1 Woche, 2 Wochen, 3 Wochen, 4 Wochen, Sterne, Hotels, Reisen unter 100 unter 200 unter 300 unter 400 unter 500 Euro 600 unter 700 unter 800, 900, 1000, 1100, bis 1200, bis 1300, bis 1400, bis 1500, bis 1600, bis 1700, bis 1800, bis 1900, bis 2000, bis 2100, bis 2200, bis 2300, bis 2400, bis 2500, bis 2600, bis 2700 Pro Person <\/b><\/marquee><\/font> <\/p>\n<p><font size=\"1\" color=\"#f4eeee\"><br \/>\n<marquee><b>Hamburg Moskau Berlin Istanbul Izmir Frankfurt London Madrid Kiew Rom Paris Bukarest Minsk Budapest Wien Warschau Barcelona Charkow Sofia M\u00fcnchen Mailand Prag Belgrad Samara Kasan Birmingham K\u00f6ln Odessa Ufa Perm Donezk Neapel Turin Stockholm Marseille Valencia Amsterdam Krakau \u0141\u00f3d\u017a Zagreb Togliatti Krasnodar Sevilla Riga Saragossa Palermo Athen Breslau Tirana Ischewsk Rotterdam Genua Stuttgart Oslo Uljanowsk Rjasan Glasgow D\u00fcsseldorf Helsinki Dortmund Essen M\u00e1laga Posen Vilnius Bremen Kopenhagen Dublin Orenburg Dresden Leipzig Hannover G\u00f6teborg Nabereschnyje Tschelny Pensa Mykolajiw N\u00fcrnberg Lipezk Astrachan Heidelberg N\u00fcrnberg Jena Gera Bremen D\u00fcsseldorf Speyer Venedig Flights<\/b><\/marquee><\/font> <\/p>\n<\/div>\n<div class=\"tabbertab\">\n<h2>Info<\/h2>\n<p><br\/ ><br\/ ><br\/ ><\/p>\n<\/div>\n<\/div>\n","protected":false},"excerpt":{"rendered":"<p>Flight von und nach China Peking Flughafen PEK, finden Sie die g\u00fcnstigsten Fl\u00fcge. Flug-Preisvergleich Billigfl\u00fcge, Flug-Angebote, Billigflieger im Vergleich. Billigfl\u00fcge Hotels Hotelsuche Ihr Browser kann leider keine eingebetteten Frames anzeigen: Sie k&ouml;nnen die eingebettete Seite &uuml;ber den folgenden Verweis aufrufen: &hellip; <a href=\"https:\/\/reisen-travel.com\/fluege\/flug-de\/asien-flug-billige-angebote\/china-flights\/\">Weiterlesen <span class=\"meta-nav\">&rarr;<\/span><\/a><\/p>\n","protected":false},"author":1,"featured_media":0,"parent":175,"menu_order":2,"comment_status":"closed","ping_status":"open","template":"","meta":{"footnotes":""},"class_list":["post-335","page","type-page","status-publish","hentry"],"_links":{"self":[{"href":"https:\/\/reisen-travel.com\/fluege\/wp-json\/wp\/v2\/pages\/335","targetHints":{"allow":["GET"]}}],"collection":[{"href":"https:\/\/reisen-travel.com\/fluege\/wp-json\/wp\/v2\/pages"}],"about":[{"href":"https:\/\/reisen-travel.com\/fluege\/wp-json\/wp\/v2\/types\/page"}],"author":[{"embeddable":true,"href":"https:\/\/reisen-travel.com\/fluege\/wp-json\/wp\/v2\/users\/1"}],"replies":[{"embeddable":true,"href":"https:\/\/reisen-travel.com\/fluege\/wp-json\/wp\/v2\/comments?post=335"}],"version-history":[{"count":8,"href":"https:\/\/reisen-travel.com\/fluege\/wp-json\/wp\/v2\/pages\/335\/revisions"}],"predecessor-version":[{"id":1762,"href":"https:\/\/reisen-travel.com\/fluege\/wp-json\/wp\/v2\/pages\/335\/revisions\/1762"}],"up":[{"embeddable":true,"href":"https:\/\/reisen-travel.com\/fluege\/wp-json\/wp\/v2\/pages\/175"}],"wp:attachment":[{"href":"https:\/\/reisen-travel.com\/fluege\/wp-json\/wp\/v2\/media?parent=335"}],"curies":[{"name":"wp","href":"https:\/\/api.w.org\/{rel}","templated":true}]}}