{"id":2,"date":"2011-10-09T20:10:27","date_gmt":"2011-10-09T18:10:27","guid":{"rendered":"https:\/\/reisen-travel.com\/fluege\/?page_id=2"},"modified":"2026-02-06T23:11:48","modified_gmt":"2026-02-06T21:11:48","slug":"flug-de","status":"publish","type":"page","link":"https:\/\/reisen-travel.com\/fluege\/","title":{"rendered":"Fl\u00fcge"},"content":{"rendered":"<h3>Flugangebote vergleichen im Preisvergleich Flug direkt beim g\u00fcnstigsten Anbieter buchen.<\/h3>\n<div class=\"tabber\">\n<div class=\"tabbertab\">\n<h3>Linienfl\u00fcge<\/h3>\n<div\n  data-skyscanner-widget=\"FlightSearchWidget\"\n  data-associate-id=\"AFF_TRA_19354_00001\"  \n  data-locale=\"de-DE\"\n  data-market=\"DE\"\n  data-currency=\"EUR\"\n  data-campaign-id=\"13416\"\n  data-media-partner-id=\"2891447\"\n  data-ad-id=\"1103262\"\n  data-origin-geo-lookup=\"true\"\n  data-direct-flights=\"true\"\n  data-flight-type=\"return\"\n  data-hide-powered-by=\"true\"\n><\/div>\n<p><script src=\"https:\/\/widgets.skyscanner.net\/widget-server\/js\/loader.js\" async><\/script><\/p>\n<\/div>\n<div class=\"tabbertab\">\n<h3>Charterflug g\u00fcnstige Fl\u00fcge<\/h3>\n<p><iframe loading=\"lazy\" src=\"https:\/\/partner-app.tbe2.io\/index.html#\/search?pid=A-29203-0&#038;ngn=flight\" frameborder=\"0\" width=\"100%\" height=\"5000\"><\/iframe>\n<\/div>\n<div class=\"tabbertab\">\n<h2>Parken am Flughafen<\/h2>\n<p><iframe loading=\"lazy\" src=\"https:\/\/reisen-travel.com\/fluege\/parkenamflughafen.php\" frameborder=\"0\" width=\"100%\" height=\"4000\"><\/iframe>\n<\/div>\n<div class=\"tabbertab\">\n<h2>Mietwagen<\/h2>\n<h5>Billiger Mietwagen billig buchen im Preisvergleich<\/h5>\n<p><iframe loading=\"lazy\" src=\"https:\/\/booking.autoeurope.com\/?aff=TOURISTIKBOERSEDE&#038;wctaff1=A-29203-0\" frameborder=\"0\" width=\"100%\" height=\"4000\"><\/iframe>\n<\/div>\n<div class=\"tabbertab\">\n<h2>Karte<\/h2>\n<p><center><div class=\"su-gmap su-u-responsive-media-yes\"><iframe loading=\"lazy\" width=\"600\" height=\"400\" src=\"\/\/maps.google.com\/maps?q=Airport%20Frankfurt&amp;output=embed\" title=\"\"><\/iframe><\/div><\/center>&nbsp;\n<\/div>\n<\/div>\n<thead>\n<tr>\n<th scope=\"col\">Airline Tickets<\/th>\n<th scope=\"col\">Flugangebote mit R\u00fcckflug<\/th>\n<th scope=\"col\">Flugziele<\/th>\n<th scope=\"col\">Flugsuche<\/th>\n<\/tr>\n<\/thead>\n<tbody>\n<tr>\n<td><a href=\"https:\/\/reisen-travel.com\/fluege\/flug-de\/deutschland-flights\/frankfurt-flights\/\"><b>ab Frankfurt<\/b><\/a><\/td>\n<td><a href=\"https:\/\/reisen-travel.com\/fluege\/flug-de\/deutschland-flights\/frankfurt-flights\/\"><b>Frankfurt &#8211; Bangkok<\/b><\/a><\/td>\n<td><a href=\"https:\/\/reisen-travel.com\/fluege\/flug-de\/asien-flug-billige-angebote\/flights-thailand-flug-angebote-billigflug\/\"><b>Thailand<\/b><\/a><\/td>\n<td><a title=\"Billigflug nach Indien\" href=\"https:\/\/reisen-travel.com\/fluege\/flug-de\/asien-flug-billige-angebote\/indien-flights\/\"><b>Indien<\/b><\/a><\/td>\n<\/tr>\n<tr>\n<td><a href=\"https:\/\/reisen-travel.com\/fluege\/flug-de\/deutschland-flights\/berlin-flights-txl-sxf\/\"><b>ab Berlin<\/b><\/a><\/td>\n<td><a href=\"https:\/\/reisen-travel.com\/fluege\/flug-de\/spanien-flights\/mallorca-flights\/\"><b>Frankfurt &#8211; Palma de Mallorca<\/b><\/a><\/td>\n<td><a href=\"https:\/\/reisen-travel.com\/fluege\/flug-de\/spanien-flights\/\"><b>Spanien<\/b><\/a><\/td>\n<td><a title=\"Billigflug nach Fuerteventura\" href=\"https:\/\/reisen-travel.com\/fluege\/flug-de\/spanien-flights\/fuerteventura-flights\/\"><b>Fuerteventura<\/b><\/a><\/td>\n<\/tr>\n<tr>\n<td><a href=\"https:\/\/reisen-travel.com\/fluege\/flug-de\/deutschland-flights\/muenchen-flights\/\"><b>ab M\u00fcnchen<\/b><\/a><\/td>\n<td><a href=\"https:\/\/reisen-travel.com\/fluege\/flug-de\/amerika-flights\/usa-flights\/\"><b>Frankfurt &#8211; New York<\/b><\/a><\/td>\n<td><a href=\"https:\/\/reisen-travel.com\/fluege\/flug-de\/amerika-flights\/\"><b>Amerika<\/b><\/a><\/td>\n<td><a title=\"Billigflug nach Brasilien\" href=\"https:\/\/reisen-travel.com\/fluege\/flug-de\/amerika-flights\/brasilien-flights\/\"><b>Brasilien<\/b><\/a><\/td>\n<\/tr>\n<tr>\n<td><a href=\"https:\/\/reisen-travel.com\/fluege\/flug-de\/deutschland-flights\/hamburg-flights\/\"><b>ab Hamburg<\/b><\/a><\/td>\n<td><a href=\"https:\/\/reisen-travel.com\/fluege\/flug-de\/amerika-flights\/canada-flights\/\"><b>Frankfurt &#8211; Toronto<\/b><\/a><\/td>\n<td><a href=\"https:\/\/reisen-travel.com\/fluege\/flug-de\/amerika-flights\/canada-flights\/\"><b>Kanada<\/b><\/a><\/td>\n<td><a title=\"Cheap Flights to Mexico\" href=\"https:\/\/reisen-travel.com\/fluege\/flug-de\/amerika-flights\/mexiko-flights\/\"><b>Mexico<\/b><\/a><\/td>\n<\/tr>\n<tr>\n<td><a href=\"https:\/\/reisen-travel.com\/fluege\/flug-de\/deutschland-flights\/stuttgart-flights\/\"><b>ab Stuttgart<\/b><\/a><\/td>\n<td><a title=\"Billigflug von Frankfurt nach Istanbul\" href=\"https:\/\/reisen-travel.com\/fluege\/flug-de\/tuerkei-flights\/istanbul-flights\/\"><b>Frankfurt &#8211; Istanbul<\/b><\/a><\/td>\n<td><a href=\"https:\/\/reisen-travel.com\/fluege\/flug-de\/tuerkei-flights\/\"><b>T\u00fcrkei<\/b><\/a><\/td>\n<td><a title=\"Billigflug nach Antalya\" href=\"https:\/\/reisen-travel.com\/fluege\/flug-de\/tuerkei-flights\/antalya-flights\/\"><b>Antalya<\/b><\/a><\/td>\n<\/tr>\n<tr>\n<td><a href=\"https:\/\/reisen-travel.com\/fluege\/flug-de\/deutschland-flights\/koeln-bonn-flights\/\"><b>ab K\u00f6ln<\/b><\/a><\/td>\n<td><a href=\"https:\/\/reisen-travel.com\/fluege\/flug-de\/deutschland-flights\/berlin-flights-txl-sxf\/\"><b>Berlin &#8211; Istanbul<\/b><\/a><\/td>\n<td><a href=\"https:\/\/reisen-travel.com\/fluege\/flug-de\/asien-flug-billige-angebote\/\"><b>Asien<\/b><\/a><\/td>\n<td><a title=\"Billigflug nach China\" href=\"https:\/\/reisen-travel.com\/fluege\/flug-de\/asien-flug-billige-angebote\/china-flights\/\"><b>China<\/b><\/a><\/td>\n<\/tr>\n<tr>\n<td><a href=\"https:\/\/reisen-travel.com\/fluege\/flug-de\/deutschland-flights\/duesseldorf-flights\/\"><b>ab D\u00fcsseldorf<\/b><\/a><\/td>\n<td><a href=\"https:\/\/reisen-travel.com\/fluege\/flug-de\/deutschland-flights\/hamburg-flights\/\"><b>Hamburg &#8211; Bankok<\/b><\/a><\/td>\n<td><a href=\"https:\/\/reisen-travel.com\/fluege\/flug-de\/asien-flug-billige-angebote\/philippinen-flights\/\"><b>Philippinen<\/b><\/a><\/td>\n<td><a title=\"Cheap Flights to Singapur\" href=\"https:\/\/reisen-travel.com\/fluege\/flug-de\/asien-flug-billige-angebote\/singapur-flights\/\"><b>Singapur<\/b><\/a><\/td>\n<\/tr>\n<tr>\n<td><a href=\"https:\/\/reisen-travel.com\/fluege\/flug-de\/deutschland-flights\/leipzig-halle-flights\/\"><b>ab Leipzig<\/b><\/a><\/td>\n<td><a href=\"https:\/\/reisen-travel.com\/fluege\/flug-de\/deutschland-flights\/muenchen-flights\/\"><b>M\u00fcnchen &#8211; Moskau<\/b><\/a><\/td>\n<td><a href=\"https:\/\/reisen-travel.com\/fluege\/flug-de\/russland-flights\/\"><b>Russland<\/b><\/a><\/td>\n<td><a title=\"Billigflug nach Polen\" href=\"https:\/\/reisen-travel.com\/fluege\/flug-de\/europa-flights\/polen-flights\/\"><b>Polen<\/b><\/a><\/td>\n<\/tr>\n<tr>\n<td><a href=\"https:\/\/reisen-travel.com\/fluege\/flug-de\/deutschland-flights\/hannover-flights\/\"><b>ab Hannover<\/b><\/a><\/td>\n<td><a href=\"https:\/\/reisen-travel.com\/fluege\/flug-de\/deutschland-flights\/stuttgart-flights\/\"><b>Stuttgart &#8211; Izmir<\/b><\/a><\/td>\n<td><a href=\"https:\/\/reisen-travel.com\/fluege\/flug-de\/vae-flights\/\"><b>Deutschland<\/b><\/a><\/td>\n<td><a title=\"Billigflug von und nach Berlin\" href=\"https:\/\/reisen-travel.com\/fluege\/flug-de\/deutschland-flights\/berlin-flights-txl-sxf\/\"><b>Berlin<\/b><\/a><\/td>\n<\/tr>\n<tr>\n<td><a href=\"https:\/\/reisen-travel.com\/fluege\/flug-de\/deutschland-flights\/nuernberg-flights\/\"><b>ab N\u00fcrnberg<\/b><\/a><\/td>\n<td><a href=\"https:\/\/reisen-travel.com\/fluege\/flug-de\/vae-flights\/dubai-dxb-flights\/\"><b>Frankfurt &#8211; Dubai<\/b><\/a><\/td>\n<td><a href=\"https:\/\/reisen-travel.com\/fluege\/flug-de\/vae-flights\/\"><b>Emirates<\/b><\/a><\/td>\n<td><a title=\"Billigflug ab M\u00fcnchen\" href=\"https:\/\/reisen-travel.com\/fluege\/flug-de\/deutschland-flights\/muenchen-flights\/\"><b>M\u00fcnchen<\/b><\/a><\/td>\n<\/tr>\n<tr>\n<td><a href=\"https:\/\/reisen-travel.com\/fluege\/flug-de\/deutschland-flights\/bremen-flights\/\"><b>ab Bremen<\/b><\/a><\/td>\n<td><a href=\"https:\/\/reisen-travel.com\/fluege\/flug-de\/england-flights\/\"><b>Frankfurt &#8211; London<\/b><\/a><\/td>\n<td><a href=\"https:\/\/reisen-travel.com\/fluege\/flug-de\/england-flights\/\"><b>England<\/b><\/a><\/td>\n<td><a title=\"Billigflug nach Irland DUB\" href=\"https:\/\/reisen-travel.com\/fluege\/flug-de\/irland-flights\/\"><b>Irland DUB<\/b><\/a><\/td>\n<\/tr>\n<tr>\n<td><a href=\"https:\/\/reisen-travel.com\/fluege\/flug-de\/deutschland-flights\/dresden-flights\/\"><b>ab Dresden<\/b><\/a><\/td>\n<td><a href=\"https:\/\/reisen-travel.com\/fluege\/flug-de\/deutschland-flights\/koeln-bonn-flights\/\"><b>K\u00f6ln &#8211; Palma de Mallorca<\/b><\/a><\/td>\n<td><a href=\"https:\/\/reisen-travel.com\/fluege\/flug-de\/spanien-flights\/gran-canaria-flights\/\"><b>Gran Canaria<\/b><\/a><\/td>\n<td><a title=\"Billigflug nach Teneriffa\" href=\"https:\/\/reisen-travel.com\/fluege\/flug-de\/spanien-flights\/teneriffa-tfs-flights\/\"><b>Teneriffa<\/b><\/a><\/td>\n<\/tr>\n<tr>\n<td><a href=\"'#\"><b>ab Saarbr\u00fccken<\/b><\/a><\/td>\n<td><a href=\"https:\/\/reisen-travel.com\/fluege\/flug-de\/australien-flights\/\"><b>Frankfurt &#8211; Sydney<\/b><\/a><\/td>\n<td><a title=\"Billigflug nach New Zealand\" href=\"https:\/\/reisen-travel.com\/fluege\/flug-de\/new-zealand-flights\/\"><b><i>New Zealand<\/i><\/b><\/a><\/td>\n<td><a title=\"Billigflug nach S\u00fcdafrika\" href=\"https:\/\/reisen-travel.com\/fluege\/flug-de\/suedafrika-flights\/\"><b><i>S\u00fcdafrika<\/i><\/b><\/a><\/td>\n<\/tr>\n<\/tbody>\n<\/table>\n<p>&nbsp;<\/p>\n\n\n<div class=\"tabber\">\n<div class=\"tabbertab\">\n<h3>Info<\/h3>\n<\/div>\n<div class=\"tabbertab\">\n<h3>L\u00e4nder<\/h3>\n<table border=\"3\" frame=\"void\">\n<tbody>\n<tr>\n<td><b>billig Fl\u00fcge<\/b><\/td>\n<td><\/td>\n<td><b>lastminute Fl\u00fcge<\/b><\/td>\n<td><b>billig Flug<\/b><\/td>\n<\/tr>\n<tr>\n<td>\u00c4gypten<\/p>\n<hr \/>\n<p>\u00c4quatorialguinea<\/p>\n<hr \/>\n<p>\u00c4thiopien<\/p>\n<hr \/>\n<p>Afghanistan<\/p>\n<hr \/>\n<p>Albanien<\/p>\n<hr \/>\n<p>Algerien<\/p>\n<hr \/>\n<p>Andorra<\/p>\n<hr \/>\n<p>Angola<\/p>\n<hr \/>\n<p>Antigua und Barbuda<\/p>\n<hr \/>\n<p>Argentinien<\/p>\n<hr \/>\n<p>Armenien<\/p>\n<hr \/>\n<p>Aserbaidschan<\/p>\n<hr \/>\n<p>Australien<\/p>\n<hr \/>\n<\/td>\n<td>Bahamas<\/p>\n<hr \/>\n<p>Bahrain<\/p>\n<hr \/>\n<p>Bangladesch<\/p>\n<hr \/>\n<p>Barbados<\/p>\n<hr \/>\n<p>Belgien<\/p>\n<hr \/>\n<p>Belize<\/p>\n<hr \/>\n<p>Benin<\/p>\n<hr \/>\n<p>Bhutan<\/p>\n<hr \/>\n<p>Bolivien<\/p>\n<hr \/>\n<p>Bosnien und Herzegowina<\/p>\n<hr \/>\n<p>Botsuana<\/p>\n<hr \/>\n<p><b><i>Brasilien<\/i><\/b><\/p>\n<hr \/>\n<p>Brunei<\/p>\n<hr \/>\n<p>Bulgarien<\/p>\n<hr \/>\n<p>Burkina Faso<\/p>\n<hr \/>\n<p>Burundi<\/td>\n<td>Chile<\/p>\n<hr \/>\n<p>China<\/p>\n<hr \/>\n<p>Costa Rica<\/p>\n<hr \/>\n<\/td>\n<td>D\u00e4nemark<\/p>\n<hr \/>\n<p>Deutschland<\/p>\n<hr \/>\n<p>Dominica<\/p>\n<hr \/>\n<p>Dominikanische Republik<\/p>\n<hr \/>\n<p>Dschibuti<\/td>\n<\/tr>\n<tr>\n<td>Ecuador<\/p>\n<hr \/>\n<p>El Salvador<\/p>\n<hr \/>\n<p>Elfenbeink\u00fcste<\/p>\n<hr \/>\n<p>Eritrea<\/p>\n<hr \/>\n<p>Estland<\/td>\n<td>Fidschi<\/p>\n<hr \/>\n<p>Finnland<\/p>\n<hr \/>\n<p>Frankreich<\/td>\n<td>Gabun<\/p>\n<hr \/>\n<p>Gambia<\/p>\n<hr \/>\n<p>Georgien<\/p>\n<hr \/>\n<p>Ghana<\/p>\n<hr \/>\n<p>Grenada<\/p>\n<hr \/>\n<p>Griechenland<\/p>\n<hr \/>\n<p>Gro\u00dfbritannien<\/p>\n<hr \/>\n<p>Guatemala<\/p>\n<hr \/>\n<p>Guinea<\/p>\n<hr \/>\n<p>Guinea-Bissau<\/p>\n<hr \/>\n<p>Guyana<\/td>\n<td>Haiti<\/p>\n<hr \/>\n<p>Honduras<\/td>\n<\/tr>\n<tr>\n<td>Indien<\/p>\n<hr \/>\n<p>Indonesien<\/p>\n<hr \/>\n<p>Irak<\/p>\n<hr \/>\n<p>Iran<\/p>\n<hr \/>\n<p>Irland<\/p>\n<hr \/>\n<p>Island<\/p>\n<hr \/>\n<p>Israel<\/p>\n<hr \/>\n<p>Italien<\/td>\n<td>Jamaika<\/p>\n<hr \/>\n<p>Japan<\/p>\n<hr \/>\n<p>Jemen<\/p>\n<hr \/>\n<p>Jordanien<\/td>\n<td>Kambodscha<\/p>\n<hr \/>\n<p>Kamerun<\/p>\n<hr \/>\n<p>Kanada<\/p>\n<hr \/>\n<p>Kap Verde<\/p>\n<hr \/>\n<p>Kasachstan<\/p>\n<hr \/>\n<p>Katar<\/p>\n<hr \/>\n<p>Kenia<\/p>\n<hr \/>\n<p>Kirgistan<\/p>\n<hr \/>\n<p>Kiribati<\/p>\n<hr \/>\n<p>Kolumbien<\/p>\n<hr \/>\n<p>Komoren<\/p>\n<hr \/>\n<p>Kongo<\/p>\n<hr \/>\n<p>Kroatien<\/p>\n<hr \/>\n<p>Kuba<\/p>\n<hr \/>\n<p>Kuwait<\/td>\n<td>Laos<\/p>\n<hr \/>\n<p>Lesotho<\/p>\n<hr \/>\n<p>Lettland<\/p>\n<hr \/>\n<p>Libanon<\/p>\n<hr \/>\n<p>Liberia<\/p>\n<hr \/>\n<p>Libyen<\/p>\n<hr \/>\n<p>Liechtenstein<\/p>\n<hr \/>\n<p>Litauen<\/p>\n<hr \/>\n<p>Luxemburg<\/td>\n<\/tr>\n<tr>\n<td>Madagaskar<\/p>\n<hr \/>\n<p>Malawi<\/p>\n<hr \/>\n<p>Malaysia<\/p>\n<hr \/>\n<p>Malediven<\/p>\n<hr \/>\n<p>Mali<\/p>\n<hr \/>\n<p>Malta<\/p>\n<hr \/>\n<p>Marokko<\/p>\n<hr \/>\n<p>Marshallinseln<\/p>\n<hr \/>\n<p>Mauretanien<\/p>\n<hr \/>\n<p>Mauritius<\/p>\n<hr \/>\n<p>Mazedonien<\/p>\n<hr \/>\n<p>Mexiko<\/p>\n<hr \/>\n<p>Mikronesien<\/p>\n<hr \/>\n<p>Moldawien<\/p>\n<hr \/>\n<p>Monaco<\/p>\n<hr \/>\n<p>Mongolei<\/p>\n<hr \/>\n<p>Montenegro<\/p>\n<hr \/>\n<p>Mosambik<\/p>\n<hr \/>\n<p>Myanmar<\/td>\n<td>Namibia<\/p>\n<hr \/>\n<p>Nauru<\/p>\n<hr \/>\n<p>Nepal<\/p>\n<hr \/>\n<p>Neuseeland<\/p>\n<hr \/>\n<p>Nicaragua<\/p>\n<hr \/>\n<p>Niederlande<\/p>\n<hr \/>\n<p>Niger<\/p>\n<hr \/>\n<p>Nigeria<\/p>\n<hr \/>\n<p>Niue<\/p>\n<hr \/>\n<p>Nordkorea<\/p>\n<hr \/>\n<p>Norwegen<\/td>\n<td>\u00d6sterreich<\/p>\n<hr \/>\n<p>Oman<\/td>\n<td>Pakistan<\/p>\n<hr \/>\n<p>Palau<\/p>\n<hr \/>\n<p>Pal\u00e4stinensische Gebiete<\/p>\n<hr \/>\n<p>Panama<\/p>\n<hr \/>\n<p>Papua-Neuguinea<\/p>\n<hr \/>\n<p>Paraguay<\/p>\n<hr \/>\n<p>Peru<\/p>\n<hr \/>\n<p>Philippinen<\/p>\n<hr \/>\n<p>Polen<\/p>\n<hr \/>\n<p>Portugal<\/td>\n<\/tr>\n<tr>\n<td>Ruanda<\/p>\n<hr \/>\n<p>Rum\u00e4nien<\/p>\n<hr \/>\n<p>Russland<\/td>\n<td>Sahara<\/p>\n<hr \/>\n<p>Salomonen<\/p>\n<hr \/>\n<p>Sambia<\/p>\n<hr \/>\n<p>Samoa<\/p>\n<hr \/>\n<p>San Marino<\/p>\n<hr \/>\n<p>S\u00e3o Tom\u00e9 und Pr\u00edncipe<\/p>\n<hr \/>\n<p>Saudi-Arabien<\/p>\n<hr \/>\n<p>Schweden<\/p>\n<hr \/>\n<p>Schweiz<\/p>\n<hr \/>\n<p>Senegal<\/p>\n<hr \/>\n<p>Serbien<\/p>\n<hr \/>\n<p>Seychellen<\/p>\n<hr \/>\n<p>Sierra Leone<\/p>\n<hr \/>\n<p>Simbabwe<\/p>\n<hr \/>\n<p>Singapur<\/p>\n<hr \/>\n<p>Slowakei<\/p>\n<hr \/>\n<p>Slowenien<\/p>\n<hr \/>\n<p>Somalia<\/p>\n<hr \/>\n<p>Spanien<\/p>\n<hr \/>\n<p>Sri Lanka<\/p>\n<hr \/>\n<p>St. Kitts und Nevis<\/p>\n<hr \/>\n<p>St. Lucia<\/p>\n<hr \/>\n<p>St. Vincent \/ Grenadinen<\/p>\n<hr \/>\n<p>Sudan<\/p>\n<hr \/>\n<p>S\u00fcdafrika<\/p>\n<hr \/>\n<p>S\u00fcdkorea<\/p>\n<hr \/>\n<p>Suriname<\/p>\n<hr \/>\n<p>Swasiland<\/p>\n<hr \/>\n<p>Syrien<\/td>\n<td>Tadschikistan<\/p>\n<hr \/>\n<p>Taiwan<\/p>\n<hr \/>\n<p>Tansania<\/p>\n<hr \/>\n<p>Thailand<\/p>\n<hr \/>\n<p>Timor-Leste<\/p>\n<hr \/>\n<p>Togo<\/p>\n<hr \/>\n<p>Tonga<\/p>\n<hr \/>\n<p>Trinidad Tobago<\/p>\n<hr \/>\n<p>Tschad<\/p>\n<hr \/>\n<p>Tschechien<\/p>\n<hr \/>\n<p>Tunesien<\/p>\n<hr \/>\n<p>Turkmenistan<\/p>\n<hr \/>\n<p>Turks- und Caicosinseln<\/p>\n<hr \/>\n<p>Tuvalu<\/p>\n<hr \/>\n<p>T\u00fcrkei<\/td>\n<td>Uganda<\/p>\n<hr \/>\n<p>Ukraine<\/p>\n<hr \/>\n<p>Ungarn<\/p>\n<hr \/>\n<p>Uruguay<\/p>\n<hr \/>\n<p>USA<\/p>\n<hr \/>\n<p>Usbekistan<\/td>\n<\/tr>\n<tr>\n<td>Vanuatu<\/p>\n<hr \/>\n<p>Vatikanstadt<\/p>\n<hr \/>\n<p>Venezuela<\/p>\n<hr \/>\n<p>Vereinigte Arabische Emirate<\/p>\n<hr \/>\n<p>Vietnam<\/td>\n<td>Wei\u00dfrussland<\/td>\n<td>Zentralafrikanische Republik<\/p>\n<hr \/>\n<p>Zypern<\/td>\n<td>Reisel\u00e4nder<\/td>\n<\/tr>\n<\/tbody>\n<\/table>\n<\/div>\n<\/div>\n","protected":false},"excerpt":{"rendered":"<p>Flugangebote vergleichen im Preisvergleich Flug direkt beim g\u00fcnstigsten Anbieter buchen. Linienfl\u00fcge Charterflug g\u00fcnstige Fl\u00fcge Parken am Flughafen Mietwagen Billiger Mietwagen billig buchen im Preisvergleich Karte &nbsp; Airline Tickets Flugangebote mit R\u00fcckflug Flugziele Flugsuche ab Frankfurt Frankfurt &#8211; Bangkok Thailand Indien &hellip; <a href=\"https:\/\/reisen-travel.com\/fluege\/\">Weiterlesen <span class=\"meta-nav\">&rarr;<\/span><\/a><\/p>\n","protected":false},"author":1,"featured_media":0,"parent":0,"menu_order":0,"comment_status":"closed","ping_status":"open","template":"","meta":{"footnotes":""},"class_list":["post-2","page","type-page","status-publish","hentry"],"_links":{"self":[{"href":"https:\/\/reisen-travel.com\/fluege\/wp-json\/wp\/v2\/pages\/2","targetHints":{"allow":["GET"]}}],"collection":[{"href":"https:\/\/reisen-travel.com\/fluege\/wp-json\/wp\/v2\/pages"}],"about":[{"href":"https:\/\/reisen-travel.com\/fluege\/wp-json\/wp\/v2\/types\/page"}],"author":[{"embeddable":true,"href":"https:\/\/reisen-travel.com\/fluege\/wp-json\/wp\/v2\/users\/1"}],"replies":[{"embeddable":true,"href":"https:\/\/reisen-travel.com\/fluege\/wp-json\/wp\/v2\/comments?post=2"}],"version-history":[{"count":185,"href":"https:\/\/reisen-travel.com\/fluege\/wp-json\/wp\/v2\/pages\/2\/revisions"}],"predecessor-version":[{"id":1983,"href":"https:\/\/reisen-travel.com\/fluege\/wp-json\/wp\/v2\/pages\/2\/revisions\/1983"}],"wp:attachment":[{"href":"https:\/\/reisen-travel.com\/fluege\/wp-json\/wp\/v2\/media?parent=2"}],"curies":[{"name":"wp","href":"https:\/\/api.w.org\/{rel}","templated":true}]}}