{"id":188,"date":"2013-10-07T18:05:13","date_gmt":"2013-10-07T16:05:13","guid":{"rendered":"https:\/\/reisen-travel.com\/fluege\/"},"modified":"2019-06-06T22:08:53","modified_gmt":"2019-06-06T20:08:53","slug":"afrika-flug-billige-angebote","status":"publish","type":"page","link":"https:\/\/reisen-travel.com\/fluege\/flug-de\/afrika-flug-billige-angebote\/","title":{"rendered":"Afrika"},"content":{"rendered":"<div class=\"su-row\">\n  <div class=\"su-column su-column-size-1-10\"><div class=\"su-column-inner su-u-clearfix su-u-trim\">&#9992;<\/div><\/div>\n  <div class=\"su-column su-column-size-9-10\"><div class=\"su-column-inner su-u-clearfix su-u-trim\">\n<h3>Flug Preisvergleich Billige Fl\u00fcge<\/h3>\n<\/div><\/div>\n<\/div>\n<div class=\"tabber\">\n<div class=\"tabbertab\">\n<h3>Flugsuche<\/h3>\n<h3>Preisvergleich Flug buchen<\/h3>\n<div\n  data-skyscanner-widget=\"FlightSearchWidget\"\n  data-associate-id=\"AFF_TRA_19354_00001\"  \n  data-locale=\"de-DE\"\n  data-market=\"DE\"\n  data-currency=\"EUR\"\n  data-media-partner-id=\"2891447\"\n  data-ad-id=\"1103262\"\n  data-origin-geo-lookup=\"true\"\n  data-direct-flights=\"true\"\n  data-flight-type=\"return\"\n  data-hide-powered-by=\"true\"\n><\/div>\n<script src=\"https:\/\/widgets.skyscanner.net\/widget-server\/js\/loader.js\" async><\/script>\n\n\n<\/div>\n<div class=\"tabbertab\">\n<h2>Charterfl\u00fcge<\/h2>\n<p><b>Flugzeugrestpl\u00e4tze von Reiseveranstaltern<\/b><br \/>\n<iframe loading=\"lazy\" style=\"margin-left:-0px;\" frameborder=\"0\" width=\"100%\" height=\"4000\" scrolling=\"auto\" src=\"https:\/\/xbe2.travelsystem.de\/xbe.php?XBE=1001&#038;SF=1&#038;AGENT=A-29203-0&#038;REGION=AF&#038;RW=&#038;CSS[search-background]=E0FFFF&#038;SEARCHS=l&#038;SEARCHS=l&#038;CSS[toolbar-background]=066393&#038;CSS[button-background]=22DDDD&#038;CSS[price]=695360\" name=\"charterflug0af\" scrolling=\"auto\"><\/iframe><\/p>\n<\/div>\n<div class=\"tabbertab\">\n<h2>Hotels<\/h2>\n<p><iframe loading=\"lazy\" style=\"margin-left:-0px;\" frameborder=\"0\" width=\"100%\" height=\"4000\" scrolling=\"auto\" src=\"https:\/\/brands.datahc.com\/?a_aid=20836&#038;brandid=546147&#038;label=rtcflight\" name=\"hotelsuche0af\" scrolling=\"auto\"><\/iframe>\n<\/div>\n<div class=\"tabbertab\">\n<h3>Parkpl\u00e4tze<\/h3>\n<p><iframe loading=\"lazy\" src=\"https:\/\/secure.holidayextras.de\/travianet?custref=A-29203-0\" name=\"parkpl\u00e4tze0rlg\" frameborder=\"0\" width=\"100%\" height=\"4000\"><\/iframe>\n<\/div>\n<div class=\"tabbertab\">\n<h2>Mietwagen<\/h2>\n<h5>Billiger Mietwagen g\u00fcnstig buchen im Preisvergleich<\/h5>\n<p><center><\/p>\n<p><iframe loading=\"lazy\" frameborder=\"0\" src=\"https:\/\/www.sunnycars.de\/booking\/entry?ak=384996&#038;ar=A-29203-0\" scrolling=\"auto\" width=\"100%\" height=\"5000\" name=\"Mietwagen_am_Airport0af\"><\/p>\n<p>Ihr Browser kann leider keine eingebetteten Frames anzeigen:<br \/>\n  Sie k\u00f6nnen die eingebettete Seite \u00f6ber den folgenden Verweis<br \/>\n  aufrufen: <a href=\"https:\/\/www.sunnycars.de\/booking\/entry?ak=384996&#038;ar=A-29203-0\" scrolling=\"auto\"><\/a><\/p>\n<p><\/iframe><br \/>\n<\/center>\n<\/div>\n<\/div>\n<div class=\"tabbertab\">\n<h3>Karte<\/h3>\n<p><center>  <b>Flugstrecke berechnen<\/b><br \/>\n<div class=\"su-gmap su-u-responsive-media-yes\"><iframe loading=\"lazy\" width=\"600\" height=\"400\" src=\"\/\/maps.google.com\/maps?q=Afrika&amp;output=embed\" title=\"\"><\/iframe><\/div>\n<h5>\u00c4gypten \u00c4quatorialguinea \u00c4thiopien Algerien Angola Benin Botswana Burkina Faso Burundi Dschibuti Elfenbeink\u00fcste EritreaGabun Gambia Ghana Guinea Bissau Kamerun Kap Verde Kenia Komoren Demokratische Republik Kongo Lesotho Liberia Libyen Madagaskar Malawi Mali Marokko Mauretanien Mauritius Mosambik Namibia Niger Nigeria R\u00e9union Ruanda Sambia S\u00e3o Tom\u00e9 und Pr\u00edncipe Senegal Seychellen Sierra Leone Simbabwe Somalia Sudan S\u00fcdafrika S\u00fcdsudan Swasiland Tansania Togo Tschad Tunesien Uganda Zentralafrikanische Republik <\/h5>\n<p><\/center>\n<\/div>\n<\/div>\n","protected":false},"excerpt":{"rendered":"<p>Flugsuche Preisvergleich Flug buchen Charterfl\u00fcge Flugzeugrestpl\u00e4tze von Reiseveranstaltern Hotels Parkpl\u00e4tze Mietwagen Billiger Mietwagen g\u00fcnstig buchen im Preisvergleich Ihr Browser kann leider keine eingebetteten Frames anzeigen: Sie k\u00f6nnen die eingebettete Seite \u00f6ber den folgenden Verweis aufrufen: Karte Flugstrecke berechnen \u00c4gypten \u00c4quatorialguinea &hellip; <a href=\"https:\/\/reisen-travel.com\/fluege\/flug-de\/afrika-flug-billige-angebote\/\">Weiterlesen <span class=\"meta-nav\">&rarr;<\/span><\/a><\/p>\n","protected":false},"author":1,"featured_media":0,"parent":2,"menu_order":2,"comment_status":"closed","ping_status":"open","template":"","meta":{"footnotes":""},"class_list":["post-188","page","type-page","status-publish","hentry"],"_links":{"self":[{"href":"https:\/\/reisen-travel.com\/fluege\/wp-json\/wp\/v2\/pages\/188","targetHints":{"allow":["GET"]}}],"collection":[{"href":"https:\/\/reisen-travel.com\/fluege\/wp-json\/wp\/v2\/pages"}],"about":[{"href":"https:\/\/reisen-travel.com\/fluege\/wp-json\/wp\/v2\/types\/page"}],"author":[{"embeddable":true,"href":"https:\/\/reisen-travel.com\/fluege\/wp-json\/wp\/v2\/users\/1"}],"replies":[{"embeddable":true,"href":"https:\/\/reisen-travel.com\/fluege\/wp-json\/wp\/v2\/comments?post=188"}],"version-history":[{"count":16,"href":"https:\/\/reisen-travel.com\/fluege\/wp-json\/wp\/v2\/pages\/188\/revisions"}],"predecessor-version":[{"id":2222,"href":"https:\/\/reisen-travel.com\/fluege\/wp-json\/wp\/v2\/pages\/188\/revisions\/2222"}],"up":[{"embeddable":true,"href":"https:\/\/reisen-travel.com\/fluege\/wp-json\/wp\/v2\/pages\/2"}],"wp:attachment":[{"href":"https:\/\/reisen-travel.com\/fluege\/wp-json\/wp\/v2\/media?parent=188"}],"curies":[{"name":"wp","href":"https:\/\/api.w.org\/{rel}","templated":true}]}}