{"id":1438,"date":"2012-08-14T04:01:58","date_gmt":"2012-08-14T02:01:58","guid":{"rendered":"https:\/\/reisen-travel.com\/fluege\/"},"modified":"2019-06-11T22:30:42","modified_gmt":"2019-06-11T20:30:42","slug":"flug-ticket-dortmund-dtm","status":"publish","type":"page","link":"https:\/\/reisen-travel.com\/fluege\/flug-de\/deutschland-flights\/flug-ticket-dortmund-dtm\/","title":{"rendered":"Dortmund"},"content":{"rendered":"<div class=\"su-row\">\n  <div class=\"su-column su-column-size-1-10\"><div class=\"su-column-inner su-u-clearfix su-u-trim\">&#9992;<\/div><\/div>\n  <div class=\"su-column su-column-size-9-10\"><div class=\"su-column-inner su-u-clearfix su-u-trim\">\n<h3>Flight von und nach Dortmund Flughafen, finden Sie die g\u00fcnstigsten Fl\u00fcge. Flug-Preisvergleich Billigfl\u00fcge, Flug-Angebote, Billigflieger im Vergleich.<\/h3>\n<\/div><\/div>\n<\/div>\n<div class=\"tabber\">\n<div class=\"tabbertab\">\n<h2>Linienfl\u00fcge<\/h2>\n<div\n  data-skyscanner-widget=\"FlightSearchWidget\"\n  data-associate-id=\"AFF_TRA_19354_00001\"  \n  data-locale=\"de-DE\"\n  data-market=\"DE\"\n  data-currency=\"EUR\"\n  data-media-partner-id=\"2891447\"\n  data-ad-id=\"1103262\"\n  data-origin-geo-lookup=\"true\"\n  data-direct-flights=\"true\"\n  data-flight-type=\"return\"\n  data-hide-powered-by=\"true\"\n><\/div>\n<script src=\"https:\/\/widgets.skyscanner.net\/widget-server\/js\/loader.js\" async><\/script>\n\n\n<\/div>\n<div class=\"tabbertab\">\n<h2>Charterfl\u00fcge<\/h2>\n<p><b>Flugzeugrestpl\u00e4tze von Reiseveranstaltern<\/b><br \/>\n<iframe loading=\"lazy\" style=\"margin-left:-0px;\" frameborder=\"0\" width=\"100%\" height=\"4000\" scrolling=\"auto\" src=\"https:\/\/xbe2.travelsystem.de\/xbe.php?XBE=1001&#038;SF=1&#038;AGENT=A-29203-0&#038;REGION=&#038;RW=DTM&#038;CSS[search-background]=E0FFFF&#038;SEARCHS=l&#038;SEARCHS=l&#038;CSS[toolbar-background]=066393&#038;CSS[button-background]=22DDDD&#038;CSS[price]=695360\" name=\"charterflug0dtm\" scrolling=\"auto\"><\/iframe><\/p>\n<\/div>\n<div class=\"tabbertab\">\n<h2>Hotels<\/h2>\n<p><iframe loading=\"lazy\" style=\"margin-left:-0px;\" frameborder=\"0\" width=\"100%\" height=\"4000\" scrolling=\"auto\" src=\"https:\/\/brands.datahc.com\/?a_aid=20836&#038;brandid=546147&#038;label=rtcflight\" name=\"hotelsuche0dtm\" scrolling=\"auto\"><\/iframe>\n<\/div>\n<div class=\"tabbertab\">\n<h3>Parkpl\u00e4tze<\/h3>\n<p><iframe loading=\"lazy\" src=\"https:\/\/secure.holidayextras.de\/travianet?custref=A-29203-0\" name=\"parkpl\u00e4tze0dtm\" frameborder=\"0\" width=\"100%\" height=\"4000\"><\/iframe>\n<\/div>\n<div class=\"tabbertab\">\n<h2>Mietwagen<\/h2>\n<h5>Billiger Mietwagen g\u00fcnstig buchen im Preisvergleich<\/h5>\n<p><center><\/p>\n<p><iframe loading=\"lazy\" frameborder=\"0\" src=\"https:\/\/www.sunnycars.de\/booking\/entry?ak=384996&#038;ar=A-29203-0\" scrolling=\"auto\" width=\"100%\" height=\"5000\" name=\"Mietwagen_am_Airport0dtm\"><\/p>\n<p>Ihr Browser kann leider keine eingebetteten Frames anzeigen:<br \/>\n  Sie k\u00f6nnen die eingebettete Seite \u00f6ber den folgenden Verweis<br \/>\n  aufrufen: <a href=\"https:\/\/www.sunnycars.de\/booking\/entry?ak=384996&#038;ar=A-29203-0\" scrolling=\"auto\"><\/a><\/p>\n<p><\/iframe><br \/>\n<\/center>\n<\/div>\n<\/div>\n<div class=\"tabber\">\n<div class=\"tabbertab\">\n<h3>Wetter<\/h3>\n<table border=\"0\">\n<tr>\n<th align=\"left\" valign=\"top\" width=\"200\" height=\"75\">\n<a href=\"https:\/\/www.weatheronline.co.uk\/cgi-bin\/homecif?WMO=10416&#038;L=en&#038;WIDTH=180&#038;HEIGHT=150&#038;CLOUD=1&#038;V=2\" target=\"Angebote\" id=\"myfavorite\" rel=\"noopener noreferrer\"><\/p>\n<h4>Wetter<\/h4>\n<p><\/a><\/p>\n<hr>\n<p><br clear=all><\/p>\n<\/th>\n<th align=\"center\" valign=\"top\" width=\"200\"> <center><\/p>\n<h5>Wettervorhersage<\/h5>\n<p><\/center><br \/>\n <br \/><iframe loading=\"lazy\" width=\"300\" height=\"300\" src=\"https:\/\/www.weatheronline.co.uk\/cgi-bin\/homecif?WMO=10416&#038;L=en&#038;WIDTH=180&#038;HEIGHT=150&#038;CLOUD=1&#038;V=2\" name=\"Angebote\" scrolling=\"auto\"><\/iframe>\n<\/th>\n<th align=\"right\"  valign=\"top\" width=\"0\"><\/th>\n<\/tr>\n<\/tr>\n<\/table>\n<\/div>\n<div class=\"tabbertab\">\n<h2>Karte<\/h2>\n<p><center><div class=\"su-gmap su-u-responsive-media-yes\"><iframe loading=\"lazy\" width=\"600\" height=\"400\" src=\"\/\/maps.google.com\/maps?q=Flughafen%20Dortmund&amp;output=embed\" title=\"\"><\/iframe><\/div>\n<\/center>\n<\/div>\n<div class=\"tabbertab\">\n<h2>Info<\/h2>\n<h5>News zum Flughafen<\/h5>\n<p>Um die Passagierzahlen wieder zu steigern hielt 2004 am Dortmund Flughafen das Segment der Low-Cost-Carrier Einzug: Die Airline easyJet verband den Flughafen mit vielen europ\u00e4ischen Zielen und stationierte mehrere Flugzeuge auch die Fluggesellschaft Wizz Air nahm ihre Linienfl\u00fcge nach Osteuropa auf. Schon im Jahr 2005 konnte der Flughafen mit j\u00e4hrlich mehr als 30.000 Starts und Landungen und \u00fcber 1,7 Millionen Passagieren eine deutliche Steigerung verbuchen und machte ihn zum drittgr\u00f6\u00dften Verkehrsflughafen in NRW. Auch als Arbeitgeber war der Airport inzwischen von Bedeutung mit \u00fcber 1.500 Arbeitspl\u00e4tzen.<br \/>\nDie zwei Millionen Passagiere Marke wurde 2006 erstmals \u00fcbertroffen.<br \/>\nDas Segment der <strong>Billigflieger<\/strong> wuchs weiter. Die Fluggesellschaft Germanwings machte Dortmund im Sommer zu ihrer Basis und stationierte zuerst eine, zum Winterflugplan eine zweite Maschine. Neu war auch Sterling Airlines, die ab dem Winterflugplan 2007\/08 drei Ziele in Skandinavien anbot. Wizz Air erweiterte ebenfalls ihren Flugplan. Aufgrund des stetigen Passagierzuwachses begann im Oktober eine Bauma\u00dfnahme f\u00fcr weitere Warter\u00e4ume. Das Geb\u00e4ude daf\u00fcr schlie\u00dft sich auf der Westseite an die Bebauung an. Mit 2.155.064 bef\u00f6rderten Passagieren schloss der Flughafen das Jahr 2007 mit einem leichten Passagierzuwachs ab.<br \/>\nDie Erweiterung im Westen des Terminals konnte am 28. Juni 2008 er\u00f6ffnet werden. Im \u00f6stlichen Teil des Gel\u00e4ndes wurde ein neuer Parkplatz P3 angelegt, der insgesamt 800 Fahrzeuge fasst. Das Transportverm\u00f6gen der alten Gep\u00e4ckf\u00f6rderanlage von 240.000 St\u00fcck wurde durch Erneuerung der Anlage auf etwa das Doppelte gesteigert.<br \/>\nIm Dezember 2011 gab Air Berlin bekannt, ihre Basis in Dortmund Anfang November 2012 (Ende des Sommerflugplans) zu schlie\u00dfen und das hier beheimatete Flugzeug sowie die 43 Mitarbeiter abzuziehen. Grund ist neben dem eigenen Sparprogramm auch der R\u00fcckgang der Nachfrage wegen der Luftverkehrssteuer. Zum <strong>Sommerflugplan <\/strong>2012\/13 bedient Air Berlin das Ziel Palma de Mallorca samt der meisten der fr\u00fcheren Umsteigem\u00f6glichkeiten zweimal t\u00e4glich mit externen Flugzeugen.<br \/>\nIm Mai 2012 gab easyJet bekannt, ihre Basis in Dortmund zu schlie\u00dfen und bis auf London alle Routen zum Herbst 2012 einzustellen.<br \/>\nIm Juni 2012 gab OLT Express Poland bekannt, dass sie Strecken nach Bydgoszcz und Rzeszow aufnehmen werde. Ebenso gab Wizz Air bekannt, eine weitere Strecke in ihr Streckennetz nach Skopje aufzunehmen.<\/p>\n<p>IATA-Kennung: DTM, ICAO-Kennung: EDLW<br \/>\nFluggast-Terminal\/Abfertigung: 13 Abstellpositionen, zehn Gates, drei Gep\u00e4ckb\u00e4nder, 28 Check In-Counter<br \/>\nZeiten:<br \/>\nBetriebszeit: 06.00 bis 22.00 Uhr Ortszeit (Versp\u00e4tungsregelung f\u00fcr Ank\u00fcnfte bis 23:00 Uhr nur f\u00fcr bis 22 Uhr geplante Landungen; Genehmigung des Betreibers erforderlich)<br \/>\n\u00d6ffnungszeiten des Terminals: 03:30 Uhr bis 24:00 Uhr Ortszeit<\/p>\n<p><center><\/p>\n<h5>Fluggesellschaften <i> airberlin &#8211; Wizz Air  &#8211; easyJet  &#8211; Germanwings <\/i><\/h5>\n<p><b>Flugziele Mallorca \u2013 London \u2013 Berlin \u2013 Hamburg \u2013 Antalya \u2013 Istanbul \u2013 Gdansk \u2013 M\u00fcnchen \u2013 Thessaloniki \u2013 Split \u2013 Rom \u2013 Belgrade \u2013 Bucharest \u2013 Budapest \u2013 Tirgu Mures \u2013 Faro \u2013 Porto \u2013 Bari \u2013 Malaga \u2013 \tKatowice &#8211; Gran Canaria \u2013 Lanzarote \u2013 Teneriffa \u2013 Barcelona \u2013 Riga \u2013 Kiev \u2013 Valencia<\/b><br \/>\n<\/center><br \/>\n<center><br \/>\nMehr Infos zum Airport in <a href=\"https:\/\/de.wikipedia.org\/wiki\/Flughafen_Dortmund\">wikipedia.org<\/a><br \/>\n<\/center><\/p>\n<p><font size=\"1\" color=\"#f4eeee\"><br \/>\n<marquee><b>Hotel Reiseangebote: 1 Tag, 2 Tage, 3 Tage, 4 Tage, 5 Tage, 6 Tage, 7 Tage, 8 Tage, 9 Tage, 10 Tage, 11 Tage, 12 Tage, 13 Tage, 14 Tage, 15 Tage, 16 Tage, 17 Tage, 18 Tage, 19 Tage, 20 Tage, 21 Tage, 1 Woche, 2 Wochen, 3 Wochen, 4 Wochen, Sterne, Hotels, Reisen unter 100 unter 200 unter 300 unter 400 unter 500 Euro 600 unter 700 unter 800, 900, 1000, 1100, bis 1200, bis 1300, bis 1400, bis 1500, bis 1600, bis 1700, bis 1800, bis 1900, bis 2000, bis 2100, bis 2200, bis 2300, bis 2400, bis 2500, bis 2600, bis 2700 Pro Person <\/b><\/marquee><\/font> <\/p>\n<p><font size=\"1\" color=\"#f4eeee\"><br \/>\n<marquee><b>Hamburg Moskau Berlin Istanbul Frankfurt London Madrid Kiew Rom Paris Bukarest Minsk Budapest Wien Warschau Barcelona Charkow Sofia M\u00fcnchen Mailand Prag Belgrad Samara Kasan Birmingham K\u00f6ln Odessa Ufa Perm Donezk Neapel Turin Stockholm Marseille Valencia Amsterdam Krakau \u0141\u00f3d\u017a Zagreb Togliatti Krasnodar Sevilla Riga Saragossa Palermo Athen Breslau Tirana Ischewsk Rotterdam Genua Stuttgart Oslo Uljanowsk Rjasan Glasgow D\u00fcsseldorf Helsinki Dortmund Essen M\u00e1laga Posen Vilnius Bremen Kopenhagen Dublin Orenburg Dresden Leipzig Hannover G\u00f6teborg Nabereschnyje Tschelny Pensa Mykolajiw N\u00fcrnberg Lipezk Astrachan Heidelberg N\u00fcrnberg Jena Gera Bremen D\u00fcsseldorf Speyer Venedig Flights<\/b><\/marquee><\/font> <\/p>\n<p><center><\/p>\n<table id=\"hor-minimalist-a\" summary=\"Employee Pay Sheet\">\n<thead>\n<tr>\n<th scope=\"col\">Flugangebote mit R\u00fcckflug<\/th>\n<th scope=\"col\">Flugziele<\/th>\n<th scope=\"col\">Flugsuche<\/th>\n<\/tr>\n<\/thead>\n<tbody>\n<tr>\n<td><a href=\"https:\/\/reisen-travel.com\/fluege\/flug-de\/deutschland-flights\/frankfurt-flights\/\"><b>Frankfurt &#8211; Bangkok<\/b><\/a><\/td>\n<td><a href=\"https:\/\/reisen-travel.com\/fluege\/flug-de\/asien-flug-billige-angebote\/flights-thailand-flug-angebote-billigflug\/\"><b>Thailand<\/b><\/a><\/td>\n<td><a href=\"https:\/\/reisen-travel.com\/fluege\/flug-de\/asien-flug-billige-angebote\/indien-flights\/\" title=\"Billigflug nach Indien\"><b>Indien<\/b><\/a><\/td>\n<\/tr>\n<tr>\n<td><a href=\"https:\/\/reisen-travel.com\/fluege\/flug-de\/spanien-flights\/mallorca-flights\/\"><b>Frankfurt &#8211; Palma de Mallorca<\/b><\/a><\/td>\n<td><a href=\"https:\/\/reisen-travel.com\/fluege\/flug-de\/spanien-flights\/\"><b>Spanien<\/b><\/a><\/td>\n<td><a href=\"https:\/\/reisen-travel.com\/fluege\/flug-de\/spanien-flights\/fuerteventura-flights\/\" title=\"Billigflug nach Fuerteventura\"><b>Fuerteventura<\/b><\/a><\/td>\n<\/tr>\n<tr>\n<td><a href=\"https:\/\/reisen-travel.com\/fluege\/flug-de\/amerika-flights\/usa-flights\/\"><b>Frankfurt &#8211; New York<\/b><\/a><\/td>\n<td><a href=\"https:\/\/reisen-travel.com\/fluege\/flug-de\/amerika-flights\/\"><b>Amerika<\/b><\/a><\/td>\n<td><a href=\"https:\/\/reisen-travel.com\/fluege\/flug-de\/amerika-flights\/brasilien-flights\/\" title=\"Billigflug nach Brasilien\"><b>Brasilien<\/b><\/a><\/td>\n<\/tr>\n<tr>\n<td><a href=\"https:\/\/reisen-travel.com\/fluege\/flug-de\/amerika-flights\/canada-flights\/\"><b>Frankfurt &#8211; Toronto<\/b><\/a><\/td>\n<td><a href=\"https:\/\/reisen-travel.com\/fluege\/flug-de\/amerika-flights\/canada-flights\/\"><b>Kanada<\/b><\/a><\/td>\n<td><a href=\"https:\/\/reisen-travel.com\/fluege\/flug-de\/amerika-flights\/mexiko-flights\/\" title=\"Cheap Flights to Mexico\"><b>Mexico<\/b><\/a><\/td>\n<\/tr>\n<tr>\n<td><a href=\"https:\/\/reisen-travel.com\/fluege\/flug-de\/tuerkei-flights\/istanbul-flights\/\"><b>Frankfurt &#8211; Istanbul<\/b><\/a><\/td>\n<td><a href=\"https:\/\/reisen-travel.com\/fluege\/flug-de\/tuerkei-flights\/\"><b>T\u00fcrkei<\/b><\/a><\/td>\n<td><a href=\"https:\/\/reisen-travel.com\/fluege\/flug-de\/tuerkei-flights\/antalya-flights\/\" title=\"Billigflug nach Antalya\"><b>Antalya<\/b><\/a><\/td>\n<\/tr>\n<tr>\n<td><a href=\"https:\/\/reisen-travel.com\/fluege\/flug-de\/deutschland-flights\/berlin-flights-txl-sxf\/\"><b>Berlin &#8211; Istanbul<\/b><\/td>\n<td><a href=\"https:\/\/reisen-travel.com\/fluege\/flug-de\/asien-flug-billige-angebote\/\"><b>Asien<\/b<\/td>\n<td><a href=\"https:\/\/reisen-travel.com\/fluege\/flug-de\/asien-flug-billige-angebote\/china-flights\/\" title=\"Billigflug nach China\"><b>China<\/b><\/td>\n<\/tr>\n<tr>\n<td><a href=\"https:\/\/reisen-travel.com\/fluege\/flug-de\/deutschland-flights\/hamburg-flights\/\"><b>Hamburg &#8211; Bankok<\/b><\/a><\/td>\n<td><a href=\"https:\/\/reisen-travel.com\/fluege\/flug-de\/asien-flug-billige-angebote\/philippinen-flights\/\"><b>Philippinen<\/b><\/a><\/td>\n<td><a href=\"https:\/\/reisen-travel.com\/fluege\/flug-de\/asien-flug-billige-angebote\/singapur-flights\/\" title=\"Cheap Flights to Singapur\"><b>Singapur<\/b><\/a><\/td>\n<\/tr>\n<tr>\n<td><a href=\"https:\/\/reisen-travel.com\/fluege\/flug-de\/deutschland-flights\/muenchen-flights\/\"><b>M\u00fcnchen &#8211; Moskau<\/b><\/a><\/td>\n<td><a href=\"https:\/\/reisen-travel.com\/fluege\/flug-de\/russland-flights\/\"><b>Russland<\/b><\/a><\/td>\n<td><a href=\"https:\/\/reisen-travel.com\/fluege\/flug-de\/europa-flights\/polen-flights\/\" title=\"Billigflug nach Polen\"><b>Polen<\/b><\/a><\/td>\n<\/tr>\n<tr>\n<td><a href=\"https:\/\/reisen-travel.com\/fluege\/flug-de\/deutschland-flights\/stuttgart-flights\/\"><b>Stuttgart &#8211; Izmir<\/b><\/a><\/td>\n<td><a href=\"https:\/\/reisen-travel.com\/fluege\/flug-de\/vae-flights\/\"><b>Deutschland<\/b><\/a><\/td>\n<td><a href=\"https:\/\/reisen-travel.com\/fluege\/flug-de\/deutschland-flights\/berlin-flights-txl-sxf\/\" title=\"Billigflug von und nach Berlin\"><b>Berlin<\/b><\/a><\/td>\n<\/tr>\n<tr>\n<td><a href=\"https:\/\/reisen-travel.com\/fluege\/flug-de\/vae-flights\/dubai-dxb-flights\/\"><b>Frankfurt &#8211; Dubai<\/b><\/a><\/td>\n<td><a href=\"https:\/\/reisen-travel.com\/fluege\/flug-de\/vae-flights\/\"><b>Emirates<\/b><\/a><\/td>\n<td><a href=\"https:\/\/reisen-travel.com\/fluege\/flug-de\/deutschland-flights\/muenchen-flights\/\" title=\"Billigflug ab M\u00fcnchen\"><b>M\u00fcnchen<\/b><\/a><\/td>\n<\/tr>\n<tr>\n<td><a href=\"https:\/\/reisen-travel.com\/fluege\/flug-de\/england-flights\/\"><b>Frankfurt &#8211; London<\/b><\/a><\/td>\n<td><a href=\"https:\/\/reisen-travel.com\/fluege\/flug-de\/england-flights\/\"><b>England<\/b><\/a><\/td>\n<td><a href=\"https:\/\/reisen-travel.com\/fluege\/flug-de\/irland-flights\/\" title=\"Billigflug nach Irland DUB\"><b>Irland DUB<\/b><\/a><\/td>\n<\/tr>\n<tr>\n<td><a href=\"https:\/\/reisen-travel.com\/fluege\/flug-de\/deutschland-flights\/koeln-bonn-flights\/\"><b>K\u00f6ln &#8211; Palma de Mallorca<\/b><\/a><\/td>\n<td><a href=\"https:\/\/reisen-travel.com\/fluege\/flug-de\/spanien-flights\/gran-canaria-flights\/\"><b>Gran Canaria<\/b><\/a><\/td>\n<td><a href=\"https:\/\/reisen-travel.com\/fluege\/flug-de\/spanien-flights\/teneriffa-tfs-flights\/\" title=\"Billigflug nach Teneriffa\"><b>Teneriffa<\/b><\/a><\/td>\n<\/tr>\n<tr>\n<td><a href=\"https:\/\/reisen-travel.com\/fluege\/flug-de\/australien-flights\/\"><b>Frankfurt &#8211; Sydney<\/b><\/a><\/td>\n<td><a href=\"https:\/\/reisen-travel.com\/fluege\/flug-de\/new-zealand-flights\/\" title=\"Billigflug nach New Zealand\"><b><i>New Zealand<\/i><\/b><\/a><\/td>\n<td><a href=\"https:\/\/reisen-travel.com\/fluege\/flug-de\/suedafrika-flights\/\" title=\"Billigflug nach S\u00fcdafrika\"><b><i>S\u00fcdafrika<\/i><\/b><\/a><\/td>\n<\/tr>\n<\/tbody>\n<\/table>\n<\/thead>\n<\/table>\n<p><\/center><br \/>\n<br \/>\n <span onmouseover=\"_tipon(this)\" onmouseout=\"_tipoff()\"><span class=\"fly-src-text\" style=\"direction: ltr; text-align: left\"> <marquee behavior=scroll direction=left><a href = \"https:\/\/reisen-travel.com\/fluege\/ \"> Spanien ES Afghanistan AF \u00c4gypten EG Albanien AL Algerien DZ Andorra\t AD Angola  AO Anguilla AI Antarktis AQ Antigua  und Barbuda AG \u00c4quatorial GuineaGQ Argentinien AR Armenien AM Aruba AW Aserbaidschan AZ \u00c4thiopien ET Australien AU Bahamas BS Bahrain BH Bangladesh BD Barbados BB Belgien BE Belize BZ Benin BJ Bermudas BM Bhutan BT Birma MM Bolivien BO Bosnien- Herzegowina BA Botswana BW Bouvet Inseln BV Brasilien BR Britisch-Indischer Ozean IO Brunei BN Bulgarien BG Burkina Faso BF Burundi BI Chile CL China CN Christmas Island CX Cook Inseln CK Costa Rica CR D\u00e4nemark DK Deutschland DE Djibuti DJ Dominika DM Dominikanische Republik DO Ecuador EC El Salvador SV Elfenbeink\u00fcste CI Eritrea ER Estland EE Falkland Inseln FK F\u00e4r\u00f6er Inseln FO Fidschi FJ Finnland FI Frankreich FR ranz\u00f6sisch Guyana GF Franz\u00f6sisch Polynesien PF Franz\u00f6sisches S\u00fcd-Territorium TF Gabun GA Gambia GM Georgien GE Ghana GH Gibraltar GI Grenada GD Griechenland GR Gr\u00f6nland GL Gro\u00dfbritannien (UK) GB Guadeloupe GP Guam GU Guatemala GT Guinea GN Guinea Bissau GW Guyana GY Haiti HT Heard und McDonald Islands HM Honduras HN Hong Kong HK Indien IN Indonesien ID Irak IQ Iran IR Irland IE Island IS Israel IL Italien IT Jamaika JM Japan JP Jemen YE Jordanien JO Jugoslawien YU Kaiman Inseln KY Kambodscha KH Kamerun CM Kanada CA Kap Verde CV Kasachstan KZ Kenia KE Kirgisistan KG Kiribati KI Kokosinseln CC Kolumbien CO Komoren KM Kongo CG Kongo Demokratische Republik CD Kroatien HR Kuba CU Kuwait KW Laos LA Lesotho LS Lettland LV Libanon LB Liberia LR Libyen LY Liechtenstein LI Litauen LT Luxemburg LU Macao MO Madagaskar MG Malawi MW Malaysia MY Malediven MV Mali ML  Valletta MT Marianen MP Marokko MA Marshall Inseln MH Martinique MQ Mauretanien MR Mauritius MU Mayotte YT Mazedonien MK Mexiko MX Mikronesien FM Mocambique MZ Moldavien MD Monaco MC Mongolei\tMN Montserrat MS Namibia NA Nauru NR Nepal NP Neukaledonien NC Neuseeland\tNZ Nicaragua NI Niederlande NL Niederl\u00e4ndische Antillen AN Niger NE Nigeria NG Niue NU Nord Korea KP Norfolk Inseln\tNF Norwegen NO Oman OM \u00d6sterreich AT Pakistan PK Pal\u00e4stina PS Palau PW Panama PA Papua Neuguinea PG Paraguay PY Peru PE Philippinen PH Pitcairn PN Polen PL Portugal PT Puerto Rico PR Qatar QA Reunion RE Ruanda RW Rum\u00e4nien RO Ru\u00dfland RU Saint Lucia LC Sambia ZM Samoa AS Samoa WS San Marino SM Sao Tome ST Saudi Arabien SA Schweden SE Schweiz CH Senegal SN Seychellen SC Sierra Leone SL Singapur SG Slowakei -slowakische Republik SK Slowenien SI Solomon Inseln SB Somalia SO South Georgia, South Sandwich Isl. GS Spanien ES Sri Lanka LK St. Helena SH St. Pierre und Miquelon PM St. Vincent VC S\u00fcd Korea KR S\u00fcdafrika A Sudan SD Surinam SR Svalbard und Jan Mayen Islands SJ Swasiland SZ Syrien SY Tadschikistan TJ Taiwan TW Tansania TZ Thailand TH Timor TP Togo TG Tokelau TK Tonga TO Trinidad TobagoTT Tschad TD Tschechische Republik CZ Tunesien TN T\u00fcrkei TR Turkmenistan TM Turks und Kaikos Inseln TC Tuvalu TV Uganda UG Ukraine UA Ungarn HU Uruguay UY Usbekistan UZ Vanuatu VU Vatikan VA Venezuela VE Vereinigte Arabische Emirate AE Vereinigte Staaten von Amerika US Vietnam VN Virgin Island (Brit.) VG Virgin Island (USA) VI Wallis et Futuna WF Wei\u00dfru\u00dfland BY Westsahara EH Zentralafrikanische Republik CF Zimbabwe ZW Zypern CY<\/ a><\/marquee> <\/p>\n<p style=\"font-size:10px;\"><\/span> <\/p>\n","protected":false},"excerpt":{"rendered":"<p>Linienfl\u00fcge Charterfl\u00fcge Flugzeugrestpl\u00e4tze von Reiseveranstaltern Hotels Parkpl\u00e4tze Mietwagen Billiger Mietwagen g\u00fcnstig buchen im Preisvergleich Ihr Browser kann leider keine eingebetteten Frames anzeigen: Sie k\u00f6nnen die eingebettete Seite \u00f6ber den folgenden Verweis aufrufen: Wetter Wetter Wettervorhersage Karte Info News zum Flughafen &hellip; <a href=\"https:\/\/reisen-travel.com\/fluege\/flug-de\/deutschland-flights\/flug-ticket-dortmund-dtm\/\">Weiterlesen <span class=\"meta-nav\">&rarr;<\/span><\/a><\/p>\n","protected":false},"author":1,"featured_media":0,"parent":11,"menu_order":16,"comment_status":"closed","ping_status":"open","template":"","meta":{"footnotes":""},"class_list":["post-1438","page","type-page","status-publish","hentry"],"_links":{"self":[{"href":"https:\/\/reisen-travel.com\/fluege\/wp-json\/wp\/v2\/pages\/1438","targetHints":{"allow":["GET"]}}],"collection":[{"href":"https:\/\/reisen-travel.com\/fluege\/wp-json\/wp\/v2\/pages"}],"about":[{"href":"https:\/\/reisen-travel.com\/fluege\/wp-json\/wp\/v2\/types\/page"}],"author":[{"embeddable":true,"href":"https:\/\/reisen-travel.com\/fluege\/wp-json\/wp\/v2\/users\/1"}],"replies":[{"embeddable":true,"href":"https:\/\/reisen-travel.com\/fluege\/wp-json\/wp\/v2\/comments?post=1438"}],"version-history":[{"count":42,"href":"https:\/\/reisen-travel.com\/fluege\/wp-json\/wp\/v2\/pages\/1438\/revisions"}],"predecessor-version":[{"id":2283,"href":"https:\/\/reisen-travel.com\/fluege\/wp-json\/wp\/v2\/pages\/1438\/revisions\/2283"}],"up":[{"embeddable":true,"href":"https:\/\/reisen-travel.com\/fluege\/wp-json\/wp\/v2\/pages\/11"}],"wp:attachment":[{"href":"https:\/\/reisen-travel.com\/fluege\/wp-json\/wp\/v2\/media?parent=1438"}],"curies":[{"name":"wp","href":"https:\/\/api.w.org\/{rel}","templated":true}]}}