{"id":1356,"date":"2013-10-07T20:50:14","date_gmt":"2013-10-07T18:50:14","guid":{"rendered":"https:\/\/reisen-travel.com\/fluege\/"},"modified":"2021-08-04T20:40:31","modified_gmt":"2021-08-04T18:40:31","slug":"flug-ticket-karlsruhe-baden-baden","status":"publish","type":"page","link":"https:\/\/reisen-travel.com\/fluege\/flug-de\/deutschland-flights\/flug-ticket-karlsruhe-baden-baden\/","title":{"rendered":"Karlsruhe Baden Baden"},"content":{"rendered":"<div class=\"su-row\">\n  <div class=\"su-column su-column-size-1-10\"><div class=\"su-column-inner su-u-clearfix su-u-trim\">&#9992;<\/div><\/div>\n  <div class=\"su-column su-column-size-9-10\"><div class=\"su-column-inner su-u-clearfix su-u-trim\">\n<h3>Fl\u00fcge von nach Karlsruhe, Flughafen Baden-Airpark, finden Sie die g\u00fcnstigsten Flug in unserem Flugpreisvergleich Billigfl\u00fcge, Flugangebote, Billigflieger im Vergleich. Flights to Palma de Mallorca London Antalya Cagliari Rom Faro Berlin Hamburg in Flight Airline Tickets Price comparison.<\/h3>\n<\/div><\/div>\n<\/div>\n<div class=\"tabber\">\n<div class=\"tabbertab\">\n<h2>Billigfl\u00fcge<\/h2>\n<div\n  data-skyscanner-widget=\"FlightSearchWidget\"\n  data-associate-id=\"AFF_TRA_19354_00001\"  \n  data-locale=\"de-DE\"\n  data-market=\"DE\"\n  data-currency=\"EUR\"\n  data-media-partner-id=\"2891447\"\n  data-ad-id=\"1103262\"\n  data-origin-geo-lookup=\"true\"\n  data-direct-flights=\"true\"\n  data-flight-type=\"return\"\n  data-hide-powered-by=\"true\"\n><\/div>\n<script src=\"https:\/\/widgets.skyscanner.net\/widget-server\/js\/loader.js\" async><\/script>\n\n<\/div>\n<div class=\"tabbertab\">\n<h2>Charterfl\u00fcge<\/h2>\n<p><b>Flugzeugrestpl\u00e4tze von Reiseveranstaltern<\/b><br \/>\n<iframe loading=\"lazy\" style=\"margin-left:-0px;\" frameborder=\"0\" width=\"100%\" height=\"4000\" scrolling=\"auto\" src=\"https:\/\/xbe2.travelsystem.de\/xbe.php?XBE=1001&#038;SF=1&#038;AGENT=A-29203-0&#038;REGION=&#038;RW=FKB&#038;CSS[search-background]=E0FFFF&#038;SEARCHS=l&#038;SEARCHS=l&#038;CSS[toolbar-background]=066393&#038;CSS[button-background]=22DDDD&#038;CSS[price]=695360\" name=\"charterflug0fkb\" scrolling=\"auto\"><\/iframe>\n<\/div>\n<div class=\"tabbertab\">\n<h2>Hotels<\/h2>\n<p><iframe loading=\"lazy\" style=\"margin-left:-0px;\" frameborder=\"0\" width=\"100%\" height=\"4000\" scrolling=\"auto\" src=\"https:\/\/brands.datahc.com\/?a_aid=20836&#038;brandid=546147&#038;label=rtcflight\" name=\"hotelsuche0fkb\" scrolling=\"auto\"><\/iframe>\n<\/div>\n<div class=\"tabbertab\">\n<h2>Parken<\/h2>\n<h5>Flughafenhotels und Parkpl\u00e4tze: Bis zu 70% sparen!<\/h5>\n<iframe loading=\"lazy\" src=\"https:\/\/www.holidayextras.de\/?agent=91195&customer_ref=A-29203-0\" frameborder=\"0\" width=\"100%\" height=\"5000\"><\/iframe><\/div>\n<div class=\"tabbertab\">\n<h2>Mietwagen<\/h2>\n<h5>Mietwagen g\u00fcnstig buchen im Preisvergleich<\/h5>\n<h5>Billiger Mietwagen g\u00fcnstig buchen im Preisvergleich<\/h5>\n<p><center><br \/>\n<iframe loading=\"lazy\" src=\"https:\/\/booking.sunnycars.de\/?ak=183207&ar=A-29203-0\" frameborder=\"0\" width=\"100%\" height=\"5000\"><\/iframe>\n<\/center>\n<\/div>\n<\/div>\n<div class=\"tabber\">\n<div class=\"tabbertab\">\n<h3>Wetter<\/h3>\n<table border=\"0\">\n<tr>\n<th align=\"left\" valign=\"top\" width=\"200\" height=\"75\">\n<a href=\"https:\/\/www.weatheronline.co.uk\/cgi-bin\/homecif?WMO=10727&#038;L=en&#038;WIDTH=180&#038;HEIGHT=150&#038;CLOUD=1&#038;V=2\" target=\"Angebote\" id=\"myfavorite\" rel=\"noopener noreferrer\"><\/p>\n<h4>Wetter<\/h4>\n<p><\/a><\/p>\n<hr>\n<p><br clear=all><\/p>\n<\/th>\n<th align=\"center\" valign=\"top\" width=\"200\"> <center><\/p>\n<h5>Wettervorhersage<\/h5>\n<p><\/center><br \/>\n <br \/><iframe loading=\"lazy\" width=\"300\" height=\"300\" src=\"https:\/\/www.weatheronline.co.uk\/cgi-bin\/homecif?WMO=10727&#038;L=en&#038;WIDTH=180&#038;HEIGHT=150&#038;CLOUD=1&#038;V=2\" name=\"Angebote\" scrolling=\"auto\"><\/iframe>\n<\/th>\n<th align=\"right\"  valign=\"top\" width=\"0\"><\/th>\n<\/tr>\n<\/tr>\n<\/table>\n<\/div>\n<div class=\"tabbertab\">\n<h2>Karte<\/h2>\n<p><center>[mappress]\n<\/center>\n<\/div>\n<div class=\"tabbertab\">\n<h2>Info<\/h2>\n<h5>News zum Flughafen<\/h5>\n<p>Der Bekanntheitsgrad des Flughafens stieg im Zusammenhang mit den seit 2003 eingerichteten Linienverbindungen der Fluggesellschaft Ryanair. Nachdem die Zahl der abgefertigten Passagiere pro Jahr von 2001 (188.835) bis 2008 (1.151.853) jedes Jahr gestiegen war, musste der Flughafen im Jahr 2009 einen R\u00fcckgang der Passagierzahlen auf 1.101.733 hinnehmen. 2010 konnte mit 1.192.894 ein neuer Rekord verzeichnet werden.[7]\n<p>2011 verzeichnete der Airport 45.298 Flugbewegungen, was einen Zuwachs darstellt (2010: 44.789 Flugbewegungen).[8]\n<p>Im Vergleich der drei Baden-W\u00fcrttembergischen Verkehrsflugh\u00e4fen belegt Karlsruhe\/Baden-Baden damit den mittleren Platz nach dem Flughafen Stuttgart und vor dem Flughafen Friedrichshafen. Bundesweit steht Karlsruhe\/Baden-Baden auf Platz 18 im Vergleich aller Flugh\u00e4fen. (Siehe auch: Liste der Verkehrsflugh\u00e4fen in Deutschland)<\/p>\n<p>Im Gesch\u00e4ftsjahr 2011 erwirtschaftete die Baden-Airpark GmbH einen Verlust (&#8222;negatives Jahresergebnis&#8220;) von 3,8 Millionen Euro. [9]\n<p>Im Jahr 2008 wurde am Flughafen Karlsruhe\/Baden-Baden zudem 2.800 Tonnen Luftfracht und Luftpost be- oder entladen,[10] dem Luftfrachtverkehr kommt also nur untergeordnete Bedeutung zu. 2009 brach der Frachtsektor gegen\u00fcber dem Vorjahr um etwa 2\/3 ein, da nur noch 891 t Fracht \u00fcber den Airport abgewickelt wurden. 2010 setzte sich der Abw\u00e4rtstrend mit dem Ergebnis von nur noch 728 t fort. Verglichen mit 2006 (541 t) und 2005 (84 t) ist das aktuelle Jahresergebnis jedoch gut.<\/p>\n<p>Um an dem Flughafen Baden-Airpark die Allwetterflugbetriebsstufe von CAT I auf CAT III zu erh\u00f6hen, wurde die Start- und Landebahn von M\u00e4rz 2008 bis September 2009 grundsaniert und entsprechende Markierungen und die f\u00fcr CAT III notwendige Befeuerung installiert. Daf\u00fcr wurde zun\u00e4chst der Rollweg G zur Verwendung als Interims-Start- und Landebahn verbreitert, die ab April 2009 die prim\u00e4re Start- und Landebahn ersetzte. Diese wurde bis September 2009 neu gebaut, nach ihrer Inbetriebnahme wurde die Interims-Start- und Landebahn zum Rollweg G zur\u00fcckgebaut.<\/p>\n<p>N\u00e4chster geplanter Ausbauschritt ist die Erweiterung des Terminals mit Integration einer neuen Besucherterrasse.<br \/>\nDer Flughafen Karlsruhe\/Baden-Baden verf\u00fcgt \u00fcber eine 3000 m lange und 45 m breite Start- und Landebahn, die 03 aus S\u00fcden kommend sowie die 21, Anflug aus Norden. In der Hauptlanderichtung 21 sind ILS-Anfl\u00fcge der Kategorie CAT III b m\u00f6glich.<\/p>\n<p>Die derzeitige Abfertigungskapazit\u00e4t im 2005 er\u00f6ffneten Flughafengeb\u00e4ude liegt bei 1,5 Millionen Passagieren pro Jahr, das Abfertigungsgeb\u00e4ude kann je nach Bedarf beidseitig erweitert werden. Die Passagiere werden in einem Terminal abgefertigt, das <strong>20 Check-in-Schalter<\/strong> und <strong>acht Flugsteige<\/strong> besitzt. Drei Flugsteige sind f\u00fcr Fl\u00fcge au\u00dferhalb des Schengen-Gebietes (Non-Schengen) vorgesehen, vier Flugsteige f\u00fcr Fl\u00fcge innerhalb des Schengen-Gebietes. Ein Flugsteig kann wahlweise f\u00fcr Schengen- oder Nicht-Schengenfl\u00fcge benutzt werden. Ankommende Passagiere finden ihr Gep\u00e4ck auf drei Gep\u00e4ckb\u00e4ndern vor. Im Terminal befinden sich Schalter von Mietwagenfirmen sowie Reiseb\u00fcros. Sowohl zur Land- als auch zur Luftseite gibt es ein kleines Bistro. Im Bereich der Luftseite hat man Zugang zu einem Biergarten und einem Kinderspielplatz. Angrenzend an das n\u00f6rdliche Ende des Terminals wurde eine Aussichtsplattform gebaut, die es Besuchern gestattet, die Aktivit\u00e4ten auf dem Vorfeld zu beobachten.<\/p>\n<p>Das Zentrum f\u00fcr Privatflieger (Private Aviation Center) mit Flugschulen, Restaurant und Stellpl\u00e4tzen f\u00fcr Kleinflugzeuge liegt getrennt vom Terminal im s\u00fcdlichen Bereich des Baden Airpark, dem Sektor E.<br \/>\n<center><\/p>\n<h5>Fluggesellschaften <i> Ryanair &#8211; airberlin &#8211; TUIfly &#8211; Finnair &#8211; Hainan Airlines &#8211; atlasjet &#8211; Germania &#8211; Hamburg Airways &#8211; Sky Airlines &#8211; SunExpress &#8211; Tunis Air<\/i><\/h5>\n<p><b>Flugziele Mallorca \u2013 London STN \u2013 Berlin \u2013 Hamburg \u2013 Antalya \u2013 Heraklion \u2013 Thessaloniki \u2013 Zadar \u2013 Rom \u2013 Cagliari \u2013 Alicante \u2013 Budapest \u2013 Vilnius \u2013 Faro \u2013 Porto \u2013 Bari \u2013 Malaga \u2013 Gran Canaria \u2013 Lanzarote \u2013 Teneriffa \u2013 Barcelona \u2013 Riga<\/b><br \/>\n<\/center><br \/>\n<center><br \/>\nMehr Infos zum Airport in <a href=\"https:\/\/de.wikipedia.org\/wiki\/Flughafen_Karlsruhe\/Baden-Baden\">wikipedia.org<\/a><br \/>\n<\/center><\/p>\n<p><font size=\"1\" color=\"#f4eeee\"><br \/>\n<marquee><b>Hotel Reiseangebote: 1 Tag, 2 Tage, 3 Tage, 4 Tage, 5 Tage, 6 Tage, 7 Tage, 8 Tage, 9 Tage, 10 Tage, 11 Tage, 12 Tage, 13 Tage, 14 Tage, 15 Tage, 16 Tage, 17 Tage, 18 Tage, 19 Tage, 20 Tage, 21 Tage, 1 Woche, 2 Wochen, 3 Wochen, 4 Wochen, Sterne, Hotels, Reisen unter 100 unter 200 unter 300 unter 400 unter 500 Euro 600 unter 700 unter 800, 900, 1000, 1100, bis 1200, bis 1300, bis 1400, bis 1500, bis 1600, bis 1700, bis 1800, bis 1900, bis 2000, bis 2100, bis 2200, bis 2300, bis 2400, bis 2500, bis 2600, bis 2700 Pro Person <\/b><\/marquee><\/font> <\/p>\n<p><font size=\"1\" color=\"#f4eeee\"><br \/>\n<marquee><b>Hamburg Moskau Berlin Istanbul Frankfurt London Madrid Kiew Rom Paris Bukarest Minsk Budapest Wien Warschau Barcelona Charkow Sofia M\u00fcnchen Mailand Prag Belgrad Samara Kasan Birmingham K\u00f6ln Odessa Ufa Perm Donezk Neapel Turin Stockholm Marseille Valencia Amsterdam Krakau \u0141\u00f3d\u017a Zagreb Togliatti Krasnodar Sevilla Riga Saragossa Palermo Athen Breslau Tirana Ischewsk Rotterdam Genua Stuttgart Oslo Uljanowsk Rjasan Glasgow D\u00fcsseldorf Helsinki Dortmund Essen M\u00e1laga Posen Vilnius Bremen Kopenhagen Dublin Orenburg Dresden Leipzig Hannover G\u00f6teborg Nabereschnyje Tschelny Pensa Mykolajiw N\u00fcrnberg Lipezk Astrachan Heidelberg N\u00fcrnberg Jena Gera Bremen D\u00fcsseldorf Speyer Venedig Flights<\/b><\/marquee><\/font> <\/p>\n<p><center><\/p>\n<table id=\"hor-minimalist-a\" summary=\"Employee Pay Sheet\">\n<thead>\n<tr>\n<th scope=\"col\">Flugangebote mit R\u00fcckflug<\/th>\n<th scope=\"col\">Flugziele<\/th>\n<th scope=\"col\">Flugsuche<\/th>\n<\/tr>\n<\/thead>\n<tbody>\n<tr>\n<td><a href=\"https:\/\/reisen-travel.com\/fluege\/flug-de\/deutschland-flights\/frankfurt-flights\/\"><b>Frankfurt &#8211; Bangkok<\/b><\/a><\/td>\n<td><a href=\"https:\/\/reisen-travel.com\/fluege\/flug-de\/asien-flug-billige-angebote\/flights-thailand-flug-angebote-billigflug\/\"><b>Thailand<\/b><\/a><\/td>\n<td><a href=\"https:\/\/reisen-travel.com\/fluege\/flug-de\/asien-flug-billige-angebote\/indien-flights\/\" title=\"Billigflug nach Indien\"><b>Indien<\/b><\/a><\/td>\n<\/tr>\n<tr>\n<td><a href=\"https:\/\/reisen-travel.com\/fluege\/flug-de\/spanien-flights\/mallorca-flights\/\"><b>Frankfurt &#8211; Palma de Mallorca<\/b><\/a><\/td>\n<td><a href=\"https:\/\/reisen-travel.com\/fluege\/flug-de\/spanien-flights\/\"><b>Spanien<\/b><\/a><\/td>\n<td><a href=\"https:\/\/reisen-travel.com\/fluege\/flug-de\/spanien-flights\/fuerteventura-flights\/\" title=\"Billigflug nach Fuerteventura\"><b>Fuerteventura<\/b><\/a><\/td>\n<\/tr>\n<tr>\n<td><a href=\"https:\/\/reisen-travel.com\/fluege\/flug-de\/amerika-flights\/usa-flights\/\"><b>Frankfurt &#8211; New York<\/b><\/a><\/td>\n<td><a href=\"https:\/\/reisen-travel.com\/fluege\/flug-de\/amerika-flights\/\"><b>Amerika<\/b><\/a><\/td>\n<td><a href=\"https:\/\/reisen-travel.com\/fluege\/flug-de\/amerika-flights\/brasilien-flights\/\" title=\"Billigflug nach Brasilien\"><b>Brasilien<\/b><\/a><\/td>\n<\/tr>\n<tr>\n<td><a href=\"https:\/\/reisen-travel.com\/fluege\/flug-de\/amerika-flights\/canada-flights\/\"><b>Frankfurt &#8211; Toronto<\/b><\/a><\/td>\n<td><a href=\"https:\/\/reisen-travel.com\/fluege\/flug-de\/amerika-flights\/canada-flights\/\"><b>Kanada<\/b><\/a><\/td>\n<td><a href=\"https:\/\/reisen-travel.com\/fluege\/flug-de\/amerika-flights\/mexiko-flights\/\" title=\"Cheap Flights to Mexico\"><b>Mexico<\/b><\/a><\/td>\n<\/tr>\n<tr>\n<td><a href=\"https:\/\/reisen-travel.com\/fluege\/flug-de\/tuerkei-flights\/istanbul-flights\/\"><b>Frankfurt &#8211; Istanbul<\/b><\/a><\/td>\n<td><a href=\"https:\/\/reisen-travel.com\/fluege\/flug-de\/tuerkei-flights\/\"><b>T\u00fcrkei<\/b><\/a><\/td>\n<td><a href=\"https:\/\/reisen-travel.com\/fluege\/flug-de\/tuerkei-flights\/antalya-flights\/\" title=\"Billigflug nach Antalya\"><b>Antalya<\/b><\/a><\/td>\n<\/tr>\n<tr>\n<td><a href=\"https:\/\/reisen-travel.com\/fluege\/flug-de\/deutschland-flights\/berlin-flights-txl-sxf\/\"><b>Berlin &#8211; Istanbul<\/b><\/td>\n<td><a href=\"https:\/\/reisen-travel.com\/fluege\/flug-de\/asien-flug-billige-angebote\/\"><b>Asien<\/b<\/td>\n<td><a href=\"https:\/\/reisen-travel.com\/fluege\/flug-de\/asien-flug-billige-angebote\/china-flights\/\" title=\"Billigflug nach China\"><b>China<\/b><\/td>\n<\/tr>\n<tr>\n<td><a href=\"https:\/\/reisen-travel.com\/fluege\/flug-de\/deutschland-flights\/hamburg-flights\/\"><b>Hamburg &#8211; Bankok<\/b><\/a><\/td>\n<td><a href=\"https:\/\/reisen-travel.com\/fluege\/flug-de\/asien-flug-billige-angebote\/philippinen-flights\/\"><b>Philippinen<\/b><\/a><\/td>\n<td><a href=\"https:\/\/reisen-travel.com\/fluege\/flug-de\/asien-flug-billige-angebote\/singapur-flights\/\" title=\"Cheap Flights to Singapur\"><b>Singapur<\/b><\/a><\/td>\n<\/tr>\n<tr>\n<td><a href=\"https:\/\/reisen-travel.com\/fluege\/flug-de\/deutschland-flights\/muenchen-flights\/\"><b>M\u00fcnchen &#8211; Moskau<\/b><\/a><\/td>\n<td><a href=\"https:\/\/reisen-travel.com\/fluege\/flug-de\/russland-flights\/\"><b>Russland<\/b><\/a><\/td>\n<td><a href=\"https:\/\/reisen-travel.com\/fluege\/flug-de\/europa-flights\/polen-flights\/\" title=\"Billigflug nach Polen\"><b>Polen<\/b><\/a><\/td>\n<\/tr>\n<tr>\n<td><a href=\"https:\/\/reisen-travel.com\/fluege\/flug-de\/deutschland-flights\/stuttgart-flights\/\"><b>Stuttgart &#8211; Izmir<\/b><\/a><\/td>\n<td><a href=\"https:\/\/reisen-travel.com\/fluege\/flug-de\/vae-flights\/\"><b>Deutschland<\/b><\/a><\/td>\n<td><a href=\"https:\/\/reisen-travel.com\/fluege\/flug-de\/deutschland-flights\/berlin-flights-txl-sxf\/\" title=\"Billigflug von und nach Berlin\"><b>Berlin<\/b><\/a><\/td>\n<\/tr>\n<tr>\n<td><a href=\"https:\/\/reisen-travel.com\/fluege\/flug-de\/vae-flights\/dubai-dxb-flights\/\"><b>Frankfurt &#8211; Dubai<\/b><\/a><\/td>\n<td><a href=\"https:\/\/reisen-travel.com\/fluege\/flug-de\/vae-flights\/\"><b>Emirates<\/b><\/a><\/td>\n<td><a href=\"https:\/\/reisen-travel.com\/fluege\/flug-de\/deutschland-flights\/muenchen-flights\/\" title=\"Billigflug ab M\u00fcnchen\"><b>M\u00fcnchen<\/b><\/a><\/td>\n<\/tr>\n<tr>\n<td><a href=\"https:\/\/reisen-travel.com\/fluege\/flug-de\/england-flights\/\"><b>Frankfurt &#8211; London<\/b><\/a><\/td>\n<td><a href=\"https:\/\/reisen-travel.com\/fluege\/flug-de\/england-flights\/\"><b>England<\/b><\/a><\/td>\n<td><a href=\"https:\/\/reisen-travel.com\/fluege\/flug-de\/irland-flights\/\" title=\"Billigflug nach Irland DUB\"><b>Irland DUB<\/b><\/a><\/td>\n<\/tr>\n<tr>\n<td><a href=\"https:\/\/reisen-travel.com\/fluege\/flug-de\/deutschland-flights\/koeln-bonn-flights\/\"><b>K\u00f6ln &#8211; Palma de Mallorca<\/b><\/a><\/td>\n<td><a href=\"https:\/\/reisen-travel.com\/fluege\/flug-de\/spanien-flights\/gran-canaria-flights\/\"><b>Gran Canaria<\/b><\/a><\/td>\n<td><a href=\"https:\/\/reisen-travel.com\/fluege\/flug-de\/spanien-flights\/teneriffa-tfs-flights\/\" title=\"Billigflug nach Teneriffa\"><b>Teneriffa<\/b><\/a><\/td>\n<\/tr>\n<tr>\n<td><a href=\"https:\/\/reisen-travel.com\/fluege\/flug-de\/australien-flights\/\"><b>Frankfurt &#8211; Sydney<\/b><\/a><\/td>\n<td><a href=\"https:\/\/reisen-travel.com\/fluege\/flug-de\/new-zealand-flights\/\" title=\"Billigflug nach New Zealand\"><b><i>New Zealand<\/i><\/b><\/a><\/td>\n<td><a href=\"https:\/\/reisen-travel.com\/fluege\/flug-de\/suedafrika-flights\/\" title=\"Billigflug nach S\u00fcdafrika\"><b><i>S\u00fcdafrika<\/i><\/b><\/a><\/td>\n<\/tr>\n<\/tbody>\n<\/table>\n<\/thead>\n<\/table>\n<p><\/center><br \/>\n<br \/>\n <span onmouseover=\"_tipon(this)\" onmouseout=\"_tipoff()\"><span class=\"fly-src-text\" style=\"direction: ltr; text-align: left\"> <marquee behavior=scroll direction=left><a href = \"https:\/\/reisen-travel.com\/fluege\/ \"> Spanien ES Afghanistan\tAF \u00c4gypten\tEG Albanien\tAL Algerien\tDZ Andorra\tAD Angola\tAO Anguilla\tAI Antarktis\tAQ Antigua  und Barbuda AG \u00c4quatorial GuineaGQ Argentinien AR Armenien AM Aruba AW Aserbaidschan AZ \u00c4thiopien ET Australien AU Bahamas BS Bahrain BH Bangladesh BD Barbados BB Belgien BE Belize BZ Benin BJ Bermudas BM Bhutan BT Birma MM Bolivien BO Bosnien- Herzegowina BA Botswana BW Bouvet Inseln BV Brasilien BR Britisch-Indischer Ozean IO Brunei BN Bulgarien BG Burkina Faso BF Burundi BI Chile CL China CN Christmas Island CX Cook Inseln CK Costa Rica CR D\u00e4nemark DK Deutschland DE Djibuti DJ Dominika DM Dominikanische Republik DO Ecuador EC El Salvador SV Elfenbeink\u00fcste CI Eritrea ER Estland EE Falkland Inseln FK F\u00e4r\u00f6er Inseln\tFO Fidschi\tFJ Finnland\tFI Frankreich FR ranz\u00f6sisch Guyana GF Franz\u00f6sisch Polynesien PF Franz\u00f6sisches S\u00fcd-Territorium TF Gabun GA Gambia GM Georgien GE Ghana GH Gibraltar GI Grenada GD Griechenland GR Gr\u00f6nland GL Gro\u00dfbritannien (UK) GB Guadeloupe GP Guam GU Guatemala GT Guinea GN Guinea Bissau GW Guyana GY Haiti HT Heard und McDonald Islands HM Honduras HN Hong Kong HK Indien IN Indonesien ID Irak IQ Iran IR Irland IE Island IS Israel IL Italien IT Jamaika JM Japan JP Jemen YE Jordanien JO Jugoslawien YU Kaiman Inseln KY Kambodscha KH Kamerun CM Kanada CA Kap Verde CV Kasachstan KZ Kenia KE Kirgisistan KG Kiribati KI Kokosinseln CC Kolumbien CO Komoren KM Kongo CG Kongo Demokratische Republik\tCD Kroatien\tHR Kuba CU Kuwait KW Laos LA Lesotho LS Lettland LV Libanon LB Liberia LR Libyen LY Liechtenstein LI Litauen LT Luxemburg LU Macao MO Madagaskar MG Malawi MW Malaysia MY Malediven MV Mali ML  Valletta MT Marianen MP Marokko MA Marshall Inseln MH Martinique MQ Mauretanien MR Mauritius MU Mayotte YT Mazedonien MK Mexiko MX Mikronesien FM Mocambique MZ Moldavien MD Monaco MC Mongolei\tMN Montserrat MS Namibia NA Nauru NR Nepal NP Neukaledonien NC Neuseeland\tNZ Nicaragua NI Niederlande NL Niederl\u00e4ndische Antillen AN Niger NE Nigeria NG Niue NU Nord Korea KP Norfolk Inseln\tNF Norwegen NO Oman\tOM \u00d6sterreich AT Pakistan PK Pal\u00e4stina PS Palau PW Panama PA Papua Neuguinea PG Paraguay PY Peru PE Philippinen PH Pitcairn PN Polen PL Portugal PT Puerto Rico PR Qatar QA Reunion RE Ruanda RW Rum\u00e4nien RO Ru\u00dfland RU Saint Lucia LC Sambia ZM Samoa AS Samoa WS San Marino SM Sao Tome ST Saudi Arabien SA Schweden SE Schweiz CH Senegal SN Seychellen SC Sierra Leone SL Singapur SG Slowakei -slowakische Republik SK Slowenien SI Solomon Inseln SB Somalia\tSO South Georgia, South Sandwich Isl. GS Spanien ES Sri Lanka LK St. Helena SH St. Pierre und Miquelon PM St. Vincent VC S\u00fcd Korea KR S\u00fcdafrika A Sudan SD Surinam SR Svalbard und Jan Mayen Islands SJ Swasiland SZ Syrien SY Tadschikistan TJ Taiwan TW Tansania TZ Thailand TH Timor TP Togo TG Tokelau TK Tonga TO Trinidad TobagoTT Tschad TD Tschechische Republik CZ Tunesien TN T\u00fcrkei TR Turkmenistan TM Turks und Kaikos Inseln TC Tuvalu TV Uganda UG Ukraine UA Ungarn HU Uruguay UY Usbekistan UZ Vanuatu VU Vatikan VA Venezuela VE Vereinigte Arabische Emirate AE Vereinigte Staaten von Amerika US Vietnam VN Virgin Island (Brit.) VG Virgin Island (USA) VI Wallis et Futuna WF Wei\u00dfru\u00dfland BY Westsahara EH Zentralafrikanische Republik CF Zimbabwe ZW Zypern CY<\/ a><\/marquee> <\/p>\n<p style=\"font-size:10px;\"><\/span> <\/p>\n","protected":false},"excerpt":{"rendered":"<p>Billigfl\u00fcge Charterfl\u00fcge Flugzeugrestpl\u00e4tze von Reiseveranstaltern Hotels Parken Flughafenhotels und Parkpl\u00e4tze: Bis zu 70% sparen! Mietwagen Mietwagen g\u00fcnstig buchen im Preisvergleich Billiger Mietwagen g\u00fcnstig buchen im Preisvergleich Wetter Wetter Wettervorhersage Karte [mappress] Info News zum Flughafen Der Bekanntheitsgrad des Flughafens stieg &hellip; <a href=\"https:\/\/reisen-travel.com\/fluege\/flug-de\/deutschland-flights\/flug-ticket-karlsruhe-baden-baden\/\">Weiterlesen <span class=\"meta-nav\">&rarr;<\/span><\/a><\/p>\n","protected":false},"author":1,"featured_media":0,"parent":11,"menu_order":14,"comment_status":"closed","ping_status":"open","template":"","meta":{"footnotes":""},"class_list":["post-1356","page","type-page","status-publish","hentry"],"_links":{"self":[{"href":"https:\/\/reisen-travel.com\/fluege\/wp-json\/wp\/v2\/pages\/1356","targetHints":{"allow":["GET"]}}],"collection":[{"href":"https:\/\/reisen-travel.com\/fluege\/wp-json\/wp\/v2\/pages"}],"about":[{"href":"https:\/\/reisen-travel.com\/fluege\/wp-json\/wp\/v2\/types\/page"}],"author":[{"embeddable":true,"href":"https:\/\/reisen-travel.com\/fluege\/wp-json\/wp\/v2\/users\/1"}],"replies":[{"embeddable":true,"href":"https:\/\/reisen-travel.com\/fluege\/wp-json\/wp\/v2\/comments?post=1356"}],"version-history":[{"count":64,"href":"https:\/\/reisen-travel.com\/fluege\/wp-json\/wp\/v2\/pages\/1356\/revisions"}],"predecessor-version":[{"id":2084,"href":"https:\/\/reisen-travel.com\/fluege\/wp-json\/wp\/v2\/pages\/1356\/revisions\/2084"}],"up":[{"embeddable":true,"href":"https:\/\/reisen-travel.com\/fluege\/wp-json\/wp\/v2\/pages\/11"}],"wp:attachment":[{"href":"https:\/\/reisen-travel.com\/fluege\/wp-json\/wp\/v2\/media?parent=1356"}],"curies":[{"name":"wp","href":"https:\/\/api.w.org\/{rel}","templated":true}]}}