{"id":1194,"date":"2013-10-07T19:07:22","date_gmt":"2013-10-07T17:07:22","guid":{"rendered":"https:\/\/reisen-travel.com\/fluege\/"},"modified":"2019-06-11T22:34:11","modified_gmt":"2019-06-11T20:34:11","slug":"saarbruecken-flights","status":"publish","type":"page","link":"https:\/\/reisen-travel.com\/fluege\/flug-de\/deutschland-flights\/saarbruecken-flights\/","title":{"rendered":"Saarbr\u00fccken"},"content":{"rendered":"<div class=\"su-row\">\n  <div class=\"su-column su-column-size-1-10\"><div class=\"su-column-inner su-u-clearfix su-u-trim\">&#9992;<\/div><\/div>\n  <div class=\"su-column su-column-size-9-10\"><div class=\"su-column-inner su-u-clearfix su-u-trim\">\n<h3>Fl\u00fcge ab Saarbr\u00fccken, Flughafen, finden Sie den g\u00fcnstigsten Flug in unserem Flugpreisvergleich Billigfl\u00fcge, Flugangebote, Billigflieger im Vergleich. Flights to Berlin Palma de Mallorca Luxemburg Hamburg T\u00fcrkei Spanien Zypern Israel Italien Tunesien Griechenland Portugal Flight Airline Tickets Price comparison.<\/h3>\n<\/div><\/div>\n<\/div>\n<div class=\"tabber\">\n<div class=\"tabbertab\">\n<h2>Linienfl\u00fcge<\/h2>\n<div\n  data-skyscanner-widget=\"FlightSearchWidget\"\n  data-associate-id=\"AFF_TRA_19354_00001\"  \n  data-locale=\"de-DE\"\n  data-market=\"DE\"\n  data-currency=\"EUR\"\n  data-media-partner-id=\"2891447\"\n  data-ad-id=\"1103262\"\n  data-origin-geo-lookup=\"true\"\n  data-direct-flights=\"true\"\n  data-flight-type=\"return\"\n  data-hide-powered-by=\"true\"\n><\/div>\n<script src=\"https:\/\/widgets.skyscanner.net\/widget-server\/js\/loader.js\" async><\/script>\n\n\n<\/div>\n<div class=\"tabbertab\">\n<h2>Charterfl\u00fcge<\/h2>\n<p><b>Flugzeugrestpl\u00e4tze von Reiseveranstaltern<\/b><br \/>\n<iframe loading=\"lazy\" style=\"margin-left:-0px;\" frameborder=\"0\" width=\"1000\" height=\"2990\" scrolling=\"auto\" src=\"https:\/\/xbe2.travelsystem.de\/xbe.php?XBE=1001&#038;SF=1&#038;AGENT=A-29203-0&#038;REGION=&#038;RW=SCN&#038;CSS[search-background]=E0FFFF&#038;SEARCHS=l&#038;SEARCHS=l&#038;CSS[toolbar-background]=066393&#038;CSS[button-background]=22DDDD&#038;CSS[price]=695360\" name=\"charterflug0scn\" scrolling=\"auto\"><\/iframe><\/p>\n<\/div>\n<div class=\"tabbertab\">\n<h2>Hotels<\/h2>\n<p><iframe loading=\"lazy\" style=\"margin-left:-0px;\" frameborder=\"0\" width=\"100%\" height=\"2990\" scrolling=\"auto\" src=\"https:\/\/brands.datahc.com\/?a_aid=20836&#038;brandid=546147&#038;label=rtcflight\" name=\"hotelsuche0scn\" scrolling=\"auto\"><\/iframe><\/p>\n<\/div>\n<div class=\"tabbertab\">\n<h3>Parkpl\u00e4tze<\/h3>\n<p>\t  <b>Angebote billige Parkpl\u00e4tze am Flughafen suchen und finden<\/b><br \/>\n<iframe loading=\"lazy\" src=\"https:\/\/secure.holidayextras.de\/travianet?custref=A-29203-0\" name=\"parkpl\u00e4tze0scn\" frameborder=\"0\" width=\"100%\" height=\"4000\"><\/iframe>\n  <\/div>\n<div class=\"tabbertab\">\n<h2>Mietwagen<\/h2>\n<h5>Billiger Mietwagen g\u00fcnstig buchen im Preisvergleich<\/h5>\n<p><center><\/p>\n<p><iframe loading=\"lazy\" frameborder=\"0\" src=\"https:\/\/www.sunnycars.de\/booking\/entry?ak=384996&#038;ar=A-29203-0\" scrolling=\"auto\" width=\"100%\" height=\"5000\" name=\"Mietwagen_am_Airport0scn\"><\/p>\n<p>Ihr Browser kann leider keine eingebetteten Frames anzeigen:<br \/>\n  Sie k\u00f6nnen die eingebettete Seite \u00f6ber den folgenden Verweis<br \/>\n  aufrufen: <a href=\"https:\/\/www.sunnycars.de\/booking\/entry?ak=384996&#038;ar=A-29203-0\" scrolling=\"auto\"><\/a><\/p>\n<p><\/iframe><br \/>\n<\/center>\n<\/div>\n<\/div>\n<div class=\"tabber\">\n<div class=\"tabbertab\">\n<h3>Wetter<\/h3>\n<table border=\"0\">\n<tr>\n<th align=\"left\" valign=\"top\" width=\"200\" height=\"75\">\n<a href=\"https:\/\/www.weatheronline.co.uk\/cgi-bin\/homecif?WMO=10708&#038;L=en&#038;WIDTH=180&#038;HEIGHT=150&#038;CLOUD=1&#038;V=2\" target=\"weather0scn\" id=\"myfavorite\" rel=\"noopener noreferrer\"><\/p>\n<h4>Wetter<\/h4>\n<p><\/a><\/p>\n<hr>\n<p><br clear=all><\/p>\n<\/th>\n<th align=\"center\" valign=\"top\" width=\"200\"> <center><\/p>\n<h5>Wettervorhersage<\/h5>\n<p><\/center><br \/>\n <br \/><iframe loading=\"lazy\" width=\"300\" height=\"300\" src=\"https:\/\/www.weatheronline.co.uk\/cgi-bin\/homecif?WMO=10708&#038;L=en&#038;WIDTH=180&#038;HEIGHT=150&#038;CLOUD=1&#038;V=2\" name=\"weather0scn\" scrolling=\"auto\"><\/iframe>\n<\/th>\n<th align=\"right\"  valign=\"top\" width=\"0\"><\/th>\n<\/tr>\n<\/tr>\n<\/table>\n<\/div>\n<div class=\"tabbertab\">\n<h2>Karte<\/h2>\n<div class=\"su-gmap su-u-responsive-media-yes\"><iframe loading=\"lazy\" width=\"600\" height=\"400\" src=\"\/\/maps.google.com\/maps?q=Flughafen%20Saarbr%C3%BCcken&amp;output=embed\" title=\"\"><\/iframe><\/div>\n<\/center>\n<\/div>\n<div class=\"tabbertab\">\n<h2>Info<\/h2>\n<p><b>Infos zu Flughafen<\/b><br \/>\nDer internationale Verkehrsflughafen der saarl\u00e4ndischen Landeshauptstadt liegt im Stadtteil Ensheim, etwa 5 km Luftlinie \u00f6stlich der Innenstadt.<br \/>\nSeit der Er\u00f6ffnung f\u00fcr den Passagierverkehr am 1. Dezember 2001 verf\u00fcgt der Flughafen Saarbr\u00fccken \u00fcber ein neues Terminal, das die alte Flughafenhalle abgel\u00f6st hat. Auf einer Fl\u00e4che von etwa 55.000 m\u00b2, davon etwa 30.000 m\u00b2 Neubaufl\u00e4che plus Verbindungsbau zum bestehenden und renovierten Abfertigungstrakt entstand es innerhalb von zwei Jahren nach den Pl\u00e4nen eines Stuttgarter Architektenb\u00fcros unter Einsatz vieler Glasfl\u00e4chen und eines Daches, das in Form eines Fl\u00fcgels geformt ist.<br \/>\nEs ist f\u00fcr 700.000 Passagiere pro Jahr ausgelegt.<br \/>\nAuf zwei Ebenen sind hier alle Einrichtungen, die f\u00fcr den Flugverkehr notwendig sind, untergebracht.<br \/>\n\u00dcberregional betrachtet befindet sich der Flughafen in der kerneurop\u00e4ischen SaarLorLux-Region. Sein Einzugsgebiet erstreckt sich vor allem auf das Saarland, die angrenzenden Regionen Frankreichs Lothringen und Elsass, Luxemburg und das angrenzende Rheinland-Pfalz.<br \/>\nIn dieser Region konkurriert er mit den Flugh\u00e4fen Luxemburg, Frankfurt-Hahn, Stra\u00dfburg, Metz-Nancy-Lothringen und Zweibr\u00fccken um Passagiere.<br \/>\n<br \/>\n<strong>Fluggesellschaften Flugziele Airlines<\/strong><br \/>\nAir Berlin fliegt bis zu dreimal t\u00e4glich nach Berlin und t\u00e4glich nach Palma de Mallorca, Urlaubsflieger im Sommer in die T\u00fcrkei Spanien Zypern Israel Italien Tunesien Griechenland Portugal, Luxair fliegt bis zweimal t\u00e4glich von Luxemburg via Saarbr\u00fccken nach Berlin sowie bis zu zweimal t\u00e4glich nach Hamburg. (Stand: Februar 2012)<br \/>\nT\u00e4glich werden am Flughafen Saarbr\u00fccken durchschnittlich etwa 25 startende und landende Fl\u00fcge abgefertigt, in Urlaubsspitzen teilweise bis zu 40. Die H\u00e4lfte davon ballt sich im morgendlichen und abendlichen Tagesrandverkehr, wo die Flugzeuge teilweise im F\u00fcnf- bis Zehn-Minuten-Takt starten und landen.<\/p>\n<p><font size=\"1\" color=\"#f4eeee\"><br \/>\n<marquee><b>Hotel Reiseangebote: 1 Tag, 2 Tage, 3 Tage, 4 Tage, 5 Tage, 6 Tage, 7 Tage, 8 Tage, 9 Tage, 10 Tage, 11 Tage, 12 Tage, 13 Tage, 14 Tage, 15 Tage, 16 Tage, 17 Tage, 18 Tage, 19 Tage, 20 Tage, 21 Tage, 1 Woche, 2 Wochen, 3 Wochen, 4 Wochen, Sterne, Hotels, Reisen unter 100 unter 200 unter 300 unter 400 unter 500 Euro 600 unter 700 unter 800, 900, 1000, 1100, bis 1200, bis 1300, bis 1400, bis 1500, bis 1600, bis 1700, bis 1800, bis 1900, bis 2000, bis 2100, bis 2200, bis 2300, bis 2400, bis 2500, bis 2600, bis 2700 Pro Person <\/b><\/marquee><\/font> <\/p>\n<p><font size=\"1\" color=\"#f4eeee\"><br \/>\n<marquee><b>Hamburg Moskau Berlin Istanbul Izmir Frankfurt London Madrid Kiew Rom Paris Bukarest Minsk Budapest Wien Warschau Barcelona Charkow Sofia M\u00fcnchen Mailand Prag Belgrad Samara Kasan Birmingham K\u00f6ln Odessa Ufa Perm Donezk Neapel Turin Stockholm Marseille Valencia Amsterdam Krakau \u0141\u00f3d\u017a Zagreb Togliatti Krasnodar Sevilla Riga Saragossa Palermo Athen Breslau Tirana Ischewsk Rotterdam Genua Stuttgart Oslo Uljanowsk Rjasan Glasgow D\u00fcsseldorf Helsinki Dortmund Essen M\u00e1laga Posen Vilnius Bremen Kopenhagen Dublin Orenburg Leipzig Palma de Mallorca G\u00f6teborg Nabereschnyje Tschelny Pensa Mykolajiw Lipezk Astrachan Heidelberg N\u00fcrnberg Jena Gera Bremen D\u00fcsseldorf Speyer Venedig Flights<\/b><\/marquee><\/font> <\/p>\n<\/div>\n<\/div>\n","protected":false},"excerpt":{"rendered":"<p>Linienfl\u00fcge Charterfl\u00fcge Flugzeugrestpl\u00e4tze von Reiseveranstaltern Hotels Parkpl\u00e4tze Angebote billige Parkpl\u00e4tze am Flughafen suchen und finden Mietwagen Billiger Mietwagen g\u00fcnstig buchen im Preisvergleich Ihr Browser kann leider keine eingebetteten Frames anzeigen: Sie k\u00f6nnen die eingebettete Seite \u00f6ber den folgenden Verweis aufrufen: &hellip; <a href=\"https:\/\/reisen-travel.com\/fluege\/flug-de\/deutschland-flights\/saarbruecken-flights\/\">Weiterlesen <span class=\"meta-nav\">&rarr;<\/span><\/a><\/p>\n","protected":false},"author":1,"featured_media":0,"parent":11,"menu_order":13,"comment_status":"closed","ping_status":"open","template":"","meta":{"footnotes":""},"class_list":["post-1194","page","type-page","status-publish","hentry"],"_links":{"self":[{"href":"https:\/\/reisen-travel.com\/fluege\/wp-json\/wp\/v2\/pages\/1194","targetHints":{"allow":["GET"]}}],"collection":[{"href":"https:\/\/reisen-travel.com\/fluege\/wp-json\/wp\/v2\/pages"}],"about":[{"href":"https:\/\/reisen-travel.com\/fluege\/wp-json\/wp\/v2\/types\/page"}],"author":[{"embeddable":true,"href":"https:\/\/reisen-travel.com\/fluege\/wp-json\/wp\/v2\/users\/1"}],"replies":[{"embeddable":true,"href":"https:\/\/reisen-travel.com\/fluege\/wp-json\/wp\/v2\/comments?post=1194"}],"version-history":[{"count":13,"href":"https:\/\/reisen-travel.com\/fluege\/wp-json\/wp\/v2\/pages\/1194\/revisions"}],"predecessor-version":[{"id":2287,"href":"https:\/\/reisen-travel.com\/fluege\/wp-json\/wp\/v2\/pages\/1194\/revisions\/2287"}],"up":[{"embeddable":true,"href":"https:\/\/reisen-travel.com\/fluege\/wp-json\/wp\/v2\/pages\/11"}],"wp:attachment":[{"href":"https:\/\/reisen-travel.com\/fluege\/wp-json\/wp\/v2\/media?parent=1194"}],"curies":[{"name":"wp","href":"https:\/\/api.w.org\/{rel}","templated":true}]}}